{"id":95,"date":"2023-04-30T12:16:02","date_gmt":"2023-04-30T10:16:02","guid":{"rendered":"https:\/\/ambankara.esteri.it\/chi-siamo\/lambasciatore\/"},"modified":"2026-02-27T07:31:11","modified_gmt":"2026-02-27T06:31:11","slug":"lambasciatore","status":"publish","type":"page","link":"https:\/\/ambankara.esteri.it\/tr\/chi-siamo\/lambasciatore\/","title":{"rendered":"L\u2019Ambasciatore"},"content":{"rendered":"<p><img loading=\"lazy\" decoding=\"async\" class=\"alignnone size-medium wp-image-7202 img-fluid\" src=\"https:\/\/ambankara.esteri.it\/wp-content\/uploads\/2026\/01\/WhatsApp-Image-2026-01-17-at-16.14.55-300x300.jpeg\" alt=\"\" width=\"300\" height=\"300\" srcset=\"https:\/\/ambankara.esteri.it\/wp-content\/uploads\/2026\/01\/WhatsApp-Image-2026-01-17-at-16.14.55-300x300.jpeg 300w, https:\/\/ambankara.esteri.it\/wp-content\/uploads\/2026\/01\/WhatsApp-Image-2026-01-17-at-16.14.55-150x150.jpeg 150w, https:\/\/ambankara.esteri.it\/wp-content\/uploads\/2026\/01\/WhatsApp-Image-2026-01-17-at-16.14.55.jpeg 400w\" sizes=\"auto, (max-width: 300px) 100vw, 300px\" \/><\/p>\n<p><strong>B\u00fcy\u00fckel\u00e7i, Giuseppe Manzo<\/strong><\/p>\n<p>B\u00fcy\u00fckel\u00e7i Giuseppe Manzo, 19 Ocak 2026 tarihi itibar\u0131 ile \u0130talya\u2019n\u0131n T\u00fcrkiye Cumhuriyeti nezdindeki B\u00fcy\u00fckel\u00e7isidir. Ankara\u2019ya atanmas\u0131ndan \u00f6nce Buenos Aires\u2019te (2018-2021) ve Belgrad\u2019da (2013-2018) \u0130talya B\u00fcy\u00fckel\u00e7isi olarak g\u00f6rev yapm\u0131\u015ft\u0131r.<\/p>\n<p>Daha evvel, 11 Eyl\u00fcl s\u00fcrecinin (1998-2002) ve k\u00fcresel mali krizin (2009-2012) ya\u015fand\u0131\u011f\u0131 s\u00fcre\u00e7te Washington\u2019daki \u0130talya B\u00fcy\u00fckel\u00e7ili\u011fi\u2019nde; ayr\u0131ca \u0130talya\u2019n\u0131n Birle\u015fmi\u015f Milletler G\u00fcvenlik Konseyi \u00fcyeli\u011finin iki y\u0131ll\u0131k d\u00f6nemi s\u0131ras\u0131nda (2005-2009) New York\u2019taki Birle\u015fmi\u015f Milletler Daimi Temsilcili\u011fi\u2019nde g\u00f6rev alm\u0131\u015ft\u0131r.<\/p>\n<p>Yurt d\u0131\u015f\u0131ndaki ilk g\u00f6revini, kom\u00fcnist rejim sonras\u0131 Arnavutluk\u2019un ba\u015fkenti Tiran\u2019da (1995-1998) \u00fcstlenmi\u015ftir.<\/p>\n<p>Roma\u2019da ise, di\u011fer g\u00f6revlerinin yan\u0131 s\u0131ra, D\u0131\u015fi\u015fleri Bakan\u0131\u2019n\u0131n Bas\u0131n S\u00f6zc\u00fcs\u00fc ve Bas\u0131n Dairesi Ba\u015fkan\u0131 (2012-2013) olarak g\u00f6rev yapm\u0131\u015f; Ankara\u2019ya atanmas\u0131ndan \u00f6nce Ekolojik D\u00f6n\u00fc\u015f\u00fcm Bakan\u0131 ile \u00c7evre ve Enerji G\u00fcvenli\u011fi Bakan\u0131\u2019n\u0131n Diplomatik Dan\u0131\u015fman\u0131 olarak \u00e7al\u0131\u015fm\u0131\u015ft\u0131r.<\/p>\n<p>1993 y\u0131l\u0131ndan bu yana hariciye te\u015fkilat\u0131nda g\u00f6rev alan B\u00fcy\u00fckel\u00e7i Manzo, medya ve ter\u00f6rizm ile Birle\u015fmi\u015f Milletler\u2019in ileti\u015fim faaliyetleri \u00fczerine makaleler kaleme alm\u0131\u015f; IULM \u00dcniversitesi Uluslararas\u0131 \u0130leti\u015fim Y\u00fcksek Lisans Program\u0131\u2019nda \u00f6\u011fretim g\u00f6revlisi olarak ders vermi\u015ftir.<\/p>\n<p>Alma ile evli olup iki \u00e7ocuk babas\u0131d\u0131r.<\/p>\n<p>2014 y\u0131l\u0131nda kendisine \u0130talya Cumhuriyeti Liyakat Ni\u015fan\u0131 Cavaliere Ufficiale unvan\u0131 tevcih edilmi\u015ftir.<\/p>\n","protected":false},"excerpt":{"rendered":"B\u00fcy\u00fckel\u00e7i, Giuseppe Manzo B\u00fcy\u00fckel\u00e7i Giuseppe Manzo, 19 Ocak 2026 tarihi itibar\u0131 ile \u0130talya\u2019n\u0131n T\u00fcrkiye Cumhuriyeti nezdindeki B\u00fcy\u00fckel\u00e7isidir. Ankara\u2019ya atanmas\u0131ndan \u00f6nce Buenos Aires\u2019te (2018-2021) ve Belgrad\u2019da (2013-2018) \u0130talya B\u00fcy\u00fckel\u00e7isi olarak g\u00f6rev yapm\u0131\u015ft\u0131r. Daha evvel, 11 Eyl\u00fcl s\u00fcrecinin (1998-2002) ve k\u00fcresel mali krizin (2009-2012) ya\u015fand\u0131\u011f\u0131 s\u00fcre\u00e7te Washington\u2019daki \u0130talya B\u00fcy\u00fckel\u00e7ili\u011fi\u2019nde; ayr\u0131ca \u0130talya\u2019n\u0131n Birle\u015fmi\u015f Milletler G\u00fcvenlik Konseyi \u00fcyeli\u011finin iki [&hellip;]","protected":false},"author":3,"featured_media":0,"parent":31,"menu_order":0,"comment_status":"closed","ping_status":"closed","template":"","meta":{"footnotes":""},"class_list":["post-95","page","type-page","status-publish","hentry"],"_links":{"self":[{"href":"https:\/\/ambankara.esteri.it\/tr\/wp-json\/wp\/v2\/pages\/95","targetHints":{"allow":["GET"]}}],"collection":[{"href":"https:\/\/ambankara.esteri.it\/tr\/wp-json\/wp\/v2\/pages"}],"about":[{"href":"https:\/\/ambankara.esteri.it\/tr\/wp-json\/wp\/v2\/types\/page"}],"author":[{"embeddable":true,"href":"https:\/\/ambankara.esteri.it\/tr\/wp-json\/wp\/v2\/users\/3"}],"replies":[{"embeddable":true,"href":"https:\/\/ambankara.esteri.it\/tr\/wp-json\/wp\/v2\/comments?post=95"}],"version-history":[{"count":6,"href":"https:\/\/ambankara.esteri.it\/tr\/wp-json\/wp\/v2\/pages\/95\/revisions"}],"predecessor-version":[{"id":7414,"href":"https:\/\/ambankara.esteri.it\/tr\/wp-json\/wp\/v2\/pages\/95\/revisions\/7414"}],"up":[{"embeddable":true,"href":"https:\/\/ambankara.esteri.it\/tr\/wp-json\/wp\/v2\/pages\/31"}],"wp:attachment":[{"href":"https:\/\/ambankara.esteri.it\/tr\/wp-json\/wp\/v2\/media?parent=95"}],"curies":[{"name":"wp","href":"https:\/\/api.w.org\/{rel}","templated":true}]}}