{"id":6730,"date":"2025-06-30T13:18:42","date_gmt":"2025-06-30T11:18:42","guid":{"rendered":"https:\/\/ambankara.esteri.it\/servizi-consolari-e-visti\/servizi-per-il-cittadino-straniero\/cittadinanza-2\/certificato-di-non-rinuncia\/"},"modified":"2025-07-18T15:56:19","modified_gmt":"2025-07-18T13:56:19","slug":"certificato-di-non-rinuncia","status":"publish","type":"page","link":"https:\/\/ambankara.esteri.it\/tr\/servizi-consolari-e-visti\/servizi-per-il-cittadino-straniero\/cittadinanza-2\/certificato-di-non-rinuncia\/","title":{"rendered":"\u201cFeragat etmeme\u201d belgesi"},"content":{"rendered":"<p>\u0130lgili ki\u015fi \u0130talya&#8217;da ik\u00e2met etmeye karar verdiyse, \u0130talyan belediye makamlar\u0131 \u0130talyan vatanda\u015fl\u0131\u011f\u0131n\u0131n tan\u0131nmas\u0131ndan sorumludur. Yabanc\u0131 uyruklu ki\u015fi, ik\u00e2met eden n\u00fcfus kay\u0131tlar\u0131na kaydolduktan sonra, 180 g\u00fcn s\u00fcresi yasal olarak belirlenmi\u015f olan <em>iure sanguinis<\/em> (kan ba\u011f\u0131na dayal\u0131) vatanda\u015fl\u0131k tan\u0131nma s\u00fcrecini ba\u015flatabilir. Bu s\u00fcre\u00e7 i\u00e7in K.28.1\/1991 numaral\u0131 Genelgede belirtilen belgelerin sunulmas\u0131 gereklidir. \u0130lgili ki\u015fi s\u00f6z konusu i\u015flemi bir yasal temsilci yahut ba\u015fka biri arac\u0131l\u0131\u011f\u0131yla y\u00fcr\u00fctemez; \u015fahsen \u0130talya topraklar\u0131nda bulunmas\u0131 zorunludur.<\/p>\n<p>\u201cFeragat etmeme\u201d belgesi talebi, yaln\u0131zca \u0130talyan belediyesi taraf\u0131ndan Konsoloslu\u011fa PEC (sertifikal\u0131 e-posta) arac\u0131l\u0131\u011f\u0131yla yap\u0131l\u0131r. Konsoloslu\u011fun belediyeye yan\u0131t\u0131 da (ilgili ki\u015fiye de\u011fil) yaln\u0131zca PEC yoluyla verilir, ba\u015fvurunun usul\u00fcne uygun \u015fekilde yap\u0131lm\u0131\u015f olmas\u0131 \u015fart ile.<\/p>\n<p>\u0130lgililer, belediyeler veya di\u011fer konsolosluk ofisleri taraf\u0131ndan y\u00fcr\u00fct\u00fclen i\u015flemlerle ilgili olarak do\u011frudan Konsolosluk Ofisi ile ileti\u015fime ge\u00e7emezler, zira Konsolosluk, kendi sorumlulu\u011fu d\u0131\u015f\u0131nda olan i\u015flemlerin ilerleyi\u015fi hakk\u0131nda bilgi sahibi de\u011fildir.<\/p>\n<p>&nbsp;<\/p>\n","protected":false},"excerpt":{"rendered":"\u0130lgili ki\u015fi \u0130talya&#8217;da ik\u00e2met etmeye karar verdiyse, \u0130talyan belediye makamlar\u0131 \u0130talyan vatanda\u015fl\u0131\u011f\u0131n\u0131n tan\u0131nmas\u0131ndan sorumludur. Yabanc\u0131 uyruklu ki\u015fi, ik\u00e2met eden n\u00fcfus kay\u0131tlar\u0131na kaydolduktan sonra, 180 g\u00fcn s\u00fcresi yasal olarak belirlenmi\u015f olan iure sanguinis (kan ba\u011f\u0131na dayal\u0131) vatanda\u015fl\u0131k tan\u0131nma s\u00fcrecini ba\u015flatabilir. Bu s\u00fcre\u00e7 i\u00e7in K.28.1\/1991 numaral\u0131 Genelgede belirtilen belgelerin sunulmas\u0131 gereklidir. \u0130lgili ki\u015fi s\u00f6z konusu i\u015flemi bir [&hellip;]","protected":false},"author":10,"featured_media":0,"parent":6684,"menu_order":7,"comment_status":"closed","ping_status":"closed","template":"","meta":{"footnotes":""},"class_list":["post-6730","page","type-page","status-publish","hentry"],"_links":{"self":[{"href":"https:\/\/ambankara.esteri.it\/tr\/wp-json\/wp\/v2\/pages\/6730","targetHints":{"allow":["GET"]}}],"collection":[{"href":"https:\/\/ambankara.esteri.it\/tr\/wp-json\/wp\/v2\/pages"}],"about":[{"href":"https:\/\/ambankara.esteri.it\/tr\/wp-json\/wp\/v2\/types\/page"}],"author":[{"embeddable":true,"href":"https:\/\/ambankara.esteri.it\/tr\/wp-json\/wp\/v2\/users\/10"}],"replies":[{"embeddable":true,"href":"https:\/\/ambankara.esteri.it\/tr\/wp-json\/wp\/v2\/comments?post=6730"}],"version-history":[{"count":1,"href":"https:\/\/ambankara.esteri.it\/tr\/wp-json\/wp\/v2\/pages\/6730\/revisions"}],"predecessor-version":[{"id":6731,"href":"https:\/\/ambankara.esteri.it\/tr\/wp-json\/wp\/v2\/pages\/6730\/revisions\/6731"}],"up":[{"embeddable":true,"href":"https:\/\/ambankara.esteri.it\/tr\/wp-json\/wp\/v2\/pages\/6684"}],"wp:attachment":[{"href":"https:\/\/ambankara.esteri.it\/tr\/wp-json\/wp\/v2\/media?parent=6730"}],"curies":[{"name":"wp","href":"https:\/\/api.w.org\/{rel}","templated":true}]}}