{"id":6723,"date":"2025-06-30T13:18:12","date_gmt":"2025-06-30T11:18:12","guid":{"rendered":"https:\/\/ambankara.esteri.it\/servizi-consolari-e-visti\/servizi-per-il-cittadino-straniero\/cittadinanza-2\/riconoscimento-in-base-a-leggi-speciali\/"},"modified":"2025-07-18T15:49:26","modified_gmt":"2025-07-18T13:49:26","slug":"riconoscimento-in-base-a-leggi-speciali","status":"publish","type":"page","link":"https:\/\/ambankara.esteri.it\/tr\/servizi-consolari-e-visti\/servizi-per-il-cittadino-straniero\/cittadinanza-2\/riconoscimento-in-base-a-leggi-speciali\/","title":{"rendered":"\u00d6zel kanunlar temelinde vatanda\u015fl\u0131k hakk\u0131n\u0131n tan\u0131nmas\u0131"},"content":{"rendered":"<p>14 Aral\u0131k 2000 tarihli ve 379 say\u0131l\u0131 Kanun, eski Avusturya-Macaristan \u0130mparatorlu\u011fu topraklar\u0131nda do\u011fmu\u015f ve ikamet etmi\u015f ki\u015filere ve gerekli \u015fartlar\u0131 ta\u015f\u0131yan onlar\u0131n soyundan gelenlere \u0130talyan vatanda\u015fl\u0131\u011f\u0131n\u0131n tan\u0131nmas\u0131n\u0131 \u00f6ng\u00f6rmektedir.<\/p>\n<p>379\/2000 say\u0131l\u0131 Kanun kapsam\u0131nda ba\u015fvuru s\u00fcresi 19 Aral\u0131k 2010 tarihinde sona ermi\u015ftir.<\/p>\n<p>8 Mart 2006 tarihli ve 124 say\u0131l\u0131 Kanun ise, 1940 ila 1947 y\u0131llar\u0131 aras\u0131nda \u0130striya, Fiume (Rijeka) ve Dalma\u00e7ya b\u00f6lgelerinde ikamet etmi\u015f olmalar\u0131 sebebiyle vatanda\u015fl\u0131\u011f\u0131n\u0131 kaybeden yurtta\u015flara \u0130talyan vatanda\u015fl\u0131\u011f\u0131n\u0131n tan\u0131nmas\u0131n\u0131 \u00f6ng\u00f6rmektedir.<\/p>\n<p>\u00d6zel yasalara dayanarak \u0130talyan vatanda\u015fl\u0131\u011f\u0131n\u0131n tan\u0131nmas\u0131, kanundan do\u011fan bir hak yoluyla kazan\u0131m te\u015fkil eder. Bu nedenle, vatanda\u015fl\u0131\u011f\u0131 tan\u0131nan ebeveynin, 91\/1992 say\u0131l\u0131 Kanun\u2019un 4. maddesinin 1-bis f\u0131kras\u0131 uyar\u0131nca, re\u015fit olmayan \u00e7ocu\u011fu ad\u0131na vatanda\u015fl\u0131k kazan\u0131m\u0131na ili\u015fkin irade beyan\u0131nda bulunmas\u0131 m\u00fcmk\u00fcn de\u011fildir; zira bahse konu ebeveyn do\u011fu\u015ftan \u0130talyan vatanda\u015f\u0131 de\u011fildir.<\/p>\n","protected":false},"excerpt":{"rendered":"14 Aral\u0131k 2000 tarihli ve 379 say\u0131l\u0131 Kanun, eski Avusturya-Macaristan \u0130mparatorlu\u011fu topraklar\u0131nda do\u011fmu\u015f ve ikamet etmi\u015f ki\u015filere ve gerekli \u015fartlar\u0131 ta\u015f\u0131yan onlar\u0131n soyundan gelenlere \u0130talyan vatanda\u015fl\u0131\u011f\u0131n\u0131n tan\u0131nmas\u0131n\u0131 \u00f6ng\u00f6rmektedir. 379\/2000 say\u0131l\u0131 Kanun kapsam\u0131nda ba\u015fvuru s\u00fcresi 19 Aral\u0131k 2010 tarihinde sona ermi\u015ftir. 8 Mart 2006 tarihli ve 124 say\u0131l\u0131 Kanun ise, 1940 ila 1947 y\u0131llar\u0131 aras\u0131nda \u0130striya, [&hellip;]","protected":false},"author":10,"featured_media":0,"parent":6684,"menu_order":6,"comment_status":"closed","ping_status":"closed","template":"","meta":{"footnotes":""},"class_list":["post-6723","page","type-page","status-publish","hentry"],"_links":{"self":[{"href":"https:\/\/ambankara.esteri.it\/tr\/wp-json\/wp\/v2\/pages\/6723","targetHints":{"allow":["GET"]}}],"collection":[{"href":"https:\/\/ambankara.esteri.it\/tr\/wp-json\/wp\/v2\/pages"}],"about":[{"href":"https:\/\/ambankara.esteri.it\/tr\/wp-json\/wp\/v2\/types\/page"}],"author":[{"embeddable":true,"href":"https:\/\/ambankara.esteri.it\/tr\/wp-json\/wp\/v2\/users\/10"}],"replies":[{"embeddable":true,"href":"https:\/\/ambankara.esteri.it\/tr\/wp-json\/wp\/v2\/comments?post=6723"}],"version-history":[{"count":1,"href":"https:\/\/ambankara.esteri.it\/tr\/wp-json\/wp\/v2\/pages\/6723\/revisions"}],"predecessor-version":[{"id":6726,"href":"https:\/\/ambankara.esteri.it\/tr\/wp-json\/wp\/v2\/pages\/6723\/revisions\/6726"}],"up":[{"embeddable":true,"href":"https:\/\/ambankara.esteri.it\/tr\/wp-json\/wp\/v2\/pages\/6684"}],"wp:attachment":[{"href":"https:\/\/ambankara.esteri.it\/tr\/wp-json\/wp\/v2\/media?parent=6723"}],"curies":[{"name":"wp","href":"https:\/\/api.w.org\/{rel}","templated":true}]}}