{"id":6717,"date":"2024-06-07T10:34:30","date_gmt":"2024-06-07T08:34:30","guid":{"rendered":"https:\/\/ambankara.esteri.it\/servizi-consolari-e-visti\/servizi-per-il-cittadino-straniero\/cittadinanza-2\/cittadinanza-per-matrimonio-o-unione-civile\/"},"modified":"2026-01-16T08:12:15","modified_gmt":"2026-01-16T07:12:15","slug":"cittadinanza-per-matrimonio-o-unione-civile","status":"publish","type":"page","link":"https:\/\/ambankara.esteri.it\/tr\/servizi-consolari-e-visti\/servizi-per-il-cittadino-straniero\/cittadinanza-2\/cittadinanza-per-matrimonio-o-unione-civile\/","title":{"rendered":"Evlilik veya medeni birliktelik yoluyla vatanda\u015fl\u0131k alma"},"content":{"rendered":"<p>23 May\u0131s <strong><u>Yasal \u00e7er\u00e7eve<\/u><\/strong><\/p>\n<p>Evlilik veya medeni birliktelik dolay\u0131s\u0131yla \u0130talyan vatanda\u015fl\u0131\u011f\u0131na ba\u015fvuranlar, her \u015feyden \u00f6nce ulusal de\u011ferlere ba\u011fl\u0131l\u0131k ve kusursuz davran\u0131\u015f sergilemek olmak \u00fczere, \u0130talya Cumhuriyeti&#8217;ne kar\u015f\u0131 g\u00f6revlerinin bilincinde olmal\u0131d\u0131rlar.<\/p>\n<p>27 Nisan 1983 tarihinden bu yana bir \u0130talyan vatanda\u015f\u0131 ile evli olan yabanc\u0131 veya vatan\u0131 olmayan e\u015fin \u0130talyan vatanda\u015fl\u0131\u011f\u0131 almas\u0131 hususu h\u00e2llihaz\u0131rda\u00a0 5 \u015eubat 1992 tarihli 91 say\u0131l\u0131 Kanun (madde 5, 6, 7 ve 8) ve m\u00fcteakip de\u011fi\u015fiklikler ile d\u00fczenlenmektedir.<\/p>\n<p>\u0130talyan vatanda\u015fl\u0131\u011f\u0131na ba\u015fvurular, \u0130talyan belediyesinde n\u00fcfusa kay\u0131tl\u0131 bir \u0130talyan vatanda\u015f\u0131yla medeni birliktelik kurmu\u015f olan yabanc\u0131 vatanda\u015flar taraf\u0131ndan da yap\u0131labilir (5, 6 ve 7\/2017 say\u0131l\u0131 Kanun H\u00fckm\u00fcnde Kararnameler).<\/p>\n<p>Yabanc\u0131 e\u015f\/medeni birliktelik kurulan partner, a\u015fa\u011f\u0131daki b\u00f6l\u00fcmlerde a\u00e7\u0131kland\u0131\u011f\u0131 \u00fczere, y\u00fcr\u00fcrl\u00fckteki mevzuatta \u00f6ng\u00f6r\u00fclen \u015fartlar\u0131n varl\u0131\u011f\u0131 halinde, ba\u015fvuru \u00fczerine \u0130talyan vatanda\u015fl\u0131\u011f\u0131 alabilir.<\/p>\n<p>Referans al\u0131nan mevzuatlar:<\/p>\n<ul>\n<li>123\/1983 say\u0131l\u0131 Kanun<\/li>\n<li>91\/1992 say\u0131l\u0131 Kanun ile 572\/1993 ve 362\/1994 say\u0131l\u0131 Cumhurba\u015fkanl\u0131\u011f\u0131 Kararnameleri<\/li>\n<li>94\/2009 say\u0131l\u0131 Kanun<\/li>\n<li>76\/2016 say\u0131l\u0131 Kanun ile 5, 6 ve 7\/2017 say\u0131l\u0131 Kanun H\u00fckm\u00fcnde Kararnameler<\/li>\n<li>113\/2018 say\u0131l\u0131 Kanun H\u00fckm\u00fcnde Kararname ve 132\/2018 say\u0131l\u0131 Kanun<\/li>\n<li>130\/2020 say\u0131l\u0131 Kanun H\u00fckm\u00fcnde Kararname ve 173\/2020 say\u0131l\u0131 Kanun<\/li>\n<\/ul>\n<p><strong><u>Vatanda\u015fl\u0131k ba\u015fvurusu i\u00e7in aranan \u015fartlar<\/u><\/strong><\/p>\n<ul>\n<li><strong>Konsolosluk b\u00f6lgesinde ikamet:<\/strong><\/li>\n<\/ul>\n<p>\u2013 Ba\u015fvuru sahibi ikametg\u00e2h b\u00f6lgesinde yetkili olan diplomatik-konsolosluk temsilcili\u011fine, yaln\u0131zca \u00f6zel bilgisayar uygulamas\u0131 arac\u0131l\u0131\u011f\u0131yla ba\u015fvuruyu iletmelidir (ayr\u0131ca bak\u0131n\u0131z: Madde 4, Prosed\u00fcr, A\u015fama 1 \u2013 Ba\u015fvurunun kaydedilmesi ve girilmesi).<\/p>\n<p>\u2013 \u0130talyan vatanda\u015f\u0131 olan e\u015f\/medeni birliktelik kurulan partner, yetkili konsolosluk b\u00f6lgesinde ikamet ediyor olmal\u0131 ve Yurt D\u0131\u015f\u0131nda \u0130kamet Eden \u0130talyanlar\u0131n Siciline (A.I.R.E.) usul\u00fcne uygun olarak kay\u0131tl\u0131 olmal\u0131 ve vatanda\u015fl\u0131k ba\u015fvurusunda bulunan ki\u015fiyle ayn\u0131 adreste ikamet ediyor olmal\u0131d\u0131r. Aksi takdirde, her iki e\u015fin ayr\u0131 ikametg\u00e2h ihtiyac\u0131n\u0131 belirleyen veya belirlemi\u015f olan nedeni (\u00f6r. i\u015f, \u00e7ocuklar\u0131n e\u011fitimi, t\u0131bbi bak\u0131m veya di\u011fer) kan\u0131tlayan belgeleri sunmas\u0131 gerekir.<\/p>\n<ul>\n<li><strong>\u0130braz s\u00fcreleri:<\/strong><\/li>\n<\/ul>\n<p>E\u015fin\/partnerin do\u011fu\u015ftan \u0130talyan vatanda\u015f\u0131 olmas\u0131 durumunda evlilik\/medeni birlikteli\u011fin ger\u00e7ekle\u015fti\u011fi tarihten itibaren \u00fc\u00e7 y\u0131l sonra ba\u015fvuru yap\u0131labilir. \u0130talyan e\u015fin evlilikten sonra vatanda\u015fl\u0131k alm\u0131\u015f olmas\u0131 halinde (\u00f6rne\u011fin \u0130talya&#8217;da ikamet yoluyla), \u00fc\u00e7 y\u0131ll\u0131k s\u00fcre e\u015fin vatanda\u015fl\u0131\u011fa kabul edildi\u011fi tarihten itibaren ba\u015flar. E\u015flerin do\u011furdu\u011fu veya evlat edindi\u011fi \u00e7ocuklar\u0131n varl\u0131\u011f\u0131 halinde ise \u00fc\u00e7 y\u0131ll\u0131k s\u00fcre bir bu\u00e7uk y\u0131la iner.<\/p>\n<ul>\n<li><strong>Evlili\u011fin\/medeni birlikteli\u011fin kayda ge\u00e7mesi ve ge\u00e7erlili\u011fi:<\/strong><\/li>\n<\/ul>\n<p>\u2013 Yurt d\u0131\u015f\u0131nda ger\u00e7ekle\u015fmi\u015f ise daha \u00f6nce \u0130talya\u2019daki bir Belediyede kayda ge\u00e7irilmi\u015f olmas\u0131 gerekmektedir.<\/p>\n<p>\u2013 Evlilik\/medeni birliktelik ba\u011f\u0131n\u0131n, vatanda\u015fl\u0131k verme h\u00fckm\u00fcn\u00fcn kabul\u00fcne kadar ge\u00e7erli ve kopmam\u0131\u015f olmas\u0131 gerekir. \u0130talyan vatanda\u015fl\u0131\u011f\u0131na ge\u00e7ilebilmesi i\u00e7in karar\u0131n al\u0131nd\u0131\u011f\u0131 tarih itibar\u0131yla evlilik\/medeni birlikteli\u011fin ayr\u0131l\u0131k veya bo\u015fanma yoluyla sona ermemi\u015f olmas\u0131 gerekmektedir. Ancak vatanda\u015fl\u0131k ba\u015fvurusu yap\u0131ld\u0131ktan sonra e\u015fin \u00f6l\u00fcm\u00fc, hakk\u0131n d\u00fc\u015fmesine sebebiyet vermez.<\/p>\n<ul>\n<li><strong>Adli sicil:<\/strong><\/li>\n<\/ul>\n<p>\u2013 \u0130talyan yarg\u0131 makamlar\u0131 taraf\u0131ndan \u00fc\u00e7 y\u0131ldan fazla hapis cezas\u0131 gerektiren su\u00e7lardan mahk\u00fbmiyet karar\u0131n\u0131n bulunmamas\u0131<\/p>\n<p>\u2013 Siyasi nitelikli olmayan su\u00e7lardan dolay\u0131 yabanc\u0131 adli makamlarca bir y\u0131ldan fazla s\u00fcreyle mahk\u00fbmiyet karar\u0131 bulunmamas\u0131.<\/p>\n<ul>\n<li>Devletin varl\u0131\u011f\u0131na kar\u015f\u0131 su\u00e7lardan ve Cumhuriyetin g\u00fcvenli\u011fine engel te\u015fkil eden sebeplerden mahk\u00fbmiyet bulunmamas\u0131.<\/li>\n<li><strong>Avrupa Dilleri Ortak \u00c7er\u00e7eve Program\u0131 (CEFR) B1 seviyesinden daha d\u00fc\u015f\u00fck olmayan \u0130talyanca bilgisi<\/strong><\/li>\n<li><strong>Belgeler ve \u00dccretler b\u00f6l\u00fcm\u00fcnde belirtilen vergi ve har\u00e7lar\u0131n \u00f6denmesi<\/strong><\/li>\n<\/ul>\n<p><strong>\u00a0\u00a0\u00a0\u00a0\u00a0 <u>Vatanda\u015fl\u0131k ba\u015fvurusu i\u00e7in gerekli belgeler<\/u><\/strong><\/p>\n<ol>\n<li><strong>Do\u011fum belgesi \u00f6rne\u011fi <\/strong>veya dengi belge: Do\u011fum \u00fclkesi taraf\u0131ndan en fazla alt\u0131 ay \u00f6nce d\u00fczenlenmi\u015f, t\u00fcm ki\u015fisel bilgileri (baba ve anne bilgisi dahil) i\u00e7eren usul\u00fcne uygun olarak <strong>tasdik edilmi\u015f\/apostilli ve \u0130talyancaya \u00e7evrilmi\u015f<\/strong> as\u0131l belge. \u0130talyanca terc\u00fcmenin yetkili B\u00fcy\u00fckel\u00e7ilik\/Konsolosluk taraf\u0131ndan onaylanmas\u0131 veya Apostil ile tasdik edilmesi gerekmektedir;<\/li>\n<li>Ba\u015fvuru tarihinden katiyen en ge\u00e7 alt\u0131 ay \u00f6nce d\u00fczenlenmi\u015f, <strong>tasdikli\/apostilli ve \u0130talyancaya terc\u00fcme edilmi\u015f<\/strong>, bireyin kendi \u00fclkesi ve ikamet etti\u011fi \u00fc\u00e7\u00fcnc\u00fc \u00fclkelerden (\u0130talya hari\u00e7) ve vatanda\u015f\u0131 olunan \u00fclkelerden al\u0131nan, as\u0131l belge olarak sunulacak <strong>adli sicil kay\u0131tlar\u0131<\/strong>. \u0130talyanca terc\u00fcmenin yetkili B\u00fcy\u00fckel\u00e7ilik\/Konsolosluk taraf\u0131ndan onaylanmas\u0131 veya Apostil ile tasdik edilmesi gerekmektedir. Ba\u015fvuru sahibi, sadece 14 ya\u015f\u0131n\u0131 doldurmadan \u00f6nce kendi \u00fclkesinden ayr\u0131lm\u0131\u015fsa ve vatanda\u015fl\u0131\u011f\u0131n\u0131 muhafaza etmemi\u015fse, kendi \u00fclkesinde sab\u0131ka kayd\u0131 sunmaktan muaft\u0131r.<\/li>\n<li>\u0130\u00e7i\u015fleri Bakanl\u0131\u011f\u0131 ad\u0131na \u00f6denen<strong> 250,00 avro harc\u0131n <\/strong>\u00f6dendi\u011fine dair makbuz;<\/li>\n<li><strong>Kimlik belgesi: <\/strong>Ge\u00e7erli pasaport veya yabanc\u0131 kimlik kart\u0131n\u0131n fotokopisi (ki\u015fisel bilgilerin, foto\u011fraf\u0131n, verili\u015f ve ge\u00e7erlilik tarihlerinin bulundu\u011fu sayfalarla);<\/li>\n<li><strong>Evlilik c\u00fczdan\u0131n\u0131n veya evlenme\u00a0kay\u0131t\u00a0\u00f6rne\u011finin bir kopyas\u0131<\/strong> (evlilik c\u00fczdan\u0131n\u0131n kay\u0131tl\u0131 oldu\u011fu yetkili \u0130talyan belediyesinden talep edilmelidir ve tercihen en ge\u00e7 alt\u0131 ay \u00f6nce verilmi\u015f olmal\u0131d\u0131r.) D\u0130KKAT: Ba\u015fvuru sahibi AB vatanda\u015f\u0131 ise, 445\/2000 say\u0131l\u0131 Cumhurba\u015fkanl\u0131\u011f\u0131 Kararnamesi uyar\u0131nca kendi beyan\u0131n\u0131 kullanabilir.<\/li>\n<li>Avrupa Dilleri Ortak \u00c7er\u00e7eve Program\u0131 (CEFR) B1 seviyesinden d\u00fc\u015f\u00fck olmayan<strong> \u0130talyanca dil bilgisine sahip olundu\u011funu g\u00f6sterir sertifika. <\/strong>Kabul edilen sertifikalar \u015funlard\u0131r:<\/li>\n<\/ol>\n<p>\u2013 Societ\u00e0 Dante Alighieri PLIDA<\/p>\n<p>\u2013 Roma Tre \u00dcniversitesi CertIt<\/p>\n<p>\u2013 Siena Yabanc\u0131lar \u00dcniversitesi CILS<\/p>\n<p>\u2013 Perugia Yabanc\u0131lar \u00dcniversitesi CELI<\/p>\n<p>\u2013 Reggio Calabria Yabanc\u0131lar \u00dcniversitesi Ce.Co.L<\/p>\n<p>Yukar\u0131da ad\u0131 ge\u00e7en kurum veya kurulu\u015flardan al\u0131nan di\u011fer sertifikalar ile di\u011fer kurulu\u015flardan al\u0131nanlar uygun de\u011fildir ve kabul edilemez.<\/p>\n<p>\u00d6te yandan a\u015fa\u011f\u0131dakilerin \u0130talyanca dil bilgisini g\u00f6sterir sertifika ibraz etmesine gerek yoktur:<\/p>\n<ul>\n<li>G\u00f6\u00e7menlik Kanunu Birle\u015ftirilmi\u015f Metni 286\/1998 say\u0131l\u0131 Kanun H\u00fckm\u00fcnde Kararname madde 4\/2\u2019de bahsi ge\u00e7en Entegrasyon Anla\u015fmas\u0131n\u0131 imzalayan yabanc\u0131lar (yurt d\u0131\u015f\u0131nda ikamet etseler dahi);<\/li>\n<\/ul>\n<p>\u2013 Ayn\u0131 Birle\u015ftirilmi\u015f Metnin 9. maddesine g\u00f6re yaln\u0131zca \u0130talyan makamlar\u0131 taraf\u0131ndan verilmi\u015f olmas\u0131 kayd\u0131yla uzun s\u00fcreli AB (veya AT) oturum iznine sahip olanlar (yurt d\u0131\u015f\u0131nda ikamet etseler dahi). Ailevi nedenlerle veya di\u011fer \u00fclkeler taraf\u0131ndan verilen oturum izinleri ge\u00e7erli de\u011fildir.<\/p>\n<p>\u2013 Milli E\u011fitim, \u00dcniversite ve Ara\u015ft\u0131rma Bakanl\u0131\u011f\u0131 ve\/veya D\u0131\u015fi\u015fleri ve Uluslararas\u0131 \u0130\u015fbirli\u011fi Bakanl\u0131\u011f\u0131 taraf\u0131ndan tan\u0131nan kamu veya \u00f6zel e\u011fitim kurumlar\u0131ndan al\u0131nan bir \u00f6\u011frenim belgesi alm\u0131\u015f olanlar.<\/p>\n<p><strong><u>Prosed\u00fcr<\/u><\/strong><\/p>\n<p><strong>A\u015eAMA 1 \u2013 KAYIT VE BA\u015eVURU<\/strong><\/p>\n<p><strong>Yurt d\u0131\u015f\u0131nda ikamet eden ba\u015fvuru sahiplerinin \u0130\u00e7i\u015fleri Bakanl\u0131\u011f\u0131 <\/strong><a href=\"https:\/\/portaleservizi.dlci.interno.it\/AliCittadinanza\/ali\/home.htm\"><strong>portal\u0131na<\/strong><\/a> <strong>SPID kullanmadan, e-posta adresleriyle kay\u0131t yapt\u0131rmalar\u0131 gerekmektedir.<\/strong><\/p>\n<p>L\u00fctfen \u00e7evrimi\u00e7i ba\u015fvurunuzu yaparken portalda belirtti\u011finiz e-posta adresinin ikametg\u00e2h\u0131n\u0131z\u0131 te\u015fkil etti\u011fini unutmay\u0131n (\u0130talyan Medeni Kanunu&#8217;nun 47. Maddesi uyar\u0131nca). Dolay\u0131s\u0131yla ek belge talepleri, tebligatlar, karar bildirimleri gibi vatanda\u015fl\u0131k ba\u015fvurunuzla ilgili t\u00fcm ileti\u015fimler, yaln\u0131zca elektronik kanallar \u00fczerinden ger\u00e7ekle\u015fece\u011finden e-posta gelen kutunuzu s\u0131k s\u0131k kontrol etmeniz \u00f6nemlidir.<\/p>\n<p><strong>Ba\u015fvuru sahibinin, bilgilerini b\u00fcy\u00fck bir \u00f6zenle kaydetmesi gerekmektedir; \u00e7\u00fcnk\u00fc veriler de\u011fi\u015ftirilemez. Hatal\u0131 i\u015flem yap\u0131lmas\u0131 durumunda farkl\u0131 bir e-posta adresi ile tekrar kay\u0131t yap\u0131lmas\u0131 gerekecektir<\/strong>. \u00d6zellikle do\u011fum belgesinde (her t\u00fcrl\u00fc a\u00e7\u0131klama dahil) ve\/veya yetkili yabanc\u0131 makamlarca yurt d\u0131\u015f\u0131nda d\u00fczenlenen evrak ve belgelerde (evlilik c\u00fczdan\u0131, kimlik belgesi, ad\/soyad de\u011fi\u015fikli\u011fi belgesi vb.) belirtilen ki\u015fisel bilgilerin bildirilmesi zorunludur. Herhangi bir tutars\u0131zl\u0131k olmas\u0131 durumunda ba\u015fvuru sahibinin uygun destekleyici belgeleri sunmas\u0131 gerekmektedir.<\/p>\n<p>Ba\u015fvuruda, ba\u015fvuran\u0131n daha \u00f6nceki ili\u015fkisinden olan kendisiyle birlikte ya\u015fayan k\u00fc\u00e7\u00fck \u00e7ocuklar\u0131n\u0131n olup olmad\u0131\u011f\u0131 belirtilmelidir.<\/p>\n<p>On d\u00f6rd\u00fcnc\u00fc ya\u015f itibar\u0131yla t\u00fcm ikametlerin beyan edilmesi ve beyan edilmemi\u015f s\u00fcrelerin kalmamas\u0131 gerekmektedir.<\/p>\n<p>Beyanda hi\u00e7bir \u00f6zel karakter veya i\u015faret kullan\u0131lmamal\u0131d\u0131r (\u00f6rne\u011fin, kelime i\u00e7inde kuyruk, sivri veya d\u00fcz aksanlar, \u015fapka gibi i\u015faretler). Orijinal dilde olmas\u0131 halinde, sadece son harfe, kesme i\u015fareti kullan\u0131larak vurgu eklemek m\u00fcmk\u00fcn olacakt\u0131r.<\/p>\n<ol start=\"2\">\n<li><strong> A\u015eAMA \u2013 KONSOLOSLUK DO\u011eRULAMASI<\/strong><\/li>\n<\/ol>\n<p>Konsolosluk Ofisi, ba\u015fvurunun sunuldu\u011fundan otomatik olarak haberdar edilecek ve gerekli kontrolleri sa\u011flayacakt\u0131r. Ba\u015fvuru sahibine, \u0130\u00e7i\u015fleri Bakanl\u0131\u011f\u0131\u2019n\u0131n portal\u0131 arac\u0131l\u0131\u011f\u0131yla elektronik ortamda, ba\u015fvurusunun kabul edildi\u011fine veya reddedildi\u011fine dair bir bildirim g\u00f6nderilecektir.<\/p>\n<p>Ba\u015fvurunun reddedilmesi durumunda, reddetme gerek\u00e7esinde belirtilen hatalar d\u00fczeltilerek ba\u015fvuru yeniden yap\u0131labilir. E\u011fer ba\u015fvuru bir y\u0131l i\u00e7inde tekrar sunulur ise, daha \u00f6nce yap\u0131lan \u00f6demeler ge\u00e7erli say\u0131lacakt\u0131r.<\/p>\n<p>Ba\u015fvurunun kabul edilmesi durumunda, ba\u015fvuru sahibine elektronik ortamda \u0130talya\u2019n\u0131n diplomatik veya konsolosluk temsilcili\u011fine giderek vatanda\u015fl\u0131k ba\u015fvurusunda yer alan imzan\u0131n do\u011frulanmas\u0131, daha \u00f6nce portal \u00fczerinden g\u00f6nderilen belgeler de dahil olmak \u00fczere t\u00fcm orijinal belgelerin teslim edilmesi ve gerekli konsolosluk har\u00e7lar\u0131n\u0131n tahsil edilmesi amac\u0131yla bir randevu verilecektir.<\/p>\n<p>Yukar\u0131da belirtilen t\u00fcm belgeler -kimlik belgesi ve dil yeterlilik sertifikas\u0131 hari\u00e7 olmak \u00fczere- konsolosluk temsilcili\u011fi taraf\u0131ndan orijinal olarak saklanacakt\u0131r. Kimlik belgesi ve dil sertifikas\u0131 i\u00e7in ise asl\u0131na uygun fotokopi al\u0131nacak ve ilgili \u00fccret tahsil edilecektir.<\/p>\n<p>&nbsp;<\/p>\n<ol start=\"3\">\n<li><strong> A\u015eAMA \u2013 DE\u011eERLEND\u0130RME VE S\u00dcREC\u0130N TAMAMLANMASI<\/strong><\/li>\n<\/ol>\n<p>Ba\u015fvurunun de\u011ferlendirilmesi ve s\u00fcrecin sonu\u00e7land\u0131r\u0131lmas\u0131 yaln\u0131zca \u0130\u00e7i\u015fleri Bakanl\u0131\u011f\u0131\u2019n\u0131n yetkisindedir ve ba\u015fvurunun sunuldu\u011fu tarihten itibaren 24 ay i\u00e7inde tamamlanmal\u0131d\u0131r. Bu s\u00fcre, en fazla 36 aya kadar uzat\u0131labilmektedir. Ba\u015fvuru dosyas\u0131n\u0131n de\u011ferlendirilmesinin ard\u0131ndan s\u00fcre\u00e7 olumlu sonu\u00e7lan\u0131r ise, \u0130\u00e7i\u015fleri Bakanl\u0131\u011f\u0131 taraf\u0131ndan d\u00fczenlenen \u0130talyan vatanda\u015fl\u0131\u011f\u0131 tan\u0131nmas\u0131na ili\u015fkin karar, ba\u015fvuru sahibinin ik\u00e2met etti\u011fi b\u00f6lgeden sorumlu olan diplomatik veya konsolosluk temsilcili\u011fine iletilecektir.<\/p>\n<p>&nbsp;<\/p>\n<ol start=\"4\">\n<li><strong> A\u015eAMA \u2013 KARAR, TEBL\u0130GAT VE YEM\u0130N<\/strong><\/li>\n<\/ol>\n<p>\u0130talyan vatanda\u015fl\u0131\u011f\u0131n\u0131n tan\u0131nmas\u0131na ili\u015fkin karar, ba\u015fvuru sahibine portaldan yap\u0131lacak bir bildirimle tebli\u011f edilecektir.<br \/>\nTebligat an\u0131nda, karar tarihinden sonraki bir tarihe ait, evlilik ba\u011f\u0131n\u0131n devam etti\u011fini do\u011frulayan baz\u0131 belgeler de talep edilecektir. Bunlara \u00f6rnek olarak (liste tamamlay\u0131c\u0131 de\u011fildir):<\/p>\n<ul>\n<li>\u0130lgili \u0130talyan belediyesi taraf\u0131ndan verilmi\u015f tam evlilik belgesi (\u00f6zet belge de\u011fil) ve buna kar\u015f\u0131l\u0131k gelen yabanc\u0131 evlilik belgesi<\/li>\n<li>Ge\u00e7erli ik\u00e2met \u00fclkesinden al\u0131nm\u0131\u015f, usul\u00fcne uygun \u015fekilde tasdik edilmi\u015f ve terc\u00fcme edilmi\u015f adli sicil kayd\u0131 (bkz. \u201cBelgeler\u201d b\u00f6l\u00fcm\u00fc)<\/li>\n<\/ul>\n<p>Karar\u0131n al\u0131nd\u0131\u011f\u0131 tarihte, ba\u015fvuru sahibinin evlili\u011fi veya medeni birli\u011fi sona ermemi\u015f olmal\u0131d\u0131r; yani bo\u015fanma veya resmi ayr\u0131l\u0131k karar\u0131 bulunmamal\u0131d\u0131r. Ancak, ba\u015fvurunun sunulmas\u0131ndan sonra e\u015fin vefat etmesi, vatanda\u015fl\u0131k hakk\u0131n\u0131n kayb\u0131na neden olmaz.<\/p>\n<p>Tebligat tarihinden itibaren en ge\u00e7 alt\u0131 ay i\u00e7inde, ba\u015fvuru sahibi konsolosluk ofisine \u00e7a\u011fr\u0131lacak ve \u0130talyan Cumhuriyeti\u2019ne ve yasalar\u0131na ba\u011fl\u0131l\u0131k yemini edecektir. Bu alt\u0131 ayl\u0131k s\u00fcre uzat\u0131lamaz ve s\u00fcre ge\u00e7tikten sonra \u00a0vatanda\u015fl\u0131k hakk\u0131 kaybedilir.<\/p>\n<p>Karar i\u00e7in pul vergisi \u00fccretinin \u00f6denmesi gerekmektedir.<\/p>\n<p>Tam evlilik belgesi, ilgili evlilik kayd\u0131n\u0131n bulundu\u011fu \u0130talyan belediyesinden talep edilmelidir. Adli sicil belgesi ise ik\u00e2met edilen \u00fclkenin yetkili makamlar\u0131ndan al\u0131nmal\u0131 ve \u201cBelgeler\u201d b\u00f6l\u00fcm\u00fcnde a\u00e7\u0131kland\u0131\u011f\u0131 \u015fekilde tasdik\/apostil ve terc\u00fcme kurallar\u0131na uygun olmal\u0131d\u0131r.<\/p>\n<p>Ba\u015fvuru sahibi, \u0130talyan Cumhuriyeti\u2019ne ba\u011fl\u0131l\u0131k yeminini a\u015fa\u011f\u0131daki s\u00f6zleri zikrederek yapacakt\u0131r:<\/p>\n<p>\u201c\u0130TALYAN CUMHUR\u0130YET\u0130NE SADIK KALACA\u011eIMA, ANAYASASINA VE YASALARINA UYACA\u011eIMA YEM\u0130N EDER\u0130M.\u201d<\/p>\n<p>\u0130talyan vatanda\u015fl\u0131\u011f\u0131, yemin g\u00fcn\u00fcn\u00fc takip eden g\u00fcnden itibaren ge\u00e7erli olur.<\/p>\n<p>Orijinal do\u011fum belgesi, AIRE kayd\u0131 talebi ve yemin tutana\u011f\u0131 ile birlikte ilgili \u0130talyan belediyesine g\u00f6nderilecek ve n\u00fcfusa kaydedilecektir.<\/p>\n<p>&nbsp;<\/p>\n<p><strong><u>Maliyetler<\/u><\/strong><\/p>\n<p>\u0130\u00e7i\u015fleri Bakanl\u0131\u011f\u0131 lehine 250 \u20ac katk\u0131 pay\u0131 \u00f6denmesi gerekmektedir. S\u00f6z konusu \u00f6deme, ba\u015fvuru doldurulurken sadece PagoP<strong>a<\/strong> sistemi arac\u0131l\u0131\u011f\u0131yla veya \u0130\u00e7i\u015fleri Bakanl\u0131\u011f\u0131 taraf\u0131ndan belirtilen banka hesab\u0131na havale yoluyla yap\u0131labilmektedir (\u00f6deme makbuzu online ba\u015fvuruya eklenmelidir). Havale masraflar\u0131 \u00f6demeyi ger\u00e7ekle\u015ftiren ki\u015fiye aittir.<br \/>\nHesap bilgileri:<br \/>\n<strong>\u201cMinistero dell\u2019Interno D.L.C.I Cittadinanza\u201d<\/strong><br \/>\nBanka Ad\u0131: Poste Italiane S.p.A.<br \/>\nIBAN: IT54D0760103200000000809020<br \/>\nA\u00e7\u0131klama: &#8220;Richiesta cittadinanza per matrimonio ex art. 5 L. 91\/1992&#8221; ve ba\u015fvuru sahibinin ad\u0131 soyad\u0131<br \/>\nBIC\/SWIFT (yurt d\u0131\u015f\u0131ndan yap\u0131lan havaleler i\u00e7in): BPPIITRRXXX<br \/>\nBIC\/SWIFT (EUROGIRO i\u015flemleri i\u00e7in): PIBPITRA.<\/p>\n<p><strong>\u0130leti\u015fim ve Faydal\u0131 Ba\u011flant\u0131lar<\/strong><\/p>\n<p><strong>Konsoloslu\u011funuzu bulun:<\/strong><br \/>\n<a href=\"https:\/\/serviziconsolarionline.esteri.it\/ScoFE\/services\/consulate\/find-consulate.sco\">https:\/\/serviziconsolarionline.esteri.it\/ScoFE\/services\/consulate\/find-consulate.sco<\/a><\/p>\n<p><strong>Ba\u015fvurunuzu \u0130\u00e7i\u015fleri Bakanl\u0131\u011f\u0131&#8217;na iletin:<\/strong><br \/>\n<a href=\"https:\/\/portaleservizi.dlci.interno.it\/AliCittadinanza\/ali\/home.htm\">https:\/\/portaleservizi.dlci.interno.it\/AliCittadinanza\/ali\/home.htm<\/a><\/p>\n<p><strong>D\u0131\u015fi\u015fleri ve Uluslararas\u0131 \u0130\u015fbirli\u011fi Bakanl\u0131\u011f\u0131 sitesinde bilgi:<\/strong><br \/>\n<a href=\"https:\/\/www.esteri.it\/it\/servizi-consolari-e-visti\/italiani-all-estero\/cittadinanza\/cittadinanza-per-matrimonio-e-unione-civile\/\">https:\/\/www.esteri.it\/it\/servizi-consolari-e-visti\/italiani-all-estero\/cittadinanza\/cittadinanza-per-matrimonio-e-unione-civile\/<\/a><\/p>\n<p><u>\u00a0<\/u><\/p>\n<p><u>\u00a0<\/u><\/p>\n","protected":false},"excerpt":{"rendered":"23 May\u0131s Yasal \u00e7er\u00e7eve Evlilik veya medeni birliktelik dolay\u0131s\u0131yla \u0130talyan vatanda\u015fl\u0131\u011f\u0131na ba\u015fvuranlar, her \u015feyden \u00f6nce ulusal de\u011ferlere ba\u011fl\u0131l\u0131k ve kusursuz davran\u0131\u015f sergilemek olmak \u00fczere, \u0130talya Cumhuriyeti&#8217;ne kar\u015f\u0131 g\u00f6revlerinin bilincinde olmal\u0131d\u0131rlar. 27 Nisan 1983 tarihinden bu yana bir \u0130talyan vatanda\u015f\u0131 ile evli olan yabanc\u0131 veya vatan\u0131 olmayan e\u015fin \u0130talyan vatanda\u015fl\u0131\u011f\u0131 almas\u0131 hususu h\u00e2llihaz\u0131rda\u00a0 5 \u015eubat 1992 [&hellip;]","protected":false},"author":10,"featured_media":0,"parent":6684,"menu_order":5,"comment_status":"closed","ping_status":"closed","template":"","meta":{"footnotes":""},"class_list":["post-6717","page","type-page","status-publish","hentry"],"_links":{"self":[{"href":"https:\/\/ambankara.esteri.it\/tr\/wp-json\/wp\/v2\/pages\/6717","targetHints":{"allow":["GET"]}}],"collection":[{"href":"https:\/\/ambankara.esteri.it\/tr\/wp-json\/wp\/v2\/pages"}],"about":[{"href":"https:\/\/ambankara.esteri.it\/tr\/wp-json\/wp\/v2\/types\/page"}],"author":[{"embeddable":true,"href":"https:\/\/ambankara.esteri.it\/tr\/wp-json\/wp\/v2\/users\/10"}],"replies":[{"embeddable":true,"href":"https:\/\/ambankara.esteri.it\/tr\/wp-json\/wp\/v2\/comments?post=6717"}],"version-history":[{"count":3,"href":"https:\/\/ambankara.esteri.it\/tr\/wp-json\/wp\/v2\/pages\/6717\/revisions"}],"predecessor-version":[{"id":7181,"href":"https:\/\/ambankara.esteri.it\/tr\/wp-json\/wp\/v2\/pages\/6717\/revisions\/7181"}],"up":[{"embeddable":true,"href":"https:\/\/ambankara.esteri.it\/tr\/wp-json\/wp\/v2\/pages\/6684"}],"wp:attachment":[{"href":"https:\/\/ambankara.esteri.it\/tr\/wp-json\/wp\/v2\/media?parent=6717"}],"curies":[{"name":"wp","href":"https:\/\/api.w.org\/{rel}","templated":true}]}}