{"id":6698,"date":"2025-06-30T13:09:18","date_gmt":"2025-06-30T11:09:18","guid":{"rendered":"https:\/\/ambankara.esteri.it\/servizi-consolari-e-visti\/servizi-per-il-cittadino-straniero\/cittadinanza-2\/acquisto-della-cittadinanza-di-figli-minori-conviventi-con-genitore-non-cittadino-dalla-nascita\/"},"modified":"2025-07-18T15:45:39","modified_gmt":"2025-07-18T13:45:39","slug":"acquisto-della-cittadinanza-di-figli-minori-conviventi-con-genitore-non-cittadino-dalla-nascita","status":"publish","type":"page","link":"https:\/\/ambankara.esteri.it\/tr\/servizi-consolari-e-visti\/servizi-per-il-cittadino-straniero\/cittadinanza-2\/acquisto-della-cittadinanza-di-figli-minori-conviventi-con-genitore-non-cittadino-dalla-nascita\/","title":{"rendered":"Do\u011fu\u015ftan \u0130talyan vatanda\u015f\u0131 olmayan ebeveynle birlikte ya\u015fayan re\u015fit olmayan \u00e7ocuklar\u0131n vatanda\u015fl\u0131k almas\u0131"},"content":{"rendered":"<p>91\/1992 say\u0131l\u0131 yasan\u0131n 14. maddesi, 36\/2025 say\u0131l\u0131 kararname ve 74\/2025 say\u0131l\u0131 yasa ile yap\u0131lan de\u011fi\u015fiklik uyar\u0131nca, vatanda\u015fl\u0131\u011f\u0131n bu ko\u015fullar alt\u0131nda kazan\u0131labilmesi i\u00e7in, do\u011fu\u015ftan \u0130talyan vatanda\u015f\u0131 olmayan ebeveynin \u00e7ocu\u011funun, ebeveynin \u0130talyan vatanda\u015fl\u0131\u011f\u0131n\u0131 kazanmas\u0131 veya yeniden kazanmas\u0131 an\u0131nda, en az iki y\u0131ld\u0131r kesintisiz olarak \u0130talya\u2019da yasal olarak ikamet ediyor olmas\u0131 gerekmektedir (\u00e7ocuk iki ya\u015f\u0131ndan k\u00fc\u00e7\u00fckse, do\u011fumundan itibaren \u0130talya\u2019da ikamet etmi\u015f olmal\u0131d\u0131r).<\/p>\n<p>A\u015fa\u011f\u0131daki hususlar ayr\u0131ca belirtilmektedir:<\/p>\n<ol>\n<li>Vatanda\u015fl\u0131\u011f\u0131n <em>iure communicatione<\/em> tan\u0131nmas\u0131 ba\u015fvurusu, 91\/1992 say\u0131l\u0131 yasan\u0131n 3-bis maddesinin a), a-bis) veya b) bentlerinde belirtilen istisnalar kapsam\u0131na dahil ise (dolay\u0131s\u0131yla 27 Mart 2025 tarihine kadar idari veya yarg\u0131 yoluyla ba\u015fvuru yap\u0131lm\u0131\u015f ise yahut 27 Mart 2025 tarihine kadar randevu al\u0131narak ba\u015fvuru ger\u00e7ekle\u015ftirilmi\u015f ise), eski mevzuat uygulanacakt\u0131r.<\/li>\n<li>Vatanda\u015fl\u0131\u011f\u0131n <em>iure communicatione<\/em> tan\u0131nmas\u0131 ba\u015fvurusu 28 Mart 2025 tarihinden itibaren yap\u0131lm\u0131\u015f ise, vatanda\u015fl\u0131\u011f\u0131 ileten ebeveynin yaln\u0131zca \u0130talyan vatanda\u015f\u0131 olmas\u0131 veya \u00e7ocu\u011fun do\u011fumundan \u00f6nce \u0130talya&#8217;da en az iki y\u0131l ikamet etmi\u015f olmas\u0131 gerekmektedir.<\/li>\n<li>Ebeveynin vatanda\u015fl\u0131\u011f\u0131 kazanmas\u0131 veya yeniden kazanmas\u0131 24 May\u0131s 2025 tarihinden itibaren ger\u00e7ekle\u015fir ise, birlikte ya\u015fayan \u00e7ocuk, ebeveynin vatanda\u015fl\u0131k kazan\u0131m\u0131ndan \u00f6nce en az iki y\u0131l boyunca \u0130talya\u2019da ikamet etmi\u015f olmal\u0131d\u0131r. Bu durumda, re\u015fit olmayan \u00e7ocu\u011fun vatanda\u015fl\u0131k kazan\u0131m\u0131n\u0131n tespiti, \u00e7ocu\u011fun ik\u00e2met etti\u011fi \u0130talyan belediyesi (Comune) taraf\u0131ndan yap\u0131lacakt\u0131r.<\/li>\n<\/ol>\n<p>&nbsp;<\/p>\n","protected":false},"excerpt":{"rendered":"91\/1992 say\u0131l\u0131 yasan\u0131n 14. maddesi, 36\/2025 say\u0131l\u0131 kararname ve 74\/2025 say\u0131l\u0131 yasa ile yap\u0131lan de\u011fi\u015fiklik uyar\u0131nca, vatanda\u015fl\u0131\u011f\u0131n bu ko\u015fullar alt\u0131nda kazan\u0131labilmesi i\u00e7in, do\u011fu\u015ftan \u0130talyan vatanda\u015f\u0131 olmayan ebeveynin \u00e7ocu\u011funun, ebeveynin \u0130talyan vatanda\u015fl\u0131\u011f\u0131n\u0131 kazanmas\u0131 veya yeniden kazanmas\u0131 an\u0131nda, en az iki y\u0131ld\u0131r kesintisiz olarak \u0130talya\u2019da yasal olarak ikamet ediyor olmas\u0131 gerekmektedir (\u00e7ocuk iki ya\u015f\u0131ndan k\u00fc\u00e7\u00fckse, do\u011fumundan itibaren [&hellip;]","protected":false},"author":10,"featured_media":0,"parent":6684,"menu_order":3,"comment_status":"closed","ping_status":"closed","template":"","meta":{"footnotes":""},"class_list":["post-6698","page","type-page","status-publish","hentry"],"_links":{"self":[{"href":"https:\/\/ambankara.esteri.it\/tr\/wp-json\/wp\/v2\/pages\/6698","targetHints":{"allow":["GET"]}}],"collection":[{"href":"https:\/\/ambankara.esteri.it\/tr\/wp-json\/wp\/v2\/pages"}],"about":[{"href":"https:\/\/ambankara.esteri.it\/tr\/wp-json\/wp\/v2\/types\/page"}],"author":[{"embeddable":true,"href":"https:\/\/ambankara.esteri.it\/tr\/wp-json\/wp\/v2\/users\/10"}],"replies":[{"embeddable":true,"href":"https:\/\/ambankara.esteri.it\/tr\/wp-json\/wp\/v2\/comments?post=6698"}],"version-history":[{"count":1,"href":"https:\/\/ambankara.esteri.it\/tr\/wp-json\/wp\/v2\/pages\/6698\/revisions"}],"predecessor-version":[{"id":6701,"href":"https:\/\/ambankara.esteri.it\/tr\/wp-json\/wp\/v2\/pages\/6698\/revisions\/6701"}],"up":[{"embeddable":true,"href":"https:\/\/ambankara.esteri.it\/tr\/wp-json\/wp\/v2\/pages\/6684"}],"wp:attachment":[{"href":"https:\/\/ambankara.esteri.it\/tr\/wp-json\/wp\/v2\/media?parent=6698"}],"curies":[{"name":"wp","href":"https:\/\/api.w.org\/{rel}","templated":true}]}}