{"id":6691,"date":"2025-06-30T13:07:40","date_gmt":"2025-06-30T11:07:40","guid":{"rendered":"https:\/\/ambankara.esteri.it\/servizi-consolari-e-visti\/servizi-per-il-cittadino-straniero\/cittadinanza-2\/acquisto-della-cittadinanza-per-beneficio-di-legge-figli-minori-nati-allestero\/"},"modified":"2025-07-18T16:19:21","modified_gmt":"2025-07-18T14:19:21","slug":"acquisto-della-cittadinanza-per-beneficio-di-legge-figli-minori-nati-allestero","status":"publish","type":"page","link":"https:\/\/ambankara.esteri.it\/tr\/servizi-consolari-e-visti\/servizi-per-il-cittadino-straniero\/cittadinanza-2\/acquisto-della-cittadinanza-per-beneficio-di-legge-figli-minori-nati-allestero\/","title":{"rendered":"\u201cYasal hak yoluyla\u201d vatanda\u015fl\u0131k verilmesi (Yurt d\u0131\u015f\u0131nda do\u011fmu\u015f re\u015fit olmayan \u00e7ocuklar i\u00e7in)"},"content":{"rendered":"<p>91\/1992 say\u0131l\u0131 Kanun\u2019un 4. maddesinin 1-2 f\u0131kras\u0131nda ve 36\/2025 say\u0131l\u0131 Kanun H\u00fckm\u00fcnde Kararname\u2019nin 1. maddesinin 1-3 f\u0131kras\u0131nda \u00f6ng\u00f6r\u00fclen iki halde vatanda\u015fl\u0131\u011f\u0131 otomatik olarak kendisine ge\u00e7meyen vatanda\u015f bir ebeveynin <strong>yurt d\u0131\u015f\u0131nda do\u011fan \u00e7ocuklar\u0131<\/strong> \u0130talyan vatanda\u015fl\u0131\u011f\u0131 alabilecektir.<\/p>\n<p><strong>Bu haktan yararlanan \u00e7ocuk, do\u011fu\u015ftan veya kan ba\u011f\u0131 yoluyla vatanda\u015f olmayacakt\u0131r.<\/strong><\/p>\n<p>91\/1992 say\u0131l\u0131 Kanun\u2019un 15. maddesine g\u00f6re \u00e7ocuk, do\u011fdu\u011fu g\u00fcnden itibaren de\u011fil, kanunda \u00f6ng\u00f6r\u00fclen \u015fartlar\u0131n olu\u015ftu\u011fu bir sonraki g\u00fcnden itibaren vatanda\u015fl\u0131k kazan\u0131r.<\/p>\n<p><strong>Birinci durumda (<u>91\/1992 say\u0131l\u0131 Kanun\u2019un 4. maddesinin 1-2 f\u0131kras\u0131<\/u>)\u00a0<\/strong>a\u015fa\u011f\u0131daki \u015fartlar\u0131n birlikte bulunmas\u0131 gerekir:<\/p>\n<ul>\n<li><strong>Ebeveynlerden birinin\u00a0<u>do\u011fu\u015ftan<\/u> vatanda\u015f olmas\u0131.<\/strong>\u00a0Dolay\u0131s\u0131yla, 91\/1992 say\u0131l\u0131 Kanun\u2019un 9. maddesi uyar\u0131nca telsik yoluyla, 91\/1992 say\u0131l\u0131 Kanun\u2019un 4. maddesi uyar\u0131nca \u201ckanun yoluyla\u201d, 91\/1992 say\u0131l\u0131 Kanun\u2019un 5. maddesi ya da 555\/1912 say\u0131l\u0131 Kanun\u2019un 10. maddesi uyar\u0131nca evlilik yoluyla, 91\/1992 say\u0131l\u0131 Kanun\u2019un 13. veya 17. maddeleri uyar\u0131nca vatanda\u015fl\u0131\u011f\u0131n yeniden kazan\u0131lmas\u0131 yoluyla ya da hukuken aktar\u0131m (91\/1992 say\u0131l\u0131 Kanun\u2019un 14. maddesi) yoluyla vatanda\u015fl\u0131k alanlar bu kapsama girmemektedir.<\/li>\n<li><strong><u>Her iki<\/u> ebeveynin<\/strong> (yabanc\u0131 ebeveyn dahil) veya vasinin,<strong> \u00e7ocu\u011fun do\u011fumundan itibaren<\/strong> (veya \u00e7ocu\u011fun re\u015fit olmad\u0131\u011f\u0131 d\u00f6nemde \u0130talyan vatanda\u015f\u0131 ile soyba\u011f\u0131n\u0131n tespit edildi\u011fi veya bir \u0130talyan vatanda\u015f\u0131 taraf\u0131ndan evlat edinilmesine karar verildi\u011fi m\u00fcteakip bir tarihten itibaren) <strong>bir y\u0131l i\u00e7inde vatanda\u015fl\u0131k almas\u0131 hususunda beyan\u0131n\u0131 ibraz etmesi<\/strong>. Her ikisi de do\u011fu\u015ftan \u0130talyan vatanda\u015f\u0131 olan anne ve babayla olan soyba\u011f\u0131n\u0131n sonradan tan\u0131nmas\u0131 halinde, bir y\u0131ll\u0131k s\u00fcre ilk tan\u0131ma tarihinden itibaren i\u015flemeye ba\u015flayacakt\u0131r (zira ilk tan\u0131ma vatanda\u015fl\u0131\u011f\u0131n aktar\u0131lmas\u0131n\u0131 gerektirecektir). Ancak, ilk tan\u0131man\u0131n yabanc\u0131 bir ebeveynle (veya do\u011fu\u015ftan \u0130talyan vatanda\u015f\u0131 olmay\u0131p ba\u015fka bir yolla \u0130talyan vatanda\u015f\u0131) olan soyba\u011f\u0131 hususunda ger\u00e7ekle\u015fmesi halinde bir y\u0131ll\u0131k s\u00fcre, do\u011fu\u015ftan vatanda\u015f olan ikinci ebeveynle olan ili\u015fkinin tan\u0131nmas\u0131ndan ba\u015flayarak hesaplanacakt\u0131r.<\/li>\n<\/ul>\n<p><strong>Vatanda\u015fl\u0131k alma iste\u011fine dair resm\u00ee beyan, vatanda\u015fl\u0131k i\u015flerinden sorumlu bir \u00e7al\u0131\u015fana bizzat ibraz edilmelidir<\/strong>. Ebeveynlerin ayn\u0131 anda beyanname vermemeleri halinde, ikinci ebeveynin beyanname verdi\u011fi tarihte kanuni ko\u015ful yerine getirilmi\u015f say\u0131l\u0131r. Nesep ba\u011f\u0131 (evlat edinme dahil) yaln\u0131zca bir ki\u015fi i\u00e7in tespit edilmi\u015fse (veya di\u011fer ebeveyn vefat etmi\u015fse), yaln\u0131zca bir ebeveynin beyan\u0131 yeterli olacakt\u0131r.<\/p>\n<p>Re\u015fit olmayan \u00e7ocu\u011fun yasal ikametg\u00e2h\u0131n\u0131n \u0130talya&#8217;da olmas\u0131 halinde beyanname, do\u011fumun \u00fczerinden bir y\u0131l\u0131n ge\u00e7mesinin ard\u0131ndan da ibraz edilebilir. Ancak bu durumda ikametg\u00e2h\u0131n ebeveynler taraf\u0131ndan sunulan vatanda\u015fl\u0131k edinme niyeti beyan\u0131ndan itibaren en az kesintisiz iki y\u0131l s\u00fcrmesi gerekir.<\/p>\n<p><strong>\u0130kinci durum ise\u00a0(<u>36\/2025 say\u0131l\u0131 Kanun H\u00fckm\u00fcnde Kararname\u2019nin 1. maddesinin 1-3 f\u0131kras\u0131<\/u>)<\/strong>\u00a0a\u015fa\u011f\u0131daki t\u00fcm ko\u015fullar\u0131n mevcut olmas\u0131 halinde uygulan\u0131r:<\/p>\n<ul>\n<li><u>D\u00f6n\u00fc\u015f\u00fcm yasas\u0131n\u0131n y\u00fcr\u00fcrl\u00fc\u011fe girdi\u011fi tarihte re\u015fit olmayan<\/u> ki\u015filer, yani 24 May\u0131s 2025 tarihinde 18 ya\u015f\u0131n\u0131 doldurmam\u0131\u015f olan ki\u015filer;<\/li>\n<li>91\/1992 say\u0131l\u0131 Kanun\u2019un 3-2 say\u0131l\u0131 maddesi a), a-2) ve b) bentlerinde belirtilen ko\u015fullarda bulunan <u>do\u011fu\u015ftan<\/u> vatanda\u015f olan bireylerin \u00e7ocuklar\u0131. Ba\u015fka bir deyi\u015fle, ebeveynlerin 27 Mart 2025 tarihinde saat 23:59&#8217;a (Roma saati) kadar yap\u0131lan idari veya adli ba\u015fvuru temelinde veya ayn\u0131 tarihe kadar Konsolosluk Ofisi veya Belediye taraf\u0131ndan bildirilen randevu temelinde yap\u0131lan ba\u015fvuru \u00fczerine vatanda\u015f olarak tan\u0131nmalar\u0131 gerekmektedir;<\/li>\n<li>Ebeveyn veya vasi beyan\u0131n\u0131n 31 May\u0131s 2026 tarihine kadar Konsolosluk Ofisine ibraz edilmesi gerekmektedir. \u0130lgili re\u015fit olmayan ki\u015fi, 24 May\u0131s 2025 tarihinde re\u015fit olma ya\u015f\u0131na ula\u015fm\u0131\u015fsa, beyan\u0131n bizzat kendisi taraf\u0131ndan ayn\u0131 s\u00fcre zarf\u0131nda sunulmas\u0131 gerekmektedir.<\/li>\n<\/ul>\n<p>Beyanlar\u0131n, Konsolosluk Ofisinde Vatanda\u015fl\u0131k \u0130\u015flerinden sorumlu g\u00f6revliler huzurunda \u015fahsen ibraz\u0131 gereklidir.<\/p>\n<p>\u0130lgili beyannamede belirtilen belgelere ek olarak, ba\u015fvuru sahibinin ve \u00e7ocu\u011fun kimlik belgesi ile konsoloslu\u011fun yetkili oldu\u011fu b\u00f6lgedeki ikametg\u00e2h belgesinin de eklenmesi gerekecektir.<\/p>\n<p>\u0130kamet ettikleri konsolosluk b\u00f6lgesindeki AIRE&#8217;ye kay\u0131tl\u0131 \u0130talyan vatanda\u015flar\u0131 i\u00e7in baba veya annenin vatanda\u015fl\u0131\u011f\u0131 do\u011fum yolu ile elde etti\u011fini g\u00f6sterir vatanda\u015fl\u0131k belgeleri yerine kendilerinin imzalayacaklar\u0131 beyan belgeleri kullan\u0131labilir.<\/p>\n<p>91\/1992 say\u0131l\u0131 Kanun\u2019un 9-2 maddesi gere\u011fince, olas\u0131 masraflar havaleyi yapan ki\u015fiye ait olmak \u00fczere re\u015fit olmayan her bir birey i\u00e7in \u0130\u00e7i\u015fleri Bakanl\u0131\u011f\u0131 ad\u0131na banka havalesi yoluyla 250 avro tutar\u0131nda <u>katk\u0131 pay\u0131 \u00f6demesi<\/u> uygulan\u0131r.<\/p>\n<p>\u201cMinistero dell\u2019Interno D.L.C.I Cittadinanza\u201d<\/p>\n<p>Bankan\u0131n Ad\u0131:\u00a0Poste Italiane S.p.A.<\/p>\n<p>IBAN Numaras\u0131:\u00a0IT54D0760103200000000809020<\/p>\n<p>Para transferi a\u00e7\u0131klamas\u0131:\u00a0<em>Acquisto cittadinanza a seguito di dichiarazione ex art. 9-bis L. 91\/1992<\/em> ve ba\u015fvuru sahibinin ad\u0131 ve soyad\u0131<\/p>\n<p>Poste Italiane kurumunun BIC\/SWIFT kodu:\u00a0 BPPIITRRXXX\u00a0(yurt d\u0131\u015f\u0131 transferler i\u00e7in)<br \/>\nBIC\/SWIFT kodu: PIBPITRA (EUROGIRO a\u011f\u0131 i\u015flemleri i\u00e7in)<\/p>\n<p>\u0130lgili ki\u015fi re\u015fit olduktan sonra yukar\u0131da belirtilen yollarla edindi\u011fi \u0130talyan vatanda\u015fl\u0131\u011f\u0131ndan, vatans\u0131z kalma durumu do\u011fmamas\u0131 \u015fart\u0131yla feragat edebilir.<\/p>\n","protected":false},"excerpt":{"rendered":"91\/1992 say\u0131l\u0131 Kanun\u2019un 4. maddesinin 1-2 f\u0131kras\u0131nda ve 36\/2025 say\u0131l\u0131 Kanun H\u00fckm\u00fcnde Kararname\u2019nin 1. maddesinin 1-3 f\u0131kras\u0131nda \u00f6ng\u00f6r\u00fclen iki halde vatanda\u015fl\u0131\u011f\u0131 otomatik olarak kendisine ge\u00e7meyen vatanda\u015f bir ebeveynin yurt d\u0131\u015f\u0131nda do\u011fan \u00e7ocuklar\u0131 \u0130talyan vatanda\u015fl\u0131\u011f\u0131 alabilecektir. Bu haktan yararlanan \u00e7ocuk, do\u011fu\u015ftan veya kan ba\u011f\u0131 yoluyla vatanda\u015f olmayacakt\u0131r. 91\/1992 say\u0131l\u0131 Kanun\u2019un 15. maddesine g\u00f6re \u00e7ocuk, do\u011fdu\u011fu g\u00fcnden [&hellip;]","protected":false},"author":10,"featured_media":0,"parent":6684,"menu_order":2,"comment_status":"closed","ping_status":"closed","template":"","meta":{"footnotes":""},"class_list":["post-6691","page","type-page","status-publish","hentry"],"_links":{"self":[{"href":"https:\/\/ambankara.esteri.it\/tr\/wp-json\/wp\/v2\/pages\/6691","targetHints":{"allow":["GET"]}}],"collection":[{"href":"https:\/\/ambankara.esteri.it\/tr\/wp-json\/wp\/v2\/pages"}],"about":[{"href":"https:\/\/ambankara.esteri.it\/tr\/wp-json\/wp\/v2\/types\/page"}],"author":[{"embeddable":true,"href":"https:\/\/ambankara.esteri.it\/tr\/wp-json\/wp\/v2\/users\/10"}],"replies":[{"embeddable":true,"href":"https:\/\/ambankara.esteri.it\/tr\/wp-json\/wp\/v2\/comments?post=6691"}],"version-history":[{"count":3,"href":"https:\/\/ambankara.esteri.it\/tr\/wp-json\/wp\/v2\/pages\/6691\/revisions"}],"predecessor-version":[{"id":6744,"href":"https:\/\/ambankara.esteri.it\/tr\/wp-json\/wp\/v2\/pages\/6691\/revisions\/6744"}],"up":[{"embeddable":true,"href":"https:\/\/ambankara.esteri.it\/tr\/wp-json\/wp\/v2\/pages\/6684"}],"wp:attachment":[{"href":"https:\/\/ambankara.esteri.it\/tr\/wp-json\/wp\/v2\/media?parent=6691"}],"curies":[{"name":"wp","href":"https:\/\/api.w.org\/{rel}","templated":true}]}}