{"id":6684,"date":"2025-06-30T13:29:17","date_gmt":"2025-06-30T11:29:17","guid":{"rendered":"https:\/\/ambankara.esteri.it\/servizi-consolari-e-visti\/servizi-per-il-cittadino-straniero\/cittadinanza-2\/"},"modified":"2025-07-18T15:59:45","modified_gmt":"2025-07-18T13:59:45","slug":"cittadinanza-2","status":"publish","type":"page","link":"https:\/\/ambankara.esteri.it\/tr\/servizi-consolari-e-visti\/servizi-per-il-cittadino-straniero\/cittadinanza-2\/","title":{"rendered":"Vatanda\u015fl\u0131k"},"content":{"rendered":"<p>\u0130talyan vatanda\u015fl\u0131\u011f\u0131, kan ba\u011f\u0131 ilkesine (<strong>ius sanguinis<\/strong>) dayanmakta olup buna g\u00f6re, \u0130talyan bir anne veya babadan do\u011fan \u00e7ocuk \u0130talyan&#8217;d\u0131r. Ancak vatanda\u015f bir annenin \u00e7ocuklar\u0131na vatanda\u015fl\u0131k hakk\u0131n\u0131n, Anayasa Mahkemesi&#8217;nin bu konuya mahsus karar\u0131yla 1.1.1948 tarihinden itibaren ge\u00e7ti\u011fi unutulmamal\u0131d\u0131r.<\/p>\n<p>H\u00e2lihaz\u0131rda \u0130talyan vatanda\u015fl\u0131\u011f\u0131 konusunu 5.2.1992 tarih ve 91 say\u0131l\u0131 Kanun d\u00fczenlemektedir ve \u00f6nceki kanundan farkl\u0131 olarak, vatanda\u015fl\u0131\u011f\u0131n kazan\u0131lmas\u0131nda ve kayb\u0131nda bireysel iradenin a\u011f\u0131rl\u0131\u011f\u0131n\u0131 yeniden de\u011ferlendirmekte ve uluslararas\u0131 anla\u015fmalarda yer alan farkl\u0131 h\u00fck\u00fcmlere halel gelmeksizin, ayn\u0131 anda birden fazla vatanda\u015fl\u0131\u011fa sahip olma hakk\u0131 tan\u0131maktad\u0131r.<\/p>\n<p>\u0130talyan vatanda\u015fl\u0131\u011f\u0131 hakk\u0131 a\u015fa\u011f\u0131daki yollarla kazan\u0131labilir:<\/p>\n<ul>\n<li><a href=\"https:\/\/ambankara.esteri.it\/tr\/servizi-consolari-e-visti\/servizi-per-il-cittadino-straniero\/cittadinanza-2\/cittadinanza\/\">Kan ba\u011f\u0131 ve evlat edinme yoluyla vatanda\u015fl\u0131k verilmesi<\/a><\/li>\n<li>&#8220;<a href=\"https:\/\/ambankara.esteri.it\/tr\/servizi-consolari-e-visti\/servizi-per-il-cittadino-straniero\/cittadinanza-2\/acquisto-della-cittadinanza-per-beneficio-di-legge-figli-minori-nati-allestero\/\">Yasal hak yoluyla&#8221; vatanda\u015fl\u0131k verilmesi (Yurt d\u0131\u015f\u0131nda do\u011fmu\u015f re\u015fit olmayan \u00e7ocuklar i\u00e7in)<\/a><\/li>\n<li><a href=\"https:\/\/ambankara.esteri.it\/tr\/servizi-consolari-e-visti\/servizi-per-il-cittadino-straniero\/cittadinanza-2\/acquisto-della-cittadinanza-di-figli-minori-conviventi-con-genitore-non-cittadino-dalla-nascita\/\">Do\u011fu\u015ftan \u0130talyan vatanda\u015f\u0131 olmayan bir ebeveynle ya\u015fayan \u00e7ocuklar\u0131n vatanda\u015fl\u0131k almas\u0131<\/a><\/li>\n<li><a href=\"https:\/\/ambankara.esteri.it\/tr\/servizi-consolari-e-visti\/servizi-per-il-cittadino-straniero\/cittadinanza-2\/riacquisto-della-cittadinanza\/\">Yeniden vatanda\u015fl\u0131k alma<\/a><\/li>\n<li><a href=\"https:\/\/ambankara.esteri.it\/tr\/servizi-consolari-e-visti\/servizi-per-il-cittadino-straniero\/cittadinanza-2\/cittadinanza-per-matrimonio-o-unione-civile\/\">Evlilik veya medeni birliktelik yoluyla vatanda\u015fl\u0131k<u> alma<\/u><\/a><\/li>\n<li><a href=\"https:\/\/ambankara.esteri.it\/tr\/servizi-consolari-e-visti\/servizi-per-il-cittadino-straniero\/cittadinanza-2\/riconoscimento-in-base-a-leggi-speciali\/\">\u00d6zel kanunlar temelinde vatanda\u015fl\u0131k hakk\u0131n\u0131n tan\u0131nmas\u0131<\/a><\/li>\n<li><a href=\"https:\/\/ambankara.esteri.it\/tr\/servizi-consolari-e-visti\/servizi-per-il-cittadino-straniero\/cittadinanza-2\/certificato-di-non-rinuncia\/\">\u201cFeragat etmeme\u2019\u2019 belgesi<\/a><\/li>\n<li>Yasal hak yoluyla vatanda\u015fl\u0131k alma (Madde 4)<\/li>\n<li>Madde 9 uyar\u0131nca vatanda\u015fl\u0131k verilmesi (Devlet kurumlar\u0131nda sunulan hizmetler d\u00e2hil olmak \u00fczere)<\/li>\n<li>\u0130lave ve destekleyici bir kriter olarak do\u011fum yeri esas\u0131na g\u00f6re vatanda\u015fl\u0131k verilmesi<\/li>\n<\/ul>\n<p>Herhangi bir bilgi i\u00e7in <a href=\"https:\/\/ambankara.esteri.it\/it\/servizi-consolari-e-visti\/servizi-per-il-cittadino-straniero\/cittadinanza\/consolare.ambankara@esteri.it\">consolare.ambankara@esteri.it\u00a0<\/a> adresine yaz\u0131n.<\/p>\n<p>Kan ba\u011f\u0131 yoluyla \u0130talyan vatanda\u015fl\u0131\u011f\u0131n\u0131n verilmesi veya baz\u0131 durumlarda telsik (evlilik, yurt d\u0131\u015f\u0131nda verilen hizmet veya \u00f6zel liyakatlar) ama\u00e7lar\u0131 do\u011frultusunda ki\u015fisel verilerin i\u015flenmesine ili\u015fkin bilgilere <a href=\"https:\/\/ambankara.esteri.it\/ambasciata_ankara\/resource\/doc\/2023\/03\/informativa_tdp_per_cittadinanza.pdf\">buradan<\/a> ula\u015fabilirsiniz.<\/p>\n","protected":false},"excerpt":{"rendered":"\u0130talyan vatanda\u015fl\u0131\u011f\u0131, kan ba\u011f\u0131 ilkesine (ius sanguinis) dayanmakta olup buna g\u00f6re, \u0130talyan bir anne veya babadan do\u011fan \u00e7ocuk \u0130talyan&#8217;d\u0131r. Ancak vatanda\u015f bir annenin \u00e7ocuklar\u0131na vatanda\u015fl\u0131k hakk\u0131n\u0131n, Anayasa Mahkemesi&#8217;nin bu konuya mahsus karar\u0131yla 1.1.1948 tarihinden itibaren ge\u00e7ti\u011fi unutulmamal\u0131d\u0131r. H\u00e2lihaz\u0131rda \u0130talyan vatanda\u015fl\u0131\u011f\u0131 konusunu 5.2.1992 tarih ve 91 say\u0131l\u0131 Kanun d\u00fczenlemektedir ve \u00f6nceki kanundan farkl\u0131 olarak, vatanda\u015fl\u0131\u011f\u0131n kazan\u0131lmas\u0131nda [&hellip;]","protected":false},"author":10,"featured_media":0,"parent":127,"menu_order":1,"comment_status":"closed","ping_status":"closed","template":"","meta":{"footnotes":""},"class_list":["post-6684","page","type-page","status-publish","hentry"],"_links":{"self":[{"href":"https:\/\/ambankara.esteri.it\/tr\/wp-json\/wp\/v2\/pages\/6684","targetHints":{"allow":["GET"]}}],"collection":[{"href":"https:\/\/ambankara.esteri.it\/tr\/wp-json\/wp\/v2\/pages"}],"about":[{"href":"https:\/\/ambankara.esteri.it\/tr\/wp-json\/wp\/v2\/types\/page"}],"author":[{"embeddable":true,"href":"https:\/\/ambankara.esteri.it\/tr\/wp-json\/wp\/v2\/users\/10"}],"replies":[{"embeddable":true,"href":"https:\/\/ambankara.esteri.it\/tr\/wp-json\/wp\/v2\/comments?post=6684"}],"version-history":[{"count":3,"href":"https:\/\/ambankara.esteri.it\/tr\/wp-json\/wp\/v2\/pages\/6684\/revisions"}],"predecessor-version":[{"id":6732,"href":"https:\/\/ambankara.esteri.it\/tr\/wp-json\/wp\/v2\/pages\/6684\/revisions\/6732"}],"up":[{"embeddable":true,"href":"https:\/\/ambankara.esteri.it\/tr\/wp-json\/wp\/v2\/pages\/127"}],"wp:attachment":[{"href":"https:\/\/ambankara.esteri.it\/tr\/wp-json\/wp\/v2\/media?parent=6684"}],"curies":[{"name":"wp","href":"https:\/\/api.w.org\/{rel}","templated":true}]}}