{"id":6636,"date":"2025-06-27T08:13:15","date_gmt":"2025-06-27T06:13:15","guid":{"rendered":""},"modified":"2025-06-30T15:20:26","modified_gmt":"2025-06-30T13:20:26","slug":"corsi-di-laura-magistrale-a-ciclo-unico-di-medicina-e-chirurgia-odontoiatria-e-protesi-dentaria-e-medicina-veterinaria-anno-accademico-2025-2026-in-lingua-italiana-erogati-da-atenei-statali","status":"publish","type":"page","link":"https:\/\/ambankara.esteri.it\/tr\/italia-e-turchia\/diplomazia-culturale\/studiare-in-italia\/universita\/corsi-di-laura-magistrale-a-ciclo-unico-di-medicina-e-chirurgia-odontoiatria-e-protesi-dentaria-e-medicina-veterinaria-anno-accademico-2025-2026-in-lingua-italiana-erogati-da-atenei-statali\/","title":{"rendered":"2025\/2026 akademik y\u0131l\u0131 i\u00e7in devlet \u00fcniversiteleri taraf\u0131ndan y\u00fcr\u00fct\u00fclen T\u0131p-Cerrahi, Di\u015f Hekimli\u011fi ve Di\u015f Protezi ve Veterinerlik b\u00f6l\u00fcmlerinde \u0130talyanca dilinde tek kademeli Y\u00fcksek Lisans Programlar\u0131"},"content":{"rendered":"<p><strong>Kabul alan \u00f6\u011frencilere giri\u015f vizesi verilmesine ili\u015fkin operasyonel y\u00f6nergeler<\/strong><\/p>\n<p>\u00d6NEML\u0130: A\u015fa\u011f\u0131daki y\u00f6nergeler yaln\u0131zca <strong><u>devlet<\/u> \u00fcniversitelerinin <u>\u0130talyanca<\/u> dilinde sundu\u011fu programlar <\/strong>i\u00e7in ge\u00e7erlidir. Yasal olarak tan\u0131nan \u00f6zel \u00fcniversitelerin sa\u011flad\u0131\u011f\u0131 programlar ile devlet \u00fcniversitelerinde ve yasal olarak tan\u0131nan \u00f6zel \u00fcniversitelerde \u0130ngilizce dilinde y\u00fcr\u00fct\u00fclen programlar hari\u00e7 olup, bunlar i\u00e7in <a href=\"https:\/\/ambankara.esteri.it\/it\/italia-e-turchia\/diplomazia-culturale\/studiare-in-italia\/universita\/\">\u00dcniversite \u2013 Ankara\u2019daki \u0130talya B\u00fcy\u00fckel\u00e7ili\u011fi<\/a> sayfas\u0131ndaki bilgiler ge\u00e7erlidir.<\/p>\n<p>2025-2026 akademik y\u0131l\u0131ndan itibaren, yurtd\u0131\u015f\u0131nda ikamet eden AB d\u0131\u015f\u0131ndan gelen \u00f6\u011frenciler i\u00e7in \u0130talyanca dilinde T\u0131p-Cerrahi Tek Kademeli Y\u00fcksek Lisans (LM-41), Di\u015f Hekimli\u011fi ve Di\u015f Protezi Tek Kademeli Y\u00fcksek Lisans (LM-46) ve Veterinerlik Tek Kademeli Y\u00fcksek Lisans programlar\u0131na kay\u0131t serbest olup art\u0131k ola\u011fan giri\u015f s\u0131nav\u0131na girme zorunlulu\u011fu bulunmamaktad\u0131r, bunun yerine \u201celeme yar\u0131y\u0131l\u0131\u201d ad\u0131 verilen programa kat\u0131l\u0131m zorunludur.<\/p>\n<ol>\n<li>\u201cEleme yar\u0131y\u0131l\u0131\u201d program\u0131na <strong>kabul ba\u015fvurular\u0131<\/strong> \u00dcniversitelere <strong><u>23 Haziran &#8211; 25 Temmuz 2025<\/u><\/strong> (20 Haziran 2025 tarih 431 say\u0131l\u0131 Bakanl\u0131k Kararnamesi) tarihleri aras\u0131nda yap\u0131labilir.<\/li>\n<li><strong>Universitaly portal\u0131 arac\u0131l\u0131\u011f\u0131yla \u00f6n kay\u0131t ba\u015fvurusu,<\/strong> <strong><u>25 Temmuz 2025 tarihine kadar<\/u><\/strong> yap\u0131lmal\u0131d\u0131r (431 say\u0131l\u0131 Bakanl\u0131k Kararnamesi Madde 2.4). <u>Vize alabilmek i\u00e7in<\/u> \u00f6n kay\u0131t ba\u015fvurusu <u><\/u><\/li>\n<li>29 Temmuz 2022 tarih ve 930 say\u0131l\u0131 Bakanl\u0131k Kararnamesi\u2019nin 3. maddesinde yer alan birden fazla lisans program\u0131na e\u015f zamanl\u0131 kay\u0131t yasa\u011f\u0131na istisna olarak ilgili \u00f6\u011frenciler, \u201celeme yar\u0131y\u0131l\u0131\u201d kapsam\u0131nda \u00f6ng\u00f6r\u00fclen yeterlilik s\u0131navlar\u0131 sonras\u0131nda olu\u015fturulacak ulusal ba\u015far\u0131 s\u0131ralamas\u0131na girememeleri halinde devam etmek \u00fczere, <strong>ayn\u0131 anda zorunlu olarak \u201cbenzer\u201d bir programa da kay\u0131t yapt\u0131rmak zorundad\u0131r.<\/strong><\/li>\n<li>\u201cEleme yar\u0131y\u0131l\u0131\u201d e\u011fitim faaliyetleri normal \u015fartlarda <strong>1 Eyl\u00fcl 2025<\/strong> tarihinde ba\u015flayacakt\u0131r.<\/li>\n<li><strong>\u0130lgili \u00f6\u011frencilerin vize ba\u015fvurular\u0131 <u>26 Temmuz &#8211; 10 A\u011fustos 2025<\/u> tarihleri \u200b\u200baras\u0131nda kabul edilecektir.<\/strong> Universitaly&#8217;ye usul\u00fcne uygun olarak kay\u0131tl\u0131 olan \u00f6\u011frenciler, bu s\u00fcre zarf\u0131nda randevu almak i\u00e7in iData acentesini 0850 460 05 80 numaral\u0131 telefondan arayabilirler veya do\u011frudan B\u00fcy\u00fckel\u00e7ilik veya Konsolosluk taraf\u0131ndan kendileriyle ileti\u015fime ge\u00e7ilecektir. \u0130leti\u015fime ge\u00e7ilmemesi halinde \u201cMEDICINA IN ITALIANO\u201d ibaresini konu k\u0131sm\u0131nda belirterek <a href=\"visti.ambankara@esteri.it\">visti.ambankara@esteri.it<\/a> adresine yaz\u0131labilir.<\/li>\n<\/ol>\n","protected":false},"excerpt":{"rendered":"Kabul alan \u00f6\u011frencilere giri\u015f vizesi verilmesine ili\u015fkin operasyonel y\u00f6nergeler \u00d6NEML\u0130: A\u015fa\u011f\u0131daki y\u00f6nergeler yaln\u0131zca devlet \u00fcniversitelerinin \u0130talyanca dilinde sundu\u011fu programlar i\u00e7in ge\u00e7erlidir. Yasal olarak tan\u0131nan \u00f6zel \u00fcniversitelerin sa\u011flad\u0131\u011f\u0131 programlar ile devlet \u00fcniversitelerinde ve yasal olarak tan\u0131nan \u00f6zel \u00fcniversitelerde \u0130ngilizce dilinde y\u00fcr\u00fct\u00fclen programlar hari\u00e7 olup, bunlar i\u00e7in \u00dcniversite \u2013 Ankara\u2019daki \u0130talya B\u00fcy\u00fckel\u00e7ili\u011fi sayfas\u0131ndaki bilgiler ge\u00e7erlidir. 2025-2026 akademik [&hellip;]","protected":false},"author":10,"featured_media":0,"parent":1429,"menu_order":5,"comment_status":"closed","ping_status":"closed","template":"","meta":{"footnotes":""},"class_list":["post-6636","page","type-page","status-publish","hentry"],"_links":{"self":[{"href":"https:\/\/ambankara.esteri.it\/tr\/wp-json\/wp\/v2\/pages\/6636","targetHints":{"allow":["GET"]}}],"collection":[{"href":"https:\/\/ambankara.esteri.it\/tr\/wp-json\/wp\/v2\/pages"}],"about":[{"href":"https:\/\/ambankara.esteri.it\/tr\/wp-json\/wp\/v2\/types\/page"}],"author":[{"embeddable":true,"href":"https:\/\/ambankara.esteri.it\/tr\/wp-json\/wp\/v2\/users\/10"}],"replies":[{"embeddable":true,"href":"https:\/\/ambankara.esteri.it\/tr\/wp-json\/wp\/v2\/comments?post=6636"}],"version-history":[{"count":1,"href":"https:\/\/ambankara.esteri.it\/tr\/wp-json\/wp\/v2\/pages\/6636\/revisions"}],"predecessor-version":[{"id":6638,"href":"https:\/\/ambankara.esteri.it\/tr\/wp-json\/wp\/v2\/pages\/6636\/revisions\/6638"}],"up":[{"embeddable":true,"href":"https:\/\/ambankara.esteri.it\/tr\/wp-json\/wp\/v2\/pages\/1429"}],"wp:attachment":[{"href":"https:\/\/ambankara.esteri.it\/tr\/wp-json\/wp\/v2\/media?parent=6636"}],"curies":[{"name":"wp","href":"https:\/\/api.w.org\/{rel}","templated":true}]}}