{"id":4971,"date":"2024-10-01T16:20:56","date_gmt":"2024-10-01T14:20:56","guid":{"rendered":"https:\/\/ambankara.esteri.it\/?page_id=4971"},"modified":"2024-10-02T09:27:33","modified_gmt":"2024-10-02T07:27:33","slug":"italya-ve-turkiye-arasinda-imzalanan-ve-2025-2027-yillarini-kapsayacak-sekilde-yenilenen-bilimsel-ve-teknolojik-isbirligi-protokolu-kapsaminda-ortak-arastirma-projelerinin-toplanmasina-iliskin-duyuru","status":"publish","type":"page","link":"https:\/\/ambankara.esteri.it\/tr\/italia-e-turchia\/diplomazia-scientifica\/italya-ve-turkiye-arasinda-imzalanan-ve-2025-2027-yillarini-kapsayacak-sekilde-yenilenen-bilimsel-ve-teknolojik-isbirligi-protokolu-kapsaminda-ortak-arastirma-projelerinin-toplanmasina-iliskin-duyuru\/","title":{"rendered":"\u0130talya ve T\u00fcrkiye aras\u0131nda imzalanan ve 2025-2027 y\u0131llar\u0131n\u0131 kapsayacak \u015fekilde yenilenen Bilimsel ve Teknolojik \u0130\u015fbirli\u011fi Protokol\u00fc kapsam\u0131nda, ortak ara\u015ft\u0131rma projelerinin toplanmas\u0131na ili\u015fkin duyuru (projelerin sunumu i\u00e7in son g\u00fcn 15 Kas\u0131m 2024)"},"content":{"rendered":"<p><strong>\u0130talya ve T\u00fcrkiye aras\u0131nda imzalanan ve 2025-2027 y\u0131llar\u0131n\u0131 kapsayacak \u015fekilde yenilenen Bilimsel ve Teknolojik \u0130\u015fbirli\u011fi Protokol\u00fc kapsam\u0131nda, ortak ara\u015ft\u0131rma projelerinin toplanmas\u0131na ili\u015fkin duyuru (projelerin sunumu i\u00e7in son g\u00fcn 15 Kas\u0131m 2024)<\/strong><\/p>\n<p>\u0130talya ve T\u00fcrkiye aras\u0131nda imzalanan ve 2025-2027 y\u0131llar\u0131n\u0131 kapsayacak \u015fekilde yenilenen Bilimsel ve Teknolojik \u0130\u015fbirli\u011fi Protokol\u00fc kapsam\u0131nda, a\u015fa\u011f\u0131daki ara\u015ft\u0131rma sekt\u00f6rlerinde \u0130talyan-T\u00fcrk ortak proje \u00f6nerilerini sunmaya davet ediyoruz:<\/p>\n<ul>\n<li>Sa\u011fl\u0131k<\/li>\n<li>Enerji d\u00f6n\u00fc\u015f\u00fcm\u00fc<\/li>\n<li>\u0130klim de\u011fi\u015fikli\u011fi<\/li>\n<li>Do\u011fal afetlerin \u00f6nlenmesi ve azalt\u0131lmas\u0131<\/li>\n<li>K\u00fclt\u00fcrel miras i\u00e7in uygulanan Bilim ve Teknoloji<\/li>\n<\/ul>\n<p>Son g\u00fcn 15 Kas\u0131m 2024 saat 17:00 (Central European Time &#8211; Merkez Avrupa Saati\u2019ne g\u00f6re)<\/p>\n<p>Daha fazla bilgiye a\u015fa\u011f\u0131daki linkten eri\u015febilirsiniz:<\/p>\n<ul>\n<li><a href=\"https:\/\/tubitak.gov.tr\/en\/announcement\/2524-tubitak-italian-ministry-foreign-affairs-and-international-cooperation-maeci-bilateral-cooperation-call-open-applications\">https:\/\/tubitak.gov.tr\/en\/announcement\/2524-tubitak-italian-ministry-foreign-affairs-and-international-cooperation-maeci-bilateral-cooperation-call-open-applications<\/a><\/li>\n<\/ul>\n","protected":false},"excerpt":{"rendered":"\u0130talya ve T\u00fcrkiye aras\u0131nda imzalanan ve 2025-2027 y\u0131llar\u0131n\u0131 kapsayacak \u015fekilde yenilenen Bilimsel ve Teknolojik \u0130\u015fbirli\u011fi Protokol\u00fc kapsam\u0131nda, ortak ara\u015ft\u0131rma projelerinin toplanmas\u0131na ili\u015fkin duyuru (projelerin sunumu i\u00e7in son g\u00fcn 15 Kas\u0131m 2024) \u0130talya ve T\u00fcrkiye aras\u0131nda imzalanan ve 2025-2027 y\u0131llar\u0131n\u0131 kapsayacak \u015fekilde yenilenen Bilimsel ve Teknolojik \u0130\u015fbirli\u011fi Protokol\u00fc kapsam\u0131nda, a\u015fa\u011f\u0131daki ara\u015ft\u0131rma sekt\u00f6rlerinde \u0130talyan-T\u00fcrk ortak proje \u00f6nerilerini [&hellip;]","protected":false},"author":9,"featured_media":0,"parent":124,"menu_order":0,"comment_status":"closed","ping_status":"closed","template":"","meta":{"footnotes":""},"class_list":["post-4971","page","type-page","status-publish","hentry"],"_links":{"self":[{"href":"https:\/\/ambankara.esteri.it\/tr\/wp-json\/wp\/v2\/pages\/4971","targetHints":{"allow":["GET"]}}],"collection":[{"href":"https:\/\/ambankara.esteri.it\/tr\/wp-json\/wp\/v2\/pages"}],"about":[{"href":"https:\/\/ambankara.esteri.it\/tr\/wp-json\/wp\/v2\/types\/page"}],"author":[{"embeddable":true,"href":"https:\/\/ambankara.esteri.it\/tr\/wp-json\/wp\/v2\/users\/9"}],"replies":[{"embeddable":true,"href":"https:\/\/ambankara.esteri.it\/tr\/wp-json\/wp\/v2\/comments?post=4971"}],"version-history":[{"count":1,"href":"https:\/\/ambankara.esteri.it\/tr\/wp-json\/wp\/v2\/pages\/4971\/revisions"}],"predecessor-version":[{"id":4973,"href":"https:\/\/ambankara.esteri.it\/tr\/wp-json\/wp\/v2\/pages\/4971\/revisions\/4973"}],"up":[{"embeddable":true,"href":"https:\/\/ambankara.esteri.it\/tr\/wp-json\/wp\/v2\/pages\/124"}],"wp:attachment":[{"href":"https:\/\/ambankara.esteri.it\/tr\/wp-json\/wp\/v2\/media?parent=4971"}],"curies":[{"name":"wp","href":"https:\/\/api.w.org\/{rel}","templated":true}]}}