{"id":473,"date":"2023-04-30T11:54:29","date_gmt":"2023-04-30T09:54:29","guid":{"rendered":"https:\/\/ambankara.esteri.it\/?page_id=473"},"modified":"2023-04-30T12:26:25","modified_gmt":"2023-04-30T10:26:25","slug":"kurslar","status":"publish","type":"page","link":"https:\/\/ambankara.esteri.it\/tr\/italia-e-turchia\/diplomazia-culturale\/lingua-e-cultura-italiana\/kurslar\/","title":{"rendered":"Kurslar"},"content":{"rendered":"<p><strong>T\u00fcrkiye\u2019de \u0130talyanca Kurslar\u0131<\/strong><\/p>\n<p>T\u00fcrkiye\u2019de \u0130talyanca kurslar\u0131 sunarak CLIQ (\u0130talyan Dili Kalitesi Sertifikasyonu) birle\u015fik sertifikasyon sistemine g\u00f6re \u0130talyanca yeterlili\u011fini sertifikaland\u0131rma imk\u00e2n\u0131n\u0131 sunan a\u015fa\u011f\u0131daki kurumlar bulunmaktad\u0131r:<\/p>\n<p><strong>\u0130stanbul<\/strong><br \/>\n&#8211; \u0130talyan K\u00fclt\u00fcr Merkezi, CILS ve CELI sertifikasyon kurulu\u015fu (<a href=\"http:\/\/www.iicistanbul.esteri.it\/\">www.iicistanbul.esteri.it<\/a>),<br \/>\n&#8211; \u0130ta Okullar\u0131, CELI sertifikasyon kurulu\u015fu (<a href=\"http:\/\/www.ita.k12.tr\/en\/\">www.ita.k12.tr\/en\/<\/a>),<br \/>\n&#8211; \u00d6zel Evrim \u0130lk\u00f6\u011fretim Okulu, CILS sertifikasyon kurulu\u015fu (<a href=\"http:\/\/evrim.k12.tr\/it\">http:\/\/evrim.k12.tr\/it<\/a>)<br \/>\n&#8211; Firenze Yurtd\u0131\u015f\u0131 E\u011fitim, CILS sertifikasyon kurulu\u015fu (<a href=\"http:\/\/www.firenze.com.tr\/yurtdisi-egitim-iletisim\">www.firenze.com.tr\/yurtdisi-egitim-iletisim<\/a>)<br \/>\n&#8211; Ko\u00e7 \u00dcniversitesi Dip. of Italian Cultural Center, CILS sertifikasyon kurulu\u015fu (<a href=\"http:\/\/www.ku.edu.tr\/en\">www.ku.edu.tr\/en<\/a>)<\/p>\n<p><strong>Ankara<\/strong><br \/>\n&#8211; \u201cCasa Italia\u201d\u2019 (\u00a0<a href=\"http:\/\/www.casaitaliatr.com\/\">www.casaitaliatr.com<\/a>\u00a0) b\u00fcnyesinde bulunan \u0130talyan Dostluk Derne\u011fi (\u0130DD), CELI sertifikasyon kurulu\u015fu (adres: Casa Italia, Billur Sokak No.5\/7 \u00c7ankaya Ankara Tel. 0312 466 30 31 e-mail: casaitaliaankara@gmail.com )<br \/>\n&#8211; Idea \u2013 Never Stop Learning, CILS sertifikasyon merkezi (<a href=\"http:\/\/www.ideaturkey.com\/\">www.ideaturkey.com<\/a>)<\/p>\n<p><strong>\u0130zmir<\/strong><br \/>\n&#8211; Carlo Goldoni K\u00fclt\u00fcr Merkezi, CILS sertifikasyon merkezi (<a href=\"http:\/\/www.iiicizm.org\/\">www.iiicizm.org<\/a>)<br \/>\n&#8211; \u0130zmir Ekonomi \u00dcniversitesi, CELI sertifikasyon merkezi (<a href=\"http:\/\/www.ieu.edu.tr\/en\">www.ieu.edu.tr\/en<\/a>)<br \/>\nPerugia Yabanc\u0131lar \u00dcniversitesi \u0130talyanca yeterlilik sertifikas\u0131 s\u0131nav\u0131 CELI, 2014 y\u0131l\u0131nda 1\u2019den 5\u2019e kadar seviyeleriyle T\u00fcrkiye\u2019de bulunan KPDS-\u00dcDS-YDS s\u0131navlar\u0131yla denk kabul edilmi\u015ftir. S\u00f6z konusu denklik \u0130talyanca\u2019ya olan ilginin bir sonucu olarak \u00d6SYM taraf\u0131ndan kararla\u015ft\u0131r\u0131lm\u0131\u015ft\u0131r.<\/p>\n<p>\u0130talyancay\u0131 online olarak \u00f6\u011frenmeye ba\u015flamak isteyenler i\u00e7in ayr\u0131ca\u00a0<a href=\"https:\/\/ambankara.esteri.it\/wp-content\/uploads\/2023\/04\/italiamo-corso-gratuito-di-lingua.html\">ItaliAmo<\/a>\u00a0uygulamas\u0131 mevcuttur.<\/p>\n<p>&nbsp;<\/p>\n<p><strong>\u0130clal Ayd\u0131n Margariti&#8217;nin On-Line T\u00fcrk\u00e7e Kurslar\u0131:<\/strong><\/p>\n<p>&#8211; \u0130talya hakk\u0131nda videolar:\u00a0<a href=\"https:\/\/bit.ly\/32BR5LF\">https:\/\/bit.ly\/32BR5LF<\/a><\/p>\n<p>&#8211; Animasyonlu sunumlu k\u0131sa T\u00fcrk\u00e7e dersleri\u00a0<a href=\"https:\/\/bit.ly\/3ivpNx8\">https:\/\/bit.ly\/3ivpNx8<\/a><\/p>\n","protected":false},"excerpt":{"rendered":"T\u00fcrkiye\u2019de \u0130talyanca Kurslar\u0131 T\u00fcrkiye\u2019de \u0130talyanca kurslar\u0131 sunarak CLIQ (\u0130talyan Dili Kalitesi Sertifikasyonu) birle\u015fik sertifikasyon sistemine g\u00f6re \u0130talyanca yeterlili\u011fini sertifikaland\u0131rma imk\u00e2n\u0131n\u0131 sunan a\u015fa\u011f\u0131daki kurumlar bulunmaktad\u0131r: \u0130stanbul &#8211; \u0130talyan K\u00fclt\u00fcr Merkezi, CILS ve CELI sertifikasyon kurulu\u015fu (www.iicistanbul.esteri.it), &#8211; \u0130ta Okullar\u0131, CELI sertifikasyon kurulu\u015fu (www.ita.k12.tr\/en\/), &#8211; \u00d6zel Evrim \u0130lk\u00f6\u011fretim Okulu, CILS sertifikasyon kurulu\u015fu (http:\/\/evrim.k12.tr\/it) &#8211; Firenze Yurtd\u0131\u015f\u0131 E\u011fitim, [&hellip;]","protected":false},"author":6,"featured_media":0,"parent":211,"menu_order":0,"comment_status":"closed","ping_status":"closed","template":"","meta":{"footnotes":""},"class_list":["post-473","page","type-page","status-publish","hentry"],"_links":{"self":[{"href":"https:\/\/ambankara.esteri.it\/tr\/wp-json\/wp\/v2\/pages\/473","targetHints":{"allow":["GET"]}}],"collection":[{"href":"https:\/\/ambankara.esteri.it\/tr\/wp-json\/wp\/v2\/pages"}],"about":[{"href":"https:\/\/ambankara.esteri.it\/tr\/wp-json\/wp\/v2\/types\/page"}],"author":[{"embeddable":true,"href":"https:\/\/ambankara.esteri.it\/tr\/wp-json\/wp\/v2\/users\/6"}],"replies":[{"embeddable":true,"href":"https:\/\/ambankara.esteri.it\/tr\/wp-json\/wp\/v2\/comments?post=473"}],"version-history":[{"count":0,"href":"https:\/\/ambankara.esteri.it\/tr\/wp-json\/wp\/v2\/pages\/473\/revisions"}],"up":[{"embeddable":true,"href":"https:\/\/ambankara.esteri.it\/tr\/wp-json\/wp\/v2\/pages\/211"}],"wp:attachment":[{"href":"https:\/\/ambankara.esteri.it\/tr\/wp-json\/wp\/v2\/media?parent=473"}],"curies":[{"name":"wp","href":"https:\/\/api.w.org\/{rel}","templated":true}]}}