{"id":4554,"date":"2023-09-15T09:07:22","date_gmt":"2023-09-15T07:07:22","guid":{"rendered":"https:\/\/ambankara.esteri.it\/?page_id=4554"},"modified":"2025-10-16T10:52:33","modified_gmt":"2025-10-16T08:52:33","slug":"meeturkitaly-ankaradaki-italya-buyukelciliginin-toplantilar-serisi","status":"publish","type":"page","link":"https:\/\/ambankara.esteri.it\/tr\/italia-e-turchia\/diplomazia-economica\/meeturkitaly-ankaradaki-italya-buyukelciliginin-toplantilar-serisi\/","title":{"rendered":"\u201cMeet\u00fcrkitaly\u201d: Ankara\u2019daki \u0130talya B\u00fcy\u00fckel\u00e7ili\u011fi\u2019nin toplant\u0131lar serisi"},"content":{"rendered":"<p><img loading=\"lazy\" decoding=\"async\" class=\"size-full wp-image-4585 img-fluid alignleft\" src=\"https:\/\/ambankara.esteri.it\/wp-content\/uploads\/2024\/08\/meetturkitaly.png\" alt=\"\" width=\"576\" height=\"393\" srcset=\"https:\/\/ambankara.esteri.it\/wp-content\/uploads\/2024\/08\/meetturkitaly.png 576w, https:\/\/ambankara.esteri.it\/wp-content\/uploads\/2024\/08\/meetturkitaly-300x205.png 300w\" sizes=\"auto, (max-width: 576px) 100vw, 576px\" \/><\/p>\n<p style=\"text-align: left;\">toplant\u0131lar serisi logosu<\/p>\n<p>****************************************************************************<\/p>\n<ul>\n<li>26 Ekim 2022: Nerio Alessandri ile <a href=\"http:\/\/cronacheeconomiche.com\/contenuto\/5nasce-meeturkitaly-il-nuovoformat-dellambasciata-ditalia-ad-ankara-con-lobiettivo-di-riunire-periodicamente-personalita-del-mondo-imprenditoriale-finanziario-culturale-scientifico-sanitario-e-sportivo-italiano-e-turco-per-intercettare-idee-nu\">sohbet<\/a><\/li>\n<li>30 Kas\u0131m 2022: Fatih Terim ve Giancarlo Antognoni ile <a href=\"https:\/\/ambankara.esteri.it\/it\/news\/dall_ambasciata\/2022\/11\/meeturkitaly-terim-antognoni\/\">sohbet<\/a><\/li>\n<li>24 Mart 2023: Sandro Veronesi ile <a href=\"https:\/\/www.cciist.com\/a\/meeturkitaly-24-mart-2023\">sohbet<\/a><\/li>\n<li>7 Haziran 2023: Oscar Farinetti ile <a href=\"https:\/\/www.aa.com.tr\/tr\/kultur\/meeturkitaly-programinin-dorduncusu-istanbuldaki-italya-baskonsoloslugunda-yapildi\/2916441\">sohbet<\/a><\/li>\n<li>15 Eyl\u00fcl 2023: Aldo Cazzullo ile <a href=\"https:\/\/x.com\/ItalyinTurkiye\/status\/1703771889145974873?s=20\">sohbet<\/a><\/li>\n<li>6 Kas\u0131m 2023: Gerardo Sacco ile <a href=\"https:\/\/www.dailysabah.com\/arts\/italian-master-goldsmith-with-midas-touch-gerardo-sacco-in-istanbul\/news\">sohbet<\/a><\/li>\n<li>15 Kas\u0131m 2023: Francesco Span\u00f2 ile <a href=\"https:\/\/www.ansa.it\/sito\/notizie\/mondo\/news_dalle_ambasciate\/2023\/11\/21\/successo-in-turchia-per-la-settimana-della-cucina-italiana_3144ff35-c22a-41fd-8685-3e79b47be874.html\">sohbet<\/a><\/li>\n<li>24 Ocak 2024: Bilal Ek\u015fi ile <a href=\"https:\/\/www.aa.com.tr\/tr\/ekonomi\/thy-genel-muduru-eksi-sekizinci-meeturkitaly-etkinliginin-konugu-oldu\/3117921\">sohbet<\/a><\/li>\n<li>19 \u015eubat 2024: Marco Mantovani ile <a href=\"https:\/\/www.ansa.it\/sito\/notizie\/mondo\/news_dalle_ambasciate\/2024\/02\/20\/litaliana-locman-presenta-la-storia-dei-suoi-orologi-a-istanbul_177c542f-7097-48a3-9c5c-dd52072170da.html\">sohbet<\/a><\/li>\n<li>13 May\u0131s 2024: Grammenos Mastrojeni ve \u015eebnem Ak\u00e7apar ile <a href=\"https:\/\/www.ansa.it\/sito\/notizie\/mondo\/news_dalle_ambasciate\/2024\/05\/15\/turchia-ambasciata-ditalia-organizza-evento-sul-climate-change_e34c1a85-825b-4e1c-b99a-e62012879f9c.html\">sohbet<\/a>, Armando Guastella moderat\u00f6rl\u00fc\u011f\u00fcnde<\/li>\n<li>11 Eyl\u00fcl 2024: Vincenzo Montella ve Daniele Santarelli ile <a href=\"https:\/\/www.ansa.it\/english\/news\/news_from_embassies\/2024\/09\/13\/montella-and-santarelli-at-istanbul-sports-day_96f8b4dc-c541-4074-bff3-fb664b09bfeb.html\">sohbet<\/a>, Deniz Aksoy moderat\u00f6rl\u00fc\u011f\u00fcnde<\/li>\n<li>5 Kas\u0131m 2024: Pina Mengano Amarelli ile <a href=\"https:\/\/www.ansa.it\/sito\/notizie\/mondo\/news_dalle_ambasciate\/2024\/11\/07\/la-storica-azienda-amarelli-protagonista-di-eventi-in-turchia_0b078a03-ed6c-456b-b3c3-cebd7cfbbae9.html\">sohbet<\/a><\/li>\n<li>6 Kas\u0131m 2024: Pina Mengano Amarelli ve Banu K\u00fc\u00e7\u00fckel ile <a href=\"https:\/\/ambankara.esteri.it\/it\/news\/dall_ambasciata\/2024\/11\/liquirizie-amarelli-in-turchia-tradizione-cultura-salute-ed-imprenditoria-femminile-al-centro-di-una-nuova-straordinaria-tappa-di-meeturkitaly\/\">sohbet<\/a>, Beril \u00c7avu\u015fo\u011flu moderat\u00f6rl\u00fc\u011f\u00fcnde<\/li>\n<li>30 Ocak 2025:\u00a0Alessandro Scaglione ile <a href=\"https:\/\/www.ansa.it\/english\/news\/news_from_embassies\/2025\/01\/31\/event-on-family-business-as-an-economic-model-in-istanbul_c59d392e-915d-4c1c-80d2-7eef966f31ba.html\">sohbet<\/a><\/li>\n<li>19 \u015eubat 2025:\u00a0Sofia Crociani ile <a href=\"https:\/\/www.giornalediplomatico.it\/turchia-via-a-festival-capitali-della-creativita-italiana-nel-mondo.htm\">sohbet<\/a><\/li>\n<li>19 Eyl\u00fcl 2025:\u00a0Elio Ferraro ile <a href=\"https:\/\/www.ansa.it\/sito\/notizie\/mondo\/news_dalle_ambasciate\/2025\/09\/20\/il-kaftano-tra-sicilia-e-turchia-a-istanbul-lo-stilista-ferraro_28152234-0900-41b7-93f6-88737641c395.html\">sohbet<\/a><\/li>\n<li>29 Eyl\u00fcl 2025:\u00a0Alice Bellandi ve Matteo Lodo ile <a href=\"https:\/\/www.aise.it\/rete-diplomatica\/la-2%C2%AA-giornata-dello-sport-italiano-nel-mondo-in-turchia\/224240\/1\">sohbet<\/a>, Deniz Aksoy moderat\u00f6rl\u00fc\u011f\u00fcnde<\/li>\n<li>8 Ekim: Ugo Di Francesco ile <a href=\"https:\/\/www.ansa.it\/canale_saluteebenessere\/notizie\/sanita\/2025\/10\/10\/a-istanbul-evento-sulla-ricerca-biotecnologica-italiana_9702ca70-859d-4083-8659-f46b18af7655.html\">sohbet<\/a><\/li>\n<\/ul>\n<p>&nbsp;<\/p>\n<p>&nbsp;<\/p>\n<p>&nbsp;<\/p>\n<p>&nbsp;<\/p>\n","protected":false},"excerpt":{"rendered":"toplant\u0131lar serisi logosu **************************************************************************** 26 Ekim 2022: Nerio Alessandri ile sohbet 30 Kas\u0131m 2022: Fatih Terim ve Giancarlo Antognoni ile sohbet 24 Mart 2023: Sandro Veronesi ile sohbet 7 Haziran 2023: Oscar Farinetti ile sohbet 15 Eyl\u00fcl 2023: Aldo Cazzullo ile sohbet 6 Kas\u0131m 2023: Gerardo Sacco ile sohbet 15 Kas\u0131m 2023: Francesco Span\u00f2 ile [&hellip;]","protected":false},"author":9,"featured_media":0,"parent":122,"menu_order":3,"comment_status":"closed","ping_status":"closed","template":"","meta":{"footnotes":""},"class_list":["post-4554","page","type-page","status-publish","hentry"],"_links":{"self":[{"href":"https:\/\/ambankara.esteri.it\/tr\/wp-json\/wp\/v2\/pages\/4554","targetHints":{"allow":["GET"]}}],"collection":[{"href":"https:\/\/ambankara.esteri.it\/tr\/wp-json\/wp\/v2\/pages"}],"about":[{"href":"https:\/\/ambankara.esteri.it\/tr\/wp-json\/wp\/v2\/types\/page"}],"author":[{"embeddable":true,"href":"https:\/\/ambankara.esteri.it\/tr\/wp-json\/wp\/v2\/users\/9"}],"replies":[{"embeddable":true,"href":"https:\/\/ambankara.esteri.it\/tr\/wp-json\/wp\/v2\/comments?post=4554"}],"version-history":[{"count":6,"href":"https:\/\/ambankara.esteri.it\/tr\/wp-json\/wp\/v2\/pages\/4554\/revisions"}],"predecessor-version":[{"id":6936,"href":"https:\/\/ambankara.esteri.it\/tr\/wp-json\/wp\/v2\/pages\/4554\/revisions\/6936"}],"up":[{"embeddable":true,"href":"https:\/\/ambankara.esteri.it\/tr\/wp-json\/wp\/v2\/pages\/122"}],"wp:attachment":[{"href":"https:\/\/ambankara.esteri.it\/tr\/wp-json\/wp\/v2\/media?parent=4554"}],"curies":[{"name":"wp","href":"https:\/\/api.w.org\/{rel}","templated":true}]}}