{"id":4438,"date":"2024-07-18T12:21:46","date_gmt":"2024-07-18T10:21:46","guid":{"rendered":"https:\/\/ambankara.esteri.it\/servizi-consolari-e-visti\/servizi-per-il-cittadino-straniero\/visti\/programma-investor-visa-for-italy\/"},"modified":"2024-07-18T12:22:51","modified_gmt":"2024-07-18T10:22:51","slug":"programma-investor-visa-for-italy","status":"publish","type":"page","link":"https:\/\/ambankara.esteri.it\/tr\/servizi-consolari-e-visti\/servizi-per-il-cittadino-straniero\/visti\/programma-investor-visa-for-italy\/","title":{"rendered":"\u0130talya Yat\u0131r\u0131mc\u0131 Program\u0131 Vizesi"},"content":{"rendered":"<p>Kanun gere\u011fi 11 Aral\u0131k 2016, n. 232, \u0130talya i\u00e7in Yat\u0131r\u0131mc\u0131 Vizesi, \u0130talya&#8217;da bir yat\u0131r\u0131m veya ba\u011f\u0131\u015f kar\u015f\u0131l\u0131\u011f\u0131nda AB \u00fcyesi olmayan vatanda\u015flara \u0130talya&#8217;ya giri\u015f ve uzun s\u00fcreli kalma olana\u011f\u0131 sa\u011flar.<\/p>\n<p>\u0130talya i\u00e7in Yat\u0131r\u0131mc\u0131 Vizesi, azalt\u0131lm\u0131\u015f yat\u0131r\u0131m e\u015fikleri ve asgari ikamet gerekliliklerinin bulunmamas\u0131 ile karakterize edilir; basit bir PEC adresinin yeterli olmas\u0131 yeterlidir.<\/p>\n<p>Ba\u015fvuruyu g\u00f6ndermek i\u00e7in adaylar, Ticaret Bakanl\u0131\u011f\u0131 taraf\u0131ndan y\u00f6netilen ve \u0130talya&#8217;da \u00dcretilen ve <a href=\"https:\/\/investorvisa.mise.gov.it\/index.php\/en\/\">https:\/\/investorvisa.mise.gov.it\/index.php\/en\/<\/a> ba\u011flant\u0131s\u0131nda \u0130ngilizce olarak sunulan \u00f6zel portala eri\u015febilirler.<\/p>\n<p>\u00d6zellikle a\u015fa\u011f\u0131daki kategoriler i\u00e7in vize verilebilir:<\/p>\n<ul>\n<li>Kalan vadesi iki y\u0131ldan az olmayan 2 milyon Euro tutar\u0131nda \u0130talyan devlet tahvili;<\/li>\n<li>Anonim \u015firkette 500.000 Euro;<\/li>\n<li>Haftal\u0131k olarak g\u00fcncellenen https:\/\/startup.registroimprese.it\/isin\/home resmi listesine dahil edilen yenilik\u00e7i bir start-up&#8217;ta 250.000 Euro;<\/li>\n<li>k\u00fclt\u00fcr, e\u011fitim, g\u00f6\u00e7 y\u00f6netimi, bilimsel ara\u015ft\u0131rma, k\u00fclt\u00fcrel ve peyzaj varl\u0131klar\u0131n\u0131n kurtar\u0131lmas\u0131 sekt\u00f6rlerinde kamu yarar\u0131na olan bir projeyi desteklemek i\u00e7in en az 1 milyon avro tutar\u0131nda hay\u0131rseverlik ba\u011f\u0131\u015f\u0131.<\/li>\n<\/ul>\n<p>Vize alan ki\u015filer, yat\u0131r\u0131m s\u00fcresi boyunca iki y\u0131l s\u00fcreli ve \u00fc\u00e7er y\u0131ll\u0131k ek s\u00fcrelerle yenilenebilir, yat\u0131r\u0131mc\u0131lar i\u00e7in oturma izni al\u0131rlar.<\/p>\n<p>Daha fazla bilgi i\u00e7in <a href=\"visti.ambankara@esteri.it\">visti.ambankara@esteri.it<\/a> ile ileti\u015fime ge\u00e7ebilirsiniz.<\/p>\n","protected":false},"excerpt":{"rendered":"Kanun gere\u011fi 11 Aral\u0131k 2016, n. 232, \u0130talya i\u00e7in Yat\u0131r\u0131mc\u0131 Vizesi, \u0130talya&#8217;da bir yat\u0131r\u0131m veya ba\u011f\u0131\u015f kar\u015f\u0131l\u0131\u011f\u0131nda AB \u00fcyesi olmayan vatanda\u015flara \u0130talya&#8217;ya giri\u015f ve uzun s\u00fcreli kalma olana\u011f\u0131 sa\u011flar. \u0130talya i\u00e7in Yat\u0131r\u0131mc\u0131 Vizesi, azalt\u0131lm\u0131\u015f yat\u0131r\u0131m e\u015fikleri ve asgari ikamet gerekliliklerinin bulunmamas\u0131 ile karakterize edilir; basit bir PEC adresinin yeterli olmas\u0131 yeterlidir. Ba\u015fvuruyu g\u00f6ndermek i\u00e7in adaylar, [&hellip;]","protected":false},"author":10,"featured_media":0,"parent":306,"menu_order":0,"comment_status":"closed","ping_status":"closed","template":"","meta":{"footnotes":""},"class_list":["post-4438","page","type-page","status-publish","hentry"],"_links":{"self":[{"href":"https:\/\/ambankara.esteri.it\/tr\/wp-json\/wp\/v2\/pages\/4438","targetHints":{"allow":["GET"]}}],"collection":[{"href":"https:\/\/ambankara.esteri.it\/tr\/wp-json\/wp\/v2\/pages"}],"about":[{"href":"https:\/\/ambankara.esteri.it\/tr\/wp-json\/wp\/v2\/types\/page"}],"author":[{"embeddable":true,"href":"https:\/\/ambankara.esteri.it\/tr\/wp-json\/wp\/v2\/users\/10"}],"replies":[{"embeddable":true,"href":"https:\/\/ambankara.esteri.it\/tr\/wp-json\/wp\/v2\/comments?post=4438"}],"version-history":[{"count":1,"href":"https:\/\/ambankara.esteri.it\/tr\/wp-json\/wp\/v2\/pages\/4438\/revisions"}],"predecessor-version":[{"id":4440,"href":"https:\/\/ambankara.esteri.it\/tr\/wp-json\/wp\/v2\/pages\/4438\/revisions\/4440"}],"up":[{"embeddable":true,"href":"https:\/\/ambankara.esteri.it\/tr\/wp-json\/wp\/v2\/pages\/306"}],"wp:attachment":[{"href":"https:\/\/ambankara.esteri.it\/tr\/wp-json\/wp\/v2\/media?parent=4438"}],"curies":[{"name":"wp","href":"https:\/\/api.w.org\/{rel}","templated":true}]}}