{"id":4361,"date":"2024-02-26T11:49:38","date_gmt":"2024-02-26T10:49:38","guid":{"rendered":"https:\/\/ambankara.esteri.it\/?page_id=4361"},"modified":"2024-07-15T08:54:04","modified_gmt":"2024-07-15T06:54:04","slug":"mekanlarin-kiralanmasi-2","status":"publish","type":"page","link":"https:\/\/ambankara.esteri.it\/tr\/chi-siamo\/la-sede\/mekanlarin-kiralanmasi-2\/","title":{"rendered":"Mekanlar\u0131n kiralanmas\u0131"},"content":{"rendered":"<p><img loading=\"lazy\" decoding=\"async\" class=\"aligncenter size-full wp-image-4143 img-fluid\" src=\"https:\/\/ambankara.esteri.it\/wp-content\/uploads\/2024\/07\/Immagine-Sito.png\" alt=\"\" width=\"1024\" height=\"681\" srcset=\"https:\/\/ambankara.esteri.it\/wp-content\/uploads\/2024\/07\/Immagine-Sito.png 1024w, https:\/\/ambankara.esteri.it\/wp-content\/uploads\/2024\/07\/Immagine-Sito-300x200.png 300w, https:\/\/ambankara.esteri.it\/wp-content\/uploads\/2024\/07\/Immagine-Sito-768x511.png 768w\" sizes=\"auto, (max-width: 1024px) 100vw, 1024px\" \/><\/p>\n<p>\u0130talya\u2019n\u0131n Ankara B\u00fcy\u00fckel\u00e7ili\u011fi, \u0130stanbul\u2019da bulunan Venedik Saray\u0131 (Palazzo di Venezia) ile Ankara\u2019daki B\u00fcy\u00fckel\u00e7ilik Rezidans\u0131n\u0131n baz\u0131 k\u0131s\u0131mlar\u0131n\u0131, k\u00fclt\u00fcrel, sosyal, bilimsel ve ticari etkinlikler d\u00fczenlemek; foto\u011fraf ve sinema \u00e7ekimleri ger\u00e7ekle\u015ftirmek i\u00e7in ge\u00e7ici olarak kullan\u0131ma a\u00e7maktad\u0131r. Bahsi ge\u00e7en hizmetler kar\u015f\u0131l\u0131\u011f\u0131nda \u00f6denecek mebla\u011flar, \u0130talya B\u00fcy\u00fckel\u00e7isinin 23\/01\/2019 tarihli n.2\/Bis say\u0131l\u0131 karar\u0131 uyar\u0131nca belirlenmi\u015ftir.<br \/>\nB\u00fcy\u00fckel\u00e7ilik taraf\u0131ndan belli bir de\u011ferlendirmeye tabi tutulan etkinlik \u00f6nerilerinin y\u00fcr\u00fcrl\u00fckteki mevzuata, kamu d\u00fczenine ve \u0130talya ile T\u00fcrkiye\u2019nin de\u011ferlerine uygun olmas\u0131 beklenmektedir.<br \/>\n\u0130lgilenen kurulu\u015flar, \u0130talya\u2019n\u0131n Ankara B\u00fcy\u00fckel\u00e7ili\u011fi ile a\u015fa\u011f\u0131daki e-posta adresinden veya telefon numaras\u0131ndan irtibata ge\u00e7ebilirler:<br \/>\nambasciata.ankara@esteri.it<br \/>\n+90 (312) 457 42 00<\/p>\n","protected":false},"excerpt":{"rendered":"\u0130talya\u2019n\u0131n Ankara B\u00fcy\u00fckel\u00e7ili\u011fi, \u0130stanbul\u2019da bulunan Venedik Saray\u0131 (Palazzo di Venezia) ile Ankara\u2019daki B\u00fcy\u00fckel\u00e7ilik Rezidans\u0131n\u0131n baz\u0131 k\u0131s\u0131mlar\u0131n\u0131, k\u00fclt\u00fcrel, sosyal, bilimsel ve ticari etkinlikler d\u00fczenlemek; foto\u011fraf ve sinema \u00e7ekimleri ger\u00e7ekle\u015ftirmek i\u00e7in ge\u00e7ici olarak kullan\u0131ma a\u00e7maktad\u0131r. Bahsi ge\u00e7en hizmetler kar\u015f\u0131l\u0131\u011f\u0131nda \u00f6denecek mebla\u011flar, \u0130talya B\u00fcy\u00fckel\u00e7isinin 23\/01\/2019 tarihli n.2\/Bis say\u0131l\u0131 karar\u0131 uyar\u0131nca belirlenmi\u015ftir. B\u00fcy\u00fckel\u00e7ilik taraf\u0131ndan belli bir de\u011ferlendirmeye tabi tutulan [&hellip;]","protected":false},"author":9,"featured_media":0,"parent":94,"menu_order":0,"comment_status":"closed","ping_status":"closed","template":"","meta":{"footnotes":""},"class_list":["post-4361","page","type-page","status-publish","hentry"],"_links":{"self":[{"href":"https:\/\/ambankara.esteri.it\/tr\/wp-json\/wp\/v2\/pages\/4361","targetHints":{"allow":["GET"]}}],"collection":[{"href":"https:\/\/ambankara.esteri.it\/tr\/wp-json\/wp\/v2\/pages"}],"about":[{"href":"https:\/\/ambankara.esteri.it\/tr\/wp-json\/wp\/v2\/types\/page"}],"author":[{"embeddable":true,"href":"https:\/\/ambankara.esteri.it\/tr\/wp-json\/wp\/v2\/users\/9"}],"replies":[{"embeddable":true,"href":"https:\/\/ambankara.esteri.it\/tr\/wp-json\/wp\/v2\/comments?post=4361"}],"version-history":[{"count":1,"href":"https:\/\/ambankara.esteri.it\/tr\/wp-json\/wp\/v2\/pages\/4361\/revisions"}],"predecessor-version":[{"id":4362,"href":"https:\/\/ambankara.esteri.it\/tr\/wp-json\/wp\/v2\/pages\/4361\/revisions\/4362"}],"up":[{"embeddable":true,"href":"https:\/\/ambankara.esteri.it\/tr\/wp-json\/wp\/v2\/pages\/94"}],"wp:attachment":[{"href":"https:\/\/ambankara.esteri.it\/tr\/wp-json\/wp\/v2\/media?parent=4361"}],"curies":[{"name":"wp","href":"https:\/\/api.w.org\/{rel}","templated":true}]}}