{"id":3377,"date":"2024-03-12T07:47:45","date_gmt":"2024-03-12T06:47:45","guid":{"rendered":"https:\/\/ambankara.esteri.it\/?page_id=3377"},"modified":"2026-02-19T14:04:09","modified_gmt":"2026-02-19T13:04:09","slug":"contributi-ad-enti-ed-associazioni-per-corsi-di-formazione-destinati-a-docenti-di-italiano-nelle-scuole-a-s-2024-25","status":"publish","type":"page","link":"https:\/\/ambankara.esteri.it\/tr\/italia-e-turchia\/diplomazia-culturale\/contributi-2\/contributi-ad-enti-ed-associazioni-per-corsi-di-formazione-destinati-a-docenti-di-italiano-nelle-scuole-a-s-2024-25\/","title":{"rendered":"2024-25 A.Y. Okullardaki \u0130talyanca \u00f6\u011fretmenlerine y\u00f6nelik e\u011fitim kurslar\u0131 i\u00e7in kurum ve derneklere maddi destek"},"content":{"rendered":"<p>\u0130talyanca dili alan\u0131nda yerel \u00f6\u011fretmenlere y\u00f6nelik e\u011fitim ve geli\u015ftirme kurslar\u0131n\u0131n uygulanmas\u0131 i\u00e7in yerel yasalara tabi olan ve T\u00fcrkiye&#8217;de faaliyet g\u00f6steren yabanc\u0131 ve \u00f6zel okullara, y\u00f6netim\/tan\u0131t\u0131m organlar\u0131na, okul derneklerine ve k\u00e2r amac\u0131 g\u00fctmeyen derneklere katk\u0131 pay\u0131 verilmektedir.\u00a0 Tahsisler, ekler aras\u0131nda bulunan 1 Mart 2024 tarihli ve 319 say\u0131l\u0131 M\u00fcd\u00fcrl\u00fck Kararnamesi ile belirlenen kriterler temelinde yap\u0131lacakt\u0131r.<\/p>\n<p>Uygun harcamalar 0319\/2024 say\u0131l\u0131 Kararnamenin 5. Maddesinde listelenmi\u015ftir. Bu sebeple ba\u015fvuru sahibi, kendi ba\u015f\u0131na yapabilece\u011fi uygun harcamalar\u0131 belirlemeli ve projenin ayr\u0131nt\u0131l\u0131 bir a\u00e7\u0131klamas\u0131n\u0131 g\u00f6ndermelidir. Ba\u015fvuru sadece ekteki D formu kullan\u0131larak yap\u0131lmal\u0131 (eksiksiz olarak doldurulmal\u0131, m\u00fch\u00fcrlenmeli ve imzalanmal\u0131d\u0131r), ayr\u0131ca ba\u015fvuru sahibi kurumdan al\u0131nan bir motivasyon mektubu ile birlikte g\u00f6nderilmelidir. Faaliyetlerin 2024 y\u0131l\u0131nda ba\u015flamas\u0131 ve 0319\/2024 say\u0131l\u0131 D.D. Madde 4.3&#8217;te belirtilen zaman dilimi i\u00e7erisinde tamamlanmas\u0131 gerekti\u011fi \u00f6nemle hat\u0131rlat\u0131l\u0131r.<\/p>\n<p>Ba\u015fvurunun sunulmas\u0131 i\u00e7in son tarih <strong>25 Mart 2024<\/strong>&#8216;t\u00fcr.<\/p>\n<p>Halihaz\u0131rda kullan\u0131lm\u0131\u015f olan katk\u0131 paylar\u0131na ili\u015fkin t\u00fcm beyanlar Form D2 doldurularak g\u00f6nderilmelidir. Raporun sunulmas\u0131, 2024-25 akademik y\u0131l\u0131 i\u00e7in katk\u0131n\u0131n sa\u011flanmas\u0131 ve tahsisi i\u00e7in zaruri bir ko\u015fuldur.<\/p>\n<p>&nbsp;<\/p>\n<p>Ba\u015fvurunun sunulu\u015f \u015fekli ve g\u00f6nderilecek formlar hakk\u0131nda bilgi i\u00e7in:<\/p>\n<p>K\u00dcLT\u00dcR OF\u0130S\u0130<\/p>\n<p>\u00dcbeyde Barbara ELL\u0130<\/p>\n<p>tel. +90 (312) 457 4221<\/p>\n<p>Mail: <a href=\"mailto:ankara.culturale@esteri.it\">ankara.culturale@esteri.it<\/a><\/p>\n","protected":false},"excerpt":{"rendered":"\u0130talyanca dili alan\u0131nda yerel \u00f6\u011fretmenlere y\u00f6nelik e\u011fitim ve geli\u015ftirme kurslar\u0131n\u0131n uygulanmas\u0131 i\u00e7in yerel yasalara tabi olan ve T\u00fcrkiye&#8217;de faaliyet g\u00f6steren yabanc\u0131 ve \u00f6zel okullara, y\u00f6netim\/tan\u0131t\u0131m organlar\u0131na, okul derneklerine ve k\u00e2r amac\u0131 g\u00fctmeyen derneklere katk\u0131 pay\u0131 verilmektedir.\u00a0 Tahsisler, ekler aras\u0131nda bulunan 1 Mart 2024 tarihli ve 319 say\u0131l\u0131 M\u00fcd\u00fcrl\u00fck Kararnamesi ile belirlenen kriterler temelinde yap\u0131lacakt\u0131r. Uygun [&hellip;]","protected":false},"author":9,"featured_media":0,"parent":3117,"menu_order":0,"comment_status":"closed","ping_status":"closed","template":"","meta":{"footnotes":""},"class_list":["post-3377","page","type-page","status-publish","hentry"],"_links":{"self":[{"href":"https:\/\/ambankara.esteri.it\/tr\/wp-json\/wp\/v2\/pages\/3377","targetHints":{"allow":["GET"]}}],"collection":[{"href":"https:\/\/ambankara.esteri.it\/tr\/wp-json\/wp\/v2\/pages"}],"about":[{"href":"https:\/\/ambankara.esteri.it\/tr\/wp-json\/wp\/v2\/types\/page"}],"author":[{"embeddable":true,"href":"https:\/\/ambankara.esteri.it\/tr\/wp-json\/wp\/v2\/users\/9"}],"replies":[{"embeddable":true,"href":"https:\/\/ambankara.esteri.it\/tr\/wp-json\/wp\/v2\/comments?post=3377"}],"version-history":[{"count":2,"href":"https:\/\/ambankara.esteri.it\/tr\/wp-json\/wp\/v2\/pages\/3377\/revisions"}],"predecessor-version":[{"id":3386,"href":"https:\/\/ambankara.esteri.it\/tr\/wp-json\/wp\/v2\/pages\/3377\/revisions\/3386"}],"up":[{"embeddable":true,"href":"https:\/\/ambankara.esteri.it\/tr\/wp-json\/wp\/v2\/pages\/3117"}],"wp:attachment":[{"href":"https:\/\/ambankara.esteri.it\/tr\/wp-json\/wp\/v2\/media?parent=3377"}],"curies":[{"name":"wp","href":"https:\/\/api.w.org\/{rel}","templated":true}]}}