{"id":31,"date":"2023-05-01T08:00:51","date_gmt":"2023-05-01T06:00:51","guid":{"rendered":"https:\/\/ambankara.esteri.it\/chi-siamo\/"},"modified":"2026-02-27T07:24:11","modified_gmt":"2026-02-27T06:24:11","slug":"chi-siamo","status":"publish","type":"page","link":"https:\/\/ambankara.esteri.it\/tr\/chi-siamo\/","title":{"rendered":"Birimler"},"content":{"rendered":"<p><img decoding=\"async\" class=\"alignnone size-medium wp-image-34 img-fluid\" src=\"https:\/\/ambankara.esteri.it\/wp-content\/uploads\/2022\/11\/la_sede_Ankara.jpg\" alt=\"La sede dell'Ambasciata di Ankara\" width=\"600\" srcset=\"https:\/\/ambankara.esteri.it\/wp-content\/uploads\/2022\/11\/la_sede_Ankara.jpg 640w, https:\/\/ambankara.esteri.it\/wp-content\/uploads\/2022\/11\/la_sede_Ankara-300x199.jpg 300w\" sizes=\"(max-width: 640px) 100vw, 640px\" \/><\/p>\n<p>Ankara\u2019daki \u0130talya B\u00fcy\u00fckel\u00e7ili\u011fi Ankara\u2019n\u0131n merkezinde \u0130talyan devletine ait b\u00fcy\u00fck bir arazi \u00fczerinde bulunmaktad\u0131r.<\/p>\n<p>B\u00fcy\u00fckel\u00e7i Ekselans Giuseppe Manzo&#8217;dur.<\/p>\n<p>B\u00fcy\u00fckel\u00e7ilik, diplomatik ili\u015fkiler hakk\u0131nda 18 Nisan 1961 de imzalanan Viyana Konvensiyonuna g\u00f6re a\u015fa\u011f\u0131da belirtilen g\u00f6revleri ifa etmektedir;<\/p>\n<p>\u00b7T\u00fcrkiye\u2019de \u0130talya\u2019y\u0131 temsil etmek;<\/p>\n<p>\u00b7 uluslararas\u0131 hukuk \u00e7er\u00e7evesinde \u0130talyan devletinin ve vatanda\u015flar\u0131n\u0131n \u00e7\u0131karlar\u0131n\u0131 korumak;<\/p>\n<p>\u00b7 T\u00fcrk h\u00fck\u00fcmetiyle g\u00f6r\u00fc\u015fmelerde bulunmak;<\/p>\n<p>\u00b7 T\u00fcrkiye\u2019deki olaylar ve geli\u015fmeler hakk\u0131nda yasal yollardan bilgi edinmek ve bunlar\u0131 \u0130talyan Devletine bildirmek;<\/p>\n<p>\u00b7 \u0130talya ile T\u00fcrkiye aras\u0131ndaki dostane ili\u015fkileri daha ileriye ta\u015f\u0131mak ve ekonomik, k\u00fclt\u00fcrel ve bilimsel ili\u015fkileri geli\u015ftirmek.<\/p>\n<p>B\u00fcy\u00fckel\u00e7ilik,\u00a0<a href=\"https:\/\/consistanbul.esteri.it\/tr\/\">\u0130stanbul Ba\u015fkonsoloslu\u011fu\u00a0<\/a>ve\u00a0<a href=\"https:\/\/consizmir.esteri.it\/tr\/\">\u0130zmir\u2019deki Konsolosluk\u00a0<\/a>olmak \u00fczere iki Konsolosluktan ve\u00a0<a href=\"https:\/\/iicistanbul.esteri.it\/tr\/\">\u0130stanbul \u0130talyan K\u00fclt\u00fcr Merkezi\u2019nden\u00a0\u00a0<\/a>olu\u015fan bir a\u011f\u0131 koordine etmektedir.<\/p>\n<p>Ankara\u2019daki \u0130talya B\u00fcy\u00fckel\u00e7ili\u011fi, Konsolosluk birimi vas\u0131tas\u0131yla g\u00f6rev alan\u0131na giren b\u00f6lgede ikamet eden hem italyan hem de yabanc\u0131lara konsolosluk hizmetleri sunmaktad\u0131r.<\/p>\n<p><a href=\"https:\/\/ambankara.esteri.it\/tr\/chi-siamo\/contatti\/\">\u0130leti\u015fim Bilgileri<\/a><\/p>\n<p><a href=\"https:\/\/www.google.com\/maps\/place\/Italian+Embassy\/@39.9047052,32.8552446,17z\/data=!4m5!3m4!1s0x0:0x159df4f8be23e10b!8m2!3d39.9048042!4d32.8570902?hl=it-IT\"><img decoding=\"async\" class=\"alignnone size-medium wp-image-38 img-fluid\" src=\"https:\/\/ambankara.esteri.it\/wp-content\/uploads\/2022\/11\/comeraggiungerci_Ankara.png\" alt=\"Come raggiungerci ad Ankara\" width=\"700\" srcset=\"https:\/\/ambankara.esteri.it\/wp-content\/uploads\/2022\/11\/comeraggiungerci_Ankara.png 1083w, https:\/\/ambankara.esteri.it\/wp-content\/uploads\/2022\/11\/comeraggiungerci_Ankara-300x175.png 300w, https:\/\/ambankara.esteri.it\/wp-content\/uploads\/2022\/11\/comeraggiungerci_Ankara-1024x596.png 1024w, https:\/\/ambankara.esteri.it\/wp-content\/uploads\/2022\/11\/comeraggiungerci_Ankara-768x447.png 768w\" sizes=\"(max-width: 1083px) 100vw, 1083px\" \/><\/a><\/p>\n","protected":false},"excerpt":{"rendered":"Ankara\u2019daki \u0130talya B\u00fcy\u00fckel\u00e7ili\u011fi Ankara\u2019n\u0131n merkezinde \u0130talyan devletine ait b\u00fcy\u00fck bir arazi \u00fczerinde bulunmaktad\u0131r. B\u00fcy\u00fckel\u00e7i Ekselans Giuseppe Manzo&#8217;dur. B\u00fcy\u00fckel\u00e7ilik, diplomatik ili\u015fkiler hakk\u0131nda 18 Nisan 1961 de imzalanan Viyana Konvensiyonuna g\u00f6re a\u015fa\u011f\u0131da belirtilen g\u00f6revleri ifa etmektedir; \u00b7T\u00fcrkiye\u2019de \u0130talya\u2019y\u0131 temsil etmek; \u00b7 uluslararas\u0131 hukuk \u00e7er\u00e7evesinde \u0130talyan devletinin ve vatanda\u015flar\u0131n\u0131n \u00e7\u0131karlar\u0131n\u0131 korumak; \u00b7 T\u00fcrk h\u00fck\u00fcmetiyle g\u00f6r\u00fc\u015fmelerde bulunmak; \u00b7 T\u00fcrkiye\u2019deki [&hellip;]","protected":false},"author":2,"featured_media":0,"parent":0,"menu_order":0,"comment_status":"closed","ping_status":"closed","template":"","meta":{"footnotes":""},"class_list":["post-31","page","type-page","status-publish","hentry"],"_links":{"self":[{"href":"https:\/\/ambankara.esteri.it\/tr\/wp-json\/wp\/v2\/pages\/31","targetHints":{"allow":["GET"]}}],"collection":[{"href":"https:\/\/ambankara.esteri.it\/tr\/wp-json\/wp\/v2\/pages"}],"about":[{"href":"https:\/\/ambankara.esteri.it\/tr\/wp-json\/wp\/v2\/types\/page"}],"author":[{"embeddable":true,"href":"https:\/\/ambankara.esteri.it\/tr\/wp-json\/wp\/v2\/users\/2"}],"replies":[{"embeddable":true,"href":"https:\/\/ambankara.esteri.it\/tr\/wp-json\/wp\/v2\/comments?post=31"}],"version-history":[{"count":2,"href":"https:\/\/ambankara.esteri.it\/tr\/wp-json\/wp\/v2\/pages\/31\/revisions"}],"predecessor-version":[{"id":7409,"href":"https:\/\/ambankara.esteri.it\/tr\/wp-json\/wp\/v2\/pages\/31\/revisions\/7409"}],"wp:attachment":[{"href":"https:\/\/ambankara.esteri.it\/tr\/wp-json\/wp\/v2\/media?parent=31"}],"curies":[{"name":"wp","href":"https:\/\/api.w.org\/{rel}","templated":true}]}}