{"id":306,"date":"2023-10-23T15:02:47","date_gmt":"2023-10-23T13:02:47","guid":{"rendered":"https:\/\/ambankara.esteri.it\/servizi-consolari-e-visti\/servizi-per-il-cittadino-italiano\/altri-servizi\/visti\/"},"modified":"2025-06-23T11:23:42","modified_gmt":"2025-06-23T09:23:42","slug":"visti","status":"publish","type":"page","link":"https:\/\/ambankara.esteri.it\/tr\/servizi-consolari-e-visti\/servizi-per-il-cittadino-straniero\/visti\/","title":{"rendered":"Vize"},"content":{"rendered":"<p>\u0130talya B\u00fcy\u00fckel\u00e7ili\u011fi Vize Ofisi 25 eyl\u00fcl 2014 tarihi itibariyle\u00a0<a href=\"https:\/\/www.esteri.it\/it\/servizi-consolari-e-visti\/ingressosoggiornoinitalia\/vis\/\">VIS<\/a>\u00a0(Visa Information System) Vize Bilgi Sistemi ile ba\u011flant\u0131l\u0131 olarak \u00e7al\u0131\u015fmaya ba\u015flam\u0131\u015ft\u0131r.<\/p>\n<p>\u0130talya\u2019ya giri\u015f vizelerinin mevzuat\u0131, t\u00fcr\u00fc ve \u015fartlar\u0131na ili\u015fkin genel bilgiler \u0130talya D\u0131\u015fi\u015fleri Bakanl\u0131\u011f\u0131\u2019n\u0131n\u00a0<a href=\"https:\/\/vistoperitalia.esteri.it\/home.aspx\">Italya i\u00e7in Vize\u00a0<\/a>\u00a0sitesinde mevcuttur.<\/p>\n<p style=\"text-align: justify;\"><span style=\"color: #ff0000;\"><strong>B\u0130LG\u0130<\/strong><\/span><\/p>\n<p>Bilgi almak i\u00e7in\u00a0<strong>B\u00fcy\u00fckel\u00e7ili\u011fin<\/strong>\u00a0<a href=\"https:\/\/ambankara.esteri.it\/it\/chi-siamo\/contatti\/\"><strong>santralini<\/strong><\/a>\u00a0haftai\u00e7i her g\u00fcn saat 09.00 ile13.00 ve 14:00 ile 17:00 aras\u0131nda arayabilir, ya da\u00a0<a href=\"mailto:visti.ambankara@esteri.it\">visti.ambankara@esteri.it<\/a>\u00a0veya\u00a0<a href=\"mailto:ankara.vize@esteri.it\">ankara.vize@esteri.it<\/a>\u00a0adreslerine email yazabilirsiniz.<\/p>\n<p>Ayr\u0131ca haftai\u00e7i her g\u00fcn 08.30 ile12.30 ve 13:30 ile 18:00 saatleri aras\u0131nda\u00a0<strong>0850 4608493\u00a0<\/strong>numaral\u0131 telefondan\u00a0<strong>iDATA\/VFS \u00e7a\u011fr\u0131 merkezini arayarak\u00a0<\/strong>bilgi alabilirsiniz. iDATA\/VFS\u00a0vize taleplerini kabul etmekle yetkilendirilmi\u015f \u00f6zel bir \u015firkettir. IDATA taraf\u0131ndan \u00fccretsiz olarak sunulan \u00e7a\u011fr\u0131 hizmeti normal telefon g\u00f6r\u00fc\u015fmesi olarak \u00fccretlendirilmektedir.<\/p>\n<p style=\"text-align: justify;\"><span style=\"color: #ff0000;\"><strong>V\u0130ZE TALEB\u0130N\u0130N SUNULMASI <\/strong><\/span><\/p>\n<p>\u0130talya\u2019n\u0131n Ankara B\u00fcy\u00fckel\u00e7ili\u011fi\u2019ne vize talebinde bulunmak isteyen ve B\u00fcy\u00fckel\u00e7ili\u011fin <strong>konsolosluk sorumluluk b\u00f6lgesinde d\u00fczenli ikamet eden<\/strong> (Ankara, Bolu, \u00c7ank\u0131r\u0131, Eski\u015fehir, K\u0131r\u015fehir, K\u0131r\u0131kkale, Hatay, Kahramanmara\u015f, Osmaniye, Gaziantep, Kilis, \u015eanl\u0131urfa, Malatya, Ad\u0131yaman, Elaz\u0131\u011f, Diyarbak\u0131r, Tunceli, Mardin, Bing\u00f6l, Batman, Mu\u015f, Bitlis, Siirt, \u015e\u0131rnak, A\u011fr\u0131, Hakkari, Van) T\u00fcrk ve yabanc\u0131 uyruklu vatanda\u015flar\u0131n ba\u015fvurular\u0131n\u0131 sunmalar\u0131 i\u00e7in <strong>randevu almalar\u0131<\/strong> gerekmektedir.<\/p>\n<p>Vize ba\u015fvurular\u0131, ba\u015fvuru sahibinin <strong>ikamet etti\u011fi b\u00f6lgeden sorumlu temsilcili\u011fe<\/strong> yap\u0131lmal\u0131d\u0131r.<\/p>\n<ol style=\"text-align: justify;\">\n<li>Yetkilendirilmi\u015f \u00f6zel \u015firket olan\u00a0<strong>iDATA\/VFS\u00a0<\/strong>taraf\u0131ndan sunulan hizmetten faydalanarak\u00a0<a href=\"https:\/\/www.idata.com.tr\/ita\/tr\">https:\/\/www.idata.com.tr\/ita\/tr<\/a>linki \u00fczerinden randevu al\u0131nabilir. Haftai\u00e7i her g\u00fcn 08.30 ile12.30 ve 13:30 ile 18:00 saatleri aras\u0131nda\u00a0<strong>0850 4608493\u00a0<\/strong>numaral\u0131 \u00e7a\u011fr\u0131 merkezini arayarak bilgi edinebilirsiniz. iDATA\/VFS\u00a0vize taleplerini kabul etmekle yetkilendirilmi\u015f \u00f6zel bir \u015firkettir. Ancak, vize taleplerinin de\u011ferlendirilmesi ve karara ba\u011flanmas\u0131 tamamen B\u00fcy\u00fckel\u00e7ili\u011fin yetkisindedir.<\/li>\n<li>Harici yetkili firmaya ba\u015fvuru yapma zorunlulu\u011fu bulunmamaktad\u0131r, dolay\u0131s\u0131yla\u00a0<a href=\"https:\/\/prenotami.esteri.it\/\">Prenot@mi<\/a>portal\u0131 kullan\u0131larak\u00a0<strong>B\u00fcy\u00fckel\u00e7ilikten randevu<\/strong>\u00a0al\u0131nmas\u0131 da m\u00fcmk\u00fcnd\u00fcr. \u00a0Randevular \u00e7ar\u015famba g\u00fcn\u00fc saat 9.00 ile 11.00 aras\u0131 i\u00e7in verilmektedir.<\/li>\n<li><strong>\u0130talyan ve AB\u00a0vatanda\u015flar\u0131n\u0131n aile fertlerinin\u00a0<\/strong><a href=\"mailto:visti.ambankara@esteri.it\"><strong>ambankara@esteri.it<\/strong><\/a><strong>veya\u00a0<\/strong><a href=\"mailto:ankara.vize@esteri.it\"><strong>vize@esteri.it<\/strong><\/a><strong>\u00a0adresine e-posta yoluyla ba\u015fvurarak do\u011frudan B\u00fcy\u00fckel\u00e7ilikten randevu almalar\u0131 gerekmektedir.<\/strong><\/li>\n<li><strong>\u00d6\u011frenciler iDATA&#8217;n\u0131n 0850 4600580 numaral\u0131 \u00f6zel \u00e7a\u011fr\u0131 merkeziyle ileti\u015fime ge\u00e7ebilirler.<\/strong><\/li>\n<\/ol>\n<p style=\"margin-top: 0cm; text-align: justify; background: white;\"><strong>Vize talebinin, \u00f6ng\u00f6r\u00fclen seyahat tarihinden \u00e7ok \u00f6nce yap\u0131lmas\u0131 tavsiye olunur.<\/strong> Vizenin tanzimi ortalama olarak 10 (on) i\u015f g\u00fcn\u00fcnde yap\u0131labilmektedir; ancak bu s\u00fcre, talep edenin tabiiyetine, sezon yo\u011funlu\u011funa ve talep edilen vize t\u00fcr\u00fcne g\u00f6re de\u011fi\u015fiklik sergileyebilmektedir.<\/p>\n<p><strong>D\u0130KKAT<\/strong>: Randevu sisteminin do\u011fru ve verimli \u015fekilde kullan\u0131lmas\u0131n\u0131 sa\u011flamak ve vize ba\u015fvuru sahiplerinin menfaatlerini korumak amac\u0131yla, randevu al\u0131nd\u0131ktan sonra seyahat amac\u0131n\u0131n de\u011fi\u015ftirilmesi m\u00fcmk\u00fcn olmayacakt\u0131r.<br \/>\nSchengen vize ba\u015fvurular\u0131nda, se\u00e7ilen randevu kategorisi ile sunulan belgeler aras\u0131nda uyumsuzluk tespit edilmesi durumunda, ba\u015fvuru kabul edilmeyecektir. Bu nedenle, randevu al\u0131m\u0131 s\u0131ras\u0131nda kategori se\u00e7imi hatal\u0131 yap\u0131lm\u0131\u015fsa, randevu iptal edilmeli ve ger\u00e7ek seyahat amac\u0131na uygun do\u011fru kategoriden yeniden al\u0131nmal\u0131d\u0131r.<br \/>\nYanl\u0131\u015f kategoriden al\u0131nan randevular i\u00e7in \u00f6denmi\u015f olan iData hizmet bedeli iade edilmez ve do\u011fru kategori i\u00e7in yeniden \u00f6deme yap\u0131lmas\u0131 gerekmektedir.<\/p>\n<p style=\"text-align: justify;\"><span style=\"color: #ff0000;\"><strong>V\u0130ZE \u00dcCRETLER\u0130 <\/strong><\/span><\/p>\n<p>Vize talebine ili\u015fkin tutar, vize talebinin ibraz\u0131 an\u0131nda\u00a0<strong>T\u00fcrk Liras\u0131 cinsinden ve nakit olarak<\/strong>\u00a0\u00f6denmelidir. Beher vize t\u00fcr\u00fcne ait mevcut tarifeler a\u015fa\u011f\u0131da yer alan\u00a0<a href=\"https:\/\/ambankara.esteri.it\/tr\/servizi-consolari-e-visti\/servizi-per-il-cittadino-italiano\/tariffe-consolari\/\"><strong>link<\/strong>\u00a0<\/a>ten \u00f6\u011frenilebilir.<\/p>\n<p>iDATA\/VFS ofislerine sunulan vize ba\u015fvurular\u0131na istinaden, vize i\u00e7in idari bir \u00fccret olmayan ayr\u0131 bir\u00a0<a href=\"https:\/\/www.idata.com.tr\/ita\/it\/p\/costi-ita\"><strong>bedel<\/strong><\/a>\u00a0de \u00f6ng\u00f6r\u00fclmekte olup T\u00fcrk liras\u0131 cinsinden olan bu tutar kredi kart\u0131 ile de \u00f6denebilmektedir.<\/p>\n<p>Vize reddi durumunda bile, \u00f6denmesi gereken tutar tahsil edilecektir.<\/p>\n<p>\u00d6denmesi gereken tutar, vizenin verilmesi i\u00e7in de\u011fil, dosyan\u0131n idari i\u015flemleri i\u00e7in \u00f6denmesi gerekti\u011finden vize reddi durumunda bile tahsil edilecektir.<\/p>\n<p style=\"text-align: justify;\">Ba\u015fvuru sahiplerine giri\u015f vizesi i\u00e7in\u00a0<strong>acil vize ba\u015fvuru \u00fccretinin olmad\u0131\u011f\u0131<\/strong>\u00a0hat\u0131rlat\u0131l\u0131r.<\/p>\n<p style=\"text-align: justify;\"><span style=\"color: #ff0000;\"><strong>\u015eARTLAR<\/strong><\/span><\/p>\n<p style=\"text-align: justify;\">Giri\u015f vizesi konusunda y\u00fcr\u00fcrl\u00fckte olan italyan mevzuat\u0131na (Art. 5C 1 DPR 394\/1999) g\u00f6re; ulusal vize ba\u015fvurular\u0131 daimi ikamet edilen \u00fclkeden yap\u0131lmal\u0131d\u0131r. <strong>Bu \u00e7er\u00e7evede, T\u00fcrkiye\u2019de turizm ama\u00e7l\u0131 ve k\u0131sa s\u00fcreli (short term) oturum iznine sahip ki\u015filerin uzun s\u00fcreli ulusal vize ba\u015fvurular\u0131n\u0131n kabul edilemeyece\u011fi ilgililere \u00f6nemle duyurulur.<\/strong><\/p>\n<p style=\"text-align: justify;\">1 Ocak 2017 tarihinden itibaren, a\u015fa\u011f\u0131da listesi verilmi\u015f \u00fclkelerde 4 haftan\u0131n \u00fczerinde kalm\u0131\u015f olan herkes vize ba\u015fvurusu i\u00e7in istenen belgelerin haricinde, yapm\u0131\u015f oldu\u011fu s\u00f6z konusu yolculu\u011fun 6 ay \u00f6ncesi ve yolculu\u011funu kapsayan 4 hafta aras\u0131nda <strong>\u00e7ocuk felci (Poliomyelit) a\u015f\u0131s\u0131 yapt\u0131rd\u0131\u011f\u0131n\u0131 g\u00f6steren uluslararas\u0131 a\u015f\u0131 kart\u0131n\u0131<\/strong> da ibraz etmekle y\u00fck\u00fcml\u00fcd\u00fcr.<\/p>\n<p style=\"text-align: justify;\">Afganistan, Somali, Pakistan, Nijerya, Suriye, Demokratik Kongo Cumhuriyeti, Kenya<\/p>\n<p style=\"text-align: justify;\">Ba\u015fvuru sahipleri, gerekli ge\u00e7im kayna\u011f\u0131 belgeleri i\u00e7in 1\/3\/00 tarihli \u0130\u00e7i\u015fleri Bakanl\u0131\u011f\u0131n\u0131n y\u00f6nergesine bu <a href=\"https:\/\/vistoperitalia.esteri.it\/Moduli\/it\/Direttiva_MinInterno_1-3-2000.pdf\">linkten<\/a> ula\u015fabilirler.<\/p>\n<p style=\"text-align: justify;\">Vize ba\u015fvuru sahiplerine, Ceza Muhakemeleri Usul\u00fc Kanunu\u2019nun 331. maddesi uyar\u0131nca, <strong>sahte belge ibraz edilmesi durumunda<\/strong> \u0130talyan adli makamlar\u0131na <strong>bildirimde bulunma y\u00fck\u00fcml\u00fcl\u00fc\u011f\u00fc<\/strong> hat\u0131rlat\u0131l\u0131r.<\/p>\n<p style=\"text-align: justify;\"><span style=\"color: #ff0000;\"><strong>BELGELER<\/strong><\/span><\/p>\n<p style=\"text-align: justify;\"><span style=\"color: #ff0000;\"><strong><u>SCHENGEN V\u0130ZES\u0130 <\/u><\/strong><\/span><\/p>\n<p style=\"text-align: justify;\"><a href=\"https:\/\/ambankara.esteri.it\/wp-content\/uploads\/2024\/06\/DOMANDA-VISTO-C-2024.pdf\"><strong>Schengen Vizesi ba\u015fvuru formunu<\/strong> indirmek i\u00e7in buraya t\u0131klay\u0131n\u0131z<\/a>. <a href=\"https:\/\/ambankara.esteri.it\/wp-content\/uploads\/2023\/06\/Nota-informativa-ENG.pdf\">Y\u00f6netmelik<\/a> i\u00e7in buraya t\u0131klay\u0131n\u0131z.<\/p>\n<p style=\"text-align: justify;\">Ba\u015fvuru formunun do\u011fru doldurulup doldurulmad\u0131\u011f\u0131n\u0131 <a href=\"https:\/\/ambankara.esteri.it\/wp-content\/uploads\/2024\/08\/DOMANDA-VISTO-C-modello-precompilato.pdf\"><strong>buradan<\/strong><\/a> kontrol edebilirsiniz!<\/p>\n<ul style=\"text-align: justify;\">\n<li><strong>\u201c<\/strong><a href=\"https:\/\/ambankara.esteri.it\/wp-content\/uploads\/2025\/03\/Affari-TR.pdf\"><strong>Ticari<\/strong><\/a><strong>\u201d<\/strong> vize\u00a0talebin i\u00e7in gerekli olan evrak listesi ile\u00a0<a href=\"https:\/\/ambankara.esteri.it\/wp-content\/uploads\/2023\/06\/lettera_invito_affari.doc\"><strong>davetiye \u00f6rne\u011fi<\/strong><\/a><\/li>\n<li><strong>\u201c<a href=\"https:\/\/ambankara.esteri.it\/wp-content\/uploads\/2025\/03\/Turismo-visita-familare-amici-TR.pdf\">Turizm ve Turizm \u2013 Aile Ya Da Arkada\u015f Ziyareti<\/a>\u201d<\/strong> vize talebinde gerekli olan evrak listesi (ile <a href=\"https:\/\/ambankara.esteri.it\/wp-content\/uploads\/2023\/05\/dichiarazione_ospitalita.pdf\"><strong>misafir etme taahh\u00fctname \u00f6rne\u011fi<\/strong><\/a>)<\/li>\n<li>\u201c<a href=\"https:\/\/ambankara.esteri.it\/wp-content\/uploads\/2024\/07\/TRASPORTO-NAKLIYE.pdf\"><strong>Nakliye<\/strong><\/a>\u201d vizesi\u00a0talebinde gerekli olan evrak listesi<\/li>\n<li>\u201c<a href=\"https:\/\/ambankara.esteri.it\/wp-content\/uploads\/2024\/07\/STUDIO-GENERICO-C-GENEL-EGITIM.pdf\"><strong>E\u011fitim<\/strong><\/a>\u201d\u00a0vizesi talebinde gerekli olan evrak listesi (s\u00fcresi <u>90 g\u00fcn\u00fc a\u015fmayan kurslar<\/u>)<\/li>\n<li>\u201c<a href=\"https:\/\/ambankara.esteri.it\/wp-content\/uploads\/2024\/09\/RICERCA-ARASTIRMA.pdf\"><strong>Ara\u015ft\u0131rma<\/strong><\/a>\u201d vizesi talebinde gerekli olan evrak listesi (<u>s\u00fcresi 90 g\u00fcn\u00fc a\u015fmayan<\/u>)<\/li>\n<li>&#8220;<strong><a href=\"https:\/\/ambankara.esteri.it\/wp-content\/uploads\/2024\/10\/Marittimi-transito-TR.pdf\">Gemi\u0307 adamlari (gemi\u0307ci\u0307ler) ve yardimci personel i\u0307\u00e7i\u0307n transi\u0307t<\/a><\/strong>&#8221; vi\u0307zesi talebinde gerekli olan evrak listesi<\/li>\n<\/ul>\n<p style=\"text-align: justify;\"><span style=\"color: #ff0000;\"><strong><u>ULUSAL V\u0130ZELER<\/u><\/strong><\/span><\/p>\n<p style=\"text-align: justify;\">Y\u00f6netmelik i\u00e7in <a href=\"https:\/\/ambankara.esteri.it\/wp-content\/uploads\/2023\/06\/Nota-informativa-ENG.pdf\"><strong>buraya<\/strong><\/a>\u00a0; \u00a0<a href=\"https:\/\/ambankara.esteri.it\/wp-content\/uploads\/2023\/05\/formulario_nazionale-recente.pdf\"><strong>Ulusal vize ba\u015fvuru formu i\u00e7in buraya <\/strong><\/a>t\u0131klay\u0131n\u0131z.<\/p>\n<ul style=\"text-align: justify;\">\n<li>\u201c<a href=\"https:\/\/ambankara.esteri.it\/wp-content\/uploads\/2025\/06\/Studio-D-immatricolazione-TR.pdf\"><strong>E\u011fitim<\/strong><\/a>\u201d vizesi talebinde gerekli olan evrak listesi (<u>90 g\u00fcn\u00fc a\u015fan kurslar<\/u>)<\/li>\n<li>\u201c<a href=\"https:\/\/ambankara.esteri.it\/wp-content\/uploads\/2025\/02\/Turismo-e-turismo-visita-familiare-e-amici-TR.pdf\"><strong>\u00c7al\u0131\u015fma<\/strong><\/a>\u201d vizesi talebinde gerekli olan evrak listesi<\/li>\n<li>\u201c<a href=\"https:\/\/ambankara.esteri.it\/wp-content\/uploads\/2024\/10\/Nomade-Digitale-TR.pdf\"><strong>Dijital G\u00f6\u00e7ebe<\/strong><\/a>\u201d vizesi talebinde gerekli olan evrak listesi<\/li>\n<li>\u201c<a href=\"https:\/\/ambankara.esteri.it\/wp-content\/uploads\/2024\/10\/Lavoratore-da-Remoto-TR.pdf\"><strong>Uzaktan \u00e7al\u0131\u015fan<\/strong><\/a>\u201d vizesi talebinde gerekli olan evrak listesi<\/li>\n<li>\u201c<a href=\"https:\/\/ambankara.esteri.it\/wp-content\/uploads\/2024\/09\/RICERCA-ARASTIRMA.pdf\"><strong>Ara\u015ft\u0131rma<\/strong><\/a>\u201d vizesi talebinde gerekli olan evrak listesi (90 g\u00fcnden uzun s\u00fcreli)<\/li>\n<\/ul>\n<p>Di\u011fer vize kategorileri i\u00e7in B\u00fcy\u00fckel\u00e7ili\u011fin\u00a0<a href=\"mailto:visti.ambankara@esteri.it\"><strong>visti.ambankara@esteri.it<\/strong><\/a>\u00a0veya\u00a0<a href=\"mailto:ankara.vize@esteri.it\"><strong>ankara.vize@esteri.it<\/strong><\/a>\u00a0adreslerine email yazman\u0131z rica olunur<\/p>\n<p>Ba\u015fvuru formlar\u0131, davetiye\/misafir etme taahh\u00fctnamesi \u00f6rne\u011fi, \u00fccret tarifeleri ve her bir vize t\u00fcr\u00fc i\u00e7in sunulmas\u0131 gereken belgelerin listesi ayr\u0131ca\u00a0<strong>iDATA\/VFS<\/strong>\u00a0nin\u00a0<a href=\"https:\/\/idata.com.tr\/ita\/it\/p\/modulistica-ita\">web sitesinde<\/a>\u00a0de mevcuttur.<\/p>\n<p>B\u00fcy\u00fckel\u00e7ilik, belirtilen belgelerin d\u0131\u015f\u0131nda ilave belge talep etme hakk\u0131n\u0131 sakl\u0131 tutar. Talep edilen belgelerin ibraz edilmi\u015f olmas\u0131 vizenin verilece\u011fi anlam\u0131n\u0131 ta\u015f\u0131mamaktad\u0131r.<\/p>\n<p style=\"text-align: justify;\"><span style=\"color: #ff0000;\">\u00a0<strong>B\u00dcY\u00dcKEL\u00c7\u0130L\u0130KTE M\u00dcLAKAT <\/strong><\/span><\/p>\n<p style=\"text-align: justify;\">\u0130lk defa Schengen vizesine ba\u015fvuran talep sahipleri, B\u00fcy\u00fckel\u00e7ili\u011fin Vize Departman\u0131 taraf\u0131ndan k\u0131sa bir m\u00fclakata tabi tutulacaklard\u0131r. M\u00fclakat tarih ve saati iDATA\/VFS yetkililerince ba\u015fvuru esnas\u0131nda \u201cilk gelen ilk hizmet al\u0131r\u201d esas\u0131na g\u00f6re belirlenir. Dolay\u0131s\u0131yla ba\u015fvurular\u0131n m\u00fcmk\u00fcn oldu\u011funca erken tarihte yap\u0131lmas\u0131 \u00f6nerilir. M\u00fclakat esnas\u0131nda B\u00fcy\u00fckel\u00e7ilik yetkilileri, vize ba\u015fvurusunun do\u011fru de\u011ferlendirilmesi i\u00e7in yararl\u0131 g\u00f6r\u00fclen herhangi bir unsuru elde etme amac\u0131yla, daha evvel sunulmu\u015f belgelere ilaveten ba\u015fka belgeler de talep etme hakk\u0131n\u0131 sakl\u0131 tutar.<\/p>\n<p style=\"text-align: justify;\"><span style=\"color: #ff0000;\"><strong>PASAPORTUN TESL\u0130M ALINMASI <\/strong><\/span><\/p>\n<p style=\"text-align: justify;\">Ba\u015fvuru sahibi, dosyas\u0131n\u0131n durumunu <strong>iDATA\/VFS<\/strong> web sitesinde bulunan \u201c<a href=\"https:\/\/www.idata.com.tr\/ita\/it\/p\/monitoraggio-richiesta-ita\">Ba\u015fvuru Takibi\u201d<\/a> linkinden her an i\u00e7in takip edebilir.<\/p>\n<p style=\"text-align: justify;\"><strong>Pasaport iDATA\/VFS ofisinden ya da do\u011frudan B\u00fcy\u00fckel\u00e7ili\u011fe ba\u015fvurmu\u015f olanlar i\u00e7in B\u00fcy\u00fckel\u00e7ilik Vize Ofisinden g\u00f6revli personelin bildirece\u011fi usul ve saatler \u00e7er\u00e7evesinde teslim al\u0131n\u0131r.<\/strong><\/p>\n<p style=\"text-align: justify;\"><span style=\"color: #ff0000;\"><strong>YABANCININ HAK VE Y\u00dcK\u00dcML\u00dcL\u00dcKLER\u0130<\/strong><\/span><\/p>\n<p>Vize ald\u0131ktan sonra \u0130talya\u2019ya seyahat etmek isteyen yabanc\u0131 bir vatanda\u015f belirli haklara sahip olur ve belli y\u00fck\u00fcml\u00fcl\u00fcklere uymak zorundad\u0131r: bu\u00a0<a href=\"https:\/\/ambankara.esteri.it\/wp-content\/uploads\/2024\/09\/Diritti-e-doveri-ITA-ENG.pdf\">link\u00a0<\/a>\u00fczerinden hak ve y\u00fck\u00fcml\u00fcl\u00fcklerle ilgili bilgilere eri\u015febilirsiniz.<\/p>\n<p style=\"text-align: justify;\"><span style=\"color: #ff0000;\"><strong>G\u0130ZL\u0130L\u0130K POL\u0130T\u0130KASI <\/strong><\/span><\/p>\n<p style=\"text-align: justify;\">Vize ba\u015fvurusunda bulunmadan \u00f6nce, ba\u015fvuru yapacak olan ki\u015filerin, \u0130talya ve Schengen b\u00f6lgesi vize i\u015flemleri i\u00e7in ki\u015fisel verilerinin kullan\u0131lmas\u0131 ile ilgili ger\u00e7ek ki\u015filerin korunmas\u0131 hakk\u0131nda bilgilendirmeyi <a href=\"https:\/\/ambankara.esteri.it\/wp-content\/uploads\/2023\/05\/versione_turca_ambasciata_dati_personali_3.pdf\">buraya t\u0131klayarak<\/a> dikkatlice okumalar\u0131 \u00f6nerilir.<\/p>\n<p style=\"text-align: justify;\"><span style=\"color: #ff0000;\"><strong>SIK\u00c7A SORULAN SORULAR<\/strong><\/span><\/p>\n<p style=\"text-align: justify;\"><strong>\u201c<\/strong><a href=\"https:\/\/ambankara.esteri.it\/wp-content\/uploads\/2025\/02\/website-amb-FAQ-1.pdf\"><strong>S\u0131k\u00e7a Sorulan Sorular<\/strong><\/a><strong>\u201d<\/strong>\u00a0 b\u00f6l\u00fcm\u00fcnde farkl\u0131 vize kategorilerine ili\u015fkin pek \u00e7ok sorunun yan\u0131t\u0131 mevcuttur.<\/p>\n<p>&nbsp;<\/p>\n","protected":false},"excerpt":{"rendered":"\u0130talya B\u00fcy\u00fckel\u00e7ili\u011fi Vize Ofisi 25 eyl\u00fcl 2014 tarihi itibariyle\u00a0VIS\u00a0(Visa Information System) Vize Bilgi Sistemi ile ba\u011flant\u0131l\u0131 olarak \u00e7al\u0131\u015fmaya ba\u015flam\u0131\u015ft\u0131r. \u0130talya\u2019ya giri\u015f vizelerinin mevzuat\u0131, t\u00fcr\u00fc ve \u015fartlar\u0131na ili\u015fkin genel bilgiler \u0130talya D\u0131\u015fi\u015fleri Bakanl\u0131\u011f\u0131\u2019n\u0131n\u00a0Italya i\u00e7in Vize\u00a0\u00a0sitesinde mevcuttur. B\u0130LG\u0130 Bilgi almak i\u00e7in\u00a0B\u00fcy\u00fckel\u00e7ili\u011fin\u00a0santralini\u00a0haftai\u00e7i her g\u00fcn saat 09.00 ile13.00 ve 14:00 ile 17:00 aras\u0131nda arayabilir, ya da\u00a0visti.ambankara@esteri.it\u00a0veya\u00a0ankara.vize@esteri.it\u00a0adreslerine email yazabilirsiniz. Ayr\u0131ca [&hellip;]","protected":false},"author":3,"featured_media":0,"parent":127,"menu_order":1,"comment_status":"closed","ping_status":"closed","template":"","meta":{"footnotes":""},"class_list":["post-306","page","type-page","status-publish","hentry"],"_links":{"self":[{"href":"https:\/\/ambankara.esteri.it\/tr\/wp-json\/wp\/v2\/pages\/306","targetHints":{"allow":["GET"]}}],"collection":[{"href":"https:\/\/ambankara.esteri.it\/tr\/wp-json\/wp\/v2\/pages"}],"about":[{"href":"https:\/\/ambankara.esteri.it\/tr\/wp-json\/wp\/v2\/types\/page"}],"author":[{"embeddable":true,"href":"https:\/\/ambankara.esteri.it\/tr\/wp-json\/wp\/v2\/users\/3"}],"replies":[{"embeddable":true,"href":"https:\/\/ambankara.esteri.it\/tr\/wp-json\/wp\/v2\/comments?post=306"}],"version-history":[{"count":7,"href":"https:\/\/ambankara.esteri.it\/tr\/wp-json\/wp\/v2\/pages\/306\/revisions"}],"predecessor-version":[{"id":6490,"href":"https:\/\/ambankara.esteri.it\/tr\/wp-json\/wp\/v2\/pages\/306\/revisions\/6490"}],"up":[{"embeddable":true,"href":"https:\/\/ambankara.esteri.it\/tr\/wp-json\/wp\/v2\/pages\/127"}],"wp:attachment":[{"href":"https:\/\/ambankara.esteri.it\/tr\/wp-json\/wp\/v2\/media?parent=306"}],"curies":[{"name":"wp","href":"https:\/\/api.w.org\/{rel}","templated":true}]}}