{"id":30,"date":"2023-05-01T08:01:23","date_gmt":"2023-05-01T06:01:23","guid":{"rendered":"https:\/\/ambankara.esteri.it\/italia-e-turchia\/"},"modified":"2024-07-04T10:56:44","modified_gmt":"2024-07-04T08:56:44","slug":"italia-e-turchia","status":"publish","type":"page","link":"https:\/\/ambankara.esteri.it\/tr\/italia-e-turchia\/","title":{"rendered":"\u0130talya ve T\u00fcrkiye"},"content":{"rendered":"<p class=\"boxLevel03\"><img loading=\"lazy\" decoding=\"async\" class=\"aligncenter size-large wp-image-4112 img-fluid\" src=\"https:\/\/ambankara.esteri.it\/wp-content\/uploads\/2024\/07\/g7-yuksek-duzeyli-oturumuna-katildi-1024x681.webp\" alt=\"\" width=\"640\" height=\"426\" srcset=\"https:\/\/ambankara.esteri.it\/wp-content\/uploads\/2024\/07\/g7-yuksek-duzeyli-oturumuna-katildi-1024x681.webp 1024w, https:\/\/ambankara.esteri.it\/wp-content\/uploads\/2024\/07\/g7-yuksek-duzeyli-oturumuna-katildi-300x200.webp 300w, https:\/\/ambankara.esteri.it\/wp-content\/uploads\/2024\/07\/g7-yuksek-duzeyli-oturumuna-katildi-768x511.webp 768w, https:\/\/ambankara.esteri.it\/wp-content\/uploads\/2024\/07\/g7-yuksek-duzeyli-oturumuna-katildi.webp 1500w\" sizes=\"auto, (max-width: 640px) 100vw, 640px\" \/><\/p>\n<p class=\"boxLevel03\"><em>\u0130talyan Cumhuriyeti Ba\u015fbakan\u0131 Giorgia Meloni ile T\u00fcrkiye Cumhuriyeti Cumhurba\u015fkan\u0131 Recep Tayyip Erdo\u011fan (Borgo Egnazia, 14 Haziran 2024)<\/em><\/p>\n<p>S\u00fcregelen tarihsel ba\u011flara ve ortak Akdeniz \u00fclkeleri olmalar\u0131na dayanan, \u0130talya ile T\u00fcrkiye aras\u0131ndaki ili\u015fkiler, zaman i\u00e7inde, aralar\u0131ndaki yap\u0131c\u0131 siyasi diyalo\u011fu, gitgide art\u0131\u015f g\u00f6steren ekonomik ve ticari ba\u011flar\u0131 ve her iki \u00fclkenin sivil toplumlar\u0131 aras\u0131ndaki gittik\u00e7e s\u0131k\u0131la\u015fan ili\u015fkiler sayesinde, daha da g\u00fc\u00e7lenmi\u015ftir.<\/p>\n<p>NATO b\u00fcnyesinde var olan ortakl\u0131\u011f\u0131n yan\u0131s\u0131ra, \u0130talya ve T\u00fcrkiye uluslararas\u0131 siyasi konular\u0131 i\u00e7eren bir\u00e7ok dosya \u00fczerinde i\u015fbirli\u011fi i\u00e7indedir. Ayr\u0131ca \u0130talya T\u00fcrkiye\u2019nin Avrupa Birli\u011fine kat\u0131l\u0131m s\u00fcrecini aktif bir \u015fekilde desteklemektedir.<br \/>\nEkonomi d\u00fczleminde ise ili\u015fkiler m\u00fckemmel seviyededir. Kar\u015f\u0131l\u0131kl\u0131 ticaret hacmi ve yat\u0131r\u0131mlar, stratejik \u00f6neme haiz bir\u00e7ok sekt\u00f6rdeki i\u015fbirlikleri s\u00fcrekli art\u0131\u015f kaydetmektedir.<br \/>\nT\u00fcrkiye\u2019nin \u0130talya\u2019ya olan sempatisi, \u0130talya\u2019n\u0131n marka de\u011ferinin kan\u0131tland\u0131\u011f\u0131 k\u00fclt\u00fcr ve sanat alan\u0131nda da kendini g\u00f6stermektedir.<\/p>\n","protected":false},"excerpt":{"rendered":"\u0130talyan Cumhuriyeti Ba\u015fbakan\u0131 Giorgia Meloni ile T\u00fcrkiye Cumhuriyeti Cumhurba\u015fkan\u0131 Recep Tayyip Erdo\u011fan (Borgo Egnazia, 14 Haziran 2024) S\u00fcregelen tarihsel ba\u011flara ve ortak Akdeniz \u00fclkeleri olmalar\u0131na dayanan, \u0130talya ile T\u00fcrkiye aras\u0131ndaki ili\u015fkiler, zaman i\u00e7inde, aralar\u0131ndaki yap\u0131c\u0131 siyasi diyalo\u011fu, gitgide art\u0131\u015f g\u00f6steren ekonomik ve ticari ba\u011flar\u0131 ve her iki \u00fclkenin sivil toplumlar\u0131 aras\u0131ndaki gittik\u00e7e s\u0131k\u0131la\u015fan ili\u015fkiler sayesinde, [&hellip;]","protected":false},"author":2,"featured_media":0,"parent":0,"menu_order":0,"comment_status":"closed","ping_status":"closed","template":"","meta":{"footnotes":""},"class_list":["post-30","page","type-page","status-publish","hentry"],"_links":{"self":[{"href":"https:\/\/ambankara.esteri.it\/tr\/wp-json\/wp\/v2\/pages\/30","targetHints":{"allow":["GET"]}}],"collection":[{"href":"https:\/\/ambankara.esteri.it\/tr\/wp-json\/wp\/v2\/pages"}],"about":[{"href":"https:\/\/ambankara.esteri.it\/tr\/wp-json\/wp\/v2\/types\/page"}],"author":[{"embeddable":true,"href":"https:\/\/ambankara.esteri.it\/tr\/wp-json\/wp\/v2\/users\/2"}],"replies":[{"embeddable":true,"href":"https:\/\/ambankara.esteri.it\/tr\/wp-json\/wp\/v2\/comments?post=30"}],"version-history":[{"count":2,"href":"https:\/\/ambankara.esteri.it\/tr\/wp-json\/wp\/v2\/pages\/30\/revisions"}],"predecessor-version":[{"id":4116,"href":"https:\/\/ambankara.esteri.it\/tr\/wp-json\/wp\/v2\/pages\/30\/revisions\/4116"}],"wp:attachment":[{"href":"https:\/\/ambankara.esteri.it\/tr\/wp-json\/wp\/v2\/media?parent=30"}],"curies":[{"name":"wp","href":"https:\/\/api.w.org\/{rel}","templated":true}]}}