{"id":2979,"date":"2024-02-19T10:33:17","date_gmt":"2024-02-19T09:33:17","guid":{"rendered":"https:\/\/ambankara.esteri.it\/?page_id=2979"},"modified":"2026-02-19T13:58:26","modified_gmt":"2026-02-19T12:58:26","slug":"2024-25-a-y-italyanca-ogretmen-yetistirme-kurslari-icin-turk-universitelerine-maddi-destek","status":"publish","type":"page","link":"https:\/\/ambankara.esteri.it\/tr\/italia-e-turchia\/diplomazia-culturale\/contributi-2\/2024-25-a-y-italyanca-ogretmen-yetistirme-kurslari-icin-turk-universitelerine-maddi-destek\/","title":{"rendered":"2026-27 A. Y. I\u0307TALYANCA \u00d6\u011eRETMEN YETI\u0307\u015eTI\u0307RME KURSLARI I\u0307\u00c7I\u0307N T\u00dcRK \u00dcNI\u0307VERSI\u0307TELERI\u0307NE MADD\u0130 DESTEK"},"content":{"rendered":"<p><em>Maddi destek, T\u00fcrk \u00dcniversitelerinde \u0130talyanca \u00f6\u011fretmenlerine y\u00f6nelik e\u011fitim ve g\u00fcncelleme kurslar\u0131n\u0131n d\u00fczenlenmesi amac\u0131yla sa\u011flan\u0131r ve kurs masraflar\u0131n\u0131n bir k\u0131sm\u0131n\u0131 kar\u015f\u0131lamay\u0131 hedefler. Ba\u015fvuru formunda, ba\u015fvuru sahibi kurumun ba\u011f\u0131ms\u0131z olarak kar\u015f\u0131layabilece\u011fi masraflar\u0131 belirtmesi gerekmektedir. Kurulu\u015f ayr\u0131ca projenin ve e\u011fitim ihtiya\u00e7lar\u0131n\u0131n ayr\u0131nt\u0131l\u0131 bir tan\u0131m\u0131n\u0131 sunmal\u0131d\u0131r. B\u00fct\u00e7ede ve\/veya raporda \u201cDi\u011fer\u201d ba\u015fl\u0131\u011f\u0131 alt\u0131nda listelenen t\u00fcm masraflar, ancak kursun didaktik olarak ger\u00e7ekle\u015ftirilmesiyle ilgili olmalar\u0131 halinde hibeden kar\u015f\u0131lanabilir. \u00d6rnek olarak -ancak bunlarla s\u0131n\u0131rl\u0131 olmamak \u00fczere- ikramlar, \u00f6\u011fle yemekleri, ak\u015fam yemekleri, kurs kat\u0131l\u0131mc\u0131lar\u0131n\u0131n konaklama masraflar\u0131 dahil edilememektedir.<\/em><\/p>\n<p><em>Ba\u015fvurular, ekteki formlar ve akademik sorumlu taraf\u0131ndan imzalanm\u0131\u015f ve talebin gerek\u00e7esini i\u00e7eren bir mektupla birlikte yap\u0131lmal\u0131d\u0131r:<\/em><\/p>\n<p><em>Ek A \u2013 E\u011fitim ve g\u00fcncelleme kurslar\u0131n\u0131n d\u00fczenlenmesi i\u00e7in destek talebi; talep eden kurum yetkilisi taraf\u0131ndan imzalanm\u0131\u015f ve m\u00fch\u00fcrlenmi\u015f, maddi katk\u0131 ba\u015fvurusu.<\/em><\/p>\n<p><em>Ek B \u2013 E\u011fitim ve g\u00fcncelleme kurslar\u0131 i\u00e7in kullan\u0131lan son hibenin kullan\u0131m\u0131na ili\u015fkin nihai rapor; 2023 y\u0131l\u0131nda veya 2018-2022 be\u015f y\u0131ll\u0131k d\u00f6neminde bu t\u00fcr hibelerden yararlananlar i\u00e7in, talep eden Kurumdan sorumlu ki\u015fi taraf\u0131ndan ka\u015felenmi\u015f ve imzalanm\u0131\u015f olmas\u0131 gerekmektedir. Bu t\u00fcr katk\u0131lardan halihaz\u0131rda yararlanm\u0131\u015f olan Kurumlar i\u00e7in nihai raporlar\u0131n sunulmas\u0131, 2024-25 akademik y\u0131l\u0131 i\u00e7in katk\u0131n\u0131n sa\u011flanmas\u0131 ve tahsisi i\u00e7in zaruri bir ko\u015fuldur.<\/em><\/p>\n<p><strong><em>Yukar\u0131da belirtilen hibeler i\u00e7in son ba\u015fvuru tarihi 6 Mart 2026 olarak belirlenmi\u015ftir<\/em><\/strong><em>.<\/em><\/p>\n<p><em>Ba\u015fvurunun sunulu\u015f \u015fekli ve g\u00f6nderilecek formlar hakk\u0131nda bilgi i\u00e7in:<\/em><\/p>\n<p><em>K\u00dcLT\u00dcR OF\u0130S\u0130<\/em><\/p>\n<p><em>\u00dcbeyde Barbara ELL\u0130<\/em><\/p>\n<p><em>Tel. +90 (312) 457 4221<\/em><\/p>\n<p><em>Mail: <a href=\"mailto:ankara.culturale@esteri.it\">ankara.culturale@esteri.it<\/a><\/em><\/p>\n<p><a href=\"https:\/\/ambankara.esteri.it\/wp-content\/uploads\/2026\/02\/101026692619-3_2026_Istruzioni_compilazione_Formulari_A_e_B_Corsi_formaz._aggiorn.pdf\">101026692619-3_2026_Istruzioni_compilazione_Formulari_A_e_B_Corsi_formaz._aggiorn.<\/a><\/p>\n<p><a href=\"https:\/\/ambankara.esteri.it\/wp-content\/uploads\/2026\/02\/2619-3_2026_PAESE_Nome_Universita_Form._B.docx\">2619-3_2026_PAESE_Nome_Universit\u00e0_Form._B<\/a><\/p>\n<p><a href=\"https:\/\/ambankara.esteri.it\/wp-content\/uploads\/2026\/02\/2619-3_2026_PAESE_Nome_Universita_Form._A.docx\">2619-3_2026_PAESE_Nome_Universit\u00e0_Form._A<\/a><\/p>\n","protected":false},"excerpt":{"rendered":"Maddi destek, T\u00fcrk \u00dcniversitelerinde \u0130talyanca \u00f6\u011fretmenlerine y\u00f6nelik e\u011fitim ve g\u00fcncelleme kurslar\u0131n\u0131n d\u00fczenlenmesi amac\u0131yla sa\u011flan\u0131r ve kurs masraflar\u0131n\u0131n bir k\u0131sm\u0131n\u0131 kar\u015f\u0131lamay\u0131 hedefler. Ba\u015fvuru formunda, ba\u015fvuru sahibi kurumun ba\u011f\u0131ms\u0131z olarak kar\u015f\u0131layabilece\u011fi masraflar\u0131 belirtmesi gerekmektedir. Kurulu\u015f ayr\u0131ca projenin ve e\u011fitim ihtiya\u00e7lar\u0131n\u0131n ayr\u0131nt\u0131l\u0131 bir tan\u0131m\u0131n\u0131 sunmal\u0131d\u0131r. B\u00fct\u00e7ede ve\/veya raporda \u201cDi\u011fer\u201d ba\u015fl\u0131\u011f\u0131 alt\u0131nda listelenen t\u00fcm masraflar, ancak kursun didaktik olarak [&hellip;]","protected":false},"author":9,"featured_media":0,"parent":3117,"menu_order":0,"comment_status":"closed","ping_status":"closed","template":"","meta":{"footnotes":""},"class_list":["post-2979","page","type-page","status-publish","hentry"],"_links":{"self":[{"href":"https:\/\/ambankara.esteri.it\/tr\/wp-json\/wp\/v2\/pages\/2979","targetHints":{"allow":["GET"]}}],"collection":[{"href":"https:\/\/ambankara.esteri.it\/tr\/wp-json\/wp\/v2\/pages"}],"about":[{"href":"https:\/\/ambankara.esteri.it\/tr\/wp-json\/wp\/v2\/types\/page"}],"author":[{"embeddable":true,"href":"https:\/\/ambankara.esteri.it\/tr\/wp-json\/wp\/v2\/users\/9"}],"replies":[{"embeddable":true,"href":"https:\/\/ambankara.esteri.it\/tr\/wp-json\/wp\/v2\/comments?post=2979"}],"version-history":[{"count":3,"href":"https:\/\/ambankara.esteri.it\/tr\/wp-json\/wp\/v2\/pages\/2979\/revisions"}],"predecessor-version":[{"id":7387,"href":"https:\/\/ambankara.esteri.it\/tr\/wp-json\/wp\/v2\/pages\/2979\/revisions\/7387"}],"up":[{"embeddable":true,"href":"https:\/\/ambankara.esteri.it\/tr\/wp-json\/wp\/v2\/pages\/3117"}],"wp:attachment":[{"href":"https:\/\/ambankara.esteri.it\/tr\/wp-json\/wp\/v2\/media?parent=2979"}],"curies":[{"name":"wp","href":"https:\/\/api.w.org\/{rel}","templated":true}]}}