{"id":2942,"date":"2024-02-19T10:12:49","date_gmt":"2024-02-19T09:12:49","guid":{"rendered":"https:\/\/ambankara.esteri.it\/?page_id=2942"},"modified":"2026-03-25T09:21:10","modified_gmt":"2026-03-25T08:21:10","slug":"2024-2025-e-y-turk-egitim-kurumlarina-okullara-italyanca-kursusu-a-egitim-bursu-veya-egitim-seyahati-b-icin-maddi-destek","status":"publish","type":"page","link":"https:\/\/ambankara.esteri.it\/tr\/italia-e-turchia\/diplomazia-culturale\/contributi-2\/2024-2025-e-y-turk-egitim-kurumlarina-okullara-italyanca-kursusu-a-egitim-bursu-veya-egitim-seyahati-b-icin-maddi-destek\/","title":{"rendered":"2026-27 E.Y.\u00a0 T\u00fcrk E\u011fitim Kurumlarina (Okullara) \u0130talyanca k\u00fcrs\u00fcs\u00fc (a), e\u011fitim bursu veya e\u011fitim seyahati (b) i\u00e7in maddi destek"},"content":{"rendered":"<p>A ) E\u011fitim Kurumlar\u0131nda ve Okullarda \u0130talyan Dili K\u00fcrs\u00fcleri kurmak ve var olanlar\u0131n faaliyetlerini devam ettirmek amac\u0131yla s\u00f6z konusu k\u00fcrs\u00fclere Okullar taraf\u0131ndan lokal s\u00f6zle\u015fme ile do\u011frudan al\u0131nan \u00f6\u011fretmenlerin maa\u015flar\u0131na k\u0131smi maddi katk\u0131 (Ek A).<\/p>\n<p>B) \u0130talya\u2019ya e\u011fitim bursu veya e\u011fitim seyahati i\u00e7in k\u0131smi maddi katk\u0131 (Ek B). Belirtilmelidir ki bu destek, okullardaki italyan dili k\u00fcrs\u00fclerine verilecek katk\u0131lar\u0131n tahsisinden sonra ve \u00a0maddi kaynaklar\u0131n uygunlu\u011fu durumunda de\u011ferlendirilebilecektir.<\/p>\n<p>Katk\u0131lar 2026 mali y\u0131l\u0131 i\u00e7in verilecek olup katk\u0131 tahsisi, 4 Mart 2026 tarih ve 4100\/20 say\u0131l\u0131 y\u00f6netmelik kararnamesinde belirtilmi\u015f kriterlere g\u00f6re yap\u0131lacakt\u0131r <a href=\"http:\/\/www.esteri.it\/mae\/resource\/atti_concessione\/CM_23649.pdf\">www.esteri.it\/mae\/resource\/atti_concessione\/CM_23649.pdf<\/a><\/p>\n<p><strong>Yukar\u0131da belirtilen hibeler i\u00e7in<\/strong> &#8211; talep eden kurumun bir motivasyon mektubunun da sunulmas\u0131 gerekmektedir &#8211; <strong>son ba\u015fvuru tarihi<\/strong> <strong>2 Nisan 2026<\/strong> <strong>olarak belirlenmi\u015ftir<\/strong>.<\/p>\n<p>Hibelerden (k\u00fcrs\u00fc veya burslar yahut \u00e7al\u0131\u015fma gezisi i\u00e7in) yararlanan ve bunlar\u0131 hen\u00fcz muhasebele\u015ftirmemi\u015f olan t\u00fcm e\u011fitim kurumlar\u0131, hibenin kullan\u0131ld\u0131\u011f\u0131 okul y\u0131l\u0131n\u0131n sonuna kadar nihai bir rapor (Ek A 2 ve Ek B2) g\u00f6ndermelidir.<\/p>\n<p>Bahsekonu formlar ektedir.<\/p>\n<p>Ba\u015fvuru ve formlar\u0131n teslimi hakk\u0131nda bilgi i\u00e7in: <a href=\"mailto:ankara.culturale@esteri.it\">ankara.culturale@esteri.it<\/a><\/p>\n<p><a href=\"https:\/\/ambankara.esteri.it\/wp-content\/uploads\/2026\/03\/ALL.-B_2026_editabile.pdf\">ALL. B_2026_(editabile)<\/a> <a href=\"https:\/\/ambankara.esteri.it\/wp-content\/uploads\/2026\/03\/ALL.-B-2_2026-editabile.pdf\">ALL. B 2_2026 (editabile) <\/a><a href=\"https:\/\/ambankara.esteri.it\/wp-content\/uploads\/2026\/03\/ALL.-A_2026-editabile.pdf\">ALL. A_2026 (editabile)<\/a><a href=\"https:\/\/ambankara.esteri.it\/wp-content\/uploads\/2026\/03\/ALL.-A-2_2026-editabile.pdf\">ALL. A 2_2026 (editabile)<\/a><\/p>\n","protected":false},"excerpt":{"rendered":"A ) E\u011fitim Kurumlar\u0131nda ve Okullarda \u0130talyan Dili K\u00fcrs\u00fcleri kurmak ve var olanlar\u0131n faaliyetlerini devam ettirmek amac\u0131yla s\u00f6z konusu k\u00fcrs\u00fclere Okullar taraf\u0131ndan lokal s\u00f6zle\u015fme ile do\u011frudan al\u0131nan \u00f6\u011fretmenlerin maa\u015flar\u0131na k\u0131smi maddi katk\u0131 (Ek A). B) \u0130talya\u2019ya e\u011fitim bursu veya e\u011fitim seyahati i\u00e7in k\u0131smi maddi katk\u0131 (Ek B). Belirtilmelidir ki bu destek, okullardaki italyan dili k\u00fcrs\u00fclerine [&hellip;]","protected":false},"author":9,"featured_media":0,"parent":3117,"menu_order":0,"comment_status":"closed","ping_status":"closed","template":"","meta":{"footnotes":""},"class_list":["post-2942","page","type-page","status-publish","hentry"],"_links":{"self":[{"href":"https:\/\/ambankara.esteri.it\/tr\/wp-json\/wp\/v2\/pages\/2942","targetHints":{"allow":["GET"]}}],"collection":[{"href":"https:\/\/ambankara.esteri.it\/tr\/wp-json\/wp\/v2\/pages"}],"about":[{"href":"https:\/\/ambankara.esteri.it\/tr\/wp-json\/wp\/v2\/types\/page"}],"author":[{"embeddable":true,"href":"https:\/\/ambankara.esteri.it\/tr\/wp-json\/wp\/v2\/users\/9"}],"replies":[{"embeddable":true,"href":"https:\/\/ambankara.esteri.it\/tr\/wp-json\/wp\/v2\/comments?post=2942"}],"version-history":[{"count":5,"href":"https:\/\/ambankara.esteri.it\/tr\/wp-json\/wp\/v2\/pages\/2942\/revisions"}],"predecessor-version":[{"id":7506,"href":"https:\/\/ambankara.esteri.it\/tr\/wp-json\/wp\/v2\/pages\/2942\/revisions\/7506"}],"up":[{"embeddable":true,"href":"https:\/\/ambankara.esteri.it\/tr\/wp-json\/wp\/v2\/pages\/3117"}],"wp:attachment":[{"href":"https:\/\/ambankara.esteri.it\/tr\/wp-json\/wp\/v2\/media?parent=2942"}],"curies":[{"name":"wp","href":"https:\/\/api.w.org\/{rel}","templated":true}]}}