{"id":277,"date":"2022-11-30T20:19:17","date_gmt":"2022-11-30T19:19:17","guid":{"rendered":"https:\/\/ambankara.esteri.it\/servizi-consolari-e-visti\/servizi-per-il-cittadino-straniero\/cittadinanza\/"},"modified":"2025-07-18T16:16:52","modified_gmt":"2025-07-18T14:16:52","slug":"cittadinanza","status":"publish","type":"page","link":"https:\/\/ambankara.esteri.it\/tr\/servizi-consolari-e-visti\/servizi-per-il-cittadino-straniero\/cittadinanza-2\/cittadinanza\/","title":{"rendered":"Kan ba\u011f\u0131 ve evlat edinme yoluyla vatanda\u015fl\u0131k verilmesi"},"content":{"rendered":"<p>28 Mart 2025 tarihli ve 36 say\u0131l\u0131 Kanun H\u00fckm\u00fcnde Kararname, de\u011fi\u015fiklikler yap\u0131larak<strong> 23 May\u0131s 2025 tarihli ve 74 say\u0131l\u0131<\/strong> yasa ile kanunla\u015fm\u0131\u015f ve 24 May\u0131s 2025 tarihinde y\u00fcr\u00fcrl\u00fc\u011fe girmi\u015ftir.<\/p>\n<p>D\u00f6n\u00fc\u015ft\u00fcrme yasas\u0131, <strong>5 \u015eubat 1992 tarihli ve 91 say\u0131l\u0131<\/strong> yasay\u0131 reforme etmektedir. Yasan\u0131n tam metnine a\u015fa\u011f\u0131daki ba\u011flant\u0131dan ula\u015f\u0131labilmektedir.<\/p>\n<p>Bilhassa yeni <strong>Madde 3-bis<\/strong>&#8216;e dikkat \u00e7ekilmektedir:<\/p>\n<p><em>\u0130\u015fbu yasan\u0131n 1, 2, 3, 14 ve 20. maddeleri; 21 Nisan 1983 tarihli ve 123 say\u0131l\u0131 yasan\u0131n 5. maddesi; 13 Haziran 1912 tarihli ve 555 say\u0131l\u0131 yasan\u0131n 1, 2, 7, 10, 12 ve 19. maddeleri; ayr\u0131yeten 25 Haziran 1865 tarihli ve 2358 say\u0131l\u0131 Kraliyet Kararnamesi ile onaylanm\u0131\u015f Medeni Kanun\u2019un 4, 5, 7, 8 ve 9. maddelerine istisna olarak, yurt d\u0131\u015f\u0131nda do\u011fan ve ba\u015fka bir vatanda\u015fl\u0131\u011fa sahip olan ki\u015fi, bu maddenin y\u00fcr\u00fcrl\u00fc\u011fe giri\u015f tarihinden \u00f6nce do\u011fmu\u015f olsa dahi, a\u015fa\u011f\u0131daki vaziyetlerden biri ger\u00e7ekle\u015fmedi\u011fi s\u00fcrece \u0130talyan vatanda\u015fl\u0131\u011f\u0131n\u0131 hi\u00e7 kazanmam\u0131\u015f say\u0131l\u0131r:<\/em><\/p>\n<p><em>a) \u0130lgili ki\u015finin vatanda\u015fl\u0131k stat\u00fcs\u00fc, 27 Mart 2025 tarihinde y\u00fcr\u00fcrl\u00fckte olan mevzuata uygun olarak ve gerekli belgelerle birlikte 27 Mart 2025 g\u00fcn\u00fc saat 23:59 (Roma saati) \u00f6ncesinde yetkili konsolosluk veya belediye ba\u015fkanl\u0131\u011f\u0131na ba\u015fvurarak tan\u0131nm\u0131\u015f ise;<\/em><\/p>\n<p><em>a-bis) \u0130lgili ki\u015finin vatanda\u015fl\u0131k stat\u00fcs\u00fc, 27 Mart 2025 tarihinde y\u00fcr\u00fcrl\u00fckte olan mevzuata uygun olarak ve gerekli belgelerle birlikte, 27 Mart 2025 g\u00fcn\u00fc saat 23:59 (Roma saati) \u00f6ncesinde ilgili makam taraf\u0131ndan ki\u015fiye bildirilen randevu g\u00fcn\u00fcnde ba\u015fvuru yaparak tan\u0131nm\u0131\u015f ise;<\/em><\/p>\n<p><em>b) \u0130lgilinin vatanda\u015fl\u0131k stat\u00fcs\u00fc, 27 Mart 2025 tarihinde y\u00fcr\u00fcrl\u00fckte olan mevzuata uygun olarak ve ayn\u0131 g\u00fcn saat 23:59 (Roma saati) \u00f6ncesinde yap\u0131lan yarg\u0131 ba\u015fvurusu sonucunda mahkeme karar\u0131 ile tespit edilmi\u015f ise;<\/em><\/p>\n<p><em>c) Birinci veya ikinci dereceden bir \u00fcst soy akrabas\u0131 yaln\u0131zca \u0130talyan vatanda\u015fl\u0131\u011f\u0131na sahip ise ya da vefat etti\u011fi s\u0131rada yaln\u0131zca \u0130talyan vatanda\u015f\u0131 idi ise;<\/em><\/p>\n<p><em>d) Anne-baba ya da evlat edinen ki\u015fi, \u0130talyan vatanda\u015fl\u0131\u011f\u0131n\u0131 kazand\u0131ktan sonra ve \u00e7ocu\u011fun do\u011fumu ya da evlat edinilmesinden \u00f6nce en az iki y\u0131l s\u00fcreyle kesintisiz olarak \u0130talya\u2019da ikamet etmi\u015fse.<\/em><\/p>\n<p>&#8212;<\/p>\n<p>Bu nedenle, 1992 tarihli ve 91 say\u0131l\u0131 yeni yasaya g\u00f6re, yaln\u0131zca:<\/p>\n<ul>\n<li>Herhangi bir tarihte <strong>\u0130talya\u2019da do\u011fan<\/strong> ba\u015fvuru sahibi;<\/li>\n<li>Yaln\u0131zca \u0130talyan vatanda\u015fl\u0131\u011f\u0131na sahip olan, <strong>yani ba\u015fka hi\u00e7bir vatanda\u015fl\u0131\u011f\u0131 bulunmayan veya bulunamayacak olan ba\u015fvuru sahibi<\/strong>;<\/li>\n<li><strong>3-bis maddesinin a), a-bis), b), c) ve d)<\/strong> bentlerinde say\u0131lan vaziyetlerden birine uyan ba\u015fvuru sahibi;<\/li>\n<\/ul>\n<p>kan ba\u011f\u0131 yoluyla (do\u011fu\u015ftan) \u0130talyan vatanda\u015f\u0131 olarak kabul edilmektedir.<\/p>\n<p>&#8212;<\/p>\n<p>Yeni yasan\u0131n \u0131\u015f\u0131\u011f\u0131nda belirtilir ki:<\/p>\n<p>1)<strong> Yaln\u0131zca 27 Mart 2025 g\u00fcn\u00fc saat 23:59 (\u0130talya saati) \u00f6ncesinde, gerekli belgelerle birlikte sunulan ba\u015fvurular bir \u00f6nceki mevzuata tabi say\u0131lmaktad\u0131r.<\/strong><\/p>\n<p>\u201cSunulan ba\u015fvurular\u201d ifadesi a\u015fa\u011f\u0131daki durumlar\u0131 kapsamaktad\u0131r:<\/p>\n<ul>\n<li>Ba\u015fvuru, belirtilen tarih ve saatten \u00f6nce Konsolosluk B\u00fcrosu\u2019na \u015fahsen teslim edilmi\u015f ise;<\/li>\n<li>Ba\u015fvuru, belirtilen tarihten \u00f6nce tarih ve saat takipli g\u00f6nderim ile posta yoluyla g\u00f6nderilmi\u015f ise;<\/li>\n<li>Ba\u015fvuru, tarih ve saat takibi olmayan g\u00f6nderim ile posta yoluyla g\u00f6nderilmi\u015f, ancak Konsolosluk B\u00fcrosu taraf\u0131ndan belirtilen s\u00fcre \u00f6ncesinde teslim al\u0131nm\u0131\u015f ise;<\/li>\n<li>Ba\u015fvuru, belirtilen s\u00fcre \u00f6ncesinde Fast-It sistemi \u00fczerinden al\u0131nm\u0131\u015f ise.<\/li>\n<\/ul>\n<p>2) <strong>Yaln\u0131zca 27 Mart 2025 g\u00fcn\u00fc saat 23:59\u2019a (Roma saati) kadar, ilgili yetkili makam taraf\u0131ndan ba\u015fvuru sahibine bildirilen randevu tarihinde, gerekli belgelerle birlikte Konsolosluk B\u00fcrosu\u2019na yap\u0131lan ba\u015fvurular bir \u00f6nceki mevzuata tabi say\u0131lmaktad\u0131r.<\/strong><\/p>\n<p>\u201cYetkili makam taraf\u0131ndan ba\u015fvuru sahibine bildirilen randevu\u201d ifadesi, ba\u015fvuru sahibinin ilgili Konsolosluk B\u00fcrosu\u2019nun resmi e-posta adresinden elektronik posta yoluyla ald\u0131\u011f\u0131 randevu teyidini ifade etmektedir.<\/p>\n<p>3) <strong>Di\u011fer t\u00fcm durumlarda, ba\u015fvurular yeni mevzuata tabi say\u0131lacakt\u0131r.<\/strong><\/p>\n<p>Uygulanacak konsolosl\u00fck \u00fccretlerini bu sayfadan inceleyebilirsiniz.<\/p>\n<p>&nbsp;<\/p>\n<p><strong>Gerekli belgeleri edinmek amac\u0131yla<\/strong>, ba\u015fvuru sahiplerinin \u0130\u00e7i\u015fleri Bakanl\u0131\u011f\u0131\u2019n\u0131n 8 Nisan 1991 tarihli K.28.1 say\u0131l\u0131 Genelgesi\u2019nde \u00f6ng\u00f6r\u00fclen dok\u00fcmanlar\u0131 sunmas\u0131 gerekmektedir:<\/p>\n<ol>\n<li>\u0130talya\u2019dan g\u00f6\u00e7 eden \u0130talyan ceddin do\u011fdu\u011fu \u0130talyan belediyesinden al\u0131nan do\u011fum belgesi \u00f6rne\u011fi;<\/li>\n<li>\u0130talyanca resmi terc\u00fcmesiyle birlikte, ceddin soyundan gelenlerin (do\u011frudan soy hatt\u0131 \u00fczerindeki) t\u00fcm do\u011fum belgeleri, \u0130talyan vatanda\u015fl\u0131\u011f\u0131 talebinde bulunan ki\u015finin do\u011fum belgesi de dahil olmak \u00fczere;<\/li>\n<li>\u0130talya\u2019dan g\u00f6\u00e7 eden ceddin evlilik belgesi; e\u011fer yurt d\u0131\u015f\u0131nda d\u00fczenlenmi\u015fse resmi \u0130talyanca terc\u00fcmesi ile birlikte;<\/li>\n<li>Ceddin soyundan gelenlerin evlilik belgeleri, do\u011frudan soy hatt\u0131ndaki ki\u015filerin belgeleri de dahil olmak \u00fczere;<\/li>\n<li>G\u00f6\u00e7 edilen yabanc\u0131 \u00fclkenin yetkili makamlar\u0131ndan al\u0131nan ve resmi \u0130talyanca terc\u00fcmesi ile birlikte sunulan, g\u00f6\u00e7 eden \u0130talyan ceddin ilgili yabanc\u0131 devlet vatanda\u015fl\u0131\u011f\u0131n\u0131, ilgili ki\u015finin ceddin do\u011fumundan \u00f6nce edinmedi\u011fini belgeleyen sertifika;<\/li>\n<li>\u0130lgili ki\u015finin do\u011frudan soyundaki cetleri ile vatanda\u015fl\u0131k talebinde bulunan ki\u015finin, 13 Haziran 1912 tarihli ve 555 say\u0131l\u0131 yasan\u0131n 7. maddesi uyar\u0131nca vatanda\u015fl\u0131ktan hi\u00e7 vazge\u00e7mediklerini belgeleyen yetkili \u0130talyan konsolosluk makamlar\u0131ndan al\u0131nan sertifika;<\/li>\n<li>\u0130kametgah belgesi.<\/li>\n<\/ol>\n<ul>\n<li>Yeni mevzuat\u0131n \u00f6ng\u00f6rd\u00fc\u011f\u00fc \u00fczere, ayr\u0131ca a\u015fa\u011f\u0131daki belgelerin sunulmas\u0131 gerekmektedir:<\/li>\n<li>\u0130talyan vatanda\u015fl\u0131\u011f\u0131n\u0131n tek ve m\u00fcnhas\u0131ran sahipli\u011fini belgelemek amac\u0131yla (\u00f6rnek olarak):\n<ul>\n<li>Vatanda\u015fl\u0131k negatif belgeleri (vatanda\u015f olmad\u0131\u011f\u0131n\u0131 g\u00f6steren belgeler);<\/li>\n<li>Vatanda\u015fl\u0131ktan vazge\u00e7me belgeleri;<\/li>\n<li>Se\u00e7men listesine kay\u0131tl\u0131 olmad\u0131\u011f\u0131n\u0131 g\u00f6steren belgeler;<\/li>\n<\/ul>\n<\/li>\n<li>\u0130talya\u2019da en az iki y\u0131l kesintisiz ikamet etti\u011fini belgelemek i\u00e7in:\n<ul>\n<li>Tarih\u00e7eli vatanda\u015fl\u0131k sertifikas\u0131.<\/li>\n<\/ul>\n<\/li>\n<\/ul>\n<p>&#8212;<\/p>\n<p>Sa\u011fdaki ba\u011flant\u0131lar arac\u0131l\u0131\u011f\u0131yla, \u0130talyan vatanda\u015fl\u0131\u011f\u0131n\u0131 edinilmesine ili\u015fkin di\u011fer hususi usullere ili\u015fkin bilgilere eri\u015fmek m\u00fcmk\u00fcnd\u00fcr:<\/p>\n<ul>\n<li><a href=\"https:\/\/ambankara.esteri.it\/tr\/servizi-consolari-e-visti\/servizi-per-il-cittadino-straniero\/cittadinanza-2\/acquisto-della-cittadinanza-per-beneficio-di-legge-figli-minori-nati-allestero\/\">&#8220;Yasal hak yoluyla&#8221; vatanda\u015fl\u0131k verilmesi (Yurt d\u0131\u015f\u0131nda do\u011fmu\u015f re\u015fit olmayan \u00e7ocuklar i\u00e7in)<\/a><\/li>\n<li><a href=\"https:\/\/ambankara.esteri.it\/tr\/servizi-consolari-e-visti\/servizi-per-il-cittadino-straniero\/cittadinanza-2\/acquisto-della-cittadinanza-di-figli-minori-conviventi-con-genitore-non-cittadino-dalla-nascita\/\">Do\u011fum itibar\u0131 ile vatanda\u015f olmayan bir ebeveynle ya\u015fayan \u00e7ocuklar\u0131n vatanda\u015fl\u0131k almas\u0131<\/a><\/li>\n<li><a href=\"https:\/\/ambankara.esteri.it\/tr\/servizi-consolari-e-visti\/servizi-per-il-cittadino-straniero\/cittadinanza-2\/riacquisto-della-cittadinanza\/\">Yeniden vatanda\u015fl\u0131k alma<\/a><\/li>\n<li><a href=\"https:\/\/ambankara.esteri.it\/tr\/servizi-consolari-e-visti\/servizi-per-il-cittadino-straniero\/cittadinanza-2\/cittadinanza-per-matrimonio-o-unione-civile\/\">Evlilik veya medeni birliktelik yoluyla telsik alma<\/a><\/li>\n<li><a href=\"https:\/\/ambankara.esteri.it\/tr\/servizi-consolari-e-visti\/servizi-per-il-cittadino-straniero\/cittadinanza-2\/riconoscimento-in-base-a-leggi-speciali\/\">\u00d6zel kanunlar temelinde vatanda\u015fl\u0131k hakk\u0131n\u0131n tan\u0131nmas\u0131<\/a><\/li>\n<li><a href=\"https:\/\/ambankara.esteri.it\/tr\/servizi-consolari-e-visti\/servizi-per-il-cittadino-straniero\/cittadinanza-2\/certificato-di-non-rinuncia\/\">\u201cFeragat etmeme\u2019\u2019 belgesi<\/a><\/li>\n<\/ul>\n<p>&nbsp;<\/p>\n<p>&nbsp;<\/p>\n","protected":false},"excerpt":{"rendered":"28 Mart 2025 tarihli ve 36 say\u0131l\u0131 Kanun H\u00fckm\u00fcnde Kararname, de\u011fi\u015fiklikler yap\u0131larak 23 May\u0131s 2025 tarihli ve 74 say\u0131l\u0131 yasa ile kanunla\u015fm\u0131\u015f ve 24 May\u0131s 2025 tarihinde y\u00fcr\u00fcrl\u00fc\u011fe girmi\u015ftir. D\u00f6n\u00fc\u015ft\u00fcrme yasas\u0131, 5 \u015eubat 1992 tarihli ve 91 say\u0131l\u0131 yasay\u0131 reforme etmektedir. Yasan\u0131n tam metnine a\u015fa\u011f\u0131daki ba\u011flant\u0131dan ula\u015f\u0131labilmektedir. Bilhassa yeni Madde 3-bis&#8216;e dikkat \u00e7ekilmektedir: \u0130\u015fbu yasan\u0131n [&hellip;]","protected":false},"author":3,"featured_media":0,"parent":6684,"menu_order":1,"comment_status":"closed","ping_status":"closed","template":"","meta":{"footnotes":""},"class_list":["post-277","page","type-page","status-publish","hentry"],"_links":{"self":[{"href":"https:\/\/ambankara.esteri.it\/tr\/wp-json\/wp\/v2\/pages\/277","targetHints":{"allow":["GET"]}}],"collection":[{"href":"https:\/\/ambankara.esteri.it\/tr\/wp-json\/wp\/v2\/pages"}],"about":[{"href":"https:\/\/ambankara.esteri.it\/tr\/wp-json\/wp\/v2\/types\/page"}],"author":[{"embeddable":true,"href":"https:\/\/ambankara.esteri.it\/tr\/wp-json\/wp\/v2\/users\/3"}],"replies":[{"embeddable":true,"href":"https:\/\/ambankara.esteri.it\/tr\/wp-json\/wp\/v2\/comments?post=277"}],"version-history":[{"count":5,"href":"https:\/\/ambankara.esteri.it\/tr\/wp-json\/wp\/v2\/pages\/277\/revisions"}],"predecessor-version":[{"id":6741,"href":"https:\/\/ambankara.esteri.it\/tr\/wp-json\/wp\/v2\/pages\/277\/revisions\/6741"}],"up":[{"embeddable":true,"href":"https:\/\/ambankara.esteri.it\/tr\/wp-json\/wp\/v2\/pages\/6684"}],"wp:attachment":[{"href":"https:\/\/ambankara.esteri.it\/tr\/wp-json\/wp\/v2\/media?parent=277"}],"curies":[{"name":"wp","href":"https:\/\/api.w.org\/{rel}","templated":true}]}}