{"id":274,"date":"2023-05-01T08:01:58","date_gmt":"2023-05-01T06:01:58","guid":{"rendered":"https:\/\/ambankara.esteri.it\/servizi-consolari-e-visti\/servizi-per-il-cittadino-italiano\/codice-fiscale\/"},"modified":"2025-06-17T16:21:41","modified_gmt":"2025-06-17T14:21:41","slug":"codice-fiscale","status":"publish","type":"page","link":"https:\/\/ambankara.esteri.it\/tr\/servizi-consolari-e-visti\/servizi-per-il-cittadino-italiano\/codice-fiscale\/","title":{"rendered":"Vergi numaras\u0131 (codice fiscale)"},"content":{"rendered":"<p>&nbsp;<\/p>\n<ol>\n<li><strong>Nedir?<\/strong><\/li>\n<li><strong>Ne i\u015fe yarar?<\/strong><\/li>\n<li><strong>Nas\u0131l talep edilir?\n<p><\/strong><\/li>\n<\/ol>\n<ol>\n<li><strong> Nedir?<\/strong><\/li>\n<\/ol>\n<p>Vergi numaras\u0131, Agenzia delle Entrate (Gelir \u0130daresi) taraf\u0131ndan vatanda\u015f\u0131n (\u0130talyan veya yabanc\u0131), \u0130talyan kamu idareleri, \u00f6zel ki\u015filer ve t\u00fczel ki\u015filer ile olan ili\u015fkilerinde kimli\u011fini tespit etmek i\u00e7in verilen harf ve rakamlardan olu\u015fan bir koddur. Ger\u00e7ek ki\u015filer i\u00e7in vergi numaras\u0131, n\u00fcfus bilgileri esas al\u0131narak belirlenmektedir.<\/p>\n<ol start=\"2\">\n<li><strong> Ne i\u015fe yarar?<\/strong><\/li>\n<\/ol>\n<p>Herhangi bir idari y\u00fck\u00fcml\u00fcl\u00fc\u011f\u00fc (vergi, har\u00e7, bedel vb. \u00f6demesi) yerine getirirken veya akd\u00ee faaliyette (miras kabul\u00fc, kamu veya \u00f6zel kurulu\u015flarla yap\u0131lan s\u00f6zle\u015fmeler, finansman talebi, sponsorluk, gayrimenkul kiralamas\u0131 veya kullan\u0131m hakk\u0131n\u0131n verilmesi vb.) bulunurken faaliyete konu ki\u015finin vergi numaras\u0131n\u0131 ibraz etmesi gerekir.<\/p>\n<ol start=\"3\">\n<li><strong> Nas\u0131l talep edilir? <\/strong><\/li>\n<\/ol>\n<p><strong>Yurt d\u0131\u015f\u0131nda ikamet eden \u0130talyan vatanda\u015flar\u0131<\/strong>, 17 May\u0131s 2001 tarih ve 281 say\u0131l\u0131 Bakanl\u0131k Uygulama Kararnamesi\u2019nin 1. maddesi uyar\u0131nca \u0130talya&#8217;daki Gelir \u0130daresi ofislerinin geni\u015f yap\u0131lanmas\u0131 ve yayg\u0131n da\u011f\u0131l\u0131m\u0131 dikkate al\u0131nd\u0131\u011f\u0131nda vergi numaralar\u0131n\u0131<strong>, do\u011frudan \u0130talya geneline konu\u015flanm\u0131\u015f Gelir \u0130daresi ofislerinin<\/strong> yan\u0131 s\u0131ra <strong>Konsolosluk Ofisi arac\u0131l\u0131\u011f\u0131yla<\/strong> talep edebilirler.<\/p>\n<p><strong>\u0130talya&#8217;da ikamet etmeyen yabanc\u0131 uyruklu vatanda\u015flar,<\/strong> Vergi Numaras\u0131 talep formunu do\u011frudan \u0130talya genelinde bulunan Gelir \u0130daresi ofislerine sunmas\u0131 i\u00e7in hususi olarak bir ki\u015fiyi <strong>yetkilendirebilirler.<\/strong><\/p>\n<p><strong><u>AIERE\u2019YE KAYITLI YURT DI\u015eINDA \u0130KAMET EDEN \u0130TALYAN VATANDA\u015eLARI<\/u><\/strong><\/p>\n<p>AIRE&#8217;ye kay\u0131tl\u0131 re\u015fit \u0130talyan vatanda\u015flar\u0131, \u00e7evrim i\u00e7i Fast It portal\u0131 \u00fczerinden ilgili hizmete eri\u015ferek ve y\u00f6nergeleri izleyerek kendileri ve re\u015fit olmayan \u00e7ocuklar\u0131 i\u00e7in <strong>vergi numaras\u0131 talep edebilirler<\/strong>. \u0130\u015flemin tamamlanmas\u0131n\u0131n ard\u0131ndan, vergi numaras\u0131 belgesi, yine <strong>Fast It<\/strong> portal\u0131 \u00fczerinden indirilebilecektir.<\/p>\n<p><strong><em>Nas\u0131l?<\/em><\/strong><\/p>\n<ol>\n<li>Fast It Portal\u0131na eri\u015fin;<\/li>\n<li>\u201cAnagrafe Consolare e AIRE\u201d (Konsolosluk Sicili ve AIRE) ve ard\u0131ndan \u201cAttribuzione Codice Fiscale\u201d (Vergi Numaras\u0131 Tahsisi) \u00fczerine t\u0131klay\u0131n;<\/li>\n<li>Bilgileri onaylay\u0131n ve ard\u0131ndan talep olu\u015fturun;<\/li>\n<li>Talebiniz Konsolosluk taraf\u0131ndan i\u015fleme al\u0131nd\u0131ktan sonra Vergi Numaras\u0131 belgesini kendiniz indirebileceksiniz (download i\u015fleviyle).<\/li>\n<\/ol>\n<p><strong><em>Vergi Numaras\u0131 tahsis belgesini indiremezseniz:<\/em><\/strong><\/p>\n<ol>\n<li><a href=\"https:\/\/serviziconsolari.esteri.it\/#_blank\">\u00a0FAST IT<\/a><u> portal\u0131<\/u> \u00fczerinden kaydolun veya etkin bir hesab\u0131n\u0131z varsa eri\u015fim sa\u011flay\u0131n;<\/li>\n<li>\u201cAnagrafe Consolare e AIRE\u201d (Konsolosluk Sicili ve AIRE) ve ard\u0131ndan \u201cVisualizzare la propria scheda anagrafica\u201d (Ki\u015fisel sicil bilgilerini g\u00f6r\u00fcnt\u00fcle) \u00fczerine t\u0131klayarak \u201cAssociazione Online\u201d (\u00c7evrim \u0130\u00e7i E\u015fle\u015ftirme) talebinde bulunun.<\/li>\n<li>E-postan\u0131za e\u015fle\u015fmenin ger\u00e7ekle\u015fti\u011fine dair bir e-posta g\u00f6nderilecektir.<\/li>\n<li>Yeniden portala giri\u015f yap\u0131n ve belgeyi indirin.<\/li>\n<\/ol>\n<p>AIRE&#8217;ye kay\u0131tl\u0131 olup h\u00e2lihaz\u0131rda vergi numaras\u0131 olan re\u015fit vatanda\u015flar, \u00e7evrim i\u00e7i Fast It portal\u0131 \u00fczerinden ilgili hizmete eri\u015ferek ve vergi numaras\u0131 talep etmek i\u00e7in verilen y\u00f6nergeleri izleyerek <strong>vergi numaras\u0131 belgelerini do\u011frudan kendileri indirebilirler<\/strong>. Bu durumda, belge d\u00fczenlemesi konusunda Konsoloslu\u011fun m\u00fcdahalesine gerek kalmayacakt\u0131r.<\/p>\n<p>Vergi kimlik kart\u0131 da almak isteyenlerin, kimlik fotokopisi ile birlikte ilgili formu ibraz ederek vergi numaras\u0131 ve vergi kimlik kart\u0131 talep etmeleri gerekmektedir.<\/p>\n<p>K\u00e2\u011f\u0131t belge veya plastik kart\u0131n kaybolmas\u0131 veya zarar g\u00f6rmesi halinde, vergi numaras\u0131 tahsisi ad\u0131m\u0131ndaki ayn\u0131 y\u00f6ntemlerle birer suret talep edilebilir.<\/p>\n<p><strong><u>AIRE&#8217;YE KAYITLI OLMAYAN \u0130TALYAN VATANDA\u015eLARI <\/u><\/strong><\/p>\n<p>AIRE&#8217;ye kay\u0131tl\u0131 olmayan \u0130talyan vatanda\u015flar\u0131, vergi numaras\u0131n\u0131 do\u011frudan \u0130talya genelinde bulunan Gelir \u0130daresi ofislerinden, \u015fahsen veya vekaleten talep etmek durumundad\u0131r.<\/p>\n<p><strong><u>\u0130TALYA&#8217;DA \u0130KAMET ETMEYEN YABANCI UYRUKLU VATANDA\u015eLAR<\/u><\/strong><\/p>\n<p>\u0130talya&#8217;da ikamet etmeyen yabanc\u0131 uyruklu vatanda\u015flar, 17 May\u0131s 2001 tarih ve 281 say\u0131l\u0131 Bakanl\u0131k Uygulama Kararnamesi\u2019nin 1. maddesi uyar\u0131nca Vergi Numaras\u0131 talep formunu do\u011frudan \u0130talya genelinde bulunan Gelir \u0130daresi ofislerine sunmas\u0131 i\u00e7in hususi olarak bir ki\u015fiyi <strong>yetkilendirmelidir<\/strong>. Gelir \u0130daresi ofislerinin adresleri <a href=\"http:\/\/www.agenziaentrate.it\">www.agenziaentrate.it<\/a> web sitesinde bulunabilir.<\/p>\n<p>Yabanc\u0131 uyruklu ki\u015fi Vergi Numaras\u0131n\u0131, yaln\u0131zca vergi numaras\u0131n\u0131n \u00e7evrim i\u00e7i ger\u00e7ekle\u015ftirilecek prosed\u00fcrler veya istisnai durumlar i\u00e7in gerekli olmas\u0131 halinde <strong>Konsolosluk Ofisinden<\/strong> talep edebilir.<\/p>\n<p>\u00dcniversiteye \u00f6n kay\u0131t i\u00e7in vergi numaras\u0131na ihtiya\u00e7 duyan <strong>\u00f6\u011frenciler<\/strong>, \u00f6n kay\u0131t ba\u015fvurusu s\u0131ras\u0131nda <strong>UNIVERSITALY Portal\u0131<\/strong> \u00fczerinden bu numaray\u0131 otomatik olarak alabilirler.<\/p>\n<p>Vergi Numaras\u0131 tahsisi \u015fu \u015fekilde yap\u0131l\u0131r: AB d\u0131\u015f\u0131ndan gelen \u00f6\u011frenciler i\u00e7in oturum izni ba\u015fvurusu s\u0131ras\u0131nda G\u00f6\u00e7menlik Masas\u0131 (Sportello Unico dell\u2019Immigrazione) veya Emniyet M\u00fcd\u00fcrl\u00fc\u011f\u00fc&#8217;nde (Questura); AB \u00f6\u011frencileri i\u00e7in AA4\/8 formunun ibraz\u0131yla Gelir \u0130daresi\u2019nde (Agenzia delle Entrate).<\/p>\n<p><strong>\u0130talya&#8217;da gayrimenkul sat\u0131n almak veya di\u011fer ticari\/finansal faaliyetlerde bulunmak i\u00e7in vergi numaras\u0131na ihtiya\u00e7 duyan yabanc\u0131 uyruklu vatanda\u015flar<\/strong>, Gelir \u0130daresi&#8217;nden kendi adlar\u0131na vergi numaras\u0131 talep etmesi i\u00e7in bir temsilci atayabilirler.<\/p>\n<p><strong>\u0130talya&#8217;da kalmay\u0131 planlayan AB d\u0131\u015f\u0131 \u00fclkelerin vatanda\u015flar\u0131na<\/strong> vergi numaras\u0131 tahsisi \u015fu \u015fekilde yap\u0131l\u0131r:<\/p>\n<p>&#8211; Her ilde bulunan ve \u00e7al\u0131\u015fma veya aile birle\u015fimi amac\u0131yla oturum izni talep eden yabanc\u0131 uyruklu vatanda\u015flara giri\u015f izinleri (nulla osta) verme konusunda yetkili olan G\u00f6\u00e7menlik Masas\u0131 (Sportello unico per l\u2019Immigrazione) taraf\u0131ndan;<\/p>\n<p>&#8211; Di\u011fer oturum izni t\u00fcrlerine ihtiyac\u0131 olan yabanc\u0131 uyruklular i\u00e7in Polis Te\u015fkilat\u0131 birimi olan Emniyet M\u00fcd\u00fcrl\u00fc\u011f\u00fc taraf\u0131ndan.<\/p>\n<p><strong>\u0130talya&#8217;da kalmay\u0131 planlayan AB \u00fclkelerinin vatanda\u015flar\u0131<\/strong>, Gelir \u0130daresi\u2019nin yerel ofisine AA4\/8 formunu ibraz ederek vergi numaras\u0131 talebinde bulunabilirler. Talebin gerek\u00e7eli olmas\u0131 ve ge\u00e7erli bir kimlik belgesiyle (yurt d\u0131\u015f\u0131na \u00e7\u0131k\u0131\u015fa uygun pasaport veya kimlik belgesi) birlikte ibraz edilmesi gerekmektedir.<\/p>\n<p><strong>\u0130talya&#8217;da hukuki bir s\u00fcre\u00e7 ba\u015flatmak <\/strong>i\u00e7in vergi numaras\u0131na ihtiya\u00e7 duyan yabanc\u0131 uyruklu vatanda\u015f, vekalet verdi\u011fi avukata sa\u011flad\u0131\u011f\u0131 yetkiler aras\u0131na, Gelir \u0130daresi\u2019nin herhangi bir b\u00fcrosundan vergi numaras\u0131 talep etme yetkisini de dahil edebilir; Gelir \u0130daresi ofislerinin adreslerine <a href=\"http:\/\/www.agenziaentrate.it\">www.agenziaentrate.it<\/a> internet adresinden ula\u015fabilir.<\/p>\n","protected":false},"excerpt":{"rendered":"&nbsp; Nedir? Ne i\u015fe yarar? Nas\u0131l talep edilir? Nedir? Vergi numaras\u0131, Agenzia delle Entrate (Gelir \u0130daresi) taraf\u0131ndan vatanda\u015f\u0131n (\u0130talyan veya yabanc\u0131), \u0130talyan kamu idareleri, \u00f6zel ki\u015filer ve t\u00fczel ki\u015filer ile olan ili\u015fkilerinde kimli\u011fini tespit etmek i\u00e7in verilen harf ve rakamlardan olu\u015fan bir koddur. Ger\u00e7ek ki\u015filer i\u00e7in vergi numaras\u0131, n\u00fcfus bilgileri esas al\u0131narak belirlenmektedir. Ne i\u015fe [&hellip;]","protected":false},"author":3,"featured_media":0,"parent":126,"menu_order":3,"comment_status":"closed","ping_status":"closed","template":"","meta":{"footnotes":""},"class_list":["post-274","page","type-page","status-publish","hentry"],"_links":{"self":[{"href":"https:\/\/ambankara.esteri.it\/tr\/wp-json\/wp\/v2\/pages\/274","targetHints":{"allow":["GET"]}}],"collection":[{"href":"https:\/\/ambankara.esteri.it\/tr\/wp-json\/wp\/v2\/pages"}],"about":[{"href":"https:\/\/ambankara.esteri.it\/tr\/wp-json\/wp\/v2\/types\/page"}],"author":[{"embeddable":true,"href":"https:\/\/ambankara.esteri.it\/tr\/wp-json\/wp\/v2\/users\/3"}],"replies":[{"embeddable":true,"href":"https:\/\/ambankara.esteri.it\/tr\/wp-json\/wp\/v2\/comments?post=274"}],"version-history":[{"count":4,"href":"https:\/\/ambankara.esteri.it\/tr\/wp-json\/wp\/v2\/pages\/274\/revisions"}],"predecessor-version":[{"id":6470,"href":"https:\/\/ambankara.esteri.it\/tr\/wp-json\/wp\/v2\/pages\/274\/revisions\/6470"}],"up":[{"embeddable":true,"href":"https:\/\/ambankara.esteri.it\/tr\/wp-json\/wp\/v2\/pages\/126"}],"wp:attachment":[{"href":"https:\/\/ambankara.esteri.it\/tr\/wp-json\/wp\/v2\/media?parent=274"}],"curies":[{"name":"wp","href":"https:\/\/api.w.org\/{rel}","templated":true}]}}