{"id":271,"date":"2023-05-01T08:01:22","date_gmt":"2023-05-01T06:01:22","guid":{"rendered":"https:\/\/ambankara.esteri.it\/servizi-consolari-e-visti\/servizi-per-il-cittadino-italiano\/servizi-notarili\/"},"modified":"2025-04-08T13:59:03","modified_gmt":"2025-04-08T11:59:03","slug":"servizi-notarili","status":"publish","type":"page","link":"https:\/\/ambankara.esteri.it\/tr\/servizi-consolari-e-visti\/servizi-per-il-cittadino-italiano\/servizi-notarili\/","title":{"rendered":"Noterlik hizmetleri"},"content":{"rendered":"<p>Konsolosluk ofisimiz, <strong>yaln\u0131zca ge\u00e7ici veya daimi olarak yurt d\u0131\u015f\u0131nda bulunan \u0130talyan vatanda\u015flar\u0131na y\u00f6nelik olarak, <\/strong>hukuk sistemimizin \u00f6ng\u00f6rd\u00fc\u011f\u00fc baz\u0131 noterlik g\u00f6revlerini y\u00fcr\u00fctmektedir. Esas itibar\u0131yla resmi evraklar (vek\u00e2letnameler, vasiyetnameler), noter senetleri, \u00f6zel belgelerdeki tasdik ve imzalar ile ilgili i\u015flemler yap\u0131l\u0131r.<\/p>\n<p>Noterlik konular\u0131nda konsoloslu\u011fun yetkileri ile \u0130talya&#8217;da noterlere verilen yetkiler aras\u0131nda baz\u0131 farkl\u0131l\u0131klar bulunmaktad\u0131r (<a href=\"https:\/\/www.esteri.it\/it\/servizi-consolari-e-visti\/italiani-all-estero\/attinotarili\/\">Daha fazla bilgiyi burada bulabilirsiniz<\/a>).<\/p>\n<p>T\u00fcrkiye\u2019de bulunan \u0130talyan vatanda\u015f\u0131, evrak\u0131 yetkili bir noterde onaylatabilir. Bu i\u015flemin ard\u0131ndan, T\u00fcrkiye\u2019nin tasdik mecburiyetini kald\u0131ran 1961 Lahey S\u00f6zle\u015fmesi&#8217;ne taraf olmas\u0131 dolay\u0131s\u0131yla T\u00fcrkiye&#8217;de konuyla ilgili yetkili makamlar olan Valilik\/Kaymakaml\u0131kta belgeye Apostil \u015ferhini ekletmesi gerekir.<\/p>\n<p>Daha fazla bilgi ve randevu i\u00e7in <a href=\"mailto:consolare.ambankara@esteri.it\">consolare.ambankara@esteri.it<\/a> adresinden ofisimizle irtibata ge\u00e7ebilirsiniz.<\/p>\n<p>&nbsp;<\/p>\n<p align=\"justify\">\n","protected":false},"excerpt":{"rendered":"Konsolosluk ofisimiz, yaln\u0131zca ge\u00e7ici veya daimi olarak yurt d\u0131\u015f\u0131nda bulunan \u0130talyan vatanda\u015flar\u0131na y\u00f6nelik olarak, hukuk sistemimizin \u00f6ng\u00f6rd\u00fc\u011f\u00fc baz\u0131 noterlik g\u00f6revlerini y\u00fcr\u00fctmektedir. Esas itibar\u0131yla resmi evraklar (vek\u00e2letnameler, vasiyetnameler), noter senetleri, \u00f6zel belgelerdeki tasdik ve imzalar ile ilgili i\u015flemler yap\u0131l\u0131r. Noterlik konular\u0131nda konsoloslu\u011fun yetkileri ile \u0130talya&#8217;da noterlere verilen yetkiler aras\u0131nda baz\u0131 farkl\u0131l\u0131klar bulunmaktad\u0131r (Daha fazla bilgiyi burada [&hellip;]","protected":false},"author":3,"featured_media":0,"parent":126,"menu_order":8,"comment_status":"closed","ping_status":"closed","template":"","meta":{"footnotes":""},"class_list":["post-271","page","type-page","status-publish","hentry"],"_links":{"self":[{"href":"https:\/\/ambankara.esteri.it\/tr\/wp-json\/wp\/v2\/pages\/271","targetHints":{"allow":["GET"]}}],"collection":[{"href":"https:\/\/ambankara.esteri.it\/tr\/wp-json\/wp\/v2\/pages"}],"about":[{"href":"https:\/\/ambankara.esteri.it\/tr\/wp-json\/wp\/v2\/types\/page"}],"author":[{"embeddable":true,"href":"https:\/\/ambankara.esteri.it\/tr\/wp-json\/wp\/v2\/users\/3"}],"replies":[{"embeddable":true,"href":"https:\/\/ambankara.esteri.it\/tr\/wp-json\/wp\/v2\/comments?post=271"}],"version-history":[{"count":1,"href":"https:\/\/ambankara.esteri.it\/tr\/wp-json\/wp\/v2\/pages\/271\/revisions"}],"predecessor-version":[{"id":6042,"href":"https:\/\/ambankara.esteri.it\/tr\/wp-json\/wp\/v2\/pages\/271\/revisions\/6042"}],"up":[{"embeddable":true,"href":"https:\/\/ambankara.esteri.it\/tr\/wp-json\/wp\/v2\/pages\/126"}],"wp:attachment":[{"href":"https:\/\/ambankara.esteri.it\/tr\/wp-json\/wp\/v2\/media?parent=271"}],"curies":[{"name":"wp","href":"https:\/\/api.w.org\/{rel}","templated":true}]}}