{"id":270,"date":"2023-05-01T08:01:43","date_gmt":"2023-05-01T06:01:43","guid":{"rendered":"https:\/\/ambankara.esteri.it\/servizi-consolari-e-visti\/servizi-per-il-cittadino-italiano\/assistenza-ai-cittadini-allestero\/"},"modified":"2023-10-05T16:11:46","modified_gmt":"2023-10-05T14:11:46","slug":"assistenza-ai-cittadini-allestero","status":"publish","type":"page","link":"https:\/\/ambankara.esteri.it\/tr\/servizi-consolari-e-visti\/servizi-per-il-cittadino-italiano\/assistenza-ai-cittadini-allestero\/","title":{"rendered":"Yurtd\u0131\u015f\u0131ndaki vatanda\u015flara yard\u0131m"},"content":{"rendered":"<p>For complete and updated info click\u00a0<a href=\"https:\/\/www.esteri.it\/it\/servizi-consolari-e-visti\/italiani-all-estero\/assistenzacittadiniestero\/\">here<\/a><\/p>\n<p>Assistance is offered to Italian citizens who become indigent and are, therefore, eligible to receive economic or other aid in order to overcome momentary difficulty.<\/p>\n","protected":false},"excerpt":{"rendered":"For complete and updated info click\u00a0here Assistance is offered to Italian citizens who become indigent and are, therefore, eligible to receive economic or other aid in order to overcome momentary difficulty.","protected":false},"author":3,"featured_media":0,"parent":126,"menu_order":6,"comment_status":"closed","ping_status":"closed","template":"","meta":{"footnotes":""},"class_list":["post-270","page","type-page","status-publish","hentry"],"_links":{"self":[{"href":"https:\/\/ambankara.esteri.it\/tr\/wp-json\/wp\/v2\/pages\/270","targetHints":{"allow":["GET"]}}],"collection":[{"href":"https:\/\/ambankara.esteri.it\/tr\/wp-json\/wp\/v2\/pages"}],"about":[{"href":"https:\/\/ambankara.esteri.it\/tr\/wp-json\/wp\/v2\/types\/page"}],"author":[{"embeddable":true,"href":"https:\/\/ambankara.esteri.it\/tr\/wp-json\/wp\/v2\/users\/3"}],"replies":[{"embeddable":true,"href":"https:\/\/ambankara.esteri.it\/tr\/wp-json\/wp\/v2\/comments?post=270"}],"version-history":[{"count":1,"href":"https:\/\/ambankara.esteri.it\/tr\/wp-json\/wp\/v2\/pages\/270\/revisions"}],"predecessor-version":[{"id":1887,"href":"https:\/\/ambankara.esteri.it\/tr\/wp-json\/wp\/v2\/pages\/270\/revisions\/1887"}],"up":[{"embeddable":true,"href":"https:\/\/ambankara.esteri.it\/tr\/wp-json\/wp\/v2\/pages\/126"}],"wp:attachment":[{"href":"https:\/\/ambankara.esteri.it\/tr\/wp-json\/wp\/v2\/media?parent=270"}],"curies":[{"name":"wp","href":"https:\/\/api.w.org\/{rel}","templated":true}]}}