{"id":265,"date":"2023-05-03T08:01:02","date_gmt":"2023-05-03T06:01:02","guid":{"rendered":"https:\/\/ambankara.esteri.it\/servizi-consolari-e-visti\/servizi-per-il-cittadino-italiano\/passaporti-e-carte-didentita\/"},"modified":"2025-02-05T13:46:55","modified_gmt":"2025-02-05T12:46:55","slug":"passaporti-e-carte-didentita","status":"publish","type":"page","link":"https:\/\/ambankara.esteri.it\/tr\/servizi-consolari-e-visti\/servizi-per-il-cittadino-italiano\/passaporti-e-carte-didentita\/","title":{"rendered":"Pasaportlar"},"content":{"rendered":"<p><strong>PASAPORT<\/strong><\/p>\n<p>Pasaport talebinde bulunacak vatanda\u015flar\u0131n ba\u015fvuru sonras\u0131 i\u015flem s\u00fcrelerini g\u00f6z \u00f6n\u00fcnde bulundurarak, randevu taleplerini seyahat tarihlerinden makul bir s\u00fcre \u00f6ncesinde iletmeleri \u00f6nemle rica olunur.<\/p>\n<p style=\"text-align: justify;\">Pasaport i\u015flemleri ile ilgili t\u00fcm bilgiler MAE\u2019nin resm\u00ee <a href=\"https:\/\/www.esteri.it\/it\/servizi-consolari-e-visti\/italiani-all-estero\/documenti_di_viaggio\/passaporto\/\">internet sitesinde<\/a> mevcuttur.<\/p>\n<p style=\"text-align: justify;\">Pasaport d\u00fczenleme\/yenileme talebinde bulunmak i\u00e7in, Konsolosluk Ofisine <a href=\"mailto:consolare.ambankara@esteri.it\">consolare.ambankara@esteri.it<\/a> adresinden e-posta g\u00f6nderilerek randevu al\u0131nmal\u0131d\u0131r.<\/p>\n<p style=\"text-align: justify;\">Ba\u015fvuru sahibinin ibraz etmesi gereken belgeler:<\/p>\n<ul>\n<li style=\"text-align: justify;\"><a href=\"https:\/\/ambankara.esteri.it\/wp-content\/uploads\/2023\/06\/modulorichiestarilasciopassaporto-1.doc\"><u>Yeti\u015fkinler i\u00e7in pasaport istem formu<\/u><\/a><\/li>\n<li style=\"text-align: justify;\">Mevcut pasaportun 2,3,4 ve 5. sayfalar\u0131n\u0131n fotokopileri<\/li>\n<\/ul>\n<p style=\"text-align: justify;\">Re\u015fit olmayanlar i\u00e7in ibraz edilmesi gereken belgeler:<\/p>\n<ul>\n<li style=\"text-align: justify;\"><a href=\"https:\/\/ambankara.esteri.it\/wp-content\/uploads\/2023\/04\/modulorichiestarilasciopassaportominori1.doc\"><u>Re\u015fit olmayanlar i\u00e7in pasaport istem formu<\/u><\/a> (\u00d6nemli not: 26 Haziran 2012&#8217;den itibaren seyahat eden ve re\u015fit olmayan t\u00fcm \u0130talyan vatanda\u015flar\u0131n\u0131n bireysel bir seyahat belgesine sahip olmalar\u0131 gerekmektedir. Bu nedenle, bu ki\u015filer ebeveynlerinin pasaportlar\u0131na kay\u0131tl\u0131 olsalar bile, bireysel bir pasaporta sahip olmal\u0131 veya -giri\u015f yap\u0131lan \u00fclkelerin ge\u00e7erlili\u011fini kabul etmesi \u015fart\u0131yla- yurt d\u0131\u015f\u0131na \u00e7\u0131k\u0131\u015f i\u00e7in ge\u00e7erli bir kimlik kart\u0131 veya e\u015fde\u011fer ba\u015fka bir belgeye sahip olmal\u0131d\u0131rlar<\/li>\n<li style=\"text-align: justify;\"><a href=\"https:\/\/ambankara.esteri.it\/wp-content\/uploads\/2025\/02\/ATTO-ASSENSO.doc\">Her iki ebeveyn taraf\u0131ndan imzalanm\u0131\u015f muvafakatname<\/a><\/li>\n<li style=\"text-align: justify;\">Mevcut pasaportun 2,3,4 ve 5. Sayfalar\u0131n\u0131n fotokopileri<\/li>\n<\/ul>\n<p><strong>D\u0130KKAT<\/strong> 12-18 ya\u015f aras\u0131 re\u015fit olmayanlar\u0131n randevu g\u00fcn\u00fc B\u00fcy\u00fckel\u00e7ili\u011fe bizzat gitmeleri gerekmektedir. Re\u015fit olmayan 12 ya\u015f\u0131ndan k\u00fc\u00e7\u00fckler de randevu g\u00fcn\u00fc B\u00fcy\u00fckel\u00e7ili\u011fe gitmelidir; alternatif olarak, ebeveyn bir T\u00fcrk Noter taraf\u0131ndan d\u00fczenlenmi\u015f, terc\u00fcme edilmi\u015f ve apostilli bir foto\u011fraf sunabilir.<\/p>\n<p><strong>P<\/strong><strong>ASAPORTUN KAYBOLMASI<\/strong><\/p>\n<p style=\"text-align: justify;\">Acil bir durumda (\u00f6rne\u011fin pasaportun kaybolmas\u0131 veya \u00e7al\u0131nmas\u0131) yeni bir pasaport d\u00fczenleme imkan\u0131 veya zaman\u0131 yoksa Konsolosluk Ofisi \u0130talyan vatanda\u015flar\u0131na ge\u00e7ici bir seyahat belgesi (ETD-Emergency Travel Document) d\u00fczenleyebilir. Bu belge yaln\u0131zca \u0130talya&#8217;ya veya daimi ikamet edilen \u00fclkeye d\u00f6n\u00fc\u015f yolculu\u011fu i\u00e7in ge\u00e7erlidir.<\/p>\n<p style=\"text-align: justify;\">Herhangi bir acil durumda Konsolosluk Ofisiyle ileti\u015fime ge\u00e7ebilirsiniz: <a href=\"mailto:consolare.ambankara@esteri.it\">consolare.ambankara@esteri.it<\/a> , tel. +90 312 4574 200).<\/p>\n<p style=\"text-align: justify;\"><a href=\"https:\/\/www.esteri.it\/it\/servizi-consolari-e-visti\/italiani-all-estero\/documenti_di_viaggio\/etd\/\">Daha fazla bilgi i\u00e7in<\/a><\/p>\n<p style=\"text-align: justify;\">\u00c7al\u0131nan veya kaybolan ve sonradan bulunan pasaportlar ilgili yerel makamlarca Konsolosluk Ofisine iade edilir. Bu nedenle, yak\u0131n zamanda B\u00fcy\u00fckel\u00e7ili\u011fin yetki b\u00f6lgesinde bir kay\u0131p\/h\u0131rs\u0131zl\u0131k olay\u0131 ya\u015fam\u0131\u015f ve pasaportlar\u0131n\u0131n bulunup bulunmad\u0131\u011f\u0131n\u0131 teyit etmek isteyenlerin <u>consolare.ambankara@esteri.it<\/u> adresinden Konsolosluk Ofisi ile ileti\u015fime ge\u00e7meleri rica olunur. Pasaportun sahibine iadesi a\u015fa\u011f\u0131daki \u015fekillerde ger\u00e7ekle\u015fir:<\/p>\n<ul style=\"text-align: justify;\">\n<li>Konsolosluk Ofisinden do\u011frudan teslim alma;<\/li>\n<li>Kargo \u00fccreti ba\u015fvuru sahibi taraf\u0131ndan \u00f6denecek \u015fekilde posta ile g\u00f6nderim.<\/li>\n<\/ul>\n<p style=\"text-align: justify;\">\u00c7al\u0131nan veya kaybolan pasaportlar, yerel makamlarca iade edildikleri tarihten itibaren en fazla bir y\u0131l s\u00fcreyle Konsolosluk Ofisinde muhafaza edilir. Bu s\u00fcrede belgelerin yasal sahipleri taraf\u0131ndan iadeleri talep edilmezse sahiplerine ayr\u0131ca bir uyar\u0131 yap\u0131lmadan pasaportlar imha edilir.<\/p>\n","protected":false},"excerpt":{"rendered":"PASAPORT Pasaport talebinde bulunacak vatanda\u015flar\u0131n ba\u015fvuru sonras\u0131 i\u015flem s\u00fcrelerini g\u00f6z \u00f6n\u00fcnde bulundurarak, randevu taleplerini seyahat tarihlerinden makul bir s\u00fcre \u00f6ncesinde iletmeleri \u00f6nemle rica olunur. Pasaport i\u015flemleri ile ilgili t\u00fcm bilgiler MAE\u2019nin resm\u00ee internet sitesinde mevcuttur. Pasaport d\u00fczenleme\/yenileme talebinde bulunmak i\u00e7in, Konsolosluk Ofisine consolare.ambankara@esteri.it adresinden e-posta g\u00f6nderilerek randevu al\u0131nmal\u0131d\u0131r. Ba\u015fvuru sahibinin ibraz etmesi gereken belgeler: Yeti\u015fkinler [&hellip;]","protected":false},"author":3,"featured_media":0,"parent":126,"menu_order":1,"comment_status":"closed","ping_status":"closed","template":"","meta":{"footnotes":""},"class_list":["post-265","page","type-page","status-publish","hentry"],"_links":{"self":[{"href":"https:\/\/ambankara.esteri.it\/tr\/wp-json\/wp\/v2\/pages\/265","targetHints":{"allow":["GET"]}}],"collection":[{"href":"https:\/\/ambankara.esteri.it\/tr\/wp-json\/wp\/v2\/pages"}],"about":[{"href":"https:\/\/ambankara.esteri.it\/tr\/wp-json\/wp\/v2\/types\/page"}],"author":[{"embeddable":true,"href":"https:\/\/ambankara.esteri.it\/tr\/wp-json\/wp\/v2\/users\/3"}],"replies":[{"embeddable":true,"href":"https:\/\/ambankara.esteri.it\/tr\/wp-json\/wp\/v2\/comments?post=265"}],"version-history":[{"count":3,"href":"https:\/\/ambankara.esteri.it\/tr\/wp-json\/wp\/v2\/pages\/265\/revisions"}],"predecessor-version":[{"id":5737,"href":"https:\/\/ambankara.esteri.it\/tr\/wp-json\/wp\/v2\/pages\/265\/revisions\/5737"}],"up":[{"embeddable":true,"href":"https:\/\/ambankara.esteri.it\/tr\/wp-json\/wp\/v2\/pages\/126"}],"wp:attachment":[{"href":"https:\/\/ambankara.esteri.it\/tr\/wp-json\/wp\/v2\/media?parent=265"}],"curies":[{"name":"wp","href":"https:\/\/api.w.org\/{rel}","templated":true}]}}