{"id":2619,"date":"2023-12-08T13:52:24","date_gmt":"2023-12-08T12:52:24","guid":{"rendered":"https:\/\/ambankara.esteri.it\/servizi-consolari-e-visti\/servizi-per-il-cittadino-italiano\/carta-didentita-elettronica-cie\/"},"modified":"2024-01-26T14:06:34","modified_gmt":"2024-01-26T13:06:34","slug":"carta-didentita-elettronica-cie","status":"publish","type":"page","link":"https:\/\/ambankara.esteri.it\/tr\/servizi-consolari-e-visti\/servizi-per-il-cittadino-italiano\/carta-didentita-elettronica-cie\/","title":{"rendered":"Elektronik Kimlik Kart\u0131 (Carta d\u2019Identit\u00e0 Elettronica)"},"content":{"rendered":"<p><strong>Elektronik Kimlik kart\u0131, yaln\u0131zca Ankara \u0130talya B\u00fcy\u00fckel\u00e7ili\u011fi&#8217;nin yetki b\u00f6lgesinde ikamet eden, konsolosluk n\u00fcfus siciline kayd\u0131 yap\u0131lm\u0131\u015f ve ki\u015fisel verileri \u0130\u00e7i\u015fleri Bakanl\u0131\u011f\u0131&#8217;n\u0131n A.I.R.E. (Yurtd\u0131\u015f\u0131nda \u0130kamet Eden \u0130talyanlar N\u00fcfus K\u00fct\u00fc\u011f\u00fc &#8211; <em>Anagrafe degli Italiani Residenti all&#8217;Estero<\/em>) (ve gelecekte ANPR) veri taban\u0131nda bulunan \u0130talyan vatanda\u015flar\u0131na verilebilir.<\/strong><\/p>\n<p>Kimlik kart\u0131 d\u00fczenlenebilmesi i\u00e7in ayr\u0131ca, onaylanm\u0131\u015f bir vergi numaras\u0131na (<em>Codice Fiscale<\/em>) sahip olunmas\u0131 gerekmektedir. Aksi takdirde vergi numaras\u0131, kimlik kart\u0131n\u0131n d\u00fczenlenmesinden \u00f6nce konsolosluk ofisi arac\u0131l\u0131\u011f\u0131yla Agenzia delle Entrate taraf\u0131ndan tahsis edilecek veya onaylanacakt\u0131r.<\/p>\n<p><strong>1. Ge\u00e7erlilik s\u00fcreleri<\/strong><\/p>\n<p>Kimlik kart\u0131n\u0131n ge\u00e7erlilik s\u00fcresi sahibinin ya\u015f\u0131na g\u00f6re de\u011fi\u015fmektedir:<\/p>\n<ul>\n<li>3 ya\u015f\u0131ndan k\u00fc\u00e7\u00fckler i\u00e7in 3 y\u0131l<\/li>\n<li>3 ila 18 ya\u015f aras\u0131 re\u015fit olmayanlar i\u00e7in 5 y\u0131l<\/li>\n<li>Re\u015fit vatanda\u015flar i\u00e7in 10 y\u0131l<\/li>\n<\/ul>\n<p><strong>2. Ba\u015fvuru prosed\u00fcr\u00fc<\/strong><\/p>\n<p>Elektronik kimlik kart\u0131 ba\u015fvurusu <a href=\"https:\/\/prenotami.esteri.it\/\">Prenot@mi<\/a> portal\u0131 kullan\u0131larak yap\u0131lmal\u0131d\u0131r.<\/p>\n<p>Talebin yap\u0131ld\u0131\u011f\u0131 g\u00fcn ile randevu i\u00e7in belirlenen tarih aras\u0131nda en az 15 g\u00fcn s\u00fcre bulunmas\u0131 gerekmektedir. Bu s\u00fcre, konsolosluk biriminin n\u00fcfus verilerini kontrol etmesi, kay\u0131tlardaki muhtemel bir tutars\u0131zl\u0131\u011f\u0131 gidermesi ve belgenin d\u00fczenlenmesinin \u00f6n\u00fcnde herhangi bir engel bulunmad\u0131\u011f\u0131n\u0131 do\u011frulamas\u0131 i\u00e7in gereklidir.<\/p>\n<p><strong>Elektronik Kimlik Kart\u0131 ba\u015fvurusunda bulunmak i\u00e7in A.I.R.E.\u2019ye (Yurtd\u0131\u015f\u0131nda \u0130kamet Eden \u0130talyanlar N\u00fcfus K\u00fct\u00fc\u011f\u00fc) kay\u0131t yapt\u0131rman\u0131n zorunlu oldu\u011funu hat\u0131rlat\u0131r\u0131z. <\/strong><\/p>\n<p><strong>3. Randevu ve Gerekli Belgeler<\/strong><\/p>\n<p>Vatanda\u015flar randevuya a\u015fa\u011f\u0131daki belgeleri getirmelidir:<\/p>\n<ul>\n<li>1 biyometrik foto\u011fraf (5 cm. x 6 cm. boyutlar\u0131nda, arka plan\u0131 beyaz)<\/li>\n<li>445\/2000 say\u0131l\u0131 Cumhurba\u015fkanl\u0131\u011f\u0131 Kararnamesi uyar\u0131nca kimlik belgesi. Kimlik belgesine (pasaport ya da kimlik kart\u0131\/n\u00fcfus c\u00fczdan\u0131) sahip olunmamas\u0131 durumunda, ba\u015fvuruda bulunan ki\u015finin iki tan\u0131k ile gelmesi gerekmektedir;<\/li>\n<li>Ba\u015fvuru sahibi 18 ya\u015f\u0131ndan k\u00fc\u00e7\u00fckse her iki ebeveyn taraf\u0131ndan imzalanm\u0131\u015f <a href=\"https:\/\/ambankara.esteri.it\/it\/servizi-consolari-e-visti\/servizi-per-il-cittadino-italiano\/carta-didentita-elettronica-cie\/\">muvafakatname<\/a><\/li>\n<\/ul>\n<p>Randevu esnas\u0131nda Konsolosluk g\u00f6revlisi taraf\u0131ndan ki\u015finin foto\u011fraf\u0131 kaydedilecek, parmak izi ve imzas\u0131 (12 ya\u015f alt\u0131 \u00e7ocuklar hari\u00e7) al\u0131nacakt\u0131r. Bu bilgiler ki\u015finin elektronik kimlik kart\u0131nda yer alan mikro\u00e7ip i\u00e7inde g\u00fcvenli bir \u015fekilde kaydedilecek olup, ba\u015fka bir yerde saklanmayacakt\u0131r.<\/p>\n<p><strong>4. \u00dccret<\/strong><\/p>\n<p>Kimlik kart\u0131 harc\u0131:<\/p>\n<ul>\n<li>\u0130lk defa verilecek elektronik kimlik kart\u0131 veya elektronik kimlik kart\u0131 yenileme i\u00e7in toplam <strong>21,95\u00a0<\/strong>Avro\u2019nun TL kar\u015f\u0131l\u0131\u011f\u0131;<\/li>\n<li>Kimli\u011fin \u00e7al\u0131nmas\u0131 veya kayb\u0131 durumunda yenilenecek elektronik kimlik kartlar\u0131 i\u00e7in <strong>27,11<\/strong> Avro\u2019nun TL kar\u015f\u0131l\u0131\u011f\u0131;<\/li>\n<\/ul>\n<p>\u00d6deme randevu s\u0131ras\u0131nda <strong>nakit olarak<\/strong> yap\u0131lacakt\u0131r. Yukar\u0131da Avro olarak belirtilen mebla\u011f\u0131n T\u00fcrk Liras\u0131 cinsinden kar\u015f\u0131l\u0131\u011f\u0131, Ankara \u0130talyan B\u00fcy\u00fckel\u00e7ili\u011fi taraf\u0131ndan her \u00fc\u00e7 ayda bir belirlenen kur kullan\u0131larak hesaplanacak ve randevu ile birlikte bildirilecektir (<a href=\"https:\/\/ambankara.esteri.it\/it\/servizi-consolari-e-visti\/servizi-per-il-cittadino-italiano\/tariffe-consolari\/\">Konsolosluk Tarifesi)<\/a>.<\/p>\n<p><strong>5. Kimlik Kart\u0131n\u0131n Teslimi <\/strong><\/p>\n<p>Kimlik kart\u0131, Poligrafico e Zecca dello Stato taraf\u0131ndan bas\u0131ld\u0131ktan sonra, ba\u015fvuru sahibinin talep etti\u011fi adrese posta yoluyla g\u00f6nderilir.<\/p>\n<p>Hatal\u0131 adres nedeniyle teslimat\u0131n yap\u0131lamamas\u0131 durumunda zarf, yerel postanede bekletilecek ve daha sonra sahibine iletilmesi i\u00e7in ilgili Konsolosluk Birimine iade edilecektir.<\/p>\n<p><strong>6. Kay\u0131p veya \u00c7al\u0131nt\u0131 Kimliklerin Bulunmas\u0131<\/strong><\/p>\n<p>Yurtd\u0131\u015f\u0131nda \u00e7al\u0131nan veya kaybolan kimlik kartlar\u0131, bulunmalar\u0131 halinde, genellikle olay\u0131n ger\u00e7ekle\u015fti\u011fi yerdeki Konsolosluk Birimine iade edilir.<\/p>\n<p>Bu nedenle, yak\u0131n zamanda yurtd\u0131\u015f\u0131nda bir h\u0131rs\u0131zl\u0131k ya da kay\u0131p olay\u0131 ya\u015fayan ve kimlik kart\u0131n\u0131n bulunup bulunmad\u0131\u011f\u0131n\u0131 kontrol etmek isteyen ki\u015filerin, daha detayl\u0131 bilgi i\u00e7in ilgili Konsolosluk Birimine ba\u015fvurmalar\u0131 rica olunur.<\/p>\n<p>Kimliklerin sahibine iadesi, belgelerin bulundu\u011fu Konsolosluk biriminden a\u015fa\u011f\u0131daki \u015fekillerde yap\u0131labilmektedir:<\/p>\n<ul>\n<li><strong>Konsolosluk birimi gi\u015felerinden;<\/strong><\/li>\n<li><strong>\u0130lgilinin talebi \u00fczerine, posta \u00fccreti al\u0131c\u0131 taraf\u0131ndan kar\u015f\u0131lanmak \u00fczere posta arac\u0131l\u0131\u011f\u0131 ile.<\/strong><\/li>\n<\/ul>\n<p>Konsolosluk taraf\u0131ndan verilen ve yurtd\u0131\u015f\u0131nda \u00e7al\u0131nan veya kaybolan kimlik kartlar\u0131yla ilgili olarak, kart\u0131n bulunmas\u0131 halinde, sahibini bilgilendirme sorumlulu\u011fu Konsolosluk birimlerinindir. Bulundu\u011fu tarihten itibaren bir y\u0131l i\u00e7inde sahibinden herhangi bir iade talebi gelmemesi durumunda, kimlik kart\u0131 imha edilecektir.<\/p>\n<p><a href=\"https:\/\/ambankara.esteri.it\/wp-content\/uploads\/2024\/01\/cie-depliant-.pdf\">Nas\u0131l kullan\u0131l\u0131r?<\/a><\/p>\n<p><a href=\"https:\/\/www.cartaidentita.interno.gov.it\/\">Detayl\u0131 bilgi i\u00e7in<\/a><\/p>\n<p><a href=\"https:\/\/www.esteri.it\/it\/servizi-consolari-e-visti\/normativa_consolare\/serviziconsolari\/documenti_di_viaggio\/cartaidentita\/\">Yasal \u00e7er\u00e7eve<\/a><\/p>\n","protected":false},"excerpt":{"rendered":"Elektronik Kimlik kart\u0131, yaln\u0131zca Ankara \u0130talya B\u00fcy\u00fckel\u00e7ili\u011fi&#8217;nin yetki b\u00f6lgesinde ikamet eden, konsolosluk n\u00fcfus siciline kayd\u0131 yap\u0131lm\u0131\u015f ve ki\u015fisel verileri \u0130\u00e7i\u015fleri Bakanl\u0131\u011f\u0131&#8217;n\u0131n A.I.R.E. (Yurtd\u0131\u015f\u0131nda \u0130kamet Eden \u0130talyanlar N\u00fcfus K\u00fct\u00fc\u011f\u00fc &#8211; Anagrafe degli Italiani Residenti all&#8217;Estero) (ve gelecekte ANPR) veri taban\u0131nda bulunan \u0130talyan vatanda\u015flar\u0131na verilebilir. Kimlik kart\u0131 d\u00fczenlenebilmesi i\u00e7in ayr\u0131ca, onaylanm\u0131\u015f bir vergi numaras\u0131na (Codice Fiscale) sahip [&hellip;]","protected":false},"author":10,"featured_media":0,"parent":126,"menu_order":0,"comment_status":"closed","ping_status":"closed","template":"","meta":{"footnotes":""},"class_list":["post-2619","page","type-page","status-publish","hentry"],"_links":{"self":[{"href":"https:\/\/ambankara.esteri.it\/tr\/wp-json\/wp\/v2\/pages\/2619","targetHints":{"allow":["GET"]}}],"collection":[{"href":"https:\/\/ambankara.esteri.it\/tr\/wp-json\/wp\/v2\/pages"}],"about":[{"href":"https:\/\/ambankara.esteri.it\/tr\/wp-json\/wp\/v2\/types\/page"}],"author":[{"embeddable":true,"href":"https:\/\/ambankara.esteri.it\/tr\/wp-json\/wp\/v2\/users\/10"}],"replies":[{"embeddable":true,"href":"https:\/\/ambankara.esteri.it\/tr\/wp-json\/wp\/v2\/comments?post=2619"}],"version-history":[{"count":1,"href":"https:\/\/ambankara.esteri.it\/tr\/wp-json\/wp\/v2\/pages\/2619\/revisions"}],"predecessor-version":[{"id":2622,"href":"https:\/\/ambankara.esteri.it\/tr\/wp-json\/wp\/v2\/pages\/2619\/revisions\/2622"}],"up":[{"embeddable":true,"href":"https:\/\/ambankara.esteri.it\/tr\/wp-json\/wp\/v2\/pages\/126"}],"wp:attachment":[{"href":"https:\/\/ambankara.esteri.it\/tr\/wp-json\/wp\/v2\/media?parent=2619"}],"curies":[{"name":"wp","href":"https:\/\/api.w.org\/{rel}","templated":true}]}}