{"id":2448,"date":"2024-01-09T12:39:24","date_gmt":"2024-01-09T11:39:24","guid":{"rendered":"https:\/\/ambankara.esteri.it\/servizi-consolari-e-visti\/servizi-per-il-cittadino-italiano\/tariffe-consolari\/"},"modified":"2026-04-01T10:12:48","modified_gmt":"2026-04-01T08:12:48","slug":"tariffe-consolari","status":"publish","type":"page","link":"https:\/\/ambankara.esteri.it\/tr\/servizi-consolari-e-visti\/servizi-per-il-cittadino-italiano\/tariffe-consolari\/","title":{"rendered":"Konsolosluk Tarifeleri"},"content":{"rendered":"<p>\u0130talyan vatanda\u015flar\u0131na ve yabanc\u0131lara sunulan baz\u0131 hizmetler y\u00fcr\u00fcrl\u00fckte olan <a href=\"https:\/\/ambankara.esteri.it\/wp-content\/uploads\/2026\/04\/TABELLA-DIRITTI-CONSOLARI-II-TRIM-2026-TURCO.pdf\">konsolosluk tarifeleri<\/a> uyar\u0131nca \u00fccretlidir.<\/p>\n","protected":false},"excerpt":{"rendered":"\u0130talyan vatanda\u015flar\u0131na ve yabanc\u0131lara sunulan baz\u0131 hizmetler y\u00fcr\u00fcrl\u00fckte olan konsolosluk tarifeleri uyar\u0131nca \u00fccretlidir.","protected":false},"author":10,"featured_media":0,"parent":126,"menu_order":0,"comment_status":"closed","ping_status":"closed","template":"","meta":{"footnotes":""},"class_list":["post-2448","page","type-page","status-publish","hentry"],"_links":{"self":[{"href":"https:\/\/ambankara.esteri.it\/tr\/wp-json\/wp\/v2\/pages\/2448","targetHints":{"allow":["GET"]}}],"collection":[{"href":"https:\/\/ambankara.esteri.it\/tr\/wp-json\/wp\/v2\/pages"}],"about":[{"href":"https:\/\/ambankara.esteri.it\/tr\/wp-json\/wp\/v2\/types\/page"}],"author":[{"embeddable":true,"href":"https:\/\/ambankara.esteri.it\/tr\/wp-json\/wp\/v2\/users\/10"}],"replies":[{"embeddable":true,"href":"https:\/\/ambankara.esteri.it\/tr\/wp-json\/wp\/v2\/comments?post=2448"}],"version-history":[{"count":6,"href":"https:\/\/ambankara.esteri.it\/tr\/wp-json\/wp\/v2\/pages\/2448\/revisions"}],"predecessor-version":[{"id":7515,"href":"https:\/\/ambankara.esteri.it\/tr\/wp-json\/wp\/v2\/pages\/2448\/revisions\/7515"}],"up":[{"embeddable":true,"href":"https:\/\/ambankara.esteri.it\/tr\/wp-json\/wp\/v2\/pages\/126"}],"wp:attachment":[{"href":"https:\/\/ambankara.esteri.it\/tr\/wp-json\/wp\/v2\/media?parent=2448"}],"curies":[{"name":"wp","href":"https:\/\/api.w.org\/{rel}","templated":true}]}}