{"id":209,"date":"2023-05-01T08:40:12","date_gmt":"2023-05-01T06:40:12","guid":{"rendered":"https:\/\/ambankara.esteri.it\/italia-e-turchia\/diplomazia-culturale\/studiare-in-italia\/"},"modified":"2025-05-22T10:56:28","modified_gmt":"2025-05-22T08:56:28","slug":"studiare-in-italia","status":"publish","type":"page","link":"https:\/\/ambankara.esteri.it\/tr\/italia-e-turchia\/diplomazia-culturale\/studiare-in-italia\/","title":{"rendered":"\u0130talya\u2019da e\u011fitim"},"content":{"rendered":"<p>Siz de \u0130talya\u2019da e\u011fitim almak istemez misiniz?\u00a0<a href=\"https:\/\/www.mur.gov.it\/it\">\u00dcniversite ve Ara\u015ft\u0131rma Bakanl\u0131\u011f\u0131<\/a>\u00a0(MUR) her y\u0131l yabanc\u0131 \u00f6\u011frencilerin \u00fcniversite programlar\u0131na eri\u015fimine ili\u015fkin kurallar\u0131 yay\u0131mlar. B\u00fcy\u00fckel\u00e7ilik, idari i\u015flemlerde \u00f6\u011frencilere gerekli yard\u0131m\u0131 sa\u011flamaya haz\u0131rd\u0131r.<\/p>\n<p>\u0130talyan \u00fcniversiteleri, G\u00fczel Sanatlar Akademileri, Konservatuarlar, Uzmanl\u0131k Okullar\u0131 ve di\u011fer programlara kay\u0131t prosed\u00fcrleri ve takvimi hakk\u0131nda a\u015fa\u011f\u0131daki ba\u011flant\u0131lardan bilgi alabilirsiniz:<\/p>\n<p>&gt;\u00a0<a href=\"https:\/\/ambankara.esteri.it\/tr\/italia-e-turchia\/diplomazia-culturale\/studiare-in-italia\/universita\/\">\u00dcniversite kay\u0131tlar\u0131<\/a><\/p>\n<p>&gt;\u00a0<a href=\"https:\/\/studyinitaly.esteri.it\/\">Study in Italy<\/a>\u00a0portal\u0131<\/p>\n<p>&gt; \u00dcniversite ve Ara\u015ft\u0131rma Bakanl\u0131\u011f\u0131 taraf\u0131ndan belirtilen\u00a0<a href=\"https:\/\/www.universitaly.it\/studenti-stranieri\">prosed\u00fcrler<\/a><\/p>\n<p>&gt;\u00a0<a href=\"https:\/\/ambankara.esteri.it\/tr\/servizi-consolari-e-visti\/servizi-per-il-cittadino-straniero\/equipollenza-dei-titoli-di-studio-e-dichiarazioni-di-valore\/\">Diploma denkli\u011fi ve de\u011fer beyan belgesi<\/a><\/p>\n<p>&gt; <a href=\"https:\/\/www.universitaly.it\">Universitaly<\/a><\/p>\n","protected":false},"excerpt":{"rendered":"Siz de \u0130talya\u2019da e\u011fitim almak istemez misiniz?\u00a0\u00dcniversite ve Ara\u015ft\u0131rma Bakanl\u0131\u011f\u0131\u00a0(MUR) her y\u0131l yabanc\u0131 \u00f6\u011frencilerin \u00fcniversite programlar\u0131na eri\u015fimine ili\u015fkin kurallar\u0131 yay\u0131mlar. B\u00fcy\u00fckel\u00e7ilik, idari i\u015flemlerde \u00f6\u011frencilere gerekli yard\u0131m\u0131 sa\u011flamaya haz\u0131rd\u0131r. \u0130talyan \u00fcniversiteleri, G\u00fczel Sanatlar Akademileri, Konservatuarlar, Uzmanl\u0131k Okullar\u0131 ve di\u011fer programlara kay\u0131t prosed\u00fcrleri ve takvimi hakk\u0131nda a\u015fa\u011f\u0131daki ba\u011flant\u0131lardan bilgi alabilirsiniz: &gt;\u00a0\u00dcniversite kay\u0131tlar\u0131 &gt;\u00a0Study in Italy\u00a0portal\u0131 &gt; \u00dcniversite [&hellip;]","protected":false},"author":3,"featured_media":0,"parent":123,"menu_order":3,"comment_status":"closed","ping_status":"closed","template":"","meta":{"footnotes":""},"class_list":["post-209","page","type-page","status-publish","hentry"],"_links":{"self":[{"href":"https:\/\/ambankara.esteri.it\/tr\/wp-json\/wp\/v2\/pages\/209","targetHints":{"allow":["GET"]}}],"collection":[{"href":"https:\/\/ambankara.esteri.it\/tr\/wp-json\/wp\/v2\/pages"}],"about":[{"href":"https:\/\/ambankara.esteri.it\/tr\/wp-json\/wp\/v2\/types\/page"}],"author":[{"embeddable":true,"href":"https:\/\/ambankara.esteri.it\/tr\/wp-json\/wp\/v2\/users\/3"}],"replies":[{"embeddable":true,"href":"https:\/\/ambankara.esteri.it\/tr\/wp-json\/wp\/v2\/comments?post=209"}],"version-history":[{"count":1,"href":"https:\/\/ambankara.esteri.it\/tr\/wp-json\/wp\/v2\/pages\/209\/revisions"}],"predecessor-version":[{"id":6221,"href":"https:\/\/ambankara.esteri.it\/tr\/wp-json\/wp\/v2\/pages\/209\/revisions\/6221"}],"up":[{"embeddable":true,"href":"https:\/\/ambankara.esteri.it\/tr\/wp-json\/wp\/v2\/pages\/123"}],"wp:attachment":[{"href":"https:\/\/ambankara.esteri.it\/tr\/wp-json\/wp\/v2\/media?parent=209"}],"curies":[{"name":"wp","href":"https:\/\/api.w.org\/{rel}","templated":true}]}}