{"id":201,"date":"2023-05-01T08:01:12","date_gmt":"2023-05-01T06:01:12","guid":{"rendered":"https:\/\/ambankara.esteri.it\/italia-e-turchia\/diplomazia-economica\/fare-affari-in-italia\/"},"modified":"2024-08-05T14:47:50","modified_gmt":"2024-08-05T12:47:50","slug":"fare-affari-in-italia","status":"publish","type":"page","link":"https:\/\/ambankara.esteri.it\/tr\/italia-e-turchia\/diplomazia-economica\/fare-affari-in-italia\/","title":{"rendered":"\u0130talya\u2019da i\u015f yapmak"},"content":{"rendered":"<p style=\"text-align: justify;\">\u0130talya d\u00fcnyan\u0131n en b\u00fcy\u00fck sekizinci ekonomisi ve imalat alan\u0131nda Avrupa&#8217;n\u0131n en b\u00fcy\u00fck ikinci \u00fclkesidir. Ayr\u0131ca \u0130talya, T\u00fcrkiye ile ticaretinde Akdeniz b\u00f6lgesinde birinci, Avrupa&#8217;da ise ikinci s\u0131rada yer almaktad\u0131r. Akdeniz&#8217;in merkezinde stratejik bir konuma sahip olan \u0130talya, mekanik, otomotiv, moda ve tasar\u0131m ile tar\u0131msal g\u0131da gibi bir\u00e7ok \u00f6nde gelen sekt\u00f6rde benzersiz bir bilgi birikimine sahiptir.<\/p>\n<p style=\"text-align: justify;\">\u0130talya&#8217;da i\u015f yapmak ile ilgileniyorsan\u0131z, a\u015fa\u011f\u0131daki siteleri ziyaret etmenizi \u00f6neririz:<\/p>\n<p style=\"text-align: justify;\"><a href=\"https:\/\/www.investinitaly.gov.it\/\"><strong>InvestinItaly.gov.it<\/strong><\/a>, \u0130talya&#8217;da 13 stratejik sekt\u00f6rdeki ana yat\u0131r\u0131m f\u0131rsatlar\u0131n\u0131 sunan ve yat\u0131r\u0131mc\u0131lar\u0131n hemen kullanabilece\u011fi 250&#8217;den fazla end\u00fcstriyel alan\u0131n sat\u0131n al\u0131nmas\u0131na y\u00f6nelik te\u015fvikler ve prosed\u00fcrler hakk\u0131nda bilgi veren yeni \u0130ngilizce portald\u0131r.<\/p>\n<p style=\"text-align: justify;\"><a href=\"https:\/\/investorvisa.mise.gov.it\/index.php\/it\/\"><strong>Investor Visa for Italy<\/strong><\/a> 11 Aral\u0131k 2016 tarihli ve 232 say\u0131l\u0131 Kanunla \u00f6ng\u00f6r\u00fclen Investor Visa for Italy, AB vatanda\u015f\u0131 olmayan ki\u015filerin \u0130talya&#8217;da <strong>yat\u0131r\u0131m<\/strong> veya <strong>ba\u011f\u0131\u015f<\/strong> kar\u015f\u0131l\u0131\u011f\u0131nda \u0130talya&#8217;ya giri\u015f yapmalar\u0131na ve uzun s\u00fcre kalmalar\u0131na olanak sa\u011flamaktad\u0131r.<\/p>\n<p style=\"text-align: justify;\"><em>Investor Visa for Italy<\/em>, <strong>d\u00fc\u015f\u00fck yat\u0131r\u0131m e\u015fikleri<\/strong> ve <strong>asgari ikamet \u015fartlar\u0131n\u0131n bulunmamas\u0131<\/strong>, basit bir PEC adresinin belirtilmesinin yeterli olmas\u0131 ile karakterize edilir.<\/p>\n<p style=\"text-align: justify;\">Ba\u015fvuruda bulunmak i\u00e7in, ba\u015fvuru sahipleri, \u0130\u015fletme ve Made in Italy Bakanl\u0131\u011f\u0131 taraf\u0131ndan y\u00f6netilen ve \u0130ngilizce olarak <a href=\"https:\/\/investorvisa.mise.gov.it\/index.php\/en\/\">https:\/\/investorvisa.mise.gov.it\/index.php\/en\/<\/a> adresinden ula\u015f\u0131labilen \u00f6zel portala eri\u015febilirler.<\/p>\n<p style=\"text-align: justify;\">Vize a\u015fa\u011f\u0131daki kategoriler i\u00e7in verilebilmektedir:<\/p>\n<p style=\"text-align: justify;\">&#8211; Kalan vadesi iki y\u0131ldan az olmayan \u0130talyan devlet tahvillerinde 2 milyon Euro;<\/p>\n<p style=\"text-align: justify;\">&#8211; Bir anonim \u015firkete 500.000 Avro;<\/p>\n<p style=\"text-align: justify;\">&#8211; Haftal\u0131k olarak g\u00fcncellenen <a href=\"https:\/\/startup.registroimprese.it\/isin\/home\">https:\/\/startup.registroimprese.it\/isin\/home<\/a> resmi listesinde yer alan yenilik\u00e7i bir start-up&#8217;a 250.000 Avro;<\/p>\n<p style=\"text-align: justify;\">&#8211; K\u00fclt\u00fcr, e\u011fitim, g\u00f6\u00e7 y\u00f6netimi, bilimsel ara\u015ft\u0131rma ve k\u00fclt\u00fcrel ve peyzaj miras\u0131n\u0131n restorasyonu alanlar\u0131nda kamu yarar\u0131na bir projeyi desteklemek \u00fczere en az 1 milyon Avro tutar\u0131nda hay\u0131rseverlik ba\u011f\u0131\u015f\u0131.<\/p>\n<p style=\"text-align: justify;\">Vize sahipleri, iki y\u0131l s\u00fcreyle ge\u00e7erli olan ve yat\u0131r\u0131m devam etti\u011fi s\u00fcrece \u00fc\u00e7 y\u0131ll\u0131k s\u00fcrelerle yenilenebilen bir <strong>yat\u0131r\u0131mc\u0131 oturma izni<\/strong> elde etmektedirler.<\/p>\n<p style=\"text-align: justify;\">Daha fazla bilgi i\u00e7in l\u00fctfen <a href=\"mailto:visti.ambankara@esteri.it\">visti.ambankara@esteri.it<\/a> adresiyle ileti\u015fime ge\u00e7iniz.<\/p>\n<p style=\"text-align: justify;\"><a href=\"https:\/\/italiastartupvisa.mise.gov.it\/#homepage\"><strong>\u0130talya Startup Vizesi<\/strong><\/a>, Ekonomik Kalk\u0131nma Bakanl\u0131\u011f\u0131 taraf\u0131ndan hayata ge\u00e7irilen ve \u00fclkede yenilik\u00e7i bir startup kurmak i\u00e7in AB \u00fcyesi olmayan \u00fclkelerden gelip giri\u015f vizesi almak isteyen t\u00fcm giri\u015fimcilere y\u00f6nelik bir programd\u0131r.<\/p>\n<p style=\"text-align: justify;\"><strong>Referans Kurumlar\u00a0 <\/strong><\/p>\n<p style=\"text-align: justify;\"><a href=\"https:\/\/www.ice.it\/it\"><u><strong>ICE-Agenzia per la promozione all&#8217;estero e l&#8217;internazionalizzazione delle imprese italiane<\/strong><\/u><\/a>, ba\u015fta KOB\u0130&#8217;ler olmak \u00fczere \u0130talyan \u015firketlerinin k\u00fcresel pazara eri\u015fimini kolayla\u015ft\u0131ran \u0130talyan ajans\u0131d\u0131r. Ajans, 79 operasyonel birimden olu\u015fan k\u00fcresel a\u011f\u0131yla, her bir i\u015fletme ve Sistema Italia i\u00e7in \u00f6zelle\u015ftirilmi\u015f yard\u0131m, dan\u0131\u015fmanl\u0131k ve ticari tan\u0131t\u0131m sa\u011flamaktad\u0131r. Faaliyetleri, i\u015f f\u0131rsatlar\u0131, yat\u0131r\u0131mlar ve uluslararas\u0131 ihaleler hakk\u0131nda bilgi sa\u011flayarak uluslararas\u0131 ticareti kolayla\u015ft\u0131rmay\u0131 ve b\u00f6ylece \u00fclkenin ekonomik kalk\u0131nmas\u0131na katk\u0131da bulunmay\u0131 ama\u00e7lamaktad\u0131r.<\/p>\n<p style=\"text-align: justify;\"><a href=\"https:\/\/www.unioncamere.gov.it\/\"><strong><u>Unione delle Camere di Commercio, Industria, Artigianato e Agricoltura<\/u><\/strong><\/a>, yerel, ulusal ve uluslararas\u0131 d\u00fczeyde imalat sekt\u00f6rleri i\u00e7in referans noktas\u0131d\u0131r. Ticaret Odalar\u0131 ve ekonomik kategoriler i\u00e7in hizmetleri te\u015fvik eder ve y\u00f6netir, CCIE a\u011f\u0131 ile i\u015fbirli\u011fini geli\u015ftirir ve AB programlar\u0131na ve uluslararas\u0131 anla\u015fmalara eri\u015fimi kolayla\u015ft\u0131rarak \u0130talya&#8217;y\u0131 ileri teknolojiler vas\u0131tas\u0131 ile d\u00fcnyaya tan\u0131t\u0131r.<\/p>\n<p style=\"text-align: justify;\">Ekonomi ve Maliye Bakanl\u0131\u011f\u0131 taraf\u0131ndan kontrol edilen <a href=\"https:\/\/www.cdp.it\/sitointernet\/it\/homepage.page\"><strong><u>Cassa Depositi e Prestiti<\/u><\/strong><\/a>, ulusal tasarruflar\u0131 ekonomik b\u00fcy\u00fcme i\u00e7in kullan\u0131r. Altyap\u0131 yat\u0131r\u0131mlar\u0131n\u0131 te\u015fvik etmek i\u00e7in uluslararas\u0131 finans kurulu\u015flar\u0131yla i\u015fbirli\u011fi yapmaktad\u0131r. \u0130talyan \u015firketlerinin s\u0131n\u0131r \u00f6tesi geni\u015flemesini desteklemek amac\u0131yla yabanc\u0131 yat\u0131r\u0131mc\u0131larla ili\u015fkileri geli\u015ftirir.<\/p>\n<p style=\"text-align: justify;\"><a href=\"https:\/\/www.sace.it\/\"><strong><u>SACE &#8211; Servizi Assicurativi del Commercio Estero<\/u><\/strong><\/a>: Ekonomi Bakanl\u0131\u011f\u0131 taraf\u0131ndan desteklenen bir ihracat sigorta \u015firketi olup, yurtd\u0131\u015f\u0131ndaki \u0130talyan operat\u00f6rlerin politik, ekonomik ve ticari risklerini kapsamaktad\u0131r. Sigorta teminatlar\u0131na eri\u015fimi kolayla\u015ft\u0131rarak \u0130talyan KOB\u0130&#8217;lerinin ihracat\u0131n\u0131 te\u015fvik etmektedir.<\/p>\n<p style=\"text-align: justify;\"><a href=\"http:\/\/www.simest.it\/\"><strong><u>SIMEST &#8211; Finanziaria di sviluppo e promozione delle imprese italiane all&#8217;estero<\/u><\/strong><\/a>: \u0130talyan h\u00fck\u00fcmeti taraf\u0131ndan kontrol edilen bir \u015firket olup ticaret ve yat\u0131r\u0131m deste\u011fi yoluyla \u0130talyan \u015firketlerinin, \u00f6zellikle de KOB\u0130&#8217;lerin, yurt d\u0131\u015f\u0131ndaki faaliyetlerini te\u015fvik etmekte ve desteklemektedir. \u015eirket yard\u0131m, tavsiye ve mali destek sa\u011flar, risk sermayesi fonlar\u0131n\u0131 y\u00f6netir, faiz s\u00fcbvansiyonlar\u0131 sa\u011flar, fizibilite \u00e7al\u0131\u015fmalar\u0131n\u0131 ve \u0130talyan \u015firketlerinin uluslararas\u0131 geni\u015flemesini kolayla\u015ft\u0131racak di\u011fer giri\u015fimleri finanse etmektedir.<\/p>\n<p style=\"text-align: justify;\">\n<p style=\"text-align: justify;\"><strong>Makroekonomik \u00c7er\u00e7eve\u00a0\u00a0\u00a0 <\/strong><\/p>\n<p style=\"text-align: justify;\"><strong>\u0130talyan ekonomisinin performans\u0131na ili\u015fkin g\u00fcncel verilere a\u015fa\u011f\u0131da listelenen kaynaklardan ula\u015f\u0131labilmektedir.<\/strong><\/p>\n<p style=\"text-align: justify;\">\n<p style=\"text-align: justify;\"><strong>\u0130talya Merkez Bankas\u0131<\/strong><\/p>\n<p style=\"text-align: justify;\"><a href=\"https:\/\/www.bancaditalia.it\/homepage\/index.html?com.dotmarketing.htmlpage.language=102\"><strong>\u0130talya Merkez Bankas\u0131<\/strong><\/a>&#8216; n\u0131n internet sitesinde, \u0130talya ile ilgili ekonomi, istatistik ve para politikas\u0131 hizmetlerine eri\u015filebilecek yay\u0131nlar b\u00f6l\u00fcm\u00fcne bir ba\u011flant\u0131 bulunmaktad\u0131r.<\/p>\n<p style=\"text-align: justify;\">Ulusal ekonomik tablonun do\u011fru ve g\u00fcncel bir \u015fekilde analiz edilmesi amac\u0131yla Enstit\u00fc taraf\u0131ndan her y\u0131l Kas\u0131m ve Mart aylar\u0131nda g\u00fcncellenen Ekonomik B\u00fclten \u00f6zellikle ilgi \u00e7ekicidir.<\/p>\n<p style=\"text-align: justify;\"><strong>ISTAT<\/strong><\/p>\n<p><a href=\"https:\/\/www.istat.it\/\"><strong>Ulusal \u0130statistik Enstit\u00fcs\u00fc<\/strong><\/a>, \u00fclkenin t\u00fcm ekonomik g\u00f6stergelerine ili\u015fkin g\u00fcncel veriler sa\u011flamaktad\u0131r.<\/p>\n<p><strong>Eurostat<\/strong><\/p>\n<p><strong><a href=\"https:\/\/ec.europa.eu\/eurostat?etrans=it\">Avrupa \u0130statistik Enstit\u00fcs\u00fc<\/a><\/strong>, AB \u00fclkelerinin temel ekonomik g\u00f6stergelerine ili\u015fkin g\u00fcncel veriler sa\u011flamaktad\u0131r.<\/p>\n<p>&nbsp;<\/p>\n","protected":false},"excerpt":{"rendered":"\u0130talya d\u00fcnyan\u0131n en b\u00fcy\u00fck sekizinci ekonomisi ve imalat alan\u0131nda Avrupa&#8217;n\u0131n en b\u00fcy\u00fck ikinci \u00fclkesidir. Ayr\u0131ca \u0130talya, T\u00fcrkiye ile ticaretinde Akdeniz b\u00f6lgesinde birinci, Avrupa&#8217;da ise ikinci s\u0131rada yer almaktad\u0131r. Akdeniz&#8217;in merkezinde stratejik bir konuma sahip olan \u0130talya, mekanik, otomotiv, moda ve tasar\u0131m ile tar\u0131msal g\u0131da gibi bir\u00e7ok \u00f6nde gelen sekt\u00f6rde benzersiz bir bilgi birikimine sahiptir. \u0130talya&#8217;da [&hellip;]","protected":false},"author":3,"featured_media":0,"parent":122,"menu_order":4,"comment_status":"closed","ping_status":"closed","template":"","meta":{"footnotes":""},"class_list":["post-201","page","type-page","status-publish","hentry"],"_links":{"self":[{"href":"https:\/\/ambankara.esteri.it\/tr\/wp-json\/wp\/v2\/pages\/201","targetHints":{"allow":["GET"]}}],"collection":[{"href":"https:\/\/ambankara.esteri.it\/tr\/wp-json\/wp\/v2\/pages"}],"about":[{"href":"https:\/\/ambankara.esteri.it\/tr\/wp-json\/wp\/v2\/types\/page"}],"author":[{"embeddable":true,"href":"https:\/\/ambankara.esteri.it\/tr\/wp-json\/wp\/v2\/users\/3"}],"replies":[{"embeddable":true,"href":"https:\/\/ambankara.esteri.it\/tr\/wp-json\/wp\/v2\/comments?post=201"}],"version-history":[{"count":4,"href":"https:\/\/ambankara.esteri.it\/tr\/wp-json\/wp\/v2\/pages\/201\/revisions"}],"predecessor-version":[{"id":4584,"href":"https:\/\/ambankara.esteri.it\/tr\/wp-json\/wp\/v2\/pages\/201\/revisions\/4584"}],"up":[{"embeddable":true,"href":"https:\/\/ambankara.esteri.it\/tr\/wp-json\/wp\/v2\/pages\/122"}],"wp:attachment":[{"href":"https:\/\/ambankara.esteri.it\/tr\/wp-json\/wp\/v2\/media?parent=201"}],"curies":[{"name":"wp","href":"https:\/\/api.w.org\/{rel}","templated":true}]}}