{"id":200,"date":"2023-05-01T08:01:38","date_gmt":"2023-05-01T06:01:38","guid":{"rendered":"https:\/\/ambankara.esteri.it\/italia-e-turchia\/diplomazia-economica\/fare-affari-in-turchia\/"},"modified":"2024-08-05T09:12:59","modified_gmt":"2024-08-05T07:12:59","slug":"fare-affari-in-turchia","status":"publish","type":"page","link":"https:\/\/ambankara.esteri.it\/tr\/italia-e-turchia\/diplomazia-economica\/fare-affari-in-turchia\/","title":{"rendered":"T\u00fcrkiye\u2019de i\u015f yapmak"},"content":{"rendered":"<p>T\u00fcrkiye\u2019de i\u015f f\u0131rsatlar\u0131yla ilgili bilgiler i\u00e7in Info Mercati Esteri sitesinden yola \u00e7\u0131k\u0131lmas\u0131n\u0131 \u00f6nermekteyiz:<\/p>\n<p>\u2022\u00a0<a href=\"http:\/\/www.infomercatiesteri.it\/dove_investire.php?id_paesi=95\">Nereye yat\u0131r\u0131m yapmal\u0131<\/a><\/p>\n<p>\u2022\u00a0<a href=\"http:\/\/www.infomercatiesteri.it\/dove_vendere.php?id_paesi=95\">Ne satmal\u0131<\/a><\/p>\n<p>\u0130talyan bir giri\u015fimcinin T\u00fcrkiye\u2019de operatif veya ticari bir faaliyete ba\u015flamadan \u00f6nce edinmesi gereken, yasal ve vergi ile ilgili y\u00fck\u00fcml\u00fcl\u00fcklerden i\u015f kanununa, yat\u0131r\u0131m prosed\u00fcrlerinden te\u015fviklere T\u00fcrkiye ekonomisi ve mevzuatlar konusunda bilgiler i\u00e7in a\u015fa\u011f\u0131dakilere ba\u015fvurulmas\u0131n\u0131 \u00f6nermekteyiz:<\/p>\n<p>\u2022 <a href=\"https:\/\/www.invest.gov.tr\/tr\/sayfalar\/home-page.aspx\"><span id=\"DeltaPlaceHolderMain\">T.C. Cumhurba\u015fkanl\u0131\u011f\u0131 Yat\u0131r\u0131m Ofisi<\/span><\/a><\/p>\n<p>\u2022\u00a0<a href=\"http:\/\/cronacheeconomiche.com\/\">Cronache Economiche<\/a>, B\u00fcy\u00fckel\u00e7ili\u011fin ekonomi b\u00fclteni<\/p>\n<p>\u2022 <a href=\"https:\/\/www.ice.it\/it\/mercati\/turchia\/istanbul\">ICE (\u0130TALYAN DI\u015e T\u0130CARET VE TANITIM AJANSI)<\/a><\/p>\n<p>\u2022\u00a0<a href=\"https:\/\/extender.esteri.it\/sitoextender\/gare-di-appalto\">Extender<\/a>, \u0130haleler ve B\u00fcy\u00fck projelerle ilgili bilgi Sistemi<\/p>\n<p>&nbsp;<\/p>\n<p><strong>T\u00fcrkiye\u2019ye giri\u015f i\u00e7in gerekli belgeler:<\/strong><\/p>\n<p>Turistik ama\u00e7l\u0131 seyahatlerde 180 g\u00fcnl\u00fck bir periyot i\u00e7erisinde en fazla 90 g\u00fcn s\u00fcreli bir d\u00f6nem i\u00e7in giri\u015f vizesine gerek yoktur. Turizm d\u0131\u015f\u0131 ama\u00e7l\u0131 seyahatlerde ve her hal\u00fckarda 180 g\u00fcnl\u00fck periyot i\u00e7erisinde 90 g\u00fcnden fazla kal\u0131nacak ise vize alma zorunlulu\u011fu vard\u0131r. T\u00fcrkiye&#8217;de ikamet etmek veya \u00e7al\u0131\u015fmak isteyen \u0130talyan vatanda\u015flar\u0131n\u0131n gerekli vizeyi almalar\u0131 gerekmekte ve T\u00fcrkiye&#8217;ye giri\u015f yapt\u0131klar\u0131nda m\u00fcmk\u00fcn olan en k\u0131sa s\u00fcrede ilgili oturma iznini talep etmeleri gerekmektedir.<\/p>\n<p>Daha fazla bilgi i\u00e7in bak\u0131n\u0131z:<\/p>\n<ul>\n<li style=\"text-align: left;\">\u00a0<a class=\"focus--mouse\" href=\"http:\/\/www.viaggiaresicuri.it\/paesi\/dettaglio\/turchia.html?no_cache=1\" data-focus-mouse=\"true\">Viaggiaresicuri<\/a><\/li>\n<li><a class=\"focus--mouse\" href=\"http:\/\/www.mfa.gov.tr\/general-information-about-turkish-visas.en.mfa\" data-focus-mouse=\"true\">Ministero degli Affari esteri turco<\/a><\/li>\n<\/ul>\n","protected":false},"excerpt":{"rendered":"T\u00fcrkiye\u2019de i\u015f f\u0131rsatlar\u0131yla ilgili bilgiler i\u00e7in Info Mercati Esteri sitesinden yola \u00e7\u0131k\u0131lmas\u0131n\u0131 \u00f6nermekteyiz: \u2022\u00a0Nereye yat\u0131r\u0131m yapmal\u0131 \u2022\u00a0Ne satmal\u0131 \u0130talyan bir giri\u015fimcinin T\u00fcrkiye\u2019de operatif veya ticari bir faaliyete ba\u015flamadan \u00f6nce edinmesi gereken, yasal ve vergi ile ilgili y\u00fck\u00fcml\u00fcl\u00fcklerden i\u015f kanununa, yat\u0131r\u0131m prosed\u00fcrlerinden te\u015fviklere T\u00fcrkiye ekonomisi ve mevzuatlar konusunda bilgiler i\u00e7in a\u015fa\u011f\u0131dakilere ba\u015fvurulmas\u0131n\u0131 \u00f6nermekteyiz: \u2022 T.C. Cumhurba\u015fkanl\u0131\u011f\u0131 [&hellip;]","protected":false},"author":3,"featured_media":0,"parent":122,"menu_order":2,"comment_status":"closed","ping_status":"closed","template":"","meta":{"footnotes":""},"class_list":["post-200","page","type-page","status-publish","hentry"],"_links":{"self":[{"href":"https:\/\/ambankara.esteri.it\/tr\/wp-json\/wp\/v2\/pages\/200","targetHints":{"allow":["GET"]}}],"collection":[{"href":"https:\/\/ambankara.esteri.it\/tr\/wp-json\/wp\/v2\/pages"}],"about":[{"href":"https:\/\/ambankara.esteri.it\/tr\/wp-json\/wp\/v2\/types\/page"}],"author":[{"embeddable":true,"href":"https:\/\/ambankara.esteri.it\/tr\/wp-json\/wp\/v2\/users\/3"}],"replies":[{"embeddable":true,"href":"https:\/\/ambankara.esteri.it\/tr\/wp-json\/wp\/v2\/comments?post=200"}],"version-history":[{"count":3,"href":"https:\/\/ambankara.esteri.it\/tr\/wp-json\/wp\/v2\/pages\/200\/revisions"}],"predecessor-version":[{"id":4552,"href":"https:\/\/ambankara.esteri.it\/tr\/wp-json\/wp\/v2\/pages\/200\/revisions\/4552"}],"up":[{"embeddable":true,"href":"https:\/\/ambankara.esteri.it\/tr\/wp-json\/wp\/v2\/pages\/122"}],"wp:attachment":[{"href":"https:\/\/ambankara.esteri.it\/tr\/wp-json\/wp\/v2\/media?parent=200"}],"curies":[{"name":"wp","href":"https:\/\/api.w.org\/{rel}","templated":true}]}}