{"id":1463,"date":"2023-05-24T11:45:06","date_gmt":"2023-05-24T09:45:06","guid":{"rendered":"https:\/\/ambankara.esteri.it\/servizi-consolari-e-visti\/servizi-per-il-cittadino-straniero\/equipollenza-dei-titoli-di-studio-e-dichiarazioni-di-valore\/"},"modified":"2025-07-04T09:20:11","modified_gmt":"2025-07-04T07:20:11","slug":"equipollenza-dei-titoli-di-studio-e-dichiarazioni-di-valore","status":"publish","type":"page","link":"https:\/\/ambankara.esteri.it\/tr\/servizi-consolari-e-visti\/servizi-per-il-cittadino-straniero\/equipollenza-dei-titoli-di-studio-e-dichiarazioni-di-valore\/","title":{"rendered":"Diploma denkli\u011fi ve de\u011fer beyan belgesi"},"content":{"rendered":"<p style=\"text-align: justify;\">Yabanc\u0131 diplomalar \u0130talya\u2019da do\u011frudan tan\u0131nmaz. Bu nedenle, \u0130talya\u2019da kullan\u0131lacak olan diplomalar i\u00e7in <strong>De\u011fer Beyan belgesi (Dichiarazione di Valore\/Declaration of Value) <\/strong>ba\u015fvurusu yap\u0131lmal\u0131d\u0131r. \u0130zlenmesi gereken prosed\u00fcr, diploman\u0131n \u0130talya\u2019da hangi ama\u00e7la kullan\u0131laca\u011f\u0131na (e\u011fitim, \u00e7al\u0131\u015fma, kamu kurumlar\u0131 s\u0131navlar\u0131na giri\u015f veya belirli haklardan faydalanma) ba\u011fl\u0131d\u0131r.<\/p>\n<p style=\"text-align: justify;\">Detayl\u0131 bilgi i\u00e7in Hareketlilik ve E\u015f De\u011ferlik Bilgi Merkezi\u2019nin sitesini (<a href=\"https:\/\/www.cimea.it\/\">CIMEA<\/a>) inceleyiniz.<\/p>\n<p style=\"text-align: justify;\"><strong>\u00d6NEML\u0130: De\u011fer Beyan (denklik)<\/strong> belgesine ihtiya\u00e7 duyan \u00f6\u011frenciler, vize ba\u015fvurusu esnas\u0131nda\u00a0<strong>De\u011fer Beyan belgesi <\/strong>ba\u015fvurular\u0131n\u0131 da <strong>iDATA<\/strong> \u015firketine gerekli belgeleri sunmak kayd\u0131yla yapacaklard\u0131r.<\/p>\n<ol style=\"text-align: justify;\">\n<li><strong><u> L\u0130SE D\u0130PLOMASI \u0130\u00c7\u0130N DE\u011eER BEYAN BELGES\u0130<\/u><\/strong><\/li>\n<\/ol>\n<p style=\"text-align: justify;\">\u00d6ncelikle, \u00f6\u011frencinin \u0130talyan ENIC-NARIC merkezi (<strong>CIMEA<\/strong>) taraf\u0131ndan yabanc\u0131 diploman\u0131n denkli\u011fine ili\u015fkin bir uygunluk belgesi (Statements of Comparability and Verification) alm\u0131\u015f olmas\u0131 durumunda De\u011fer Beyan belgesinin gerekli olmad\u0131\u011f\u0131n\u0131 belirtmek isteriz.<\/p>\n<p style=\"text-align: justify;\">Lise diplomas\u0131na ili\u015fkin De\u011fer Beyan belgesini almak amac\u0131yla a\u015fa\u011f\u0131daki belgelerin ibraz edilmesi gereklidir:<\/p>\n<ul style=\"text-align: justify;\">\n<li><a href=\"https:\/\/www.universitaly.it\">UNIVERSITALY<\/a> portal\u0131ndan \u00e7\u0131kt\u0131s\u0131 al\u0131nacak ve \u00f6\u011frenci taraf\u0131ndan imzal\u0131 olarak ibraz edilecek \u00f6n kay\u0131t formu;<\/li>\n<li>1 adet pasaport fotokopisi;<\/li>\n<li>Kaymakaml\u0131klarda\/Valiliklerde yapt\u0131r\u0131lacak Apostil damgas\u0131 (5 Ekim 1961 Lahey Anla\u015fmas\u0131) ile tasdik edilmi\u015f lise diplomas\u0131n\u0131n asl\u0131 veya noter taraf\u0131ndan \u201cAsl\u0131 gibidir\u201d ibaresiyle tasdiklenmi\u015f fotokopisi.<\/li>\n<li>Lise diplomas\u0131n\u0131n \u0130talyanca terc\u00fcmesi. Diploma \u00e7evirisine noter tasdiki yapt\u0131r\u0131lmal\u0131 ve noterin imzas\u0131 da yine Apostil damgas\u0131 ta\u015f\u0131mal\u0131d\u0131r.<\/li>\n<li>2025 Y\u00fcksek\u00f6\u011fretim Kurumlar\u0131 S\u0131nav\u0131 (TYT ve AYT) sonu\u00e7 belgesi. S\u00f6z konusu belge e-devletten indirilebilir, karekod ve do\u011frulama kodu i\u00e7ermelidir.<\/li>\n<\/ul>\n<p style=\"text-align: justify;\"><strong>\u00d6NEML\u0130:\u00a0<\/strong>2025 y\u0131l\u0131ndan \u00f6nceki y\u0131llarda YKS (TYT ve AYT) s\u0131nav\u0131na girmi\u015f olan \u00f6\u011frenciler, e\u011fer bir \u00fcniversiteye kay\u0131t yapt\u0131rm\u0131\u015f ve \u00f6\u011frencilik durumlar\u0131 s\u00fcrmekte ise kay\u0131tl\u0131 olduklar\u0131 \u00fcniversiteden alacaklar\u0131 \u0131slak imzal\u0131, m\u00fch\u00fcrl\u00fc ve Apostil damgas\u0131 ta\u015f\u0131yan \u00f6\u011frenci belgesinin asl\u0131 ile birlikte ge\u00e7mi\u015f y\u0131l YKS (TYT ve AYT) yerle\u015ftirme sonu\u00e7 belgelerini ibraz etmek zorundad\u0131rlar. S\u00f6z konusu \u00f6\u011frenci belgesi T\u00fcrk\u00e7e veya \u0130ngilizce olarak ibraz edilebilir, \u0130talyanca terc\u00fcmesini yapt\u0131rmaya gerek yoktur.<\/p>\n<p style=\"text-align: justify;\"><strong>2025 y\u0131l\u0131ndan \u00f6nceki y\u0131llarda YKS (TYT ve AYT) s\u0131nav\u0131na girmi\u015f ve herhangi bir \u00fcniversiteye kay\u0131t olmam\u0131\u015f \u00f6\u011frencilere de\u011fer beyan belgesi d\u00fczenlenmeyecektir.<\/strong><\/p>\n<p style=\"text-align: justify;\"><strong>\u00d6NEML\u0130: Islak imza ve m\u00fch\u00fcrl\u00fc t\u00fcm belgelerin bir n\u00fcsha fotokopisi de mutlaka teslim edilmelidir.<\/strong><\/p>\n<ol style=\"text-align: justify;\" start=\"2\">\n<li><strong><u> L\u0130SANS D\u0130PLOMASI \u0130\u00c7\u0130N DE\u011eER BEYAN BELGES\u0130<\/u><\/strong><\/li>\n<\/ol>\n<p style=\"text-align: justify;\">\u00d6\u011frencinin \u0130talyan ENIC-NARIC merkezi (<strong>CIMEA<\/strong>) taraf\u0131ndan yabanc\u0131 diploman\u0131n denkli\u011fine ili\u015fkin bir uygunluk belgesi (Statements of Comparability and Verification) alm\u0131\u015f olmas\u0131 durumunda De\u011fer Beyan belgesi ba\u015fvurusunda bulunmas\u0131 gerekmemektedir.<\/p>\n<p style=\"text-align: justify;\"><strong>\u00d6NEML\u0130:<\/strong> \u0130talya&#8217;da y\u00fcksek lisans veya master programlar\u0131na kay\u0131t yapt\u0131rmak isteyen ve T\u00fcrkiye&#8217;de bir \u00fcniversite taraf\u0131ndan verilmi\u015f <strong>diploma ekine (diploma supplement)<\/strong> sahip olan \u00f6\u011frencilerin, s\u00f6z konusu belgeye apostil \u015ferhi ekletmeleri ve belgeyi \u0130talyan \u00dcniversitesi taraf\u0131ndan de\u011ferlendirilmek \u00fczere UNIVERSITALY portal\u0131na y\u00fcklemeleri gerekmektedir. Diploma eki olan \u00f6\u011frenciler \u00e7o\u011funlukla de\u011fer beyan belgesi ibraz\u0131ndan muaft\u0131r. \u0130talyan \u00fcniversiteleri, yabanc\u0131 diploma i\u00e7in De\u011fer Beyan belgesinin gerekli olup olmad\u0131\u011f\u0131n\u0131 UNIVERSITALY portal\u0131nda belirtmektedir. \u00d6\u011frencilerin de de\u011fer beyan belgesi ba\u015fvurular\u0131n\u0131 bu do\u011frultuda yapmalar\u0131 gerekmektedir.<\/p>\n<p style=\"text-align: justify;\">Lisans diplomas\u0131na ili\u015fkin De\u011fer Beyan belgesini almak amac\u0131yla a\u015fa\u011f\u0131daki belgelerin ibraz edilmesi gereklidir:<\/p>\n<ul style=\"text-align: justify;\">\n<li>UNIVERSITALY, portal\u0131ndan \u00e7\u0131kt\u0131s\u0131 al\u0131nacak ve \u00f6\u011frenci taraf\u0131ndan imzalanm\u0131\u015f olarak ibraz edilecek \u00f6n kay\u0131t formu;<\/li>\n<li>1 adet pasaport fotokopisi<\/li>\n<li>Lise diplomas\u0131n\u0131n bir fotokopisi<\/li>\n<li>Lisans diplomas\u0131n\u0131n \u201casl\u0131 gibidir\u201d n\u00fcshas\u0131 veya diplomas\u0131 haz\u0131r olmayan \u00f6\u011frenciler i\u00e7in \u201cge\u00e7ici mezuniyet belgesi\u201d veya diploman\u0131n orijinali. Asl\u0131 gibidir n\u00fcshas\u0131 noterden veya ilgili \u00fcniversitenin \u00f6\u011frenci i\u015fleri biriminden al\u0131nmal\u0131d\u0131r. Ge\u00e7ici mezuniyet belgesinin \u0131slak imzal\u0131 ve m\u00fch\u00fcrl\u00fc olmas\u0131 gerekmektedir. Elektronik ortamda al\u0131nm\u0131\u015f belgeler kabul edilmeyecektir. <strong>\u0130braz edilecek belgenin Kaymakaml\u0131k veya Valiliklerde Apostil damgas\u0131 (5 Ekim 1961 Lahey Anla\u015fmas\u0131) ile tasdik edilmesi gerekmektedir.<\/strong><\/li>\n<li>Diploman\u0131n \u0130talyanca terc\u00fcmesi. Diploma \u00e7evirisine noter tasdiki yapt\u0131r\u0131lmal\u0131 ve noterin imzas\u0131 da yine Apostil damgas\u0131 ta\u015f\u0131mal\u0131d\u0131r.<\/li>\n<li>Apostil damgal\u0131 not d\u00f6k\u00fcm (transkript) belgesi. Belge T\u00fcrk\u00e7e ise \u00f6nce Kaymakaml\u0131ktan Apostil damgas\u0131 al\u0131nacak daha sonra \u0130talyanca \u00e7evirisine noter tasdi\u011fi ve noterin imzas\u0131n\u0131 onaylayan ikinci bir Apostil damgas\u0131 al\u0131nacakt\u0131r. Traskript \u0130ngilizce ise \u0130talyancaya \u00e7evirtmeye gerek yoktur. \u00d6\u011frenci diploma ekine (supplement) sahipse transkript ibraz etmesine gerek yoktur, apostilli diploma eki yeterlidir.<\/li>\n<li>Diploma \u00fcniversite taraf\u0131ndan \u0130ngilizce olarak d\u00fczenlenmi\u015f ise \u0130talyanca\u2019ya \u00e7evirisinin gereklili\u011fi hakk\u0131nda ba\u015fvuru yap\u0131lan \u00fcniversiteden teyit al\u0131nmas\u0131 gerekmektedir. \u00dcniversitenin konuyla ilgili yapt\u0131\u011f\u0131 bilgilendirme ba\u015fvuru dosyas\u0131na eklenmelidir.<\/li>\n<\/ul>\n<p style=\"text-align: justify;\"><strong>\u00d6NEML\u0130: Islak imza ve m\u00fch\u00fcrl\u00fc t\u00fcm belgelerin bir n\u00fcsha fotokopisi de mutlaka teslim edilmelidir.<\/strong><\/p>\n<ol style=\"text-align: justify;\" start=\"3\">\n<li><strong><u> \u0130\u015e AMA\u00c7LI DENKL\u0130K BELGELER\u0130<\/u><\/strong><\/li>\n<\/ol>\n<p style=\"text-align: justify;\">De\u011fer Beyan belgesi hem e\u011fitim ama\u00e7l\u0131 hem de i\u015f ama\u00e7l\u0131 olarak d\u00fczenlenebilmektedir. \u00a0\u00c7al\u0131\u015fma amac\u0131 ile talep edilen belgeler \u0130talya\u2019da icra edilecek i\u015f tan\u0131m\u0131na (Mavi Kart, diploman\u0131n tan\u0131nmas\u0131, i\u015fverene ba\u011fl\u0131 i\u015f, v.b.) \u00a0uygun olarak d\u00fczenlenmektedirler.<\/p>\n<p style=\"text-align: justify;\">Mesle\u011fin \u0130talya\u2019da tan\u0131nmas\u0131 amac\u0131 ile talep edilen De\u011fer Beyan belgesi s\u00f6z konusu oldu\u011funda T\u00fcrkiye\u2019de mesle\u011fi d\u00fczenleyen yerel i\u015f kanunu ve\/veya mevzuat\u0131n ilgili b\u00f6l\u00fcmleri de ba\u015fvuru dosyas\u0131nda \u0130talyanca \u00e7evirileri ile birlikte bulunmal\u0131d\u0131r.<\/p>\n<p style=\"text-align: justify;\">\u00c7al\u0131\u015fma amac\u0131 ile talep edilen De\u011fer Beyan belgesi i\u00e7in gerekli belgeler:<\/p>\n<ul style=\"text-align: justify;\">\n<li>Ankara B\u00fcy\u00fckel\u00e7ili\u011finin g\u00f6rev b\u00f6lgesinde ikamet edildi\u011fini g\u00f6steren en az 3 ayl\u0131k tarih\u00e7eli yerle\u015fim belgesi;<\/li>\n<li><a href=\"https:\/\/ambankara.esteri.it\/wp-content\/uploads\/2023\/06\/MODULO-RICHIESTA-SERVIZI-CONSOLARI-DV-3.doc\">Konsolosluk hizmet talep formu<\/a>;<\/li>\n<li>\u0130\u015f veren ile yap\u0131lm\u0131\u015f i\u015f kontrat\u0131n\u0131n\/anla\u015fman\u0131n bir kopyas\u0131;<\/li>\n<li>1 adet pasaport fotokopisi<\/li>\n<li>Lise diplomas\u0131n\u0131n bir fotokopisi<\/li>\n<li>Kaymakaml\u0131klarda\/Valiliklerde yapt\u0131r\u0131lacak Apostil damgas\u0131 (5 Ekim 1961 Lahey Anla\u015fmas\u0131) ile tasdik edilmi\u015f lisans (ve varsa y\u00fcksek lisans) diplomas\u0131. Diploman\u0131n asl\u0131 ibraz edilebilece\u011fi gibi noter veya ilgili \u00fcniversitenin \u00f6\u011frenci i\u015fleri birimi taraf\u0131ndan \u201cAsl\u0131 gibidir\u201d ibaresiyle tasdiklenmi\u015f fotokopisi de kabul edilir. Asl\u0131 gibidir n\u00fcshas\u0131n\u0131n da Apostil m\u00fchr\u00fc ta\u015f\u0131mas\u0131 gerekmektedir.<\/li>\n<li>Diploman\u0131n \u0130talyanca terc\u00fcmesi. Diploma \u00e7evirisine noter tasdiki yapt\u0131r\u0131lmal\u0131 ve noterin imzas\u0131 da yine Apostil damgas\u0131 ta\u015f\u0131mal\u0131d\u0131r.<\/li>\n<li>Apostil damgal\u0131 not d\u00f6k\u00fcm (transkript) belgesi. Belge T\u00fcrk\u00e7e ise \u00f6nce Kaymakaml\u0131ktan Apostil damgas\u0131 al\u0131nacak daha sonra \u0130talyanca \u00e7evirisine noter tasdi\u011fi ve noterin imzas\u0131n\u0131 onaylayan ikinci bir Apostil damgas\u0131 al\u0131nacakt\u0131r. Traskript \u0130ngilizce ise \u0130talyancaya \u00e7evirtmeye gerek yoktur. Ba\u015fvuru sahibi diploma ekine (supplement) sahipse transkript ibraz etmesine gerek yoktur, apostilli diploma eki yeterlidir.<\/li>\n<\/ul>\n<p style=\"text-align: justify;\"><strong>\u00d6NEML\u0130: Islak imza ve m\u00fch\u00fcrl\u00fc t\u00fcm belgelerin bir n\u00fcsha fotokopisi de mutlaka teslim edilmelidir.<\/strong><\/p>\n<p style=\"text-align: justify;\"><strong>\u0130\u015f ama\u00e7l\u0131 Diploma De\u011fer Beyan belgesi y\u00fcr\u00fcrl\u00fckte olan <a href=\"https:\/\/ambankara.esteri.it\/tr\/servizi-consolari-e-visti\/servizi-per-il-cittadino-italiano\/tariffe-consolari\/\">konsolosluk tarifeleri\u00a0<\/a>uyar\u0131nca \u00fccretlidir.<\/strong><\/p>\n","protected":false},"excerpt":{"rendered":"Yabanc\u0131 diplomalar \u0130talya\u2019da do\u011frudan tan\u0131nmaz. Bu nedenle, \u0130talya\u2019da kullan\u0131lacak olan diplomalar i\u00e7in De\u011fer Beyan belgesi (Dichiarazione di Valore\/Declaration of Value) ba\u015fvurusu yap\u0131lmal\u0131d\u0131r. \u0130zlenmesi gereken prosed\u00fcr, diploman\u0131n \u0130talya\u2019da hangi ama\u00e7la kullan\u0131laca\u011f\u0131na (e\u011fitim, \u00e7al\u0131\u015fma, kamu kurumlar\u0131 s\u0131navlar\u0131na giri\u015f veya belirli haklardan faydalanma) ba\u011fl\u0131d\u0131r. Detayl\u0131 bilgi i\u00e7in Hareketlilik ve E\u015f De\u011ferlik Bilgi Merkezi\u2019nin sitesini (CIMEA) inceleyiniz. \u00d6NEML\u0130: De\u011fer [&hellip;]","protected":false},"author":10,"featured_media":0,"parent":127,"menu_order":4,"comment_status":"closed","ping_status":"closed","template":"","meta":{"footnotes":""},"class_list":["post-1463","page","type-page","status-publish","hentry"],"_links":{"self":[{"href":"https:\/\/ambankara.esteri.it\/tr\/wp-json\/wp\/v2\/pages\/1463","targetHints":{"allow":["GET"]}}],"collection":[{"href":"https:\/\/ambankara.esteri.it\/tr\/wp-json\/wp\/v2\/pages"}],"about":[{"href":"https:\/\/ambankara.esteri.it\/tr\/wp-json\/wp\/v2\/types\/page"}],"author":[{"embeddable":true,"href":"https:\/\/ambankara.esteri.it\/tr\/wp-json\/wp\/v2\/users\/10"}],"replies":[{"embeddable":true,"href":"https:\/\/ambankara.esteri.it\/tr\/wp-json\/wp\/v2\/comments?post=1463"}],"version-history":[{"count":7,"href":"https:\/\/ambankara.esteri.it\/tr\/wp-json\/wp\/v2\/pages\/1463\/revisions"}],"predecessor-version":[{"id":6658,"href":"https:\/\/ambankara.esteri.it\/tr\/wp-json\/wp\/v2\/pages\/1463\/revisions\/6658"}],"up":[{"embeddable":true,"href":"https:\/\/ambankara.esteri.it\/tr\/wp-json\/wp\/v2\/pages\/127"}],"wp:attachment":[{"href":"https:\/\/ambankara.esteri.it\/tr\/wp-json\/wp\/v2\/media?parent=1463"}],"curies":[{"name":"wp","href":"https:\/\/api.w.org\/{rel}","templated":true}]}}