{"id":1450,"date":"2023-05-24T11:36:16","date_gmt":"2023-05-24T09:36:16","guid":{"rendered":"https:\/\/ambankara.esteri.it\/italia-e-turchia\/diplomazia-culturale\/studiare-in-italia\/universita\/afam-alta-formazione-artistica-musicale-e-coreutica\/"},"modified":"2025-05-22T11:33:35","modified_gmt":"2025-05-22T09:33:35","slug":"afam-alta-formazione-artistica-musicale-e-coreutica","status":"publish","type":"page","link":"https:\/\/ambankara.esteri.it\/tr\/italia-e-turchia\/diplomazia-culturale\/studiare-in-italia\/universita\/afam-alta-formazione-artistica-musicale-e-coreutica\/","title":{"rendered":"AFAM (G\u00fczel Sanatlar, M\u00fczik ve Koro Y\u00fcksek E\u011fitimi)"},"content":{"rendered":"<p>AFAM Kurumlar\u0131n\u0131n tam listesi i\u00e7in\u00a0<a href=\"https:\/\/afam.miur.it\/studentistranieri\/\">https:\/\/afam.miur.it\/studentistranieri\/<\/a>\u00a0linkini inceleyebilirsiniz.<\/p>\n<p>\u0130talya\u2019daki G\u00fczel Sanatlar, M\u00fczik ve Koro Y\u00fcksek E\u011fitimi veren kurumlardan birine kay\u0131t yapt\u0131rmak isteyen \u00f6\u011frenciler a\u015fa\u011f\u0131daki prosed\u00fcrleri izleyecektir:<\/p>\n<ol>\n<li>\u00d6ncelikle <a href=\"https:\/\/www.universitaly.it\/\">UNIVERSITALY<\/a>\u00a0portal\u0131na giri\u015f yap\u0131lmal\u0131 ve <strong>\u00f6n kay\u0131t formu<\/strong> doldurulmal\u0131d\u0131r.<\/li>\n<li><strong><a href=\"https:\/\/www.universitaly.it\/\">UNIVERSITALY<\/a><\/strong><strong>\u00a0portal\u0131ndan \u00f6n kay\u0131t onay\u0131 geldikten sonra<\/strong> B\u00fcy\u00fckel\u00e7ili\u011fimizin \u00e7al\u0131\u015ft\u0131\u011f\u0131 acente olan iDATA\u2019ya (<a href=\"https:\/\/idata.com.tr\/it\/\">https:\/\/idata.com.tr\/it\/<\/a>) a\u015fa\u011f\u0131daki linkte belirtilmi\u015f olan belgelerle <strong>e\u011fitim\/\u00fcniversite vizesi <\/strong>ba\u015fvurusu yap\u0131lmas\u0131 gerekmektedir. Detayl\u0131 bilgi i\u00e7in:\u00a0<a href=\"https:\/\/ambankara.esteri.it\/tr\/servizi-consolari-e-visti\/servizi-per-il-cittadino-straniero\/visti\/\">Vize \u2013 Ambasciata d\u2019Italia ad Ankara (esteri.it)<\/a><\/li>\n<\/ol>\n<p>E\u011fitim alacaklar\u0131 \u00fcniversiteden <strong>Dichiarazione di Valore<\/strong> (De\u011fer Beyan\/Declaration of Value) belgesi ibraz etmeleri istenen \u00f6\u011frenciler, ba\u015fvuru i\u00e7in a\u015fa\u011f\u0131daki linkte belirtilmi\u015f olan belgeleri haz\u0131rlay\u0131p, vize ba\u015fvurular\u0131 ile birlikte, iDATA \u015firketine teslim edeceklerdir. Detayl\u0131 bilgi i\u00e7in:\u00a0<a href=\"https:\/\/ambankara.esteri.it\/tr\/servizi-consolari-e-visti\/servizi-per-il-cittadino-straniero\/equipollenza-dei-titoli-di-studio-e-dichiarazioni-di-valore\/\">Diploma denkli\u011fi ve de\u011fer beyan belgesi \u2013 Ambasciata d\u2019Italia ad Ankara (esteri.it)<\/a><\/p>\n<p>\u00d6\u011frencinin diplomas\u0131 T\u00fcrkiye d\u0131\u015f\u0131nda bir \u00fclkeden verildiyse o \u00fclkede yetkili \u0130talyan diplomatik makamlar taraf\u0131ndan d\u00fczenlenecek De\u011fer Beyan belgesi ile vize ba\u015fvurusunu yapabilir.<\/p>\n<p>\u00d6NEML\u0130 NOT: Kay\u0131t yapt\u0131rmak isteyen \u00f6\u011frencilerin asgari <strong>12 y\u0131ll\u0131k bir e\u011fitim ge\u00e7mi\u015fi<\/strong> (8 y\u0131l zorunlu e\u011fitim ve 4 y\u0131l lise e\u011fitimi) olmas\u0131 gerekmektedir. Haz\u0131rl\u0131k s\u0131n\u0131flar\u0131, gerekli 12 y\u0131ll\u0131k e\u011fitim hayat\u0131 hesaplamas\u0131na dahil de\u011fildir.<\/p>\n","protected":false},"excerpt":{"rendered":"AFAM Kurumlar\u0131n\u0131n tam listesi i\u00e7in\u00a0https:\/\/afam.miur.it\/studentistranieri\/\u00a0linkini inceleyebilirsiniz. \u0130talya\u2019daki G\u00fczel Sanatlar, M\u00fczik ve Koro Y\u00fcksek E\u011fitimi veren kurumlardan birine kay\u0131t yapt\u0131rmak isteyen \u00f6\u011frenciler a\u015fa\u011f\u0131daki prosed\u00fcrleri izleyecektir: \u00d6ncelikle UNIVERSITALY\u00a0portal\u0131na giri\u015f yap\u0131lmal\u0131 ve \u00f6n kay\u0131t formu doldurulmal\u0131d\u0131r. UNIVERSITALY\u00a0portal\u0131ndan \u00f6n kay\u0131t onay\u0131 geldikten sonra B\u00fcy\u00fckel\u00e7ili\u011fimizin \u00e7al\u0131\u015ft\u0131\u011f\u0131 acente olan iDATA\u2019ya (https:\/\/idata.com.tr\/it\/) a\u015fa\u011f\u0131daki linkte belirtilmi\u015f olan belgelerle e\u011fitim\/\u00fcniversite vizesi ba\u015fvurusu yap\u0131lmas\u0131 gerekmektedir. [&hellip;]","protected":false},"author":10,"featured_media":0,"parent":1429,"menu_order":0,"comment_status":"closed","ping_status":"closed","template":"","meta":{"footnotes":""},"class_list":["post-1450","page","type-page","status-publish","hentry"],"_links":{"self":[{"href":"https:\/\/ambankara.esteri.it\/tr\/wp-json\/wp\/v2\/pages\/1450","targetHints":{"allow":["GET"]}}],"collection":[{"href":"https:\/\/ambankara.esteri.it\/tr\/wp-json\/wp\/v2\/pages"}],"about":[{"href":"https:\/\/ambankara.esteri.it\/tr\/wp-json\/wp\/v2\/types\/page"}],"author":[{"embeddable":true,"href":"https:\/\/ambankara.esteri.it\/tr\/wp-json\/wp\/v2\/users\/10"}],"replies":[{"embeddable":true,"href":"https:\/\/ambankara.esteri.it\/tr\/wp-json\/wp\/v2\/comments?post=1450"}],"version-history":[{"count":2,"href":"https:\/\/ambankara.esteri.it\/tr\/wp-json\/wp\/v2\/pages\/1450\/revisions"}],"predecessor-version":[{"id":6268,"href":"https:\/\/ambankara.esteri.it\/tr\/wp-json\/wp\/v2\/pages\/1450\/revisions\/6268"}],"up":[{"embeddable":true,"href":"https:\/\/ambankara.esteri.it\/tr\/wp-json\/wp\/v2\/pages\/1429"}],"wp:attachment":[{"href":"https:\/\/ambankara.esteri.it\/tr\/wp-json\/wp\/v2\/media?parent=1450"}],"curies":[{"name":"wp","href":"https:\/\/api.w.org\/{rel}","templated":true}]}}