{"id":1429,"date":"2023-05-24T11:15:25","date_gmt":"2023-05-24T09:15:25","guid":{"rendered":"https:\/\/ambankara.esteri.it\/italia-e-turchia\/diplomazia-culturale\/studiare-in-italia\/universita\/"},"modified":"2025-06-30T15:21:50","modified_gmt":"2025-06-30T13:21:50","slug":"universita","status":"publish","type":"page","link":"https:\/\/ambankara.esteri.it\/tr\/italia-e-turchia\/diplomazia-culturale\/studiare-in-italia\/universita\/","title":{"rendered":"\u00dcniversite"},"content":{"rendered":"<p style=\"text-align: center;\"><strong>2025\/2026 AKADEM\u0130K YILI<\/strong><\/p>\n<p style=\"text-align: center;\"><strong>\u00dcN\u0130VERS\u0130TE \u00d6N KAYIT PROSED\u00dcRLER\u0130<\/strong><\/p>\n<p>\u00dcniversite \u00f6n kay\u0131t i\u015flemleri (<a href=\"https:\/\/ambankara.esteri.it\/wp-content\/uploads\/2025\/05\/Circolare-studenti-internazionali-TR.pdf\">2025\/2026 Genelgesi<\/a>) dijital ortama aktar\u0131lm\u0131\u015ft\u0131r. \u00d6n kay\u0131t talepleri B\u00fcy\u00fckel\u00e7ilik veya Konsolosluklara \u015fahsen yap\u0131lmamaktad\u0131r.<\/p>\n<p>\u00d6\u011frenciler\u00a0<a href=\"https:\/\/www.universitaly.it\/\"><strong>UNIVERSITALY<\/strong><\/a>\u00a0portal\u0131 \u00fczerinden \u00f6n kay\u0131t ba\u015fvurusunu \u00e7evrimi\u00e7i olarak yapmal\u0131d\u0131r. Bu prosed\u00fcr, baz\u0131 \u00f6zel \u00fcniversiteler hari\u00e7 \u00e7o\u011fu akademik kurum i\u00e7in ge\u00e7erlidir.<\/p>\n<p>\u00d6\u011frenciler portalda ba\u015fvurular\u0131n\u0131 yapt\u0131ktan sonra, ba\u015fvuru yap\u0131lan \u0130talyan \u00dcniversitesi yine <a href=\"https:\/\/www.universitaly.it\/\">UNIVERSITALY<\/a> portal\u0131 \u00fczerinden\u00a0<strong>\u00f6n kay\u0131t ba\u015fvurusunu onaylayacakt\u0131r<\/strong>. \u00dcniversite ayr\u0131ca hangi belgeler i\u00e7in do\u011frulama yap\u0131ld\u0131\u011f\u0131n\u0131 ve diploma i\u00e7in De\u011fer Beyan (denklik) belgesine gerek olup olmad\u0131\u011f\u0131n\u0131 bildirecektir.<\/p>\n<p><strong>De\u011fer Beyan (denklik)<\/strong> belgesine ihtiya\u00e7 duyan \u00f6\u011frenciler, vize ba\u015fvurusu esnas\u0131nda\u00a0<strong>De\u011fer Beyan <\/strong>ba\u015fvurular\u0131n\u0131 da yine iDATA \u015firketine gerekli belgeleri sunmak kayd\u0131yla yapacaklard\u0131r. Detayl\u0131 bilgi i\u00e7in:\u00a0<a href=\"https:\/\/ambankara.esteri.it\/tr\/servizi-consolari-e-visti\/servizi-per-il-cittadino-straniero\/equipollenza-dei-titoli-di-studio-e-dichiarazioni-di-valore\/\">Diploma denkli\u011fi ve de\u011fer beyan belgesi \u2013 Ambasciata d\u2019Italia ad Ankara (esteri.it)<\/a><\/p>\n<p>\u00d6NEML\u0130: \u0130talya&#8217;da y\u00fcksek lisans veya master programlar\u0131na kay\u0131t yapt\u0131rmak isteyen ve T\u00fcrkiye&#8217;deki bir \u00fcniversite taraf\u0131ndan verilmi\u015f <strong>diploma eki (supplement)<\/strong> olan \u00f6\u011frencilerin s\u00f6z konusu belgeye apostil \u015ferhi ekletmeleri ve \u00dcniversite taraf\u0131ndan de\u011ferlendirilmek \u00fczere <a href=\"https:\/\/www.universitaly.it\/\">UNIVERSITALY<\/a> portal\u0131na y\u00fcklemeleri gerekmektedir. Diploma eki olan \u00f6\u011frenciler \u00e7o\u011funlukla de\u011fer beyan (denklik) belgesi ibraz\u0131ndan muaft\u0131r.<\/p>\n<p><a href=\"https:\/\/www.universitaly.it\/\">UNIVERSITALY<\/a> portal\u0131ndan \u00f6n kayd\u0131 onaylanan \u00f6\u011frenciler (<a href=\"mailto:noreply@cineca.it\">noreply@cineca.it<\/a>\u00a0adresinden onay maili \u00a0gelecektir)\u00a0 <strong>e\u011fitim\/\u00fcniversite vizesi alabilmek i\u00e7in gerekli belgelerle<\/strong> B\u00fcy\u00fckel\u00e7ili\u011fimizin vize hizmetlerini y\u00fcr\u00fcten \u015firkete (<a href=\"https:\/\/idata.com.tr\/it\/\">https:\/\/idata.com.tr\/it\/<\/a>) ba\u015fvuruda bulunabilirler. Daha detayl\u0131 bilgi i\u00e7in:\u00a0<a href=\"https:\/\/ambankara.esteri.it\/tr\/servizi-consolari-e-visti\/servizi-per-il-cittadino-straniero\/visti\/\">Vize \u2013 Ambasciata d\u2019Italia ad Ankara (esteri.it)<\/a>.<\/p>\n<p><strong><u>2025\/2026 akademik y\u0131l\u0131 i\u00e7in vize ba\u015fvurular\u0131, ilgili diplomatik-konsolosluk temsilciliklerine en ge\u00e7 30 Kas\u0131m 2025 tarihine kadar yap\u0131lmal\u0131d\u0131r.<\/u><\/strong><\/p>\n<p><strong>\u00d6NEML\u0130 HATIRLATMA: \u00d6\u011eRENC\u0130N\u0130N \u0130TALYAN \u00dcN\u0130VERS\u0130TES\u0130 TARAFINDAN KABUL ALMASI V\u0130ZE ALACA\u011eINI GARANT\u0130 ETMEZ.<\/strong><\/p>\n<p>&nbsp;<\/p>\n<p><strong><u>DETAYLI \u00dcN\u0130VERS\u0130TE KAYIT PROSED\u00dcRLER\u0130 A\u015eA\u011eIDAK\u0130 \u015eEK\u0130LDED\u0130R:<\/u><\/strong><\/p>\n<p>1)\u00a0<a href=\"https:\/\/ambankara.esteri.it\/tr\/italia-e-turchia\/diplomazia-culturale\/studiare-in-italia\/universita\/lisans-3-yil-veya-tek-devre-yuksek-lisans-5-yil\/\">Lisans (3 y\u0131l) veya tek kademeli y\u00fcksek lisans (5 y\u0131l) \u2013 Ambasciata d\u2019Italia ad Ankara (esteri.it)<\/a><\/p>\n<p>2) <a href=\"https:\/\/ambankara.esteri.it\/tr\/italia-e-turchia\/diplomazia-culturale\/studiare-in-italia\/universita\/laurea-magistrale\/\">Y\u00fcksek lisans (2 y\u0131ll\u0131k master) \u2013 Ambasciata d\u2019Italia ad Ankara (esteri.it)<\/a><\/p>\n<p>3)\u00a0<a href=\"https:\/\/ambankara.esteri.it\/tr\/italia-e-turchia\/diplomazia-culturale\/studiare-in-italia\/universita\/afam-alta-formazione-artistica-musicale-e-coreutica\/\">AFAM (G\u00fczel Sanatlar, M\u00fczik ve Koro Y\u00fcksek E\u011fitimi) \u2013 Ambasciata d\u2019Italia ad Ankara (esteri.it)<\/a><\/p>\n<p>4)\u00a0<a href=\"https:\/\/ambankara.esteri.it\/tr\/italia-e-turchia\/diplomazia-culturale\/studiare-in-italia\/universita\/scuole-di-specializzazione-dottorati-di-ricerca-corsi-master\/\">Uzmanl\u0131k okullar\u0131, doktora, kurs, master \u2013 Ambasciata d\u2019Italia ad Ankara (esteri.it)<\/a><\/p>\n<p>5) <a href=\"https:\/\/ambankara.esteri.it\/tr\/italia-e-turchia\/diplomazia-culturale\/studiare-in-italia\/universita\/corsi-di-laura-magistrale-a-ciclo-unico-di-medicina-e-chirurgia-odontoiatria-e-protesi-dentaria-e-medicina-veterinaria-anno-accademico-2025-2026-in-lingua-italiana-erogati-da-atenei-statali\/\">2025\/2026 akademik y\u0131l\u0131 i\u00e7in devlet \u00fcniversiteleri taraf\u0131ndan sunulan T\u0131p-Cerrahi, Di\u015f Hekimli\u011fi ve Di\u015f Protezi ve Veterinerlik b\u00f6l\u00fcmlerinde \u0130talyanca dilinde tek kademeli Y\u00fcksek Lisans Programlar\u0131<\/a><\/p>\n<p>&nbsp;<\/p>\n<p><span style=\"text-decoration: underline;\"><strong>SIK\u00c7A SORULAN SORULAR<\/strong><\/span><\/p>\n<p><strong>\u00d6n kay\u0131t ba\u015fvurusu hangi tarihe kadar yap\u0131l\u0131r?<\/strong><\/p>\n<ul>\n<li><strong>Lisans ve Y\u00fcksek Lisans<\/strong>\u00a0(s\u0131n\u0131rl\u0131 say\u0131da \u00f6\u011frenci alanlar hari\u00e7): Tarihler \u00fcniversiteler taraf\u0131ndan belirlenir ve her \u00fcniversitenin kendi internet sitesinde yay\u0131nlan\u0131r. \u00d6n kay\u0131t\u00a0<a href=\"https:\/\/www.universitaly.it\/\"><strong>UNIVERSITALY<\/strong><\/a>\u00a0portal\u0131 \u00fczerinden yap\u0131l\u0131r.<\/li>\n<\/ul>\n<ul>\n<li><strong>Uzmanl\u0131k okullar\u0131,\u00a0<\/strong><strong>Doktora, \u0130leri seviye dersler, Bir y\u0131ll\u0131k master, tek ders, \u0130talyan Dili ve K\u00fclt\u00fcr\u00fc b\u00f6l\u00fcmleri, haz\u0131rl\u0131k kurslar\u0131 (<em>foundation course<\/em>)<\/strong><strong>:<\/strong> Tarihler \u00fcniversiteler taraf\u0131ndan belirlenir ve her \u00fcniversitenin kendi internet sitesinde yay\u0131nlan\u0131r. \u00d6n kay\u0131t <a href=\"https:\/\/www.universitaly.it\/\"><strong>UNIVERSITALY<\/strong><\/a> portal\u0131 \u00fczerinden yap\u0131l\u0131r.<\/li>\n<\/ul>\n<p>&nbsp;<\/p>\n<p><strong>Denklik belgesi nas\u0131l al\u0131n\u0131r?<\/strong><\/p>\n<p>\u00d6\u011frencinin \u0130talyan ENIC-NARIC merkezi (<strong>CIMEA<\/strong>) taraf\u0131ndan yabanc\u0131 diploman\u0131n denkli\u011fine ili\u015fkin bir uygunluk belgesi (Statements of Comparability and Verification) alm\u0131\u015f olmas\u0131 durumunda De\u011fer Beyan belgesi ba\u015fvurusunda bulunmas\u0131 gerekmemektedir.<\/p>\n<p>\u0130talya&#8217;da y\u00fcksek lisans veya master programlar\u0131na kay\u0131t yapt\u0131rmak isteyen ve T\u00fcrkiye&#8217;de bir \u00fcniversite taraf\u0131ndan verilmi\u015f <strong>diploma ekine (diploma supplement)<\/strong> sahip olan \u00f6\u011frencilerin, s\u00f6z konusu belgeye apostil \u015ferhi ekletmeleri ve belgeyi \u0130talyan \u00dcniversitesi taraf\u0131ndan de\u011ferlendirilmek \u00fczere UNIVERSITALY portal\u0131na y\u00fcklemeleri gerekmektedir. Diploma eki olan \u00f6\u011frenciler \u00e7o\u011funlukla de\u011fer beyan belgesi ibraz\u0131ndan muaft\u0131r. \u0130talyan \u00fcniversiteleri, yabanc\u0131 diploma i\u00e7in De\u011fer Beyan belgesinin gerekli olup olmad\u0131\u011f\u0131n\u0131 UNIVERSITALY portal\u0131nda belirtmektedir. \u00d6\u011frencilerin de de\u011fer beyan belgesi ba\u015fvurular\u0131n\u0131 bu do\u011frultuda yapmalar\u0131 gerekmektedir.<\/p>\n<p>T\u00fcrkiye\u2019deki \u0130talyan diplomatik-konsolosluk makamlar\u0131, <strong>sadece T\u00fcrkiye\u2019de al\u0131nan diplomalar<\/strong> ve ODT\u00dc Kuzey K\u0131br\u0131s Kamp\u00fcs\u00fcnden mezun olan \u00f6\u011frencilerin diplomalar\u0131 i\u00e7in De\u011fer Beyan belgesi d\u00fczenleyebilmektedirler. T\u00fcrkiye d\u0131\u015f\u0131nda ba\u015fka \u00fclkelerde al\u0131nan diplomalara sahip \u00f6\u011frenciler, De\u011fer Beyan belgelerini mezun olduklar\u0131 \u00fclkede akredite olan \u0130talyan diplomatik-konsolosluk makamlar\u0131ndan almal\u0131d\u0131rlar. Alternatif olarak \u00f6\u011frenciler CIMEA\u2019ya ba\u015fvurarak denklik belgesi yerine ge\u00e7en bir sertifika da (attestato di comparabilit\u00e0\/verifica) talep edebilirler.<\/p>\n<p>De\u011fer Beyan belgesi almas\u0131 gereken \u00f6\u011frenciler belgelerini vize ba\u015fvurular\u0131 ile birlikte arac\u0131 kuruma (iDATA) ibraz edeceklerdir. Denklik belgeleri ile ilgili detayl\u0131 bilgi i\u00e7in:\u00a0\u00a0<a href=\"https:\/\/ambankara.esteri.it\/tr\/servizi-consolari-e-visti\/servizi-per-il-cittadino-straniero\/equipollenza-dei-titoli-di-studio-e-dichiarazioni-di-valore\/\">Diploma denkli\u011fi ve de\u011fer beyan belgesi \u2013 Ambasciata d\u2019Italia ad Ankara (esteri.it)<\/a><\/p>\n<p>&nbsp;<\/p>\n<p><strong>Vize ba\u015fvurusu nas\u0131l yap\u0131l\u0131r?<\/strong><\/p>\n<p><a href=\"https:\/\/www.universitaly.it\/\">UNIVERSITALY<\/a> portal\u0131ndan \u00f6n kay\u0131t onay\u0131 al\u0131nd\u0131ktan sonra, aday \u00f6\u011frenciler\u00a0<a href=\"mailto:noreply@cineca.it\">noreply@cineca.it<\/a>\u00a0adresinden bir onay maili alacaklard\u0131r. S\u00f6z konusu mailin al\u0131nmas\u0131n\u0131n ard\u0131ndan \u00f6\u011frenciler e\u011fitim\/\u00fcniversite vizesi alabilmek i\u00e7in B\u00fcy\u00fckel\u00e7ili\u011fimizin vize hizmetlerini y\u00fcr\u00fcten \u015firkete (IDATA, https:\/\/idata.com.tr\/) ba\u015fvuruda bulunabileceklerdir. \u00a0Daha detayl\u0131 bilgi i\u00e7in:\u00a0<a href=\"https:\/\/ambankara.esteri.it\/tr\/servizi-consolari-e-visti\/servizi-per-il-cittadino-straniero\/visti\/\">Vize \u2013 Ambasciata d\u2019Italia ad Ankara (esteri.it)<\/a><\/p>\n<p>\u00d6\u011frenciler resm\u00ee ikametlerinin bulundu\u011fu b\u00f6lgeden sorumlu olan B\u00fcy\u00fckel\u00e7ilik veya Konsoloslu\u011fun vize hizmetlerini y\u00fcr\u00fcten \u015firkete ba\u015fvurular\u0131n\u0131 yapmal\u0131d\u0131rlar. \u0130lgili B\u00fcy\u00fckel\u00e7ili\u011fi veya Konsoloslu\u011fu bulmak i\u00e7in\u00a0<a href=\"https:\/\/ambankara.esteri.it\/tr\/chi-siamo\/la-rete-consolare\/\">linke t\u0131klay\u0131n\u0131z<\/a>.<\/p>\n<p><strong>De\u011fer Beyan belgesine ihtiya\u00e7 duyan \u00f6\u011frenciler, vize ba\u015fvurusu i\u00e7in istenen belgelerle birlikte, De\u011fer Beyan belgesi almak i\u00e7in gerekli belgeleri vize randevusu esnas\u0131nda ibraz edeceklerdir.<\/strong><\/p>\n<p><strong>Lisans, y\u00fcksek lisans, tek ders, g\u00fczel sanatlar fak\u00fclteleri, Yabanc\u0131 dil y\u00fcksek okul programlar\u0131na ba\u015fvuru yapacak \u00f6\u011frencilerin, etkin bir \u015fekilde kay\u0131t yapt\u0131rabilmeleri ve sonras\u0131nda \u00fcniversite har\u00e7lar\u0131n\u0131n \u00f6denebilmesi i\u00e7in <u>vize ba\u015fvurular\u0131n\u0131n T\u00fcrkiye\u2019deki yetkili diplomatik-konsolosluk temsilciliklerine\u00a030 Kas\u0131m 2025\u00a0tarihine kadar yap\u0131lmas\u0131 gerekmektedir<\/u>.<\/strong><\/p>\n<p><strong>\u00d6NEML\u0130 HATIRLATMA: \u00d6\u011eRENC\u0130N\u0130N \u0130TALYAN \u00dcN\u0130VERS\u0130TES\u0130 TARAFINDAN KABUL ED\u0130LMES\u0130 V\u0130ZE ALACA\u011eI HUSUSUNDA B\u0130R GARANT\u0130 TE\u015eK\u0130L ETMEMEKTED\u0130R.<\/strong><\/p>\n<p>&nbsp;<\/p>\n<p><strong>Codice fiscale (vergi numaras\u0131) nas\u0131l al\u0131n\u0131r?<\/strong><\/p>\n<p>Codice fiscale sahibi olmayan \u00f6\u011frenciler \u00f6n kay\u0131t i\u015flemleri i\u00e7in\u00a0<a href=\"https:\/\/www.universitaly.it\/\">UNIVERSITALY<\/a>\u00a0portal\u0131n\u0131n otomatik olarak atad\u0131\u011f\u0131 kodu kullanabilirler. B\u00fcy\u00fckel\u00e7ilik, UNIVERSITALY Portal\u0131 \u00fczerinden \u00f6n kay\u0131t prosed\u00fcr\u00fcn\u00fcn bir par\u00e7as\u0131 olarak herhangi bir vergi numaras\u0131\u00a0<strong>vermeyecektir<\/strong>.<\/p>\n<p>Agenzia delle Entrate (Gelir \u0130daresi) taraf\u0131ndan yay\u0131nlanan\u00a0<a href=\"https:\/\/www.agenziaentrate.gov.it\/portale\/documents\/20143\/233505\/Folder_CodiceFiscaleStranieri_ING.pdf\/23b9c5b2-4713-155c-9e18-07e60798dbfa\">yabanc\u0131lar i\u00e7in vergi numaras\u0131 k\u0131lavuzunda<\/a>\u00a0da belirtildi\u011fi \u00fczere vergi numaras\u0131, oturum izni ba\u015fvurusu s\u0131ras\u0131nda\u00a0\u00a0<strong>Sportello Unico dell\u2019Immigrazione<\/strong>\u00a0(G\u00f6\u00e7menlik Masas\u0131) veya <strong>Questura\u00a0<\/strong>(Emniyet) taraf\u0131ndan atanacakt\u0131r. \u0130talya\u2019da yasal olarak ikamet eden ancak hen\u00fcz bir vergi numaras\u0131na sahip olmayan yabanc\u0131lar, herhangi bir\u00a0<strong>Agenzia delle Entrate<\/strong>\u00a0 ofisine ba\u015fvurarak vergi numaralar\u0131n\u0131 temin edebilirler.<\/p>\n","protected":false},"excerpt":{"rendered":"2025\/2026 AKADEM\u0130K YILI \u00dcN\u0130VERS\u0130TE \u00d6N KAYIT PROSED\u00dcRLER\u0130 \u00dcniversite \u00f6n kay\u0131t i\u015flemleri (2025\/2026 Genelgesi) dijital ortama aktar\u0131lm\u0131\u015ft\u0131r. \u00d6n kay\u0131t talepleri B\u00fcy\u00fckel\u00e7ilik veya Konsolosluklara \u015fahsen yap\u0131lmamaktad\u0131r. \u00d6\u011frenciler\u00a0UNIVERSITALY\u00a0portal\u0131 \u00fczerinden \u00f6n kay\u0131t ba\u015fvurusunu \u00e7evrimi\u00e7i olarak yapmal\u0131d\u0131r. Bu prosed\u00fcr, baz\u0131 \u00f6zel \u00fcniversiteler hari\u00e7 \u00e7o\u011fu akademik kurum i\u00e7in ge\u00e7erlidir. \u00d6\u011frenciler portalda ba\u015fvurular\u0131n\u0131 yapt\u0131ktan sonra, ba\u015fvuru yap\u0131lan \u0130talyan \u00dcniversitesi yine UNIVERSITALY portal\u0131 [&hellip;]","protected":false},"author":10,"featured_media":0,"parent":209,"menu_order":0,"comment_status":"closed","ping_status":"closed","template":"","meta":{"footnotes":""},"class_list":["post-1429","page","type-page","status-publish","hentry"],"_links":{"self":[{"href":"https:\/\/ambankara.esteri.it\/tr\/wp-json\/wp\/v2\/pages\/1429","targetHints":{"allow":["GET"]}}],"collection":[{"href":"https:\/\/ambankara.esteri.it\/tr\/wp-json\/wp\/v2\/pages"}],"about":[{"href":"https:\/\/ambankara.esteri.it\/tr\/wp-json\/wp\/v2\/types\/page"}],"author":[{"embeddable":true,"href":"https:\/\/ambankara.esteri.it\/tr\/wp-json\/wp\/v2\/users\/10"}],"replies":[{"embeddable":true,"href":"https:\/\/ambankara.esteri.it\/tr\/wp-json\/wp\/v2\/comments?post=1429"}],"version-history":[{"count":6,"href":"https:\/\/ambankara.esteri.it\/tr\/wp-json\/wp\/v2\/pages\/1429\/revisions"}],"predecessor-version":[{"id":6641,"href":"https:\/\/ambankara.esteri.it\/tr\/wp-json\/wp\/v2\/pages\/1429\/revisions\/6641"}],"up":[{"embeddable":true,"href":"https:\/\/ambankara.esteri.it\/tr\/wp-json\/wp\/v2\/pages\/209"}],"wp:attachment":[{"href":"https:\/\/ambankara.esteri.it\/tr\/wp-json\/wp\/v2\/media?parent=1429"}],"curies":[{"name":"wp","href":"https:\/\/api.w.org\/{rel}","templated":true}]}}