{"id":128,"date":"2023-10-06T14:00:57","date_gmt":"2023-10-06T12:00:57","guid":{"rendered":"https:\/\/ambankara.esteri.it\/amministrazione-trasparente\/"},"modified":"2024-10-15T14:17:05","modified_gmt":"2024-10-15T12:17:05","slug":"amministrazione-trasparente","status":"publish","type":"page","link":"https:\/\/ambankara.esteri.it\/tr\/amministrazione-trasparente\/","title":{"rendered":"B\u00fcy\u00fckel\u00e7ilik Resmi Belgelerine Ula\u015f\u0131m"},"content":{"rendered":"<p>I\u00e7erik yaln\u0131zca italyanca mevcuttur<\/p>\n","protected":false},"excerpt":{"rendered":"I\u00e7erik yaln\u0131zca italyanca mevcuttur","protected":false},"author":3,"featured_media":0,"parent":0,"menu_order":0,"comment_status":"closed","ping_status":"closed","template":"","meta":{"footnotes":""},"class_list":["post-128","page","type-page","status-publish","hentry"],"_links":{"self":[{"href":"https:\/\/ambankara.esteri.it\/tr\/wp-json\/wp\/v2\/pages\/128","targetHints":{"allow":["GET"]}}],"collection":[{"href":"https:\/\/ambankara.esteri.it\/tr\/wp-json\/wp\/v2\/pages"}],"about":[{"href":"https:\/\/ambankara.esteri.it\/tr\/wp-json\/wp\/v2\/types\/page"}],"author":[{"embeddable":true,"href":"https:\/\/ambankara.esteri.it\/tr\/wp-json\/wp\/v2\/users\/3"}],"replies":[{"embeddable":true,"href":"https:\/\/ambankara.esteri.it\/tr\/wp-json\/wp\/v2\/comments?post=128"}],"version-history":[{"count":1,"href":"https:\/\/ambankara.esteri.it\/tr\/wp-json\/wp\/v2\/pages\/128\/revisions"}],"predecessor-version":[{"id":5086,"href":"https:\/\/ambankara.esteri.it\/tr\/wp-json\/wp\/v2\/pages\/128\/revisions\/5086"}],"wp:attachment":[{"href":"https:\/\/ambankara.esteri.it\/tr\/wp-json\/wp\/v2\/media?parent=128"}],"curies":[{"name":"wp","href":"https:\/\/api.w.org\/{rel}","templated":true}]}}