{"id":127,"date":"2022-11-30T17:29:10","date_gmt":"2022-11-30T16:29:10","guid":{"rendered":"https:\/\/ambankara.esteri.it\/servizi-consolari-e-visti\/servizi-per-il-cittadino-straniero\/"},"modified":"2024-01-09T13:19:02","modified_gmt":"2024-01-09T12:19:02","slug":"servizi-per-il-cittadino-straniero","status":"publish","type":"page","link":"https:\/\/ambankara.esteri.it\/tr\/servizi-consolari-e-visti\/servizi-per-il-cittadino-straniero\/","title":{"rendered":"Yabanc\u0131 vatanda\u015f i\u00e7in hizmetler"},"content":{"rendered":"<p>El\u00e7ili\u011fimiz Vize B\u00f6l\u00fcm\u00fc yabanc\u0131 uyruklu vatanda\u015flara \u0130talya\u2019ya ve Schengen b\u00f6lgesine giri\u015f i\u00e7in vize tanzim edilmesi hizmetini sunmaktad\u0131r.<br \/>\nKonsolosluk B\u00f6l\u00fcm\u00fc ise T\u00fcrkiye\u2019den al\u0131nm\u0131\u015f diplomalar i\u00e7in diploma de\u011fer beyan belgesi d\u00fczenlenmesi ve codice fiscale verilmesinin yan\u0131 s\u0131ra y\u00fcr\u00fcrl\u00fckte olan y\u00f6netmeliklerde belirtilen durumlarda resm\u00ee belgelerin \u0130talyan makamlar\u0131na iletilmesi gibi baz\u0131 hizmetler sunmaktad\u0131r.<\/p>\n<p><strong>Baz\u0131 hizmetler y\u00fcr\u00fcrl\u00fckte olan <a href=\"https:\/\/ambankara.esteri.it\/tr\/servizi-consolari-e-visti\/servizi-per-il-cittadino-italiano\/tariffe-consolari\/\">konsolosluk tarifeleri<\/a> uyar\u0131nca \u00fccretlidir.<\/strong><\/p>\n","protected":false},"excerpt":{"rendered":"El\u00e7ili\u011fimiz Vize B\u00f6l\u00fcm\u00fc yabanc\u0131 uyruklu vatanda\u015flara \u0130talya\u2019ya ve Schengen b\u00f6lgesine giri\u015f i\u00e7in vize tanzim edilmesi hizmetini sunmaktad\u0131r. Konsolosluk B\u00f6l\u00fcm\u00fc ise T\u00fcrkiye\u2019den al\u0131nm\u0131\u015f diplomalar i\u00e7in diploma de\u011fer beyan belgesi d\u00fczenlenmesi ve codice fiscale verilmesinin yan\u0131 s\u0131ra y\u00fcr\u00fcrl\u00fckte olan y\u00f6netmeliklerde belirtilen durumlarda resm\u00ee belgelerin \u0130talyan makamlar\u0131na iletilmesi gibi baz\u0131 hizmetler sunmaktad\u0131r. Baz\u0131 hizmetler y\u00fcr\u00fcrl\u00fckte olan konsolosluk tarifeleri [&hellip;]","protected":false},"author":3,"featured_media":0,"parent":29,"menu_order":2,"comment_status":"closed","ping_status":"closed","template":"","meta":{"footnotes":""},"class_list":["post-127","page","type-page","status-publish","hentry"],"_links":{"self":[{"href":"https:\/\/ambankara.esteri.it\/tr\/wp-json\/wp\/v2\/pages\/127","targetHints":{"allow":["GET"]}}],"collection":[{"href":"https:\/\/ambankara.esteri.it\/tr\/wp-json\/wp\/v2\/pages"}],"about":[{"href":"https:\/\/ambankara.esteri.it\/tr\/wp-json\/wp\/v2\/types\/page"}],"author":[{"embeddable":true,"href":"https:\/\/ambankara.esteri.it\/tr\/wp-json\/wp\/v2\/users\/3"}],"replies":[{"embeddable":true,"href":"https:\/\/ambankara.esteri.it\/tr\/wp-json\/wp\/v2\/comments?post=127"}],"version-history":[{"count":6,"href":"https:\/\/ambankara.esteri.it\/tr\/wp-json\/wp\/v2\/pages\/127\/revisions"}],"predecessor-version":[{"id":2486,"href":"https:\/\/ambankara.esteri.it\/tr\/wp-json\/wp\/v2\/pages\/127\/revisions\/2486"}],"up":[{"embeddable":true,"href":"https:\/\/ambankara.esteri.it\/tr\/wp-json\/wp\/v2\/pages\/29"}],"wp:attachment":[{"href":"https:\/\/ambankara.esteri.it\/tr\/wp-json\/wp\/v2\/media?parent=127"}],"curies":[{"name":"wp","href":"https:\/\/api.w.org\/{rel}","templated":true}]}}