{"id":109,"date":"2023-05-01T08:01:28","date_gmt":"2023-05-01T06:01:28","guid":{"rendered":"https:\/\/ambankara.esteri.it\/chi-siamo\/la-rete-consolare\/"},"modified":"2026-02-12T09:17:59","modified_gmt":"2026-02-12T08:17:59","slug":"la-rete-consolare","status":"publish","type":"page","link":"https:\/\/ambankara.esteri.it\/tr\/chi-siamo\/la-rete-consolare\/","title":{"rendered":"Konsolosluk a\u011f\u0131"},"content":{"rendered":"<p>Halen T\u00fcrkiye&#8217;de mevcut olan \u0130talyan diplomatik ve konsolosluk a\u011f\u0131, Ankara \u0130talyan B\u00fcy\u00fckel\u00e7ili\u011fi, \u0130stanbul \u0130talyan Ba\u015fkonsoloslu\u011fu ve \u0130zmir \u0130talyan Konsoloslu\u011fundan olu\u015fmaktad\u0131r. Bu \u00fc\u00e7 birimin sorumluluk b\u00f6lgeleri a\u015fa\u011f\u0131da ki haritada g\u00f6sterilmi\u015ftir.<\/p>\n<p><img decoding=\"async\" class=\"alignnone size-medium wp-image-100 img-fluid\" src=\"https:\/\/ambankara.esteri.it\/wp-content\/uploads\/2022\/11\/attuali_circoscrizioni.png\" alt=\"attuali circoscrizioni\" width=\"900\" srcset=\"https:\/\/ambankara.esteri.it\/wp-content\/uploads\/2022\/11\/attuali_circoscrizioni.png 1139w, https:\/\/ambankara.esteri.it\/wp-content\/uploads\/2022\/11\/attuali_circoscrizioni-300x163.png 300w, https:\/\/ambankara.esteri.it\/wp-content\/uploads\/2022\/11\/attuali_circoscrizioni-1024x556.png 1024w, https:\/\/ambankara.esteri.it\/wp-content\/uploads\/2022\/11\/attuali_circoscrizioni-768x417.png 768w\" sizes=\"(max-width: 1139px) 100vw, 1139px\" \/><\/p>\n<p><strong>\u0130talya Ankara B\u00fcy\u00fckel\u00e7ili\u011fi G\u00f6rev B\u00f6lgesi:<\/strong><br \/>\nAnkara, Bolu, \u00c7ank\u0131r\u0131, Eski\u015fehir, K\u0131r\u015fehir, K\u0131r\u0131kkale, Hatay, Kahramanmara\u015f, Osmaniye, Gaziantep, Kilis, \u015eanl\u0131urfa, Malatya, Ad\u0131yaman, Elaz\u0131\u011f, Diyarbak\u0131r, Tunceli, Mardin, Bing\u00f6l, Batman, Mu\u015f, Bitlis, Siirt, \u015e\u0131rnak, A\u011fr\u0131, Hakkari, Van<\/p>\n<p><strong>\u0130talya \u0130stanbul Ba\u015fkonsoloslu\u011fu G\u00f6rev B\u00f6lgesi:<\/strong><br \/>\n\u0130stanbul, Amasya, Artvin, Bilecik, Bursa, \u00c7anakkale, \u00c7orum, Edirne, Erzurum, Erzincan, Giresun, Gum\u00fc\u015fhane, I\u011fd\u0131r, Sakarya, Kocaeli, Ardahan, Bayburt, Kars, K\u0131rklareli, Ordu, Rize, Samsun, Sinop, Sivas, Trabzon, Tokat, Tekirda\u011f, Yalova, Bart\u0131n, D\u00fczce, Karab\u00fck, Kastamonu, Yozgat, Zonguldak<\/p>\n<p><strong>\u0130talya \u0130zmir Konsoloslu\u011fu G\u00f6rev B\u00f6lgesi:<\/strong><br \/>\n\u0130zmir, Aksaray, Adana, Afyon, Antalya, Ayd\u0131n, Bal\u0131kesir, Burdur, Denizli, Isparta, Karaman, Kayseri, Konya, Manisa, Mersin, Mu\u011fla, Ni\u011fde, U\u015fak, K\u00fctahya, Nev\u015fehir<\/p>\n<p>Bahsi ge\u00e7en \u00fc\u00e7 temsilcili\u011fin yan\u0131 s\u0131ra Fahri Konsolosluklar da hizmet vermektedir:<br \/>\nBursa Fahri Konsoloslu\u011fu (\u0130stanbul \u0130talyan Ba\u015fkonsoloslu\u011funa ba\u011fl\u0131)<br \/>\nAntalya ve Nev\u015fehir\u00a0Fahri Konsoloslu\u011fu (\u0130zmir \u0130talyan Konsoloslu\u011funa ba\u011fl\u0131).<br \/>\n\u0130skenderun ve Gaziantep Muavin Fahri Konsoloslu\u011fu (B\u00fcy\u00fckel\u00e7ili\u011fe ba\u011fl\u0131).<\/p>\n<p>&nbsp;<\/p>\n<p><strong>\u0130talya B\u00fcy\u00fckel\u00e7ili\u011fi Konsolosluk Hizmetleri<\/strong><\/p>\n<p>Atat\u00fcrk Bulvar\u0131 n. 118<br \/>\n06680, Ankara<br \/>\nTel: 0.312.4574200<br \/>\nFax: 0.312.4574280<br \/>\ne-mail:\u00a0<a href=\"mailto:consolare.ambankara@esteri.it\">consolare.ambankara@esteri.it<\/a><\/p>\n<p>Hizmet saatleri:<br \/>\nPazartesi &#8211; Cuma; 09:00 ila 12:30, veya randevu ile<\/p>\n<p><a href=\"https:\/\/consistanbul.esteri.it\/consolato_istanbul\/it\/\"><strong>\u0130stanbul \u0130talya Ba\u015fkonsoloslu\u011fu<\/strong><\/a><\/p>\n<p>Tom Tom Kaptan Sokak n. 15<br \/>\nBo\u011fazkesen, Beyo\u011flu,<br \/>\n\u0130stanbul<br \/>\nTel: +90 212 243 10 24 &#8211; 243 10 25 &#8211; 244 32 59<br \/>\nFax:\u00a0<span class=\"baec5a81-e4d6-4674-97f3-e9220f0136c1\">+90 212 252 58 79<\/span><br \/>\ne-mail:\u00a0<a href=\"mailto:consolatogenerale.istanbul@esteri.it\">consolatogenerale.istanbul@esteri.it<\/a><\/p>\n<p>Halka hizmet saatleri:<br \/>\nPazartesi &#8211; Cuma; 09:00 ila 12:00<\/p>\n<p><a href=\"https:\/\/consizmir.esteri.it\/consolato_izmir\/it\"><strong>\u0130zmir \u0130talya Konsoloslu\u011fu<\/strong><\/a><\/p>\n<p>Akdeniz Mh. \u015eehit Fethi Bey Caddesi No. 55<br \/>\nKonak \/ Izmir<br \/>\nTel.: + 90\/232 463 66 76; +90\/232 463 66 96<br \/>\nFax +90\/232 421 25 12<br \/>\ne-mail: <a href=\"mailto:consolato.izmir@esteri.it\">consolato.izmir@esteri.it<\/a><\/p>\n<p>Hizmet saatleri:<br \/>\nPazartesi &#8211; Cuma; 09:30 ila 12:30, 14:00 ila 16:00<\/p>\n<p>&nbsp;<\/p>\n<p>&nbsp;<\/p>\n<p><strong>\u0130skenderun \u0130talya Fahri Konsoloslu\u011fu<\/strong><br \/>\nSorumluluk b\u00f6lgesi: Hatay, \u0130\u00e7el, Adana, Osmaniye<br \/>\nFahri Konsolos Sn. Alfredo Antonio Levante<br \/>\nAtat\u00fcrk Bulvar\u0131 \u00dcnsal Han D. 2<br \/>\n\u0130skenderun &#8211; Hatay<br \/>\nTel:\u00a0<span class=\"baec5a81-e4d6-4674-97f3-e9220f0136c1\">+90 326 6136091-2-3-4<\/span><br \/>\nFax:\u00a0<span class=\"baec5a81-e4d6-4674-97f3-e9220f0136c1\">+90 326 6179193<\/span><br \/>\n<a href=\"mailto:alfredolevante@gmail.com\">alfredolevante@gmail.com<\/a><\/p>\n<p><a href=\"mailto:iskenderun.onorario@esteri.it\">iskenderun.onorario@esteri.it<\/a><\/p>\n<p><strong>Gaziantep \u0130talya Fahri Konsoloslu\u011fu<\/strong><br \/>\nSorumluluk b\u00f6lgesi: Ad\u0131yaman, Batman, D\u0131yarbak\u0131r, Gaziantep, Kilis, Mardin, \u015eanl\u0131urfa, Siirt, \u015e\u0131rnak.<br \/>\nFahri Konsolos Mehpare \u015eayan Kileci<br \/>\nGatem Sitesi 15. Blok no 31\/33, 27110\u00a0\u00a0\u015eehitkamil &#8211; Gaziantep<br \/>\nTel:\u00a0<span class=\"baec5a81-e4d6-4674-97f3-e9220f0136c1\">+90 342 2381428<\/span><br \/>\ne-mail:\u00a0<a href=\"mailto:mskileci@gapdanismanlik.com\">mskileci@gapdanismanlik.com<\/a><\/p>\n<p><a href=\"mailto:gaziantep.onorario@esteri.it\">gaziantep.onorario@esteri.it<\/a><\/p>\n<p><strong>Antalya \u0130talya Fahri Konsoloslu\u011fu<\/strong><\/p>\n<p>Sorumluluk B\u00f6lgesi: Antalya<\/p>\n<p>Fahri Konsolos Ramazan \u00dc\u00e7dan<\/p>\n<p>Tel: +90 242 711 07 07 &#8211; E-mail:\u00a0<a href=\"https:\/\/ambankara.esteri.it\/ambasciata_ankara\/mail%20to:antalya.onorario@esteri.it\">antalya.onorario@esteri.it<\/a><br \/>\nAdres: Belek Mah. Cumhuruyet Cad no. 7\/102, Belek\/Serik\/Antalya<\/p>\n<p><strong>Nev\u015fehir \u0130talya Muavin Fahri Konsoloslu\u011fu<\/strong><br \/>\nSorumluluk b\u00f6lgesi: Nev\u015fehir, K\u0131r\u015fehir, Yozgat<br \/>\nFahri Muavin Konsolos Veli T\u00f6ren<br \/>\nTevfik Fikret Caddesi No.13, \u00dcrg\u00fcp- Nev\u015fehir<br \/>\nTel:\u00a0<span class=\"baec5a81-e4d6-4674-97f3-e9220f0136c1\">+90 384 3414688<\/span><br \/>\nFax:\u00a0\u00a0<span class=\"baec5a81-e4d6-4674-97f3-e9220f0136c1\">+90 384 3418866<\/span><br \/>\ne-mail:\u00a0<a href=\"mailto:veli@argeus.com\">veli@argeus.com\u00a0\u00a0<\/a><\/p>\n<p><a href=\"mailto:nevsehir.onorario@esteri.it\">nevsehir.onorario@esteri.it<\/a><\/p>\n<p><strong>Bodrum \u0130talya Muavin Fahri Konsoloslu\u011fu<\/strong><\/p>\n<p>Sorumluluk b\u00f6gesi: Mu\u011fla<\/p>\n<p>Fahri Muavin Konsolos Sinan Kiziltan<br \/>\nTelefon: +90 532 7797068 &#8211; +90 252 3330039<\/p>\n<p>E-mail:\u00a0<a href=\"https:\/\/ambankara.esteri.it\/ambasciata_ankara\/mail%20to:bodrum.onorario@esteri.it\">bodrum.onorario@esteri.it<\/a><br \/>\nAdres: Milas-Bodrum Karayolu 18.Km. Kemikler K\u00f6y\u00fc Mevkii Milas \u2013 Mu\u011fla<\/p>\n<p>&nbsp;<\/p>\n<p><strong>KONSOLOSLUK MUHAB\u0130RLER\u0130:<\/strong><\/p>\n<p>&#8211;\u00a0<strong>\u00c7e\u015fme<\/strong>\u00a0(Pandely Lorenzo Argenti Konsolosluk muhabiri olarak g\u00f6revini s\u00fcrd\u00fcrmektedir): \u00c7e\u015fme il\u00e7esi sorumlusu.<br \/>\nTel: 0090 553 482 60 22<br \/>\nE-mail:\u00a0<a href=\"mailto:lorenzo.argenti@libero.it\">lorenzo.argenti@libero.it<\/a><\/p>\n<p>&#8211; <strong>Bursa\u00a0<\/strong>(Oya \u0130zmirli Konsolosluk muhabiri olarak g\u00f6revini s\u00fcrd\u00fcrmektedir): Bursa il\u00e7esi sorumlusu.<\/p>\n<p>Oulu Caddesi Ba\u015faran Sokak Diniz Apt. N. 2\/1 Bursa<br \/>\ntel: +90 224 2349682 \u2013 +90 224 2335514 fax. +90 224 2335514<\/p>\n<p>&nbsp;<\/p>\n","protected":false},"excerpt":{"rendered":"Halen T\u00fcrkiye&#8217;de mevcut olan \u0130talyan diplomatik ve konsolosluk a\u011f\u0131, Ankara \u0130talyan B\u00fcy\u00fckel\u00e7ili\u011fi, \u0130stanbul \u0130talyan Ba\u015fkonsoloslu\u011fu ve \u0130zmir \u0130talyan Konsoloslu\u011fundan olu\u015fmaktad\u0131r. Bu \u00fc\u00e7 birimin sorumluluk b\u00f6lgeleri a\u015fa\u011f\u0131da ki haritada g\u00f6sterilmi\u015ftir. \u0130talya Ankara B\u00fcy\u00fckel\u00e7ili\u011fi G\u00f6rev B\u00f6lgesi: Ankara, Bolu, \u00c7ank\u0131r\u0131, Eski\u015fehir, K\u0131r\u015fehir, K\u0131r\u0131kkale, Hatay, Kahramanmara\u015f, Osmaniye, Gaziantep, Kilis, \u015eanl\u0131urfa, Malatya, Ad\u0131yaman, Elaz\u0131\u011f, Diyarbak\u0131r, Tunceli, Mardin, Bing\u00f6l, Batman, Mu\u015f, [&hellip;]","protected":false},"author":3,"featured_media":0,"parent":31,"menu_order":10,"comment_status":"closed","ping_status":"closed","template":"","meta":{"footnotes":""},"class_list":["post-109","page","type-page","status-publish","hentry"],"_links":{"self":[{"href":"https:\/\/ambankara.esteri.it\/tr\/wp-json\/wp\/v2\/pages\/109","targetHints":{"allow":["GET"]}}],"collection":[{"href":"https:\/\/ambankara.esteri.it\/tr\/wp-json\/wp\/v2\/pages"}],"about":[{"href":"https:\/\/ambankara.esteri.it\/tr\/wp-json\/wp\/v2\/types\/page"}],"author":[{"embeddable":true,"href":"https:\/\/ambankara.esteri.it\/tr\/wp-json\/wp\/v2\/users\/3"}],"replies":[{"embeddable":true,"href":"https:\/\/ambankara.esteri.it\/tr\/wp-json\/wp\/v2\/comments?post=109"}],"version-history":[{"count":5,"href":"https:\/\/ambankara.esteri.it\/tr\/wp-json\/wp\/v2\/pages\/109\/revisions"}],"predecessor-version":[{"id":7361,"href":"https:\/\/ambankara.esteri.it\/tr\/wp-json\/wp\/v2\/pages\/109\/revisions\/7361"}],"up":[{"embeddable":true,"href":"https:\/\/ambankara.esteri.it\/tr\/wp-json\/wp\/v2\/pages\/31"}],"wp:attachment":[{"href":"https:\/\/ambankara.esteri.it\/tr\/wp-json\/wp\/v2\/media?parent=109"}],"curies":[{"name":"wp","href":"https:\/\/api.w.org\/{rel}","templated":true}]}}