{"id":108,"date":"2023-05-01T08:01:54","date_gmt":"2023-05-01T06:01:54","guid":{"rendered":"https:\/\/ambankara.esteri.it\/chi-siamo\/numeri-di-emergenza\/"},"modified":"2024-10-17T09:54:54","modified_gmt":"2024-10-17T07:54:54","slug":"numeri-di-emergenza","status":"publish","type":"page","link":"https:\/\/ambankara.esteri.it\/tr\/chi-siamo\/numeri-di-emergenza\/","title":{"rendered":"Acil Telefon Numaralar\u0131"},"content":{"rendered":"<p>Kan\u0131tlanm\u0131\u015f acil durumlarda, a\u015fa\u011f\u0131daki numaralar <span style=\"text-decoration: underline;\">yaln\u0131zca zor durumdaki \u0130talyan vatanda\u015flar\u0131 i\u00e7in<\/span> kullan\u0131labilmektedir. <strong>V\u0130ZE PROSED\u00dcRLER\u0130 HAKKINDA B\u0130LG\u0130 VER\u0130LMEYECEKT\u0130R.<\/strong><\/p>\n<p><img decoding=\"async\" src=\"https:\/\/ambankara.esteri.it\/wp-content\/uploads\/2022\/11\/blu.png\" alt=\"blu\" \/>\u00a0Ankara ve G\u00fcneydo\u011fu Anadolu b\u00f6lgesi i\u00e7in:<\/p>\n<ul>\n<li>Mesai g\u00fcn ve saatlerinde (Pazartesi &#8211; Cuma saat 09:00-17:00): <strong>Santral<\/strong> <strong>+90 3124574200<\/strong><\/li>\n<li>Tatil g\u00fcnlerinde ve mesai saatleri d\u0131\u015f\u0131nda: <strong>Acil durum numaras\u0131<\/strong> <strong>+90 5323748177<\/strong><\/li>\n<\/ul>\n<p>&nbsp;<\/p>\n<p><img decoding=\"async\" src=\"https:\/\/ambankara.esteri.it\/wp-content\/uploads\/2022\/11\/verde.png\" alt=\"verde\" \/>\u00a0\u0130stanbul ve Karadeniz b\u00f6lgesi i\u00e7in:<\/p>\n<ul>\n<li>Mesai g\u00fcn ve saatlerinde (Pazartesi &#8211; Cuma saat 9:00 -16:30):<\/li>\n<\/ul>\n<p style=\"padding-left: 80px;\"><strong>&#8211; Konsolosluk B\u00f6l\u00fcm\u00fc +90 2122431024\/25, dahili 1169\/1170 <\/strong>(pzt-per\u015f 12:30-13:15, 14.00-14.30; cuma 12:30-13:30)<\/p>\n<p style=\"padding-left: 80px;\"><strong>&#8211; Santral +90 2122431024 \/ +90 2122431025<\/strong><\/p>\n<ul>\n<li>Tatil g\u00fcnlerinde ve mesai saatleri d\u0131\u015f\u0131nda: (Pazartesi &#8211; Per\u015fembe: 16.30-23.00; Cuma: 14.30-23.00; Cumartesi, Pazar ve resm\u00ee tatillerde: 8.00-23.00):<\/li>\n<\/ul>\n<p style=\"padding-left: 80px;\"><strong>&#8211; Acil durum numaras\u0131 +90 5554585844 (\u0130talyanca)<\/strong><\/p>\n<p style=\"padding-left: 80px;\"><strong>&#8211; Acil durum numaras\u0131<\/strong> <strong>+90 5552341906 (T\u00fcrk\u00e7e)<\/strong><\/p>\n<p>&nbsp;<\/p>\n<p><img decoding=\"async\" src=\"https:\/\/ambankara.esteri.it\/wp-content\/uploads\/2022\/11\/giallo.png\" alt=\"giallo\" \/>\u00a0\u0130zmir, Akdeniz ve Kapadokya b\u00f6lgesi i\u00e7in:<\/p>\n<ul>\n<li>Mesai g\u00fcn ve saatlerinde (Pazartesi &#8211; Cuma saat 9:00 &#8211; 17:00): <strong>Santral + 90 2324636676<\/strong><\/li>\n<li>Tatil g\u00fcnlerinde ve mesai saatleri d\u0131\u015f\u0131nda: <strong>Acil durum numaras\u0131<\/strong> <strong>+90 5326773273<\/strong><\/li>\n<\/ul>\n<p>&nbsp;<\/p>\n<p><img decoding=\"async\" class=\"alignnone size-medium wp-image-100 img-fluid\" src=\"https:\/\/ambankara.esteri.it\/wp-content\/uploads\/2022\/11\/attuali_circoscrizioni.png\" alt=\"attuali circoscrizioni\" width=\"750\" srcset=\"https:\/\/ambankara.esteri.it\/wp-content\/uploads\/2022\/11\/attuali_circoscrizioni.png 1139w, https:\/\/ambankara.esteri.it\/wp-content\/uploads\/2022\/11\/attuali_circoscrizioni-300x163.png 300w, https:\/\/ambankara.esteri.it\/wp-content\/uploads\/2022\/11\/attuali_circoscrizioni-1024x556.png 1024w, https:\/\/ambankara.esteri.it\/wp-content\/uploads\/2022\/11\/attuali_circoscrizioni-768x417.png 768w\" sizes=\"(max-width: 1139px) 100vw, 1139px\" \/><\/p>\n<p>&nbsp;<\/p>\n","protected":false},"excerpt":{"rendered":"Kan\u0131tlanm\u0131\u015f acil durumlarda, a\u015fa\u011f\u0131daki numaralar yaln\u0131zca zor durumdaki \u0130talyan vatanda\u015flar\u0131 i\u00e7in kullan\u0131labilmektedir. V\u0130ZE PROSED\u00dcRLER\u0130 HAKKINDA B\u0130LG\u0130 VER\u0130LMEYECEKT\u0130R. \u00a0Ankara ve G\u00fcneydo\u011fu Anadolu b\u00f6lgesi i\u00e7in: Mesai g\u00fcn ve saatlerinde (Pazartesi &#8211; Cuma saat 09:00-17:00): Santral +90 3124574200 Tatil g\u00fcnlerinde ve mesai saatleri d\u0131\u015f\u0131nda: Acil durum numaras\u0131 +90 5323748177 &nbsp; \u00a0\u0130stanbul ve Karadeniz b\u00f6lgesi i\u00e7in: Mesai g\u00fcn ve [&hellip;]","protected":false},"author":3,"featured_media":0,"parent":31,"menu_order":8,"comment_status":"closed","ping_status":"closed","template":"","meta":{"footnotes":""},"class_list":["post-108","page","type-page","status-publish","hentry"],"_links":{"self":[{"href":"https:\/\/ambankara.esteri.it\/tr\/wp-json\/wp\/v2\/pages\/108","targetHints":{"allow":["GET"]}}],"collection":[{"href":"https:\/\/ambankara.esteri.it\/tr\/wp-json\/wp\/v2\/pages"}],"about":[{"href":"https:\/\/ambankara.esteri.it\/tr\/wp-json\/wp\/v2\/types\/page"}],"author":[{"embeddable":true,"href":"https:\/\/ambankara.esteri.it\/tr\/wp-json\/wp\/v2\/users\/3"}],"replies":[{"embeddable":true,"href":"https:\/\/ambankara.esteri.it\/tr\/wp-json\/wp\/v2\/comments?post=108"}],"version-history":[{"count":5,"href":"https:\/\/ambankara.esteri.it\/tr\/wp-json\/wp\/v2\/pages\/108\/revisions"}],"predecessor-version":[{"id":5108,"href":"https:\/\/ambankara.esteri.it\/tr\/wp-json\/wp\/v2\/pages\/108\/revisions\/5108"}],"up":[{"embeddable":true,"href":"https:\/\/ambankara.esteri.it\/tr\/wp-json\/wp\/v2\/pages\/31"}],"wp:attachment":[{"href":"https:\/\/ambankara.esteri.it\/tr\/wp-json\/wp\/v2\/media?parent=108"}],"curies":[{"name":"wp","href":"https:\/\/api.w.org\/{rel}","templated":true}]}}