{"id":107,"date":"2023-05-01T08:01:21","date_gmt":"2023-05-01T06:01:21","guid":{"rendered":"https:\/\/ambankara.esteri.it\/chi-siamo\/contatti\/"},"modified":"2026-03-18T13:11:33","modified_gmt":"2026-03-18T12:11:33","slug":"contatti","status":"publish","type":"page","link":"https:\/\/ambankara.esteri.it\/tr\/chi-siamo\/contatti\/","title":{"rendered":"\u0130leti\u015fim"},"content":{"rendered":"<article id=\"articolo_centro\" class=\"col-md-15 col-sm-15 padding_articolo item-page\" role=\"main\" aria-label=\"articolo\"><strong>\u0130talya B\u00fcy\u00fckel\u00e7ili\u011fi<\/strong><br \/>\nAtat\u00fcrk Bulvar\u0131 n. 118<br \/>\n06680 Kavakl\u0131dere<br \/>\nAnkaraSantral :\u00a0<span class=\"baec5a81-e4d6-4674-97f3-e9220f0136c1\">+90 312 457 42 00<\/span><br \/>\ne-mail:\u00a0<a href=\"mailto:ambasciata.ankara@esteri.it\">ambasciata.ankara@esteri.it<\/a><\/p>\n<p><strong>Acil durumlarda<\/strong>, tatil g\u00fcnlerinde ve \u00e7al\u0131\u015fma saatleri d\u0131\u015f\u0131nda (Pazartesi-Cuma 09:00-17:00) a\u015fa\u011f\u0131daki telefon numaralar\u0131n\u0131 arayabilirsiniz. Vize m\u00fcracaatlar\u0131 ile ilgili sorunlar i\u00e7in KES\u0130NL\u0130KLE KULLANILMAMALIDIR.<br \/>\nAnkara ve G\u00fcneydo\u011fu b\u00f6lgesi:\u00a0<span class=\"baec5a81-e4d6-4674-97f3-e9220f0136c1\">+90532374 8177<\/span><br \/>\n\u0130stanbul ve Karadeniz b\u00f6lgesi :\u00a0<span class=\"baec5a81-e4d6-4674-97f3-e9220f0136c1\">+90 555 458 5844<\/span><br \/>\n\u0130zmir, Akdeniz ve\u00a0Kapadokya b\u00f6lgesi :\u00a0<span class=\"baec5a81-e4d6-4674-97f3-e9220f0136c1\">+90 532 677 3273<\/span><\/p>\n<p>************************************************************************************************<\/p>\n<p><strong>B\u00dcY\u00dcKEL\u00c7\u0130 \u00d6ZEL KALEM\u0130<\/strong><br \/>\nDiego Antonino CIMINO<br \/>\nTel.:\u00a0<span class=\"baec5a81-e4d6-4674-97f3-e9220f0136c1\">+90 312 4574 200<\/span><br \/>\ne-mail: <a href=\"mailto:ambankara.segreteria@esteri.it\">ambankara.segreteria@esteri.it<\/a><\/p>\n<p><strong>EL\u00c7\u0130 M\u00dcSTE\u015eAR OF\u0130S\u0130<br \/>\n<\/strong>Francesco de STEFANI SPADAFORA, El\u00e7i M\u00fcste\u015far ve Misyon \u015eefi Yard\u0131mc\u0131s\u0131<br \/>\nTel :\u00a0<span class=\"baec5a81-e4d6-4674-97f3-e9220f0136c1\">+90 312 457 42 200<\/span><br \/>\nEmail : <a href=\"mailto:ambankara.segreteria@esteri.it\">ambankara.segreteria@esteri.it<\/a><\/p>\n<p><strong>S\u0130YAS\u0130 \u0130\u015eLER OF\u0130S\u0130<\/strong><br \/>\nFerdinando STAGNO d&#8217; ALCONTRES<\/p>\n<p>Diego Antonino CIMINO<\/p>\n<p>Alice TESTA<\/p>\n<p>Tel :\u00a0<span class=\"baec5a81-e4d6-4674-97f3-e9220f0136c1\">+90 312 457 42 220<\/span><br \/>\nEmail :\u00a0<a href=\"mailto:ambasciata.ankara@esteri.it\">ambasciata.ankara@esteri.it<\/a><\/p>\n<p><strong>EKONOM\u0130 VE T\u0130CARET OF\u0130S\u0130<\/strong><\/p>\n<p>Andrea DELLA NEBBIA<\/p>\n<p>Andrea ZOPPO<\/p>\n<p>Tel : <span class=\"baec5a81-e4d6-4674-97f3-e9220f0136c1\">+90 312 457 42 75<\/span><br \/>\nEmail :\u00a0<a href=\"mailto:commerciale.ambankara@esteri.it\">commerciale.ambankara@esteri.it<\/a><br \/>\n\u0130talyan Firmalar\u00a0<a href=\"https:\/\/nexus.esteri.it\/?sede=727\">NEXUS\u00a0<\/a>portal\u0131n\u0131 kullanabilirler.<\/p>\n<p><strong>BASIN VE \u0130LET\u0130\u015e\u0130M OF\u0130S\u0130<\/strong><\/p>\n<p>Diego Antonino CIMINO<\/p>\n<p>Tel.:\u00a0<span class=\"baec5a81-e4d6-4674-97f3-e9220f0136c1\">+90 312 4574 200<\/span><br \/>\ne-mail: <a href=\"mailto:ambankara.segreteria@esteri.it\">ambankara.segreteria@esteri.it<\/a><\/p>\n<p><strong>KAMU D\u0130PLOMAS\u0130S\u0130 OF\u0130S\u0130<\/strong><\/p>\n<p>Maria Luisa SCOLARI<\/p>\n<p>Tel.: +90 312 4574 268<br \/>\nEmail : <a href=\"mailto:ankara.culturale@esteri.it\">ankara.culturale@esteri.it<\/a><\/p>\n<p><strong>KAN\u00c7ILARYA VE KONSOLOSLUK<\/strong><\/p>\n<p>Erica ENNE<\/p>\n<p>Giuseppe SCARPA<\/p>\n<p>Tel :+90 312 457 42 00<br \/>\nFax :+90 312 457 42 80<br \/>\nEmail :\u00a0<a href=\"mailto:consolare.ambankara@esteri.it\">consolare.ambankara@esteri.it<\/a><\/p>\n<p><strong>V\u0130ZE OF\u0130S\u0130<\/strong><\/p>\n<p>Tel :+90 312 457 42 00<br \/>\nFax :+90 312 457 42 83<br \/>\nEmail :\u00a0<a href=\"mailto:visti.ambankara@esteri.it\">visti.ambankara@esteri.it<\/a> ve <a href=\"mailto:ankara.vize@esteri.it\">ankara.vize@esteri.it<\/a><\/p>\n<p><strong>\u0130DAR\u0130 VE MAL\u0130 \u0130\u015eLER OF\u0130S\u0130<\/strong><\/p>\n<p>Patrizia FANELLI<br \/>\nTel :+90 312 457 42 00<br \/>\nEmail :\u00a0<a href=\"mailto:ankara.contabilita@esteri.it\">ankara.contabilita@esteri.it<\/a><\/p>\n<p><strong>SAVUNMA ATA\u015eEL\u0130\u011e\u0130<\/strong><\/p>\n<p>Kara Albay Francesco GIOVANNINI<br \/>\nKarabinieri Yarbay Alessandro D&#8217;Errico<br \/>\nTel :+90 312 468 12 97 &#8211; 467 31 78<br \/>\nFax :+90 312 468 80 23 &#8211; 467 29 82<br \/>\ne-mail :\u00a0<a href=\"mailto:difeitalia.ankara@smd.difesa.it\">difeitalia.ankara@smd.difesa.it<\/a><\/p>\n<p><strong>\u0130\u00c7\u0130\u015eLER\u0130 BAKANLI\u011eI \u0130RT\u0130BAT B\u00dcROSU<\/strong><\/p>\n<p>Polis Irtibat G\u00f6revlisi Fabio Guadagni<br \/>\nTel :+90 312 468 6220<br \/>\nEmail :\u00a0<a href=\"mailto:ankara.immigrazione@esteri.it\">ankara.immigrazione@esteri.it<\/a><\/p>\n<p><strong>GUARDIA DI FINANZA \u0130RT\u0130BAT B\u00dcROSU<\/strong><br \/>\nAlbay Giuseppe Bua<br \/>\nTel :+90 312 468 6233<br \/>\nEmail :\u00a0<a href=\"mailto:attache.ankara@gdf.it\">attache.ankara@gdf.it<\/a><\/p>\n<p>STAJYERLER<\/p>\n<p>e-mail:\u00a0<a href=\"mailto:stagisti.ambankara@esteri.it\">stagisti.ambankara@esteri.it<\/a><\/p>\n<\/article>\n","protected":false},"excerpt":{"rendered":"\u0130talya B\u00fcy\u00fckel\u00e7ili\u011fi Atat\u00fcrk Bulvar\u0131 n. 118 06680 Kavakl\u0131dere AnkaraSantral :\u00a0+90 312 457 42 00 e-mail:\u00a0ambasciata.ankara@esteri.it Acil durumlarda, tatil g\u00fcnlerinde ve \u00e7al\u0131\u015fma saatleri d\u0131\u015f\u0131nda (Pazartesi-Cuma 09:00-17:00) a\u015fa\u011f\u0131daki telefon numaralar\u0131n\u0131 arayabilirsiniz. Vize m\u00fcracaatlar\u0131 ile ilgili sorunlar i\u00e7in KES\u0130NL\u0130KLE KULLANILMAMALIDIR. Ankara ve G\u00fcneydo\u011fu b\u00f6lgesi:\u00a0+90532374 8177 \u0130stanbul ve Karadeniz b\u00f6lgesi :\u00a0+90 555 458 5844 \u0130zmir, Akdeniz ve\u00a0Kapadokya b\u00f6lgesi :\u00a0+90 [&hellip;]","protected":false},"author":3,"featured_media":0,"parent":31,"menu_order":6,"comment_status":"closed","ping_status":"closed","template":"","meta":{"footnotes":""},"class_list":["post-107","page","type-page","status-publish","hentry"],"_links":{"self":[{"href":"https:\/\/ambankara.esteri.it\/tr\/wp-json\/wp\/v2\/pages\/107","targetHints":{"allow":["GET"]}}],"collection":[{"href":"https:\/\/ambankara.esteri.it\/tr\/wp-json\/wp\/v2\/pages"}],"about":[{"href":"https:\/\/ambankara.esteri.it\/tr\/wp-json\/wp\/v2\/types\/page"}],"author":[{"embeddable":true,"href":"https:\/\/ambankara.esteri.it\/tr\/wp-json\/wp\/v2\/users\/3"}],"replies":[{"embeddable":true,"href":"https:\/\/ambankara.esteri.it\/tr\/wp-json\/wp\/v2\/comments?post=107"}],"version-history":[{"count":6,"href":"https:\/\/ambankara.esteri.it\/tr\/wp-json\/wp\/v2\/pages\/107\/revisions"}],"predecessor-version":[{"id":7492,"href":"https:\/\/ambankara.esteri.it\/tr\/wp-json\/wp\/v2\/pages\/107\/revisions\/7492"}],"up":[{"embeddable":true,"href":"https:\/\/ambankara.esteri.it\/tr\/wp-json\/wp\/v2\/pages\/31"}],"wp:attachment":[{"href":"https:\/\/ambankara.esteri.it\/tr\/wp-json\/wp\/v2\/media?parent=107"}],"curies":[{"name":"wp","href":"https:\/\/api.w.org\/{rel}","templated":true}]}}