{"id":106,"date":"2023-05-01T08:00:53","date_gmt":"2023-05-01T06:00:53","guid":{"rendered":"https:\/\/ambankara.esteri.it\/chi-siamo\/gli-uffici\/"},"modified":"2026-04-08T11:29:22","modified_gmt":"2026-04-08T09:29:22","slug":"gli-uffici","status":"publish","type":"page","link":"https:\/\/ambankara.esteri.it\/tr\/chi-siamo\/gli-uffici\/","title":{"rendered":"Birimler"},"content":{"rendered":"<p><strong>\u0130talya B\u00fcy\u00fckel\u00e7ili\u011fi<\/strong><br \/>\nAtat\u00fcrk Bulvar\u0131 n. 118<br \/>\n06680 Kavakl\u0131dere<br \/>\nAnkara<br \/>\nSantral :\u00a0<span class=\"baec5a81-e4d6-4674-97f3-e9220f0136c1\">+90 312 457 42 00<\/span><br \/>\ne-mail:\u00a0<a href=\"mailto:ambasciata.ankara@esteri.it\">ambasciata.ankara@esteri.it<\/a><\/p>\n<p>Acil durumlarda, tatil g\u00fcnlerinde ve \u00e7al\u0131\u015fma saatleri d\u0131\u015f\u0131nda(Pazartesi-Cuma 09:00-17:00) a\u015fa\u011f\u0131daki telefon numaralar\u0131n\u0131 arayabilirsiniz. Vize m\u00fcracaatlar\u0131 ile ilgili sorunlar i\u00e7in KES\u0130NL\u0130KLE KULLANILMAMALIDIR.<br \/>\nAnkara ve G\u00fcneydo\u011fu b\u00f6lgesi:\u00a0<span class=\"baec5a81-e4d6-4674-97f3-e9220f0136c1\">+90532374 8177<\/span><br \/>\n\u0130stanbul ve Karadeniz b\u00f6lgesi :\u00a0<span class=\"baec5a81-e4d6-4674-97f3-e9220f0136c1\">+90 555 458 5844<\/span><br \/>\n\u0130zmir, Akdeniz ve\u00a0Kapadokya b\u00f6lgesi :\u00a0<span class=\"baec5a81-e4d6-4674-97f3-e9220f0136c1\">+90 532 677 3273<\/span><\/p>\n<p><strong>\u00c7al\u0131\u015fma Saatleri:<\/strong><br \/>\nPazartesi &#8211; Cuma: 09.00 &#8211; 13.00 ve 14:00 \u2013 17:00<\/p>\n<p><strong>Konsolosluk<\/strong> :\u00a0Pazartesi Cuma 09:30 &#8211; 12:00 saatleri aras\u0131nda telefonla veya <a href=\"mailto:consolare.ambankara@esteri.it\">consolare.ambankara@esteri.it<\/a> adresine eposta yollanarak randevu al\u0131nmas\u0131 rica olunur.<\/p>\n<p><strong>Vize<\/strong>\u00a0:\u00a0<a href=\"https:\/\/idata.com.tr\/ita\/it\">iData&#8217;dan<\/a> bir randevu al\u0131nabilir. \u0130talyan ve AB vatanda\u015flar\u0131n\u0131n aile fertlerinin <a href=\"mailto:visti.ambankara@esteri.it\">visti.ambankara@esteri.it<\/a> veya <a href=\"mailto:ankara.vize@esteri.it\">ankara.vize@esteri.it<\/a> adresine e-posta yoluyla ba\u015fvurarak do\u011frudan B\u00fcy\u00fckel\u00e7ilikten randevu almalar\u0131 gerekmektedir.<\/p>\n<p>&nbsp;<\/p>\n<p>2026 tatil g\u00fcnleri<\/p>\n<table style=\"height: 725px;\" width=\"661\">\n<tbody>\n<tr>\n<td width=\"132\"><strong>Per\u015fembe<\/strong><\/td>\n<td width=\"132\"><strong>01 Ocak<\/strong><\/td>\n<td width=\"403\"><strong>YEN\u0130YIL<\/strong><\/td>\n<\/tr>\n<tr>\n<td width=\"132\"><strong>Cuma<\/strong><\/td>\n<td width=\"132\"><strong>20 Mart<\/strong><\/td>\n<td width=\"403\"><strong>RAMAZAN BAYRAMI<\/strong><\/td>\n<\/tr>\n<tr>\n<td width=\"132\"><strong>Cumartesi<\/strong><\/td>\n<td width=\"132\"><strong>1 Nisan<\/strong><\/td>\n<td width=\"403\"><strong>RAMAZAN BAYRAMI<\/strong><\/td>\n<\/tr>\n<tr>\n<td width=\"132\"><strong>Pazartesi<\/strong><\/td>\n<td width=\"132\"><strong>6 Nisan<\/strong><\/td>\n<td width=\"403\"><strong>PASKALYA PAZARTES\u0130S\u0130<\/strong><\/td>\n<\/tr>\n<tr>\n<td width=\"132\"><strong>Cuma<\/strong><\/td>\n<td width=\"132\"><strong>01 May\u0131s<\/strong><\/td>\n<td width=\"403\"><strong>\u0130\u015e VE \u0130\u015e\u00c7\u0130 BAYRAMI<\/strong><\/td>\n<\/tr>\n<tr>\n<td width=\"132\"><strong>\u00c7ar\u015famba<\/strong><\/td>\n<td width=\"132\"><strong>27 May\u0131s<\/strong><\/td>\n<td width=\"403\"><strong>KURBAN BAYRAMI<\/strong><\/td>\n<\/tr>\n<tr>\n<td width=\"132\"><strong>Sal\u0131<\/strong><\/td>\n<td width=\"132\"><strong>02 Haziran<\/strong><\/td>\n<td width=\"403\"><strong>\u0130TALYA CUMHUR\u0130YET BAYRAMI\u00a0<\/strong><\/td>\n<\/tr>\n<tr>\n<td width=\"132\"><strong>Cumartesi<\/strong><\/td>\n<td width=\"132\"><strong>15 A\u011fustos<\/strong><\/td>\n<td width=\"403\"><strong>MERYEM ANA\u2019NIN G\u00d6\u011eE Y\u00dcKSEL\u0130\u015e\u0130 YORTUSU<\/strong><\/td>\n<\/tr>\n<tr>\n<td width=\"132\"><strong>Pazar<\/strong><\/td>\n<td width=\"132\"><strong>4 Ekim<\/strong><\/td>\n<td width=\"403\"><strong>AZ\u0130Z FRANCESCO BAYRAMI<\/strong><\/td>\n<\/tr>\n<tr>\n<td width=\"132\"><strong>Per\u015fembe<\/strong><\/td>\n<td width=\"132\"><strong>29 Ekim<\/strong><\/td>\n<td width=\"403\"><strong>CUMHUR\u0130YET BAYRAMI<\/strong><\/td>\n<\/tr>\n<tr>\n<td width=\"132\"><strong>Cuma<\/strong><\/td>\n<td width=\"132\"><strong>25 Aral\u0131k<\/strong><\/td>\n<td width=\"403\"><strong>NOEL<\/strong><\/td>\n<\/tr>\n<tr>\n<td width=\"132\"><strong>Cumartesi<\/strong><\/td>\n<td width=\"132\"><strong>26 Aral\u0131k<\/strong><\/td>\n<td width=\"403\"><strong>AZ\u0130Z STEFANO<\/strong><\/td>\n<\/tr>\n<\/tbody>\n<\/table>\n<p>************************************************************************************************<\/p>\n<p><strong>B\u00fcy\u00fckel\u00e7i \u00d6zel Kalemi<br \/>\n<\/strong>Diego Antonino CIMINO, \u00d6zel Kalem M\u00fcd\u00fcr\u00fc<br \/>\nTel.: <span class=\"baec5a81-e4d6-4674-97f3-e9220f0136c1\">+90 312 4574 200<\/span><br \/>\ne-mail: <a href=\"mailto:ambankara.segreteria@esteri.it\">ambankara.segreteria@esteri.it<\/a><\/p>\n<p><strong>El\u00e7i M\u00fcste\u015far Ofisi<br \/>\n<\/strong>Francesco de STEFANI SPADAFORA, El\u00e7i M\u00fcste\u015far<br \/>\nTel :\u00a0<span class=\"baec5a81-e4d6-4674-97f3-e9220f0136c1\">+90 312 457 42 200<\/span><br \/>\nEmail : <a href=\"mailto:ambankara.segreteria@esteri.it\">ambankara.segreteria@esteri.it<\/a><\/p>\n<p><strong>Siyasi \u0130\u015fler Ofisi<\/strong><br \/>\nFerdinando STAGNO d&#8217; ALCONTRES<\/p>\n<p>Diego Antonino CIMINO<\/p>\n<p>Alice TESTA<\/p>\n<p>Tel :\u00a0<span class=\"baec5a81-e4d6-4674-97f3-e9220f0136c1\">+90 312 457 42 200<\/span><br \/>\nEmail :\u00a0<a href=\"mailto:ambasciata.ankara@esteri.it\">ambasciata.ankara@esteri.it<\/a><\/p>\n<p><strong>Ekonomi ve Ticaret Ofisi<\/strong><\/p>\n<p>Andrea DELLA NEBBIA<\/p>\n<p>Andrea ZOPPO<br \/>\nTel :\u00a0<span class=\"baec5a81-e4d6-4674-97f3-e9220f0136c1\">+90 312 457 42 75<\/span><br \/>\nEmail :\u00a0<a href=\"mailto:commerciale.ambankara@esteri.it\">commerciale.ambankara@esteri.it<\/a><br \/>\n\u0130talyan Firmalar\u00a0<a href=\"https:\/\/nexus.esteri.it\/?sede=727\">NEXUS\u00a0<\/a>portal\u0131n\u0131 kullanabilirler.<\/p>\n<p><strong>Bas\u0131n ve \u0130leti\u015fim Ofisi<\/strong><br \/>\nDiego Antonino CIMINO<br \/>\nEmail :\u00a0<a href=\"mailto:ambasciata.ankara@esteri.it\">ambasciata.ankara@esteri.it<\/a><\/p>\n<p><strong>K\u00fclt\u00fcrel Tan\u0131t\u0131m Ofisi<\/strong><\/p>\n<p>Maria Luisa SCOLARI<br \/>\nTel.: +90 312 4574 268<br \/>\nEmail : <a href=\"mailto:ankara.culturale@esteri.it\">ankara.culturale@esteri.it<\/a><\/p>\n<p><strong>Kan\u00e7\u0131larya ve Konsolosluk<\/strong><\/p>\n<p>Erica ENNE<\/p>\n<p>Giuseppe SCARPA<br \/>\nTel :+90 312 457 42 00<br \/>\nFax :+90 312 457 42 80<br \/>\nEmail :\u00a0<a href=\"mailto:consolare.ambankara@esteri.it\">consolare.ambankara@esteri.it<\/a><\/p>\n<p><strong>Vize B\u00f6l\u00fcm\u00fc<\/strong><\/p>\n<p>Tel :+90 312 457 42 00<br \/>\nFax :+90 312 457 42 83<br \/>\nEmail :\u00a0<a href=\"mailto:visti.ambankara@esteri.it\">visti.ambankara@esteri.it<\/a> ve <a href=\"mailto:visti.ambankara@esteri.it\">ankara.vize@esteri.it<\/a><\/p>\n<p><strong>\u0130dari ve Mali \u0130\u015fler Ofisi<\/strong><br \/>\nPatrizia FANELLI<br \/>\nTel :+90 312 457 42 00<br \/>\nEmail :\u00a0<a href=\"mailto:ankara.contabilita@esteri.it\">ankara.contabilita@esteri.it<\/a><\/p>\n<p><strong>Savunma Ata\u015feli\u011fi<\/strong><br \/>\nKara Albay Francesco GIOVANNINI, Savunma Ata\u015fesi<br \/>\nKarabinieri Yarbay FRANCO MACERA, Savunma Ata\u015fe Yard\u0131mc\u0131s\u0131<br \/>\nTel :+90 312 468 12 97 &#8211; 467 31 78<br \/>\nFax :+90 312 468 80 23 &#8211; 467 29 82<br \/>\ne-mail :\u00a0<a href=\"mailto:difeitalia.ankara@smd.difesa.it\">difeitalia.ankara@smd.difesa.it<\/a><\/p>\n<p><strong>\u0130\u00e7 \u0130\u015fleri Bakanl\u0131\u011f\u0131 \u0130rtibat B\u00fcrosu<\/strong><br \/>\nPolis Irtibat G\u00f6revlisi Fabio GUADAGNI<br \/>\nTel :+90 312 468 6220<br \/>\nEmail :\u00a0<a>ankara.immigrazione@esteri.it<\/a><\/p>\n<p><strong>Guardia di Finanza \u0130rtibat B\u00fcrosu<\/strong><br \/>\nAlbay Giuseppe BUA<br \/>\nTel :+90 312 468 6233<br \/>\nEmail :\u00a0<a href=\"mailto:attache.ankara@gdf.it\">attache.ankara@gdf.it<\/a><\/p>\n","protected":false},"excerpt":{"rendered":"\u0130talya B\u00fcy\u00fckel\u00e7ili\u011fi Atat\u00fcrk Bulvar\u0131 n. 118 06680 Kavakl\u0131dere Ankara Santral :\u00a0+90 312 457 42 00 e-mail:\u00a0ambasciata.ankara@esteri.it Acil durumlarda, tatil g\u00fcnlerinde ve \u00e7al\u0131\u015fma saatleri d\u0131\u015f\u0131nda(Pazartesi-Cuma 09:00-17:00) a\u015fa\u011f\u0131daki telefon numaralar\u0131n\u0131 arayabilirsiniz. Vize m\u00fcracaatlar\u0131 ile ilgili sorunlar i\u00e7in KES\u0130NL\u0130KLE KULLANILMAMALIDIR. Ankara ve G\u00fcneydo\u011fu b\u00f6lgesi:\u00a0+90532374 8177 \u0130stanbul ve Karadeniz b\u00f6lgesi :\u00a0+90 555 458 5844 \u0130zmir, Akdeniz ve\u00a0Kapadokya b\u00f6lgesi :\u00a0+90 [&hellip;]","protected":false},"author":3,"featured_media":0,"parent":31,"menu_order":4,"comment_status":"closed","ping_status":"closed","template":"","meta":{"footnotes":""},"class_list":["post-106","page","type-page","status-publish","hentry"],"_links":{"self":[{"href":"https:\/\/ambankara.esteri.it\/tr\/wp-json\/wp\/v2\/pages\/106","targetHints":{"allow":["GET"]}}],"collection":[{"href":"https:\/\/ambankara.esteri.it\/tr\/wp-json\/wp\/v2\/pages"}],"about":[{"href":"https:\/\/ambankara.esteri.it\/tr\/wp-json\/wp\/v2\/types\/page"}],"author":[{"embeddable":true,"href":"https:\/\/ambankara.esteri.it\/tr\/wp-json\/wp\/v2\/users\/3"}],"replies":[{"embeddable":true,"href":"https:\/\/ambankara.esteri.it\/tr\/wp-json\/wp\/v2\/comments?post=106"}],"version-history":[{"count":7,"href":"https:\/\/ambankara.esteri.it\/tr\/wp-json\/wp\/v2\/pages\/106\/revisions"}],"predecessor-version":[{"id":7520,"href":"https:\/\/ambankara.esteri.it\/tr\/wp-json\/wp\/v2\/pages\/106\/revisions\/7520"}],"up":[{"embeddable":true,"href":"https:\/\/ambankara.esteri.it\/tr\/wp-json\/wp\/v2\/pages\/31"}],"wp:attachment":[{"href":"https:\/\/ambankara.esteri.it\/tr\/wp-json\/wp\/v2\/media?parent=106"}],"curies":[{"name":"wp","href":"https:\/\/api.w.org\/{rel}","templated":true}]}}