{"id":7543,"date":"2026-04-13T18:31:40","date_gmt":"2026-04-13T16:31:40","guid":{"rendered":"https:\/\/ambankara.esteri.it\/?page_id=7543"},"modified":"2026-04-13T19:04:29","modified_gmt":"2026-04-13T17:04:29","slug":"ideha26","status":"publish","type":"page","link":"https:\/\/ambankara.esteri.it\/it\/italia-e-turchia\/diplomazia-economica\/ideha26\/","title":{"rendered":"IDEHA26"},"content":{"rendered":"<p style=\"text-align: justify;\">\u00a0\u00a0 <img loading=\"lazy\" decoding=\"async\" class=\"size-medium wp-image-7550 img-fluid aligncenter\" src=\"https:\/\/ambankara.esteri.it\/wp-content\/uploads\/2026\/04\/LOGO-300x110.jpeg\" alt=\"\" width=\"300\" height=\"110\" srcset=\"https:\/\/ambankara.esteri.it\/wp-content\/uploads\/2026\/04\/LOGO-300x110.jpeg 300w, https:\/\/ambankara.esteri.it\/wp-content\/uploads\/2026\/04\/LOGO-1024x377.jpeg 1024w, https:\/\/ambankara.esteri.it\/wp-content\/uploads\/2026\/04\/LOGO-768x283.jpeg 768w, https:\/\/ambankara.esteri.it\/wp-content\/uploads\/2026\/04\/LOGO.jpeg 1600w\" sizes=\"auto, (max-width: 300px) 100vw, 300px\" \/><\/p>\n<p style=\"text-align: justify;\">Italia \u00e8 sinonimo di genio. La capacit\u00e0 di coniugare creativit\u00e0, eccellenza e visione ha plasmato l\u2019identit\u00e0 italiana per secoli e continua a ispirare il mondo in tutti i settori: dall\u2019arte alla scienza, dall\u2019innovazione allo sport, dall\u2019alimentazione all\u2019impresa.<br \/>\nIl genio italiano in tutte le sue forme \u00e8 il protagonista di IDEHA -\u201cI\u201d per Italia, \u201cDEHA\u201d per \u201cgenio\u201d in turco &#8211; il programma che Ambasciata, Consolati e Istituto di Cultura lanciano nel 2026 in tutta la Turchia e che si arricchir\u00e0 con idee e contributi di istituzioni, imprese e cittadini, in un percorso vivo e in costante evoluzione come il rapporto tra Italia e Turchia.<br \/>\nIDEHA presenter\u00e0 la ricchezza del patrimonio culturale, scientifico e imprenditoriale italiano, proponendo mostre, conferenze, spettacoli e conversazioni che riflettono storia e attualit\u00e0 del genio italiano in Turchia: dal progetto visionario di Leonardo da Vinci per il ponte sul Corno d\u2019Oro fino al progetto satellitare G\u00f6kt\u00fcrk-1.<\/p>\n<p><a href=\"https:\/\/ambankara.esteri.it\/wp-content\/uploads\/2026\/04\/IDEHA_brochure_web.pdf\">Il calendario di eventi<\/a><\/p>\n<p><a href=\"https:\/\/ambankara.esteri.it\/it\/news\/dall_ambasciata\/2026\/04\/lambasciatore-italiano-in-turchia-inaugura-i-deha-2026\/\">La serata di lancio<\/a><\/p>\n","protected":false},"excerpt":{"rendered":"\u00a0\u00a0 Italia \u00e8 sinonimo di genio. La capacit\u00e0 di coniugare creativit\u00e0, eccellenza e visione ha plasmato l\u2019identit\u00e0 italiana per secoli e continua a ispirare il mondo in tutti i settori: dall\u2019arte alla scienza, dall\u2019innovazione allo sport, dall\u2019alimentazione all\u2019impresa. Il genio italiano in tutte le sue forme \u00e8 il protagonista di IDEHA -\u201cI\u201d per Italia, \u201cDEHA\u201d [&hellip;]","protected":false},"author":10,"featured_media":0,"parent":73,"menu_order":0,"comment_status":"closed","ping_status":"closed","template":"","meta":{"footnotes":""},"class_list":["post-7543","page","type-page","status-publish","hentry"],"_links":{"self":[{"href":"https:\/\/ambankara.esteri.it\/it\/wp-json\/wp\/v2\/pages\/7543","targetHints":{"allow":["GET"]}}],"collection":[{"href":"https:\/\/ambankara.esteri.it\/it\/wp-json\/wp\/v2\/pages"}],"about":[{"href":"https:\/\/ambankara.esteri.it\/it\/wp-json\/wp\/v2\/types\/page"}],"author":[{"embeddable":true,"href":"https:\/\/ambankara.esteri.it\/it\/wp-json\/wp\/v2\/users\/10"}],"replies":[{"embeddable":true,"href":"https:\/\/ambankara.esteri.it\/it\/wp-json\/wp\/v2\/comments?post=7543"}],"version-history":[{"count":5,"href":"https:\/\/ambankara.esteri.it\/it\/wp-json\/wp\/v2\/pages\/7543\/revisions"}],"predecessor-version":[{"id":7613,"href":"https:\/\/ambankara.esteri.it\/it\/wp-json\/wp\/v2\/pages\/7543\/revisions\/7613"}],"up":[{"embeddable":true,"href":"https:\/\/ambankara.esteri.it\/it\/wp-json\/wp\/v2\/pages\/73"}],"wp:attachment":[{"href":"https:\/\/ambankara.esteri.it\/it\/wp-json\/wp\/v2\/media?parent=7543"}],"curies":[{"name":"wp","href":"https:\/\/api.w.org\/{rel}","templated":true}]}}