{"id":75,"date":"2023-05-01T08:01:33","date_gmt":"2023-05-01T06:01:33","guid":{"rendered":"https:\/\/ambankara.esteri.it\/?page_id=75"},"modified":"2026-04-16T11:14:23","modified_gmt":"2026-04-16T09:14:23","slug":"servizi-per-il-cittadino-italiano","status":"publish","type":"page","link":"https:\/\/ambankara.esteri.it\/it\/servizi-consolari-e-visti\/servizi-per-il-cittadino-italiano\/","title":{"rendered":"Servizi per il cittadino italiano"},"content":{"rendered":"<p>L\u2019Ambasciata d\u2019Italia ad Ankara svolge diversi servizi per i connazionali residenti tramite l\u2019attivit\u00e0 della Cancelleria Consolare.<\/p>\n<p>La Cancelleria Consolare tutela i connazionali in varie circostanze. Ad esempio: violazione dei loro diritti fondamentali, arresto o detenzione, decesso, incidente, malattia grave, atti di violenza, emergenze in situazioni di crisi (catastrofi naturali, disordini civili, conflitti armati, ecc), ricerca di familiari, rilascio di documenti di viaggio d\u2019emergenza in caso di smarrimento o furto del passaporto, rimpatrio delle salme.<\/p>\n<p>Un elenco non esaustivo dei servizi consolari \u00e8 disponibile nel menu a destra. <strong>Alcuni servizi sono a pagamento secondo le vigenti <a href=\"https:\/\/ambankara.esteri.it\/it\/servizi-consolari-e-visti\/servizi-per-il-cittadino-italiano\/tariffe-consolari\/\">tariffe consolari<\/a>.<\/strong><\/p>\n<p>I servizi consolari sono erogati secondo i principi di eguaglianza, imparzialit\u00e0, efficienza e trasparenza. L\u2019esercizio di alcuni diritti e l\u2019accesso ad alcuni servizi sono limitati soltanto agli Italiani che abbiano provveduto all\u2019iscrizione all\u2019Anagrafe degli Italiani Residenti all\u2019Estero (AIRE), obbligatoria in base alla Legge n. 470 del 1988.<\/p>\n<p>La Cancelleria consolare dell\u2019Ambasciata d\u2019Italia ad Ankara \u00e8 aperta dal luned\u00ec al venerd\u00ec dalle 09:30 alle 12:30 su appuntamento (<a href=\"mailto:ambankara.consolare@esteri.it\">ambankara.consolare@esteri.it<\/a>). Nelle fasce serali e nei giorni festivi, per casi di effettiva emergenza, \u00e8 attivo il numero di emergenza +90 532 374 8177.<\/p>\n<p>Per informazioni sui requisiti di ingresso in Turchia (passaporto, visto di ingresso, viaggi all\u2019estero dei minori, formalit\u00e0 doganali e valutarie), sulla sicurezza, sulla situazione sanitaria, sulla mobilit\u00e0 consultare il sito <a href=\"https:\/\/www.viaggiaresicuri.it\/find-country\/country\/TUR\">Viaggiare Sicuri \u2013 Turchia<\/a>.<\/p>\n<p>L\u2019informativa relativa al trattamento dei dati personali ai fini dell\u2019erogazione dei servizi consolari (ad esclusione del rilascio dei visti e delle pratiche di cittadinanza)\u00a0\u00e8 consultabile <a href=\"https:\/\/ambankara.esteri.it\/wp-content\/uploads\/2025\/05\/Informativa_TDP_per_servizi_consolari.pdf\">qui<\/a>.<\/p>\n","protected":false},"excerpt":{"rendered":"L\u2019Ambasciata d\u2019Italia ad Ankara svolge diversi servizi per i connazionali residenti tramite l\u2019attivit\u00e0 della Cancelleria Consolare. La Cancelleria Consolare tutela i connazionali in varie circostanze. Ad esempio: violazione dei loro diritti fondamentali, arresto o detenzione, decesso, incidente, malattia grave, atti di violenza, emergenze in situazioni di crisi (catastrofi naturali, disordini civili, conflitti armati, ecc), ricerca [&hellip;]","protected":false},"author":3,"featured_media":0,"parent":14,"menu_order":0,"comment_status":"closed","ping_status":"closed","template":"","meta":{"footnotes":""},"class_list":["post-75","page","type-page","status-publish","hentry"],"_links":{"self":[{"href":"https:\/\/ambankara.esteri.it\/it\/wp-json\/wp\/v2\/pages\/75","targetHints":{"allow":["GET"]}}],"collection":[{"href":"https:\/\/ambankara.esteri.it\/it\/wp-json\/wp\/v2\/pages"}],"about":[{"href":"https:\/\/ambankara.esteri.it\/it\/wp-json\/wp\/v2\/types\/page"}],"author":[{"embeddable":true,"href":"https:\/\/ambankara.esteri.it\/it\/wp-json\/wp\/v2\/users\/3"}],"replies":[{"embeddable":true,"href":"https:\/\/ambankara.esteri.it\/it\/wp-json\/wp\/v2\/comments?post=75"}],"version-history":[{"count":6,"href":"https:\/\/ambankara.esteri.it\/it\/wp-json\/wp\/v2\/pages\/75\/revisions"}],"predecessor-version":[{"id":7640,"href":"https:\/\/ambankara.esteri.it\/it\/wp-json\/wp\/v2\/pages\/75\/revisions\/7640"}],"up":[{"embeddable":true,"href":"https:\/\/ambankara.esteri.it\/it\/wp-json\/wp\/v2\/pages\/14"}],"wp:attachment":[{"href":"https:\/\/ambankara.esteri.it\/it\/wp-json\/wp\/v2\/media?parent=75"}],"curies":[{"name":"wp","href":"https:\/\/api.w.org\/{rel}","templated":true}]}}