{"id":7327,"date":"2026-02-06T07:09:35","date_gmt":"2026-02-06T06:09:35","guid":{"rendered":"https:\/\/ambankara.esteri.it\/?page_id=7327"},"modified":"2026-02-24T10:58:40","modified_gmt":"2026-02-24T09:58:40","slug":"libri-e-materiale-didattico-per-linsegnamento-della-lingua-italiana-2026","status":"publish","type":"page","link":"https:\/\/ambankara.esteri.it\/it\/italia-e-turchia\/diplomazia-culturale\/contributi-2\/libri-e-materiale-didattico-per-linsegnamento-della-lingua-italiana-2026\/","title":{"rendered":"LIBRI E MATERIALE DIDATTICO PER L\u2019INSEGNAMENTO DELLA LINGUA ITALIANA \u2013 2026"},"content":{"rendered":"<p>Istituzioni universitarie e scolastiche straniere (pubbliche, statali o legalmente riconosciute) della giurisdizione territoriale dell\u2019Ambasciata d\u2019Italia in Ankara (Ankara, Bolu, \u00c7ank\u0131r\u0131, Eski\u015fehir, K\u0131r\u015fehir, K\u0131r\u0131kkale, Hatay, Kahramanmara\u015f, Osmaniye, Gaziantep, Kilis, \u015eanl\u0131urfa, Malatya, Ad\u0131yaman, Elaz\u0131\u011f, Diyarbak\u0131r, Tunceli, Mardin, Bing\u00f6l, Batman, Mu\u015f, Bitlis, Siirt, \u015e\u0131rnak, A\u011fr\u0131, Hakkari, Van) possono presentare richiesta di acquisto e fornitura di libri e materiale didattico da destinare all\u2019insegnamento della lingua italiana inviando il Modulo A (in allegato) debitamente compilato, timbrato e firmato in formato PDF e excel\u00a0 a: <a href=\"mailto:ankara.culturale@esteri.it\">ankara.culturale@esteri.it<\/a> \u00a0entro <strong><span style=\"font-family: 'Calibri',sans-serif;\">il 4 marzo 2026<\/span><\/strong>. Per eventuali informazioni riguardanti la compilazione dei moduli scrivere a <a href=\"mailto:ankara.culturale@esteri.it\">ankara.culturale@esteri.it<\/a><\/p>\n<p>&nbsp;<\/p>\n<p><a href=\"https:\/\/ambankara.esteri.it\/wp-content\/uploads\/2026\/02\/Modulo-A.xlsx\">Modulo A<\/a><\/p>\n","protected":false},"excerpt":{"rendered":"Istituzioni universitarie e scolastiche straniere (pubbliche, statali o legalmente riconosciute) della giurisdizione territoriale dell\u2019Ambasciata d\u2019Italia in Ankara (Ankara, Bolu, \u00c7ank\u0131r\u0131, Eski\u015fehir, K\u0131r\u015fehir, K\u0131r\u0131kkale, Hatay, Kahramanmara\u015f, Osmaniye, Gaziantep, Kilis, \u015eanl\u0131urfa, Malatya, Ad\u0131yaman, Elaz\u0131\u011f, Diyarbak\u0131r, Tunceli, Mardin, Bing\u00f6l, Batman, Mu\u015f, Bitlis, Siirt, \u015e\u0131rnak, A\u011fr\u0131, Hakkari, Van) possono presentare richiesta di acquisto e fornitura di libri e materiale [&hellip;]","protected":false},"author":9,"featured_media":0,"parent":3114,"menu_order":0,"comment_status":"closed","ping_status":"closed","template":"","meta":{"footnotes":""},"class_list":["post-7327","page","type-page","status-publish","hentry"],"_links":{"self":[{"href":"https:\/\/ambankara.esteri.it\/it\/wp-json\/wp\/v2\/pages\/7327","targetHints":{"allow":["GET"]}}],"collection":[{"href":"https:\/\/ambankara.esteri.it\/it\/wp-json\/wp\/v2\/pages"}],"about":[{"href":"https:\/\/ambankara.esteri.it\/it\/wp-json\/wp\/v2\/types\/page"}],"author":[{"embeddable":true,"href":"https:\/\/ambankara.esteri.it\/it\/wp-json\/wp\/v2\/users\/9"}],"replies":[{"embeddable":true,"href":"https:\/\/ambankara.esteri.it\/it\/wp-json\/wp\/v2\/comments?post=7327"}],"version-history":[{"count":2,"href":"https:\/\/ambankara.esteri.it\/it\/wp-json\/wp\/v2\/pages\/7327\/revisions"}],"predecessor-version":[{"id":7405,"href":"https:\/\/ambankara.esteri.it\/it\/wp-json\/wp\/v2\/pages\/7327\/revisions\/7405"}],"up":[{"embeddable":true,"href":"https:\/\/ambankara.esteri.it\/it\/wp-json\/wp\/v2\/pages\/3114"}],"wp:attachment":[{"href":"https:\/\/ambankara.esteri.it\/it\/wp-json\/wp\/v2\/media?parent=7327"}],"curies":[{"name":"wp","href":"https:\/\/api.w.org\/{rel}","templated":true}]}}