{"id":71,"date":"2023-05-01T08:01:28","date_gmt":"2023-05-01T06:01:28","guid":{"rendered":"https:\/\/ambankara.esteri.it\/?page_id=71"},"modified":"2026-02-12T09:17:07","modified_gmt":"2026-02-12T08:17:07","slug":"la-rete-consolare","status":"publish","type":"page","link":"https:\/\/ambankara.esteri.it\/it\/chi-siamo\/la-rete-consolare\/","title":{"rendered":"La Rete Consolare"},"content":{"rendered":"<p>Attualmente, la rete diplomatico-consolare italiana in Turchia consta dell&#8217;Ambasciata d&#8217;Italia ad Ankara, con relativa cancelleria consolare, del Consolato Generale d&#8217;Italia ad \u0130stanbul e del Consolato d&#8217;Italia ad \u0130zmir. La competenza territoriale dei predetti Uffici \u00e9 riscontrabile nella cartina riportata di seguito.<\/p>\n<p><img decoding=\"async\" class=\"alignnone size-medium wp-image-100 img-fluid\" src=\"https:\/\/ambankara.esteri.it\/wp-content\/uploads\/2022\/11\/attuali_circoscrizioni.png\" alt=\"attuali circoscrizioni\" width=\"900\" srcset=\"https:\/\/ambankara.esteri.it\/wp-content\/uploads\/2022\/11\/attuali_circoscrizioni.png 1139w, https:\/\/ambankara.esteri.it\/wp-content\/uploads\/2022\/11\/attuali_circoscrizioni-300x163.png 300w, https:\/\/ambankara.esteri.it\/wp-content\/uploads\/2022\/11\/attuali_circoscrizioni-1024x556.png 1024w, https:\/\/ambankara.esteri.it\/wp-content\/uploads\/2022\/11\/attuali_circoscrizioni-768x417.png 768w\" sizes=\"(max-width: 1139px) 100vw, 1139px\" \/><\/p>\n<p><strong>Giurisdizione dell&#8217;Ambasciata d&#8217;Italia ad Ankara:<\/strong><\/p>\n<p>Ankara, Bolu, \u00c7ank\u0131r\u0131, Eski\u015fehir, K\u0131r\u015fehir, K\u0131r\u0131kkale, Hatay, Kahramanmara\u015f, Osmaniye, Gaziantep, Kilis, \u015eanl\u0131urfa, Malatya, Ad\u0131yaman, Elaz\u0131\u011f, Diyarbak\u0131r, Tunceli, Mardin, Bing\u00f6l, Batman, Mu\u015f, Bitlis, Siirt, \u015e\u0131rnak, A\u011fr\u0131, Hakkari, Van<\/p>\n<p><strong>Giurisdizione del Consolato Generale d&#8217;Italia ad \u0130stanbul:<\/strong><\/p>\n<p>\u0130stanbul, Amasya, Artvin, Bilecik, Bursa, \u00c7anakkale, \u00c7orum, Edirne, Erzurum, Erzincan, Giresun, Gum\u00fc\u015fhane, I\u011fd\u0131r, Sakarya, Kocaeli, Ardahan, Bayburt, Kars, K\u0131rklareli, Ordu, Rize, Samsun, Sinop, Sivas, Trabzon, Tokat, Tekirda\u011f, Yalova, Bart\u0131n, D\u00fczce, Karab\u00fck, Kastamonu, Yozgat, Zonguldak<\/p>\n<p><strong>Giurisdizione del Consolato d&#8217;Italia ad \u0130zmir:<\/strong><\/p>\n<p>\u0130zmir, Aksaray, Adana, Afyon, Antalya, Ayd\u0131n, Bal\u0131kesir, Burdur, Denizli, Isparta, Karaman, Kayseri, Konya, Manisa, Mersin, Mu\u011fla, Ni\u011fde, U\u015fak, K\u00fctahya, Nev\u015fehir<\/p>\n<p>Esistono inoltre Uffici Consolari Onorari a Bursa, sotto la giurisdizione del Consolato Generale d&#8217;Italia ad \u0130stanbul; ad Antalya, Bodrum e Nev\u015fehir sotto la giurisdizione del Consolato d&#8217;Italia ad \u0130zmir; a \u0130skenderun e Gaziantep sotto la giurisdizione dell&#8217;Ambasciata d&#8217;Italia ad Ankara.<\/p>\n<p>&nbsp;<\/p>\n<p><strong>Ambasciata d&#8217;Italia ad Ankara\u00a0 (Sezione consolare)<br \/>\n<\/strong>Atat\u00fcrk Bulvar\u0131 n. 118<br \/>\n06680, Ankara<br \/>\nTel:\u00a0<span class=\"baec5a81-e4d6-4674-97f3-e9220f0136c1\">+90 312 45 74 200<a title=\"Call: +90 312 45 74 200\" href=\"https:\/\/ambankara.esteri.it\/ambasciata_ankara\/it\/ambasciata\/la_rete_consolare#\"><img decoding=\"async\" title=\"Call: +90 312 45 74 200\" src=\"data:image\/png;base64,iVBORw0KGgoAAAANSUhEUgAAABAAAAAQCAYAAAAf8\/9hAAAACXBIWXMAAA7EAAAOxAGVKw4bAAAAIGNIUk0AAHolAACAgwAA+f8AAIDpAAB1MAAA6mAAADqYAAAXb5JfxUYAAAKLSURBVHjadJPfS5NhFMe\/21xvuhXRyJAZroiSrJnbRdT7vrAf5HBaK5RABmEEwQIvkpZ\/QRcWXdSFw5soKaF0F7qZeLO13mGBDpQsf5CoxVKHOt0Pctp2uvEdrzG\/V+c553w\/54HnPDIiQiGpPMETABoB2AAYd9MRAMMAvGmX+RcAyAoBVJ7gZQDtABworH4AHWmX+bOMZdkjCoXiUzabvcAwzPSsob5p\/VTNY9GcdpnxdmYZ9wJThSCtCr1e\/4XjuNPd3d1KjUZzaGbI27ysqzGQoggAsLa1A7ehArrDxfDNr0oBlQB+wmKxbJFEL968SxoamsjkHaPU9l9piUo6A0RE1DG2QCWdASrpDAzJM5kMI8XecdjVxfEl+K9dxFgsgUvvR6HyBKHyBAEATyKLeGSsENuNcqk5kUjEGm7fzcYqr0ClVODl99+YXEvl6+c1amjVe+ahiGGYaUEQKnmeh91uL43rqheixjpdmzCL11er0PcjhrTLvMfUJsyKYUSeyWQ6enp6tgCgrKxsfbP8bB8AdE1G89cOReMAgOv+Cag8QXRNRkXAsDwcDr+am5tLCYKA3t7eo2dG+1vVK\/MfpRPtA+MIReMYaKj+\/xm9MiICx3EmpVL5wefzFavValis1u1vvHMkdfykCQC0kSGUTo+Ajmnx1dSC7IGD+UUCEYGIwLKsyWazrSeTSSIiMpnNf7Ttz5+ec96fr7\/VnE0mk+QfHMzV3WjcKH\/4rEr05QGFIA6HY4llWRLPRER+v3\/HYrFMFQSIkNra2tVQKJSlfcSyLO0LECFWq3XF6XRGA4HAptTsdrsXeZ6fEHtl+31nAOA4rkUulz\/I5XL63dQGgHEAN8Ph8AYA\/BsAt4ube4GblQIAAAAASUVORK5CYII=\" alt=\"\" \/><\/a><\/span><br \/>\nFax:\u00a0<span class=\"baec5a81-e4d6-4674-97f3-e9220f0136c1\">+90 312 45 74 281<a title=\"Call: +90 312 45 74 281\" href=\"https:\/\/ambankara.esteri.it\/ambasciata_ankara\/it\/ambasciata\/la_rete_consolare#\"><img decoding=\"async\" title=\"Call: +90 312 45 74 281\" src=\"data:image\/png;base64,iVBORw0KGgoAAAANSUhEUgAAABAAAAAQCAYAAAAf8\/9hAAAACXBIWXMAAA7EAAAOxAGVKw4bAAAAIGNIUk0AAHolAACAgwAA+f8AAIDpAAB1MAAA6mAAADqYAAAXb5JfxUYAAAKLSURBVHjadJPfS5NhFMe\/21xvuhXRyJAZroiSrJnbRdT7vrAf5HBaK5RABmEEwQIvkpZ\/QRcWXdSFw5soKaF0F7qZeLO13mGBDpQsf5CoxVKHOt0Pctp2uvEdrzG\/V+c553w\/54HnPDIiQiGpPMETABoB2AAYd9MRAMMAvGmX+RcAyAoBVJ7gZQDtABworH4AHWmX+bOMZdkjCoXiUzabvcAwzPSsob5p\/VTNY9GcdpnxdmYZ9wJThSCtCr1e\/4XjuNPd3d1KjUZzaGbI27ysqzGQoggAsLa1A7ehArrDxfDNr0oBlQB+wmKxbJFEL968SxoamsjkHaPU9l9piUo6A0RE1DG2QCWdASrpDAzJM5kMI8XecdjVxfEl+K9dxFgsgUvvR6HyBKHyBAEATyKLeGSsENuNcqk5kUjEGm7fzcYqr0ClVODl99+YXEvl6+c1amjVe+ahiGGYaUEQKnmeh91uL43rqheixjpdmzCL11er0PcjhrTLvMfUJsyKYUSeyWQ6enp6tgCgrKxsfbP8bB8AdE1G89cOReMAgOv+Cag8QXRNRkXAsDwcDr+am5tLCYKA3t7eo2dG+1vVK\/MfpRPtA+MIReMYaKj+\/xm9MiICx3EmpVL5wefzFavValis1u1vvHMkdfykCQC0kSGUTo+Ajmnx1dSC7IGD+UUCEYGIwLKsyWazrSeTSSIiMpnNf7Ttz5+ec96fr7\/VnE0mk+QfHMzV3WjcKH\/4rEr05QGFIA6HY4llWRLPRER+v3\/HYrFMFQSIkNra2tVQKJSlfcSyLO0LECFWq3XF6XRGA4HAptTsdrsXeZ6fEHtl+31nAOA4rkUulz\/I5XL63dQGgHEAN8Ph8AYA\/BsAt4ube4GblQIAAAAASUVORK5CYII=\" alt=\"\" \/><\/a><\/span><br \/>\ne-mail:\u00a0<a href=\"mailto:consolare.ambankara@esteri.it\">consolare.ambankara@esteri.it<\/a><\/p>\n<p>Orari di apertura al pubblico:<br \/>\ndal luned\u00ec al venerd\u00ec dalle 09:00 alle 12:30 o su appuntamento<\/p>\n<p><a href=\"https:\/\/consistanbul.esteri.it\/consolato_istanbul\/it\/\"><strong>Consolato Generale d&#8217;Italia ad Istanbul<\/strong><\/a><br \/>\nTom Tom Kaptan Sokak n. 15<br \/>\nBo\u011fazkesen, Beyo\u011flu, \u0130stanbul<br \/>\nTel: +90 212 243 10 24 &#8211; 243 10 25 &#8211; 244 32 59<br \/>\nFax:\u00a0<span class=\"baec5a81-e4d6-4674-97f3-e9220f0136c1\">+90 212 252 58 79<a title=\"Call: +90 212 252 58 79\" href=\"https:\/\/ambankara.esteri.it\/ambasciata_ankara\/it\/ambasciata\/la_rete_consolare#\"><img decoding=\"async\" title=\"Call: +90 212 252 58 79\" src=\"data:image\/png;base64,iVBORw0KGgoAAAANSUhEUgAAABAAAAAQCAYAAAAf8\/9hAAAACXBIWXMAAA7EAAAOxAGVKw4bAAAAIGNIUk0AAHolAACAgwAA+f8AAIDpAAB1MAAA6mAAADqYAAAXb5JfxUYAAAKLSURBVHjadJPfS5NhFMe\/21xvuhXRyJAZroiSrJnbRdT7vrAf5HBaK5RABmEEwQIvkpZ\/QRcWXdSFw5soKaF0F7qZeLO13mGBDpQsf5CoxVKHOt0Pctp2uvEdrzG\/V+c553w\/54HnPDIiQiGpPMETABoB2AAYd9MRAMMAvGmX+RcAyAoBVJ7gZQDtABworH4AHWmX+bOMZdkjCoXiUzabvcAwzPSsob5p\/VTNY9GcdpnxdmYZ9wJThSCtCr1e\/4XjuNPd3d1KjUZzaGbI27ysqzGQoggAsLa1A7ehArrDxfDNr0oBlQB+wmKxbJFEL968SxoamsjkHaPU9l9piUo6A0RE1DG2QCWdASrpDAzJM5kMI8XecdjVxfEl+K9dxFgsgUvvR6HyBKHyBAEATyKLeGSsENuNcqk5kUjEGm7fzcYqr0ClVODl99+YXEvl6+c1amjVe+ahiGGYaUEQKnmeh91uL43rqheixjpdmzCL11er0PcjhrTLvMfUJsyKYUSeyWQ6enp6tgCgrKxsfbP8bB8AdE1G89cOReMAgOv+Cag8QXRNRkXAsDwcDr+am5tLCYKA3t7eo2dG+1vVK\/MfpRPtA+MIReMYaKj+\/xm9MiICx3EmpVL5wefzFavValis1u1vvHMkdfykCQC0kSGUTo+Ajmnx1dSC7IGD+UUCEYGIwLKsyWazrSeTSSIiMpnNf7Ttz5+ec96fr7\/VnE0mk+QfHMzV3WjcKH\/4rEr05QGFIA6HY4llWRLPRER+v3\/HYrFMFQSIkNra2tVQKJSlfcSyLO0LECFWq3XF6XRGA4HAptTsdrsXeZ6fEHtl+31nAOA4rkUulz\/I5XL63dQGgHEAN8Ph8AYA\/BsAt4ube4GblQIAAAAASUVORK5CYII=\" alt=\"\" \/><\/a><\/span><br \/>\ne-mail:\u00a0<a href=\"mailto:consolatogenerale.istanbul@esteri.it\">consolatogenerale.istanbul@esteri.it<\/a><\/p>\n<p>Orari di apertura al pubblico:<br \/>\ndal luned\u00ec al venerd\u00ec dalle 09:00 alle 12:00<\/p>\n<p><a href=\"https:\/\/consizmir.esteri.it\/consolato_izmir\/it\"><strong>Consolato d&#8217;Italia ad Izmir<\/strong><\/a><\/p>\n<p>Akdeniz Mh. \u015eehit Fethi Bey Caddesi No. 55<br \/>\nKonak \/ Izmir<br \/>\nTel.: + 90\/232 463 66 76; +90\/232 463 66\u00a096<br \/>\nFax +90\/232 421 25 12<br \/>\ne-mail: <a href=\"mailto:consolato.izmir@esteri.it\">consolato.izmir@esteri.it<\/a><\/p>\n<p>Orari di apertura al pubblico:<br \/>\ndal luned\u00ec al venerd\u00ec dalle 09:30 alle 12:30 e dalle 14:00 alle 16:00<\/p>\n<p>&nbsp;<\/p>\n<p><strong>UFFICI ONORARI<\/strong><\/p>\n<p><strong>Consolato Onorario d&#8217;Italia ad \u0130skenderun<br \/>\n<\/strong>Giurisdizione: Hatay, Icel, Adana, Osmaniye<br \/>\nConsole Onorario Sig. Alfredo Antonio Levante<br \/>\nAtat\u00fcrk Bulvar\u0131 \u00dcnsal I\u015fhan\u0131 Kat 3 D:2<br \/>\n\u0130skenderun<br \/>\nTel:\u00a0<span class=\"baec5a81-e4d6-4674-97f3-e9220f0136c1\">+90 326 6136091<a title=\"Call: +90 326 6136091\" href=\"https:\/\/ambankara.esteri.it\/ambasciata_ankara\/it\/ambasciata\/la_rete_consolare#\"><img decoding=\"async\" title=\"Call: +90 326 6136091\" src=\"data:image\/png;base64,iVBORw0KGgoAAAANSUhEUgAAABAAAAAQCAYAAAAf8\/9hAAAACXBIWXMAAA7EAAAOxAGVKw4bAAAAIGNIUk0AAHolAACAgwAA+f8AAIDpAAB1MAAA6mAAADqYAAAXb5JfxUYAAAKLSURBVHjadJPfS5NhFMe\/21xvuhXRyJAZroiSrJnbRdT7vrAf5HBaK5RABmEEwQIvkpZ\/QRcWXdSFw5soKaF0F7qZeLO13mGBDpQsf5CoxVKHOt0Pctp2uvEdrzG\/V+c553w\/54HnPDIiQiGpPMETABoB2AAYd9MRAMMAvGmX+RcAyAoBVJ7gZQDtABworH4AHWmX+bOMZdkjCoXiUzabvcAwzPSsob5p\/VTNY9GcdpnxdmYZ9wJThSCtCr1e\/4XjuNPd3d1KjUZzaGbI27ysqzGQoggAsLa1A7ehArrDxfDNr0oBlQB+wmKxbJFEL968SxoamsjkHaPU9l9piUo6A0RE1DG2QCWdASrpDAzJM5kMI8XecdjVxfEl+K9dxFgsgUvvR6HyBKHyBAEATyKLeGSsENuNcqk5kUjEGm7fzcYqr0ClVODl99+YXEvl6+c1amjVe+ahiGGYaUEQKnmeh91uL43rqheixjpdmzCL11er0PcjhrTLvMfUJsyKYUSeyWQ6enp6tgCgrKxsfbP8bB8AdE1G89cOReMAgOv+Cag8QXRNRkXAsDwcDr+am5tLCYKA3t7eo2dG+1vVK\/MfpRPtA+MIReMYaKj+\/xm9MiICx3EmpVL5wefzFavValis1u1vvHMkdfykCQC0kSGUTo+Ajmnx1dSC7IGD+UUCEYGIwLKsyWazrSeTSSIiMpnNf7Ttz5+ec96fr7\/VnE0mk+QfHMzV3WjcKH\/4rEr05QGFIA6HY4llWRLPRER+v3\/HYrFMFQSIkNra2tVQKJSlfcSyLO0LECFWq3XF6XRGA4HAptTsdrsXeZ6fEHtl+31nAOA4rkUulz\/I5XL63dQGgHEAN8Ph8AYA\/BsAt4ube4GblQIAAAAASUVORK5CYII=\" alt=\"\" \/><\/a><\/span><br \/>\nFax:\u00a0<span class=\"baec5a81-e4d6-4674-97f3-e9220f0136c1\">+90 326 6179193<a title=\"Call: +90 326 6179193\" href=\"https:\/\/ambankara.esteri.it\/ambasciata_ankara\/it\/ambasciata\/la_rete_consolare#\"><img decoding=\"async\" title=\"Call: +90 326 6179193\" src=\"data:image\/png;base64,iVBORw0KGgoAAAANSUhEUgAAABAAAAAQCAYAAAAf8\/9hAAAACXBIWXMAAA7EAAAOxAGVKw4bAAAAIGNIUk0AAHolAACAgwAA+f8AAIDpAAB1MAAA6mAAADqYAAAXb5JfxUYAAAKLSURBVHjadJPfS5NhFMe\/21xvuhXRyJAZroiSrJnbRdT7vrAf5HBaK5RABmEEwQIvkpZ\/QRcWXdSFw5soKaF0F7qZeLO13mGBDpQsf5CoxVKHOt0Pctp2uvEdrzG\/V+c553w\/54HnPDIiQiGpPMETABoB2AAYd9MRAMMAvGmX+RcAyAoBVJ7gZQDtABworH4AHWmX+bOMZdkjCoXiUzabvcAwzPSsob5p\/VTNY9GcdpnxdmYZ9wJThSCtCr1e\/4XjuNPd3d1KjUZzaGbI27ysqzGQoggAsLa1A7ehArrDxfDNr0oBlQB+wmKxbJFEL968SxoamsjkHaPU9l9piUo6A0RE1DG2QCWdASrpDAzJM5kMI8XecdjVxfEl+K9dxFgsgUvvR6HyBKHyBAEATyKLeGSsENuNcqk5kUjEGm7fzcYqr0ClVODl99+YXEvl6+c1amjVe+ahiGGYaUEQKnmeh91uL43rqheixjpdmzCL11er0PcjhrTLvMfUJsyKYUSeyWQ6enp6tgCgrKxsfbP8bB8AdE1G89cOReMAgOv+Cag8QXRNRkXAsDwcDr+am5tLCYKA3t7eo2dG+1vVK\/MfpRPtA+MIReMYaKj+\/xm9MiICx3EmpVL5wefzFavValis1u1vvHMkdfykCQC0kSGUTo+Ajmnx1dSC7IGD+UUCEYGIwLKsyWazrSeTSSIiMpnNf7Ttz5+ec96fr7\/VnE0mk+QfHMzV3WjcKH\/4rEr05QGFIA6HY4llWRLPRER+v3\/HYrFMFQSIkNra2tVQKJSlfcSyLO0LECFWq3XF6XRGA4HAptTsdrsXeZ6fEHtl+31nAOA4rkUulz\/I5XL63dQGgHEAN8Ph8AYA\/BsAt4ube4GblQIAAAAASUVORK5CYII=\" alt=\"\" \/><\/a><\/span><\/p>\n<p><a href=\"mailto:iskenderun.onorario@esteri.it\">iskenderun.onorario@esteri.it<\/a><\/p>\n<p><a href=\"alfredolevante@gmail.com\">alfredolevante@gmail.com<\/a><\/p>\n<p><a href=\"https:\/\/ambankara.esteri.it\/wp-content\/uploads\/2023\/04\/estratto_dlf_levante_co_iskenderun_turchia-1.pdf\">DECRETO LIMITAZIONE FUNZIONI<\/a><\/p>\n<p><strong>Consolato Onorario d&#8217;Italia a Gaziantep<br \/>\n<\/strong>Giurisdizione:Adiyaman, Batman, Diyarbakir, Gaziantep, Kilis, Mardin, Sanliurfa, Siirt, Sirnak<br \/>\nConsole Onorario S.ra Mehpare \u015eayan Kileci<\/p>\n<p>Gatem Sitesi 15. Blok no 31\/33, 27110 \u015eehitkamil &#8211; Gaziantep<\/p>\n<p>Tel:\u00a0<span class=\"baec5a81-e4d6-4674-97f3-e9220f0136c1\">+90 342 2381428<a title=\"Chiama: +90 342 2381428\" href=\"https:\/\/ambankara.esteri.it\/ambasciata_ankara\/it\/ambasciata\/la_rete_consolare#\"><img decoding=\"async\" title=\"Chiama: +90 342 2381428\" src=\"data:image\/png;base64,iVBORw0KGgoAAAANSUhEUgAAABAAAAAQCAYAAAAf8\/9hAAABcklEQVR4XpXTPUvDUBTH4aR2c2hBQXGpTiIORhBcBOvgYKf0Awi+4Ggr1MVPIIrYdnEpShddHIyLi6AVXVxsRRDRwbi4KNgu4lCIv8i\/i6QRDzycy+09555LqOl5nhEUptPoJe1iDHU8oYlrlDw79m4QEbSLPexzsIc8hDRm8YBjLpj4q8EgxQdab+MNd4ghhQ2adIc1+ORAFEnWWfTDRp7GDfImlsIavKALLuqoqMGUCs4wHtagiQ5uc8kDyCOBKlP1k78QNTOZnMXCQRxWsbjl6iuskV41SQG2Gj9rikvcR1WcgKFDBa1LOEUK56hqv8BUFV3SGWkVS9JQ6Dsv4wQ1DKMPORUvkm78BhdQMI1CTa5I0yrcwSFqFD+SZ7DQesIkCG5S\/JpkHYERQRmuNsrZ7Grc+Ef8\/Bcoslkfae8Wc7CUHZ++TuAEBj86pHntjaDKXllPy6PW\/gkKFaThwp\/K87N8hDcQTTKKFTioSxqB8Q2BNX5JtAljwgAAAABJRU5ErkJggg==\" alt=\"\" \/><\/a><\/span><br \/>\n<a href=\"mailto:gaziantep.onorario@esteri.it\">gaziantep.onorario@esteri.it<\/a><\/p>\n<p><a href=\"mailto:mskileci@gapdanismanlik.com\">mskileci@gapdanismanlik.com<\/a><\/p>\n<p><a href=\"https:\/\/ambankara.esteri.it\/wp-content\/uploads\/2023\/04\/estratto_dlf_sayan_kileci_co_gaziantep_turchia-2.pdf\">DECRETO LIMITAZIONE FUNZIONI<\/a><\/p>\n<p><strong>Consolato Onorario d&#8217;Italia ad Antalya<\/strong><\/p>\n<p>Giurisdizione: Provincia di Antalya<\/p>\n<p>Console Onorario Ramazan \u00dc\u00e7dan<\/p>\n<p>Tel: +90 242 711 07 07 &#8211; E-mail:\u00a0<a href=\"https:\/\/ambankara.esteri.it\/ambasciata_ankara\/mail%20to:antalya.onorario@esteri.it\">antalya.onorario@esteri.it<\/a><br \/>\nIndirizzo: Belek Mah. Cumhuruyet Cad no. 7\/102, Belek\/Serik\/Antalya<\/p>\n<p><a href=\"https:\/\/ambankara.esteri.it\/wp-content\/uploads\/2023\/04\/Antalya.pdf\">DECRETO LIMITAZIONE FUNZIONI<\/a><\/p>\n<p><strong>Vice Consolato Onorario d&#8217;Italia a Nev\u015fehir<br \/>\n<\/strong>Giurisdizione: Nev\u015fehir, K\u0131r\u015fehir, Yozgat<br \/>\nVice Console Onorario Sig. Veli T\u00f6ren<br \/>\nTel:\u00a0<span class=\"baec5a81-e4d6-4674-97f3-e9220f0136c1\">+90 384 3414688<a title=\"Call: +90 384 3414688\" href=\"https:\/\/ambankara.esteri.it\/ambasciata_ankara\/it\/ambasciata\/la_rete_consolare#\"><img decoding=\"async\" title=\"Call: +90 384 3414688\" src=\"data:image\/png;base64,iVBORw0KGgoAAAANSUhEUgAAABAAAAAQCAYAAAAf8\/9hAAAACXBIWXMAAA7EAAAOxAGVKw4bAAAAIGNIUk0AAHolAACAgwAA+f8AAIDpAAB1MAAA6mAAADqYAAAXb5JfxUYAAAKLSURBVHjadJPfS5NhFMe\/21xvuhXRyJAZroiSrJnbRdT7vrAf5HBaK5RABmEEwQIvkpZ\/QRcWXdSFw5soKaF0F7qZeLO13mGBDpQsf5CoxVKHOt0Pctp2uvEdrzG\/V+c553w\/54HnPDIiQiGpPMETABoB2AAYd9MRAMMAvGmX+RcAyAoBVJ7gZQDtABworH4AHWmX+bOMZdkjCoXiUzabvcAwzPSsob5p\/VTNY9GcdpnxdmYZ9wJThSCtCr1e\/4XjuNPd3d1KjUZzaGbI27ysqzGQoggAsLa1A7ehArrDxfDNr0oBlQB+wmKxbJFEL968SxoamsjkHaPU9l9piUo6A0RE1DG2QCWdASrpDAzJM5kMI8XecdjVxfEl+K9dxFgsgUvvR6HyBKHyBAEATyKLeGSsENuNcqk5kUjEGm7fzcYqr0ClVODl99+YXEvl6+c1amjVe+ahiGGYaUEQKnmeh91uL43rqheixjpdmzCL11er0PcjhrTLvMfUJsyKYUSeyWQ6enp6tgCgrKxsfbP8bB8AdE1G89cOReMAgOv+Cag8QXRNRkXAsDwcDr+am5tLCYKA3t7eo2dG+1vVK\/MfpRPtA+MIReMYaKj+\/xm9MiICx3EmpVL5wefzFavValis1u1vvHMkdfykCQC0kSGUTo+Ajmnx1dSC7IGD+UUCEYGIwLKsyWazrSeTSSIiMpnNf7Ttz5+ec96fr7\/VnE0mk+QfHMzV3WjcKH\/4rEr05QGFIA6HY4llWRLPRER+v3\/HYrFMFQSIkNra2tVQKJSlfcSyLO0LECFWq3XF6XRGA4HAptTsdrsXeZ6fEHtl+31nAOA4rkUulz\/I5XL63dQGgHEAN8Ph8AYA\/BsAt4ube4GblQIAAAAASUVORK5CYII=\" alt=\"\" \/><\/a><\/span><br \/>\nfax:\u00a0\u00a0<span class=\"baec5a81-e4d6-4674-97f3-e9220f0136c1\">+90 384 3418866<a title=\"Call: +90 384 3418866\" href=\"https:\/\/ambankara.esteri.it\/ambasciata_ankara\/it\/ambasciata\/la_rete_consolare#\"><img decoding=\"async\" title=\"Call: +90 384 3418866\" src=\"data:image\/png;base64,iVBORw0KGgoAAAANSUhEUgAAABAAAAAQCAYAAAAf8\/9hAAAACXBIWXMAAA7EAAAOxAGVKw4bAAAAIGNIUk0AAHolAACAgwAA+f8AAIDpAAB1MAAA6mAAADqYAAAXb5JfxUYAAAKLSURBVHjadJPfS5NhFMe\/21xvuhXRyJAZroiSrJnbRdT7vrAf5HBaK5RABmEEwQIvkpZ\/QRcWXdSFw5soKaF0F7qZeLO13mGBDpQsf5CoxVKHOt0Pctp2uvEdrzG\/V+c553w\/54HnPDIiQiGpPMETABoB2AAYd9MRAMMAvGmX+RcAyAoBVJ7gZQDtABworH4AHWmX+bOMZdkjCoXiUzabvcAwzPSsob5p\/VTNY9GcdpnxdmYZ9wJThSCtCr1e\/4XjuNPd3d1KjUZzaGbI27ysqzGQoggAsLa1A7ehArrDxfDNr0oBlQB+wmKxbJFEL968SxoamsjkHaPU9l9piUo6A0RE1DG2QCWdASrpDAzJM5kMI8XecdjVxfEl+K9dxFgsgUvvR6HyBKHyBAEATyKLeGSsENuNcqk5kUjEGm7fzcYqr0ClVODl99+YXEvl6+c1amjVe+ahiGGYaUEQKnmeh91uL43rqheixjpdmzCL11er0PcjhrTLvMfUJsyKYUSeyWQ6enp6tgCgrKxsfbP8bB8AdE1G89cOReMAgOv+Cag8QXRNRkXAsDwcDr+am5tLCYKA3t7eo2dG+1vVK\/MfpRPtA+MIReMYaKj+\/xm9MiICx3EmpVL5wefzFavValis1u1vvHMkdfykCQC0kSGUTo+Ajmnx1dSC7IGD+UUCEYGIwLKsyWazrSeTSSIiMpnNf7Ttz5+ec96fr7\/VnE0mk+QfHMzV3WjcKH\/4rEr05QGFIA6HY4llWRLPRER+v3\/HYrFMFQSIkNra2tVQKJSlfcSyLO0LECFWq3XF6XRGA4HAptTsdrsXeZ6fEHtl+31nAOA4rkUulz\/I5XL63dQGgHEAN8Ph8AYA\/BsAt4ube4GblQIAAAAASUVORK5CYII=\" alt=\"\" \/><\/a><\/span><br \/>\nTevfik Fikret Caddesi No:13, \u00dcrg\u00fcp- Nev\u015fehir<\/p>\n<p><a href=\"mailto:nevsehir.onorario@esteri.it\">nevsehir.onorario@esteri.it<\/a><br \/>\n<a href=\"mailto:veli@argeus.com\">veli@argeus.com<\/a><\/p>\n<p><a href=\"https:\/\/ambankara.esteri.it\/wp-content\/uploads\/2023\/04\/Nevsehir-1.pdf\">DECRETO LIMITAZIONE FUNZIONI<\/a><\/p>\n<p><strong>Vice Consolato Onorario d&#8217;Italia a Bodrum<\/strong><\/p>\n<p>Giurisdizione:\u00a0Provincia di Mugla<\/p>\n<p>Vice Console Onorario Sinan Kiziltan<br \/>\nTel:\u00a0<span class=\"baec5a81-e4d6-4674-97f3-e9220f0136c1\">+90 532 7797068<a title=\"Chiama: +90 532 7797068\" href=\"https:\/\/ambankara.esteri.it\/ambasciata_ankara\/it\/ambasciata\/la_rete_consolare#\"><img decoding=\"async\" title=\"Chiama: +90 532 7797068\" src=\"data:image\/png;base64,iVBORw0KGgoAAAANSUhEUgAAABAAAAAQCAYAAAAf8\/9hAAABcklEQVR4XpXTPUvDUBTH4aR2c2hBQXGpTiIORhBcBOvgYKf0Awi+4Ggr1MVPIIrYdnEpShddHIyLi6AVXVxsRRDRwbi4KNgu4lCIv8i\/i6QRDzycy+09555LqOl5nhEUptPoJe1iDHU8oYlrlDw79m4QEbSLPexzsIc8hDRm8YBjLpj4q8EgxQdab+MNd4ghhQ2adIc1+ORAFEnWWfTDRp7GDfImlsIavKALLuqoqMGUCs4wHtagiQ5uc8kDyCOBKlP1k78QNTOZnMXCQRxWsbjl6iuskV41SQG2Gj9rikvcR1WcgKFDBa1LOEUK56hqv8BUFV3SGWkVS9JQ6Dsv4wQ1DKMPORUvkm78BhdQMI1CTa5I0yrcwSFqFD+SZ7DQesIkCG5S\/JpkHYERQRmuNsrZ7Grc+Ef8\/Bcoslkfae8Wc7CUHZ++TuAEBj86pHntjaDKXllPy6PW\/gkKFaThwp\/K87N8hDcQTTKKFTioSxqB8Q2BNX5JtAljwgAAAABJRU5ErkJggg==\" alt=\"\" \/><\/a><\/span>\u00a0&#8211;\u00a0<span class=\"baec5a81-e4d6-4674-97f3-e9220f0136c1\">+90 252 3330039<a title=\"Chiama: +90 252 3330039\" href=\"https:\/\/ambankara.esteri.it\/ambasciata_ankara\/it\/ambasciata\/la_rete_consolare#\"><img decoding=\"async\" title=\"Chiama: +90 252 3330039\" src=\"data:image\/png;base64,iVBORw0KGgoAAAANSUhEUgAAABAAAAAQCAYAAAAf8\/9hAAABcklEQVR4XpXTPUvDUBTH4aR2c2hBQXGpTiIORhBcBOvgYKf0Awi+4Ggr1MVPIIrYdnEpShddHIyLi6AVXVxsRRDRwbi4KNgu4lCIv8i\/i6QRDzycy+09555LqOl5nhEUptPoJe1iDHU8oYlrlDw79m4QEbSLPexzsIc8hDRm8YBjLpj4q8EgxQdab+MNd4ghhQ2adIc1+ORAFEnWWfTDRp7GDfImlsIavKALLuqoqMGUCs4wHtagiQ5uc8kDyCOBKlP1k78QNTOZnMXCQRxWsbjl6iuskV41SQG2Gj9rikvcR1WcgKFDBa1LOEUK56hqv8BUFV3SGWkVS9JQ6Dsv4wQ1DKMPORUvkm78BhdQMI1CTa5I0yrcwSFqFD+SZ7DQesIkCG5S\/JpkHYERQRmuNsrZ7Grc+Ef8\/Bcoslkfae8Wc7CUHZ++TuAEBj86pHntjaDKXllPy6PW\/gkKFaThwp\/K87N8hDcQTTKKFTioSxqB8Q2BNX5JtAljwgAAAABJRU5ErkJggg==\" alt=\"\" \/><\/a><\/span>\u00a0&#8211; E-mail:<a href=\"https:\/\/ambankara.esteri.it\/ambasciata_ankara\/mail%20to:bodrum.onorario@esteri.it\">\u00a0bodrum.onorario@esteri.it<\/a><br \/>\nIndirizzo: Milas-Bodrum Karayolu 18.Km. Kemikler K\u00f6y\u00fc Mevkii Milas \u2013 Mu\u011fla<\/p>\n<p><a href=\"https:\/\/ambankara.esteri.it\/wp-content\/uploads\/2023\/04\/decreto_di_limitazione_funzioni_-_bodrum-1.pdf\">DECRETO LIMITAZIONE FUNZIONI<\/a><\/p>\n<p>&nbsp;<\/p>\n<p><strong>CORRISPONDENTI CONSOLARI:<\/strong><\/p>\n<p><strong>\u00c7e\u015fme<\/strong>\u00a0(titolare Corrispondente Consolare Pandely Lorenzo Argenti) competente per il Comune di \u00c7e\u015fme.<\/p>\n<p>Tel: 0090 553 482 60 22 E-mail: lorenzo.argenti@libero.it<\/p>\n<p><strong>Bursa<\/strong> (titolare Corrispondente Consolare Oya \u0130zmirli) competente per Bursa.<\/p>\n<p>Tel: +90 224 2349682 \u2013 2335514 Fax: +90 224 2335514 Indirizzo: Oulu Caddesi Ba\u015faran Sokak Diniz Apt. N. 2\/1 \u2013 Bursa<\/p>\n<p>&nbsp;<\/p>\n","protected":false},"excerpt":{"rendered":"Attualmente, la rete diplomatico-consolare italiana in Turchia consta dell&#8217;Ambasciata d&#8217;Italia ad Ankara, con relativa cancelleria consolare, del Consolato Generale d&#8217;Italia ad \u0130stanbul e del Consolato d&#8217;Italia ad \u0130zmir. La competenza territoriale dei predetti Uffici \u00e9 riscontrabile nella cartina riportata di seguito. Giurisdizione dell&#8217;Ambasciata d&#8217;Italia ad Ankara: Ankara, Bolu, \u00c7ank\u0131r\u0131, Eski\u015fehir, K\u0131r\u015fehir, K\u0131r\u0131kkale, Hatay, Kahramanmara\u015f, Osmaniye, [&hellip;]","protected":false},"author":3,"featured_media":0,"parent":10,"menu_order":10,"comment_status":"closed","ping_status":"closed","template":"","meta":{"footnotes":""},"class_list":["post-71","page","type-page","status-publish","hentry"],"_links":{"self":[{"href":"https:\/\/ambankara.esteri.it\/it\/wp-json\/wp\/v2\/pages\/71","targetHints":{"allow":["GET"]}}],"collection":[{"href":"https:\/\/ambankara.esteri.it\/it\/wp-json\/wp\/v2\/pages"}],"about":[{"href":"https:\/\/ambankara.esteri.it\/it\/wp-json\/wp\/v2\/types\/page"}],"author":[{"embeddable":true,"href":"https:\/\/ambankara.esteri.it\/it\/wp-json\/wp\/v2\/users\/3"}],"replies":[{"embeddable":true,"href":"https:\/\/ambankara.esteri.it\/it\/wp-json\/wp\/v2\/comments?post=71"}],"version-history":[{"count":5,"href":"https:\/\/ambankara.esteri.it\/it\/wp-json\/wp\/v2\/pages\/71\/revisions"}],"predecessor-version":[{"id":7360,"href":"https:\/\/ambankara.esteri.it\/it\/wp-json\/wp\/v2\/pages\/71\/revisions\/7360"}],"up":[{"embeddable":true,"href":"https:\/\/ambankara.esteri.it\/it\/wp-json\/wp\/v2\/pages\/10"}],"wp:attachment":[{"href":"https:\/\/ambankara.esteri.it\/it\/wp-json\/wp\/v2\/media?parent=71"}],"curies":[{"name":"wp","href":"https:\/\/api.w.org\/{rel}","templated":true}]}}