{"id":70,"date":"2023-05-01T08:01:54","date_gmt":"2023-05-01T06:01:54","guid":{"rendered":"https:\/\/ambankara.esteri.it\/?page_id=70"},"modified":"2024-10-17T09:54:13","modified_gmt":"2024-10-17T07:54:13","slug":"numeri-di-emergenza","status":"publish","type":"page","link":"https:\/\/ambankara.esteri.it\/it\/chi-siamo\/numeri-di-emergenza\/","title":{"rendered":"Numeri di emergenza"},"content":{"rendered":"<p>In casi di comprovata emergenza sono attivi i seguenti numeri <span style=\"text-decoration: underline;\">solo per i cittadini italiani in situazioni di difficolt\u00e0<\/span>. <strong>NON SARANNO FORNITE INFORMAZIONI CIRCA LE PRATICHE DI VISTO<\/strong>.<\/p>\n<p style=\"text-align: justify;\"><img decoding=\"async\" src=\"https:\/\/ambankara.esteri.it\/wp-content\/uploads\/2022\/11\/blu.png\" alt=\"blu\" \/> Per l\u2019area di Ankara e il sud-est della Turchia<\/p>\n<ul style=\"text-align: justify;\">\n<li>Nei giorni lavorativi e negli orari d\u2019ufficio (lun-ven dalle 9:00 alle 17:00): <strong>centralino +90 3124574200<\/strong><\/li>\n<li>Nei giorni festivi e al di fuori degli orari d\u2019ufficio: <strong>numero di emergenza +90 5323748177<\/strong><\/li>\n<\/ul>\n<p style=\"text-align: justify;\"><img decoding=\"async\" src=\"https:\/\/ambankara.esteri.it\/wp-content\/uploads\/2022\/11\/verde.png\" alt=\"verde\" \/>\u00a0Per l\u2019area di Istanbul e la costa del Mar Nero<\/p>\n<ul style=\"text-align: justify;\">\n<li>Nei giorni lavorativi e negli orari d\u2019ufficio (lun-ven dalle 9:00 alle 16:30):<\/li>\n<\/ul>\n<p style=\"padding-left: 80px; text-align: justify;\"><strong>&#8211; Cancelleria Consolare +90 2122431024\/25, int. 1169\/1170 <\/strong>(lun-gio 12:30-13:15, 14.00-14.30; ven 12:30-13:30)<\/p>\n<p style=\"padding-left: 80px; text-align: justify;\"><strong>&#8211; centralino +90 2122431024 \/ +90 2122431025<\/strong><\/p>\n<ul style=\"text-align: justify;\">\n<li>Nei giorni festivi e al di fuori degli orari d\u2019ufficio (da luned\u00ec a gioved\u00ec: 16.30-23.00; venerd\u00ec: 14.30-23.00; sabato, domenica e festivi: 8.00-23.00):<\/li>\n<\/ul>\n<p style=\"padding-left: 80px; text-align: justify;\"><strong>&#8211; numero di emergenza +90 5554585844 (Italiano)<\/strong><\/p>\n<p style=\"padding-left: 80px; text-align: justify;\"><strong>&#8211; numero di emergenza +90 5552341906 (Turco)<\/strong><\/p>\n<p style=\"text-align: justify;\"><img decoding=\"async\" src=\"https:\/\/ambankara.esteri.it\/wp-content\/uploads\/2022\/11\/giallo.png\" alt=\"giallo\" \/>\u00a0Per l\u2019area di Izmir, la costa mediterranea e la Cappadocia<\/p>\n<ul>\n<li style=\"text-align: justify;\">Nei giorni lavorativi e negli orari d\u2019ufficio (lun-ven dalle 9:00 alle 17:00): <strong>centralino + 90 2324636676 <\/strong><\/li>\n<li style=\"text-align: justify;\">Nei giorni festivi e al di fuori degli orari d\u2019ufficio: <strong>numero di emergenza +90 5326773273<\/strong><\/li>\n<\/ul>\n<p>&nbsp;<\/p>\n<p><img decoding=\"async\" class=\"alignnone size-medium wp-image-100 img-fluid\" src=\"https:\/\/ambankara.esteri.it\/wp-content\/uploads\/2022\/11\/attuali_circoscrizioni.png\" alt=\"attuali circoscrizioni\" width=\"750\" srcset=\"https:\/\/ambankara.esteri.it\/wp-content\/uploads\/2022\/11\/attuali_circoscrizioni.png 1139w, https:\/\/ambankara.esteri.it\/wp-content\/uploads\/2022\/11\/attuali_circoscrizioni-300x163.png 300w, https:\/\/ambankara.esteri.it\/wp-content\/uploads\/2022\/11\/attuali_circoscrizioni-1024x556.png 1024w, https:\/\/ambankara.esteri.it\/wp-content\/uploads\/2022\/11\/attuali_circoscrizioni-768x417.png 768w\" sizes=\"(max-width: 1139px) 100vw, 1139px\" \/><\/p>\n<p>&nbsp;<\/p>\n","protected":false},"excerpt":{"rendered":"In casi di comprovata emergenza sono attivi i seguenti numeri solo per i cittadini italiani in situazioni di difficolt\u00e0. NON SARANNO FORNITE INFORMAZIONI CIRCA LE PRATICHE DI VISTO. Per l\u2019area di Ankara e il sud-est della Turchia Nei giorni lavorativi e negli orari d\u2019ufficio (lun-ven dalle 9:00 alle 17:00): centralino +90 3124574200 Nei giorni festivi [&hellip;]","protected":false},"author":3,"featured_media":0,"parent":10,"menu_order":8,"comment_status":"closed","ping_status":"closed","template":"","meta":{"footnotes":""},"class_list":["post-70","page","type-page","status-publish","hentry"],"_links":{"self":[{"href":"https:\/\/ambankara.esteri.it\/it\/wp-json\/wp\/v2\/pages\/70","targetHints":{"allow":["GET"]}}],"collection":[{"href":"https:\/\/ambankara.esteri.it\/it\/wp-json\/wp\/v2\/pages"}],"about":[{"href":"https:\/\/ambankara.esteri.it\/it\/wp-json\/wp\/v2\/types\/page"}],"author":[{"embeddable":true,"href":"https:\/\/ambankara.esteri.it\/it\/wp-json\/wp\/v2\/users\/3"}],"replies":[{"embeddable":true,"href":"https:\/\/ambankara.esteri.it\/it\/wp-json\/wp\/v2\/comments?post=70"}],"version-history":[{"count":5,"href":"https:\/\/ambankara.esteri.it\/it\/wp-json\/wp\/v2\/pages\/70\/revisions"}],"predecessor-version":[{"id":5106,"href":"https:\/\/ambankara.esteri.it\/it\/wp-json\/wp\/v2\/pages\/70\/revisions\/5106"}],"up":[{"embeddable":true,"href":"https:\/\/ambankara.esteri.it\/it\/wp-json\/wp\/v2\/pages\/10"}],"wp:attachment":[{"href":"https:\/\/ambankara.esteri.it\/it\/wp-json\/wp\/v2\/media?parent=70"}],"curies":[{"name":"wp","href":"https:\/\/api.w.org\/{rel}","templated":true}]}}