{"id":68,"date":"2023-05-01T08:01:09","date_gmt":"2023-05-01T06:01:09","guid":{"rendered":"https:\/\/ambankara.esteri.it\/?page_id=68"},"modified":"2025-01-20T14:45:51","modified_gmt":"2025-01-20T13:45:51","slug":"la-sede","status":"publish","type":"page","link":"https:\/\/ambankara.esteri.it\/it\/chi-siamo\/la-sede\/","title":{"rendered":"La Sede"},"content":{"rendered":"<p><img loading=\"lazy\" decoding=\"async\" class=\"size-large wp-image-3209 img-fluid alignleft\" src=\"https:\/\/ambankara.esteri.it\/wp-content\/uploads\/2024\/03\/IMG_4806-1024x681.jpg\" alt=\"\" width=\"640\" height=\"426\" srcset=\"https:\/\/ambankara.esteri.it\/wp-content\/uploads\/2024\/03\/IMG_4806-1024x681.jpg 1024w, https:\/\/ambankara.esteri.it\/wp-content\/uploads\/2024\/03\/IMG_4806-300x200.jpg 300w, https:\/\/ambankara.esteri.it\/wp-content\/uploads\/2024\/03\/IMG_4806-768x511.jpg 768w, https:\/\/ambankara.esteri.it\/wp-content\/uploads\/2024\/03\/IMG_4806.jpg 1920w\" sizes=\"auto, (max-width: 640px) 100vw, 640px\" \/><br \/>\nQuando nel 1923 la Grande Assemblea Nazionale turca dichiar\u00f2 Ankara capitale della neonata Repubblica di Turchia, si rese necessaria la realizzazione di una nuova sede per l\u2019Ambasciata d\u2019Italia, fino ad allora collocata nello storico Palazzo di Venezia ad Istanbul. Il terreno per la nuova sede venne donato all\u2019Italia da Mustafa Kemal Atat\u00fcrk su Atat\u00fcrk Bulvar\u0131, la principale arteria della capitale, dove in quegli stessi anni venivano edificate anche le Ambasciate di Germania, Stati Uniti, Austria, Polonia.<\/p>\n","protected":false},"excerpt":{"rendered":"Quando nel 1923 la Grande Assemblea Nazionale turca dichiar\u00f2 Ankara capitale della neonata Repubblica di Turchia, si rese necessaria la realizzazione di una nuova sede per l\u2019Ambasciata d\u2019Italia, fino ad allora collocata nello storico Palazzo di Venezia ad Istanbul. Il terreno per la nuova sede venne donato all\u2019Italia da Mustafa Kemal Atat\u00fcrk su Atat\u00fcrk Bulvar\u0131, [&hellip;]","protected":false},"author":3,"featured_media":0,"parent":10,"menu_order":2,"comment_status":"closed","ping_status":"closed","template":"","meta":{"footnotes":""},"class_list":["post-68","page","type-page","status-publish","hentry"],"_links":{"self":[{"href":"https:\/\/ambankara.esteri.it\/it\/wp-json\/wp\/v2\/pages\/68","targetHints":{"allow":["GET"]}}],"collection":[{"href":"https:\/\/ambankara.esteri.it\/it\/wp-json\/wp\/v2\/pages"}],"about":[{"href":"https:\/\/ambankara.esteri.it\/it\/wp-json\/wp\/v2\/types\/page"}],"author":[{"embeddable":true,"href":"https:\/\/ambankara.esteri.it\/it\/wp-json\/wp\/v2\/users\/3"}],"replies":[{"embeddable":true,"href":"https:\/\/ambankara.esteri.it\/it\/wp-json\/wp\/v2\/comments?post=68"}],"version-history":[{"count":6,"href":"https:\/\/ambankara.esteri.it\/it\/wp-json\/wp\/v2\/pages\/68\/revisions"}],"predecessor-version":[{"id":3225,"href":"https:\/\/ambankara.esteri.it\/it\/wp-json\/wp\/v2\/pages\/68\/revisions\/3225"}],"up":[{"embeddable":true,"href":"https:\/\/ambankara.esteri.it\/it\/wp-json\/wp\/v2\/pages\/10"}],"wp:attachment":[{"href":"https:\/\/ambankara.esteri.it\/it\/wp-json\/wp\/v2\/media?parent=68"}],"curies":[{"name":"wp","href":"https:\/\/api.w.org\/{rel}","templated":true}]}}