{"id":67,"date":"2023-05-01T08:00:53","date_gmt":"2023-05-01T06:00:53","guid":{"rendered":"https:\/\/ambankara.esteri.it\/?page_id=67"},"modified":"2026-03-18T07:58:52","modified_gmt":"2026-03-18T06:58:52","slug":"gli-uffici","status":"publish","type":"page","link":"https:\/\/ambankara.esteri.it\/it\/chi-siamo\/gli-uffici\/","title":{"rendered":"Gli Uffici"},"content":{"rendered":"<p class=\"boxLevel04\"><strong>Ambasciata d&#8217;Italia<\/strong><br \/>\nAtat\u00fcrk Bulvar\u0131 n. 118<br \/>\n06680 Kavakl\u0131dere<br \/>\nAnkara<\/p>\n<article id=\"articolo_centro\" class=\"col-md-15 col-sm-15 padding_articolo item-page\" role=\"main\" aria-label=\"articolo\">\n<div>\n<p class=\"boxLevel04\">Centralino\u00a0<span class=\"baec5a81-e4d6-4674-97f3-e9220f0136c1\">+90 312 4574 200<\/span><br \/>\nMail:\u00a0<a href=\"mailto:ambasciata.ankara@esteri.it\">ambasciata.ankara@esteri.it<\/a><\/p>\n<p class=\"boxLevel04\">Pec:\u00a0<a href=\"mailto:amb.ankara@cert.esteri.it\">amb.ankara@cert.esteri.it<\/a><\/p>\n<p><strong>In casi di\u00a0comprovata emergenza,\u00a0<\/strong>nei giorni festivi e al difuori degli orari d\u2019ufficio (lun-ven dalle 9:00 alle 17:00) potete chiamare i seguenti numeri:<\/p>\n<p>Per l\u2019area di Ankara e il sud-est della Turchia:\u00a0<span class=\"baec5a81-e4d6-4674-97f3-e9220f0136c1\">+90 532 374 8177<\/span><br \/>\nPer l\u2019area di Istanbul e la costa del Mar Nero:\u00a0<span class=\"baec5a81-e4d6-4674-97f3-e9220f0136c1\">+90 555 458 5844<\/span><br \/>\nPer l\u2019area di Izmir, la costa mediterranea e la Cappadocia:\u00a0<span class=\"baec5a81-e4d6-4674-97f3-e9220f0136c1\">+90 532 6773273<\/span><\/p>\n<p><strong>Orari di Apertura<\/strong><br \/>\nLuned\u00ec &#8211;\u00a0Venerd\u00ec dalle 09.00 alle 13.00\/ dalle 14:00 alle 17:00<\/p>\n<p><strong>Consolare<\/strong>: Luned\u00ec &#8211; Venerd\u00ec dalle 09:30 alle 12:30 su appuntamento via mail <a href=\"mailto:consolare.ambankara@esteri.itVisti\">consolare.ambankara@esteri.it<\/a><\/p>\n<p><strong>Visti<\/strong>: \u00e8 possibile prenotare un appuntamento presso <a href=\"https:\/\/idata.com.tr\/ita\/it\">iData<\/a>. I congiunti di cittadini italiani ed UE sono invitati a prendere appuntamento diretto con l\u2019Ambasciata scrivendo una mail all\u2019indirizzo <a href=\"mailto:visti.ambankara@esteri.it\">visti.ambankara@esteri.it<\/a> e <a href=\"mailto:ankara.vize@esteri.it\">ankara.vize@esteri.it<\/a><\/p>\n<p>Nel corso del 2026 l&#8217;Ambasciata osserver\u00e0 le seguenti Festivit\u00e0:<\/p>\n<table style=\"height: 837px;\" width=\"732\">\n<tbody>\n<tr>\n<td width=\"132\"><strong>Gioved\u00ec<\/strong><\/td>\n<td width=\"132\"><strong>01 gennaio<\/strong><\/td>\n<td width=\"360\"><strong>CAPODANNO<\/strong><\/td>\n<\/tr>\n<tr>\n<td width=\"132\"><strong>Venerd\u00ec <\/strong><\/td>\n<td width=\"132\"><strong>20 marzo<\/strong><\/td>\n<td width=\"360\"><strong>RAMADAN 1\u00b0 giorno<\/strong><\/td>\n<\/tr>\n<tr>\n<td width=\"132\"><strong>Sabato<\/strong><\/td>\n<td width=\"132\"><strong>21 marzo<\/strong><\/td>\n<td width=\"360\"><strong>RAMADAN 2\u00b0 giorno<\/strong><\/td>\n<\/tr>\n<tr>\n<td width=\"132\"><strong>Lunedi <\/strong><\/td>\n<td width=\"132\"><strong>6 aprile<\/strong><\/td>\n<td width=\"360\"><strong>LUNED\u00cc DELL\u2019ANGELO<\/strong><\/td>\n<\/tr>\n<tr>\n<td width=\"132\"><strong>Venerd\u00ec<\/strong><\/td>\n<td width=\"132\"><strong>01 maggio<\/strong><\/td>\n<td width=\"360\"><strong>FESTA DEL LAVORO<\/strong><\/td>\n<\/tr>\n<tr>\n<td width=\"132\"><strong>Mercoled\u00ec<\/strong><\/td>\n<td width=\"132\"><strong>27 maggio<\/strong><\/td>\n<td width=\"360\"><strong>FESTA DEL SACRIFICIO (KURBAN BAYRAM)<\/strong><\/td>\n<\/tr>\n<tr>\n<td width=\"132\"><strong>Marted\u00ec<\/strong><\/td>\n<td width=\"132\"><strong>02 giugno<\/strong><\/td>\n<td width=\"360\"><strong>FESTA DELLA REPUBBLICA ITALIANA<\/strong><\/td>\n<\/tr>\n<tr>\n<td width=\"132\"><strong>Sabato<\/strong><\/td>\n<td width=\"132\"><strong>15 agosto<\/strong><\/td>\n<td width=\"360\"><strong>ASSUNZIONE DELLA B.V. MARIA<\/strong><\/td>\n<\/tr>\n<tr>\n<td width=\"132\"><strong>Domenica<\/strong><\/td>\n<td width=\"132\"><strong>4 ottobre<\/strong><\/td>\n<td width=\"360\"><strong>FESTA DI SAN FRANCESCO<\/strong><\/td>\n<\/tr>\n<tr>\n<td width=\"132\"><strong>Gioved\u00ec<\/strong><\/td>\n<td width=\"132\"><strong>29 ottobre<\/strong><\/td>\n<td width=\"360\"><strong>FESTA DELLA REPUBBLICA TURCA<\/strong><\/td>\n<\/tr>\n<tr>\n<td width=\"132\"><strong>Venerd\u00ec<\/strong><\/td>\n<td width=\"132\"><strong>25 dicembre<\/strong><\/td>\n<td width=\"360\"><strong>NATALE<\/strong><\/td>\n<\/tr>\n<tr>\n<td width=\"132\"><strong>Sabato<\/strong><\/td>\n<td width=\"132\"><strong>26 dicembre<\/strong><\/td>\n<td width=\"360\"><strong>SANTO STEFANO<\/strong><\/td>\n<\/tr>\n<\/tbody>\n<\/table>\n<p>******************************************************************************************<\/p>\n<p><strong>SEGRETERIA DELL&#8217;AMBASCIATORE<br \/>\n<\/strong>Diego Antonino CIMINO, Capo Segreteria<br \/>\nTel.:\u00a0<span class=\"baec5a81-e4d6-4674-97f3-e9220f0136c1\">+90 312 4574 200<\/span><br \/>\ne-mail:\u00a0<a href=\"mailto:ambankara.segreteria@esteri.it\">ambankara.segreteria@esteri.it<\/a><strong><br \/>\n<\/strong><\/p>\n<p><span class=\"baec5a81-e4d6-4674-97f3-e9220f0136c1\"><strong>UFFICIO DEL MINISTRO CONSIGLIERE<br \/>\n<\/strong>Francesco DE STEFANI SPADAFORA, Ministro Consigliere e Vice Capo Missione<br \/>\nTel.:\u00a0+90 312 4574 220<strong><br \/>\n<\/strong>e-mail: <a href=\"mailto:ambankara.segreteria@esteri.it\">ambankara.segreteria@esteri.it<\/a><\/span><\/p>\n<p><strong>UFFICIO POLITICO<br \/>\n<\/strong>Ferdinando STAGNO d&#8217;ALCONTRES<br \/>\nDiego Antonino CIMINO<br \/>\nAlice TESTA<\/p>\n<p>Tel.: +90 312 4574 220<br \/>\ne-mail:\u00a0<a href=\"mailto:ambasciata.ankara@esteri.it\">ambasciata.ankara@esteri.it<\/a><\/p>\n<p><strong>UFFICIO ECONOMICO-COMMERCIALE E CRESCITA<br \/>\n<\/strong>Andrea DELLA NEBBIA<br \/>\nAndrea ZOPPO<br \/>\nALICE TESTA<\/p>\n<p>Tel.\u00a0<span class=\"baec5a81-e4d6-4674-97f3-e9220f0136c1\">+90 312 4574 275<\/span><br \/>\ne-mail:\u00a0<a href=\"mailto:commerciale.ambankara@esteri.it\">commerciale.ambankara@esteri.it<\/a><br \/>\nPer le aziende italiane:\u00a0<a href=\"https:\/\/nexus.esteri.it\/?sede=727\">NEXUS<\/a><\/p>\n<\/div>\n<p><strong>UFFICIO STAMPA, COMUNICAZIONE E DIPLOMAZIA PUBBLICA<br \/>\n<\/strong>Diego Antonino CIMINO<\/p>\n<p>e-mail:\u00a0<a href=\"mailto:ambasciata.ankara@esteri.it\">ambasciata.ankara@esteri.it<\/a><\/p>\n<div>\n<p><strong>CANCELLERIA CONSOLARE<br \/>\n<\/strong>Erica ENNE<br \/>\nGiuseppe SCARPA<\/p>\n<p>Tel:\u00a0<span class=\"baec5a81-e4d6-4674-97f3-e9220f0136c1\">+90 312 4574 200<\/span><br \/>\nFax:\u00a0<span class=\"baec5a81-e4d6-4674-97f3-e9220f0136c1\">+90 312 4574 280<\/span><br \/>\ne-mail:\u00a0<a href=\"mailto:consolare.ambankara@esteri.it\">consolare.ambankara@esteri.it<\/a><\/p>\n<\/div>\n<\/article>\n<p><strong>ADDETTO CULTURALE<br \/>\n<\/strong>Maria Luisa SCOLARI<br \/>\nTel.: +90 312 4574 268<br \/>\ne-mail: <a href=\"mailto:ankara.culturale@esteri.it\">ankara.culturale@esteri.it<\/a><\/p>\n<p><strong>ADDETTO SCIENTIFICO<br \/>\n<\/strong>Prof.ssa Vladia MONSURRO&#8217;<br \/>\nTel.: +90 3124574210<br \/>\ne-mail: \u00a0<a href=\"mailto:ambankara.scientifico@esteri.it\">ambankara.scientifico@esteri.it<\/a><\/p>\n<p><strong>UFFICIO AMMINISTRATIVO CONTABILE<br \/>\n<\/strong>Patrizia FANELLI<br \/>\nTel.:\u00a0<span class=\"baec5a81-e4d6-4674-97f3-e9220f0136c1\">+90 312 4574 200<\/span><br \/>\ne-mail:\u00a0<a href=\"mailto:ankara.contabilita@esteri.it\">ankara.contabilita@esteri.it<\/a><\/p>\n<p><strong>UFFICIO DELL\u2019ADDETTO PER LA DIFESA, ESERCITO, MARINA ED AERONAUTICA<\/strong><\/p>\n<p>Addetto per la Difesa, Col. Francesco GIOVANNINI<br \/>\nAddetto Aggiunto per la Difesa, Ten. Col. CC. Franco MACERA<br \/>\nTel: +90 312 468 12 97 \u2013 467 31 78<br \/>\nFax: +90 312 468 80 23 \u2013 467 29 82<br \/>\ne-mail:\u00a0<a href=\"mailto:difeitalia.ankara@smd.difesa.it\">difeitalia.ankara@smd.difesa.it<\/a><\/p>\n<article id=\"articolo_centro\" class=\"col-md-15 col-sm-15 padding_articolo item-page\" role=\"main\" aria-label=\"articolo\">\n<div>\n<p><strong>UFFICIO VISTI<\/strong><\/p>\n<p>Tel.: +90 312 4574 200<br \/>\nFax: +90 312 4574 283<br \/>\ne-mail: <a href=\"mailto:visti.ambankara@esteri.it\">visti.ambankara@esteri.it<\/a> e\u00a0<a href=\"mailto:ankara.vize@esteri.it\">ankara.vize@esteri.it<\/a><\/p>\n<p><strong>UFFICIO AMMINISTRATIVO CONTABILE<br \/>\n<\/strong>Patrizia FANELLI<br \/>\nTel.:\u00a0<span class=\"baec5a81-e4d6-4674-97f3-e9220f0136c1\">+90 312 4574 200<\/span><br \/>\ne-mail:\u00a0<a href=\"mailto:ankara.contabilita@esteri.it\">ankara.contabilita@esteri.it<\/a><\/p>\n<p><strong>UFFICIO DELL\u2019ADDETTO PER LA DIFESA, ESERCITO, MARINA ED AERONAUTICA<br \/>\n<\/strong>Addetto per la Difesa Col. Francesco GIOVANNINI<br \/>\nAddetto Aggiunto per la Difesa Ten. Col. CC. Franco MACERA<br \/>\nTel: +90 312 468 12 97 &#8211; 467 31 78<br \/>\nFax: +90 312 468 80 23 &#8211; 467 29 82<br \/>\ne-mail:\u00a0<a href=\"mailto:difeitalia.ankara@smd.difesa.it\">difeitalia.ankara@smd.difesa.it<\/a><\/p>\n<p><strong>UFFICIO DELL\u2019ESPERTO DEL MINISTERO DELL&#8217;INTERNO<br \/>\n<\/strong>Vice Questore Aggiunto\u00a0Fabio GUADAGNI<br \/>\nTel.:\u00a0<span class=\"baec5a81-e4d6-4674-97f3-e9220f0136c1\">+90 312 468 6220<\/span><br \/>\ne-mail:\u00a0<a href=\"mailto:ankara.immigrazione@esteri.it\">ankara.immigrazione@esteri.it<\/a><\/p>\n<p><strong>UFFICIO DELL\u2019ESPERTO DELLA GUARDIA DI FINANZA<br \/>\n<\/strong>Col. Giuseppe BUA<br \/>\nTel.: +90 312 468 6233<br \/>\ne-mail: <a href=\"mailto:attache.ankara@gdf.it\">attache.ankara@gdf.it<\/a><\/p>\n<\/div>\n<\/article>\n","protected":false},"excerpt":{"rendered":"Ambasciata d&#8217;Italia Atat\u00fcrk Bulvar\u0131 n. 118 06680 Kavakl\u0131dere Ankara Centralino\u00a0+90 312 4574 200 Mail:\u00a0ambasciata.ankara@esteri.it Pec:\u00a0amb.ankara@cert.esteri.it In casi di\u00a0comprovata emergenza,\u00a0nei giorni festivi e al difuori degli orari d\u2019ufficio (lun-ven dalle 9:00 alle 17:00) potete chiamare i seguenti numeri: Per l\u2019area di Ankara e il sud-est della Turchia:\u00a0+90 532 374 8177 Per l\u2019area di Istanbul e la [&hellip;]","protected":false},"author":3,"featured_media":0,"parent":10,"menu_order":4,"comment_status":"closed","ping_status":"closed","template":"","meta":{"footnotes":""},"class_list":["post-67","page","type-page","status-publish","hentry"],"_links":{"self":[{"href":"https:\/\/ambankara.esteri.it\/it\/wp-json\/wp\/v2\/pages\/67","targetHints":{"allow":["GET"]}}],"collection":[{"href":"https:\/\/ambankara.esteri.it\/it\/wp-json\/wp\/v2\/pages"}],"about":[{"href":"https:\/\/ambankara.esteri.it\/it\/wp-json\/wp\/v2\/types\/page"}],"author":[{"embeddable":true,"href":"https:\/\/ambankara.esteri.it\/it\/wp-json\/wp\/v2\/users\/3"}],"replies":[{"embeddable":true,"href":"https:\/\/ambankara.esteri.it\/it\/wp-json\/wp\/v2\/comments?post=67"}],"version-history":[{"count":7,"href":"https:\/\/ambankara.esteri.it\/it\/wp-json\/wp\/v2\/pages\/67\/revisions"}],"predecessor-version":[{"id":7484,"href":"https:\/\/ambankara.esteri.it\/it\/wp-json\/wp\/v2\/pages\/67\/revisions\/7484"}],"up":[{"embeddable":true,"href":"https:\/\/ambankara.esteri.it\/it\/wp-json\/wp\/v2\/pages\/10"}],"wp:attachment":[{"href":"https:\/\/ambankara.esteri.it\/it\/wp-json\/wp\/v2\/media?parent=67"}],"curies":[{"name":"wp","href":"https:\/\/api.w.org\/{rel}","templated":true}]}}