{"id":5968,"date":"2025-03-27T10:27:04","date_gmt":"2025-03-27T09:27:04","guid":{"rendered":"https:\/\/ambankara.esteri.it\/?page_id=5968"},"modified":"2025-04-08T13:44:55","modified_gmt":"2025-04-08T11:44:55","slug":"notifiche-allestero-di-atti-giudiziari-ed-extragiudiziari","status":"publish","type":"page","link":"https:\/\/ambankara.esteri.it\/it\/servizi-consolari-e-visti\/servizi-per-il-cittadino-italiano\/notifiche-allestero-di-atti-giudiziari-ed-extragiudiziari\/","title":{"rendered":"Notifiche all\u2019estero di atti giudiziari ed extragiudiziari"},"content":{"rendered":"<p><strong>NOTIFICHE IN MATERIA CIVILE E COMMERCIALE<\/strong><\/p>\n<p>La Turchia \u00e8 parte della Convenzione multilaterale dell&#8217;Aja del 1965 ed ha anche siglato l&#8217;Accordo bilaterale del 1926, il quale prevale sull&#8217;intesa multilaterale a titolo di <em>lex specialis<\/em>. Nella prassi si registra un utilizzo di entrambi gli strumenti pattizi.<\/p>\n<p>\u00c8, inoltre, ammessa la possibilit\u00e0, ai sensi della vigente normativa locale, di effettuare notifiche dirette ai cittadini italiani residenti in Turchia in materia civile e commerciale.<\/p>\n<p>La trasmissione a doppi cittadini o stranieri \u00e8 possibile esclusivamente per via diplomatica. Questa Ambasciata effettua notifiche dirette a quest\u2019ultimi soltanto se residenti nella propria circoscrizione consolare. Si rammenta che in Turchia sono presenti due ulteriori rappresentanze italiane competenti per l\u2019erogazione dei servizi consolari: il Consolato Generale ad Istanbul ed il Consolato a Smirne. \u00c8 sempre possibile verificare quale sia la sede consolare di competenza per il proprio caso specifico utilizzando lo strumento disponibile <a href=\"https:\/\/serviziconsolarionline.esteri.it\/ScoFE\/services\/consulate\/find-consulate.sco\">questa pagina<\/a>.<\/p>\n<p>Gli atti da notificare tramite questa Ambasciata, sempre corredati della traduzione ufficiale del documento in turco o in inglese, possono essere trasmessi sia via PEC, all\u2019indirizzo <a href=\"mailto:amb.ankara@cert.esteri.it\">amb.ankara@cert.esteri.it<\/a>, sia tramite posta raccomandata internazionale, all\u2019indirizzo:<\/p>\n<p>\u0130talya B\u00fcy\u00fckel\u00e7ili\u011fi<br \/>\nAtat\u00fcrk Bulvar\u0131 n. 118<br \/>\n06680 Kavakl\u0131dere<br \/>\nAnkara<\/p>\n<p><strong>NOTIFICA DI ATTI AMMINISTRATIVI<\/strong><\/p>\n<p><a href=\"https:\/\/www.esteri.it\/wp-content\/uploads\/2022\/10\/Guida-Notifiche-Amministrative-2022.pdf\">Le informazioni sono reperibili nel seguente documento<\/a><\/p>\n<p>Per maggiori informazioni contattare <a href=\"mailto:consolare.ambankara@esteri.it\">consolare.ambankara@esteri.it<\/a><\/p>\n<p>Per un elenco non esaustivo di avvocati a cui \u00e8 possibile rivolgersi nell\u2019area di Ankara, <a href=\"https:\/\/ambankara.esteri.it\/wp-content\/uploads\/2024\/11\/STUDI-LEGALI-novembre-2024.pdf\">clicca qui<\/a><\/p>\n","protected":false},"excerpt":{"rendered":"NOTIFICHE IN MATERIA CIVILE E COMMERCIALE La Turchia \u00e8 parte della Convenzione multilaterale dell&#8217;Aja del 1965 ed ha anche siglato l&#8217;Accordo bilaterale del 1926, il quale prevale sull&#8217;intesa multilaterale a titolo di lex specialis. Nella prassi si registra un utilizzo di entrambi gli strumenti pattizi. \u00c8, inoltre, ammessa la possibilit\u00e0, ai sensi della vigente normativa [&hellip;]","protected":false},"author":10,"featured_media":0,"parent":75,"menu_order":11,"comment_status":"closed","ping_status":"closed","template":"","meta":{"footnotes":""},"class_list":["post-5968","page","type-page","status-publish","hentry"],"_links":{"self":[{"href":"https:\/\/ambankara.esteri.it\/it\/wp-json\/wp\/v2\/pages\/5968","targetHints":{"allow":["GET"]}}],"collection":[{"href":"https:\/\/ambankara.esteri.it\/it\/wp-json\/wp\/v2\/pages"}],"about":[{"href":"https:\/\/ambankara.esteri.it\/it\/wp-json\/wp\/v2\/types\/page"}],"author":[{"embeddable":true,"href":"https:\/\/ambankara.esteri.it\/it\/wp-json\/wp\/v2\/users\/10"}],"replies":[{"embeddable":true,"href":"https:\/\/ambankara.esteri.it\/it\/wp-json\/wp\/v2\/comments?post=5968"}],"version-history":[{"count":2,"href":"https:\/\/ambankara.esteri.it\/it\/wp-json\/wp\/v2\/pages\/5968\/revisions"}],"predecessor-version":[{"id":5974,"href":"https:\/\/ambankara.esteri.it\/it\/wp-json\/wp\/v2\/pages\/5968\/revisions\/5974"}],"up":[{"embeddable":true,"href":"https:\/\/ambankara.esteri.it\/it\/wp-json\/wp\/v2\/pages\/75"}],"wp:attachment":[{"href":"https:\/\/ambankara.esteri.it\/it\/wp-json\/wp\/v2\/media?parent=5968"}],"curies":[{"name":"wp","href":"https:\/\/api.w.org\/{rel}","templated":true}]}}