{"id":5632,"date":"2025-01-20T14:10:14","date_gmt":"2025-01-20T13:10:14","guid":{"rendered":"https:\/\/ambankara.esteri.it\/?page_id=5632"},"modified":"2025-01-20T14:44:15","modified_gmt":"2025-01-20T13:44:15","slug":"pubblicazioni-su-immobili-di-prestigio-italiani-in-turchia","status":"publish","type":"page","link":"https:\/\/ambankara.esteri.it\/it\/chi-siamo\/la-sede\/pubblicazioni-su-immobili-di-prestigio-italiani-in-turchia\/","title":{"rendered":"Pubblicazioni su immobili di prestigio italiani in Turchia"},"content":{"rendered":"<p><span style=\"text-decoration: underline;\"><strong>Ankara<\/strong><\/span><\/p>\n<p><img loading=\"lazy\" decoding=\"async\" style=\"border: 4px solid #ffffff; float: left;\" src=\"https:\/\/ambankara.esteri.it\/wp-content\/uploads\/resource\/img\/2020\/04\/ambasciate_turchia_graziano.jpg\" alt=\"ambasciate turchia graziano\" width=\"105\" height=\"160\" \/><\/p>\n<p style=\"text-align: justify;\"><strong><em>&#8211; Vittorio Graziano, Ambasciate d\u2019Italia in Turchia, (Mediterraneum, Catania, 1994, pp. 112).<\/em><\/strong><\/p>\n<p style=\"text-align: justify;\">Le residenze degli Ambasciatori d&#8217;Italia in Turchia &#8211; Palazzo di Venezia, Villa Tarabya e Casa d&#8217;Italia ad Istanbul e la pi\u00f9 recente Ambasciata d&#8217;Italia in Ankara \u2014 sono edifici particolarmente prestigiosi nell&#8217;ambito della rete diplomatico &#8211; consolare italiana. Le foto di Vittorio Graziano, assieme ai testi introduttivi delle singole sezioni, valorizzano un cos\u00ec importante patrimonio artistico, storico e politico. La presentazione \u00e8 di Luigi Fontana Giusti.<\/p>\n<p style=\"text-align: justify;\">&#8211; Un Capitolo del volume <a href=\"https:\/\/ambankara.esteri.it\/wp-content\/uploads\/resource\/doc\/2020\/05\/cortese_ankara_estratto.pdf\">Il Palazzo di Venezia a Istanbul. Residenza dell&#8217;Ambasciatore d&#8217;Italia<\/a>(Servizi Tipografici Carlo Colombo, Roma, 2018, pp. 526), di Gaetano Cortese \u00e8 dedicato alla sede dell&#8217;Ambasciata d&#8217;Italia ad Ankara. Nel volume, oltre a ripercorrere la storia dell&#8217;edificio vengono descritti ed illustrati gli ambienti e le opere d&#8217;arte presenti.<\/p>\n<p>&nbsp;<\/p>\n<p><span style=\"text-decoration: underline;\"><strong>Istanbul<\/strong><\/span><\/p>\n<p><img loading=\"lazy\" decoding=\"async\" style=\"border: 4px solid #ffffff; float: left;\" src=\"https:\/\/ambankara.esteri.it\/wp-content\/uploads\/resource\/img\/2020\/04\/istanbul_palazzo_di_venezia_sm.jpg\" alt=\"istanbul palazzo di venezia sm\" width=\"120\" height=\"160\" \/><\/p>\n<p style=\"text-align: justify;\"><strong><em>Maria Pia Pedani (a cura di), <a href=\"https:\/\/edizionicafoscari.unive.it\/media\/pdf\/books\/978-88-97735-61-8\/978-88-97735-61-8-ch-01.pdf\">Il Palazzo di Venezia ed i suoi antichi abitanti<\/a>, Edizioni Ca&#8217; Foscari, Venezia, 2013, pp. 125. Edizione Bilingue italiano\/turco.<\/em><\/strong><\/p>\n<p style=\"text-align: justify;\">Il volume vede la luce ottant\u2019anni dopo la pubblicazione dell\u2019opera del diplomatico Tommaso Bertel\u00e8 dal titolo &#8220;Il palazzo degli ambasciatori di Venezia a Costantinopoli e le sue antiche memorie&#8221;. L\u2019intento della curatrice non \u00e8 ripercorrere un sentiero gi\u00e0 segnato, bens\u00ec offrire nuove interpretazioni e notizie sulla base dei documenti disponibili. Il tema \u00e8 ancora una volta la casa bailaggia e i personaggi che vi abitarono, o che gravitarono attorno alla legazione, le loro vite, i lavori che svolsero, i loro orientamenti culturali e le loro storie.<\/p>\n<p>&nbsp;<\/p>\n<p>&nbsp;<\/p>\n<p style=\"text-align: justify;\"><strong><em><img loading=\"lazy\" decoding=\"async\" style=\"border: 4px solid #ffffff; float: left;\" src=\"https:\/\/ambankara.esteri.it\/wp-content\/uploads\/resource\/img\/2020\/04\/turchia_biasi_tarabya_sm.jpg\" alt=\"turchia biasi tarabya sm\" width=\"120\" height=\"160\" \/>Alessandra Biasi, Villa Tarabya : nella prospettiva europea della Turchia, Istituto italiano di cultura, Ankara, 1995, pp. 113.<\/em><\/strong><\/p>\n<p style=\"text-align: justify;\">La ex residenza estiva degli ambasciatori d&#8217;Italia in Turchia \u00e8 situata a Therapia sul Bosforo e realizzata nel 1905 su un lotto derivato dalla demolizione della preesistente sede dell&#8217;Ambasciata d&#8217;italia. Essa costituisce una delle pi\u00f9 felici realizzazioni dell&#8217;architetto di Gemona Raimondo D&#8217;Aronco e si pone in un momento particolarmente significativo della sua pluriennale esperienza turca.<\/p>\n<p style=\"text-align: justify;\">\u00a0&#8211; Un <a href=\"https:\/\/ambankara.esteri.it\/wp-content\/uploads\/resource\/doc\/2020\/05\/istanbul_villa_tarabya_ok.pdf\">Capitolo del volume Il Palazzo di Venezia a Istanbul<\/a> (Servizi Tipografici Carlo Colombo, Roma, 2018, pp. 526) di Gaetano Cortese \u00e8 dedicato a Villa Tarabya e ne delinea il profilo storico architettonico con l&#8217;ausilio d&#8217;immagini d&#8217;epoca.<\/p>\n<p>&nbsp;<\/p>\n<p>&nbsp;<\/p>\n<p style=\"text-align: justify;\"><img loading=\"lazy\" decoding=\"async\" style=\"border: 4px solid #ffffff; float: left;\" src=\"https:\/\/ambankara.esteri.it\/wp-content\/uploads\/resource\/img\/2020\/04\/pal_venezia.jpg\" alt=\"pal venezia\" width=\"125\" height=\"160\" \/>Gaetano Cortese \u00e8 autore del volume <a href=\"https:\/\/ambankara.esteri.it\/wp-content\/uploads\/resource\/doc\/2020\/05\/cortese_istanbul.pdf\"><em><strong>Il Palazzo di Venezia a Istanbul. Residenza dell&#8217;Ambasciatore d&#8217;Italia <\/strong><\/em><\/a><em><strong>(Servizi Tipografici Carlo Colombo, Roma, 2018, pp. 526)<\/strong><\/em><a href=\"https:\/\/baldi.diplomacy.edu\/diplo\/texts\/Cortese_Istanbul.pdf\"><em><strong>,<\/strong><\/em><\/a> realizzato in occasione del solenne centenario del Palazzo di Venezia. Dopo il trasferimento delle Ambasciate straniere presso il governo turco ad Ankara, Palazzo di Venezia resta la sede diplomatica del Capo Missione quando egli risiede ad Istanbul. Il volume ripercorre la storia del Palazzo sede diplomatica della Serenissima Repubblica di Venezia con l&#8217;Impero Ottomano e l&#8217;evolversi delle relazioni diplomatiche tra i due Paesi ai nostri giorni.<\/p>\n<p>&nbsp;<\/p>\n<p>&nbsp;<\/p>\n<p><a href=\"https:\/\/ambankara.esteri.it\/wp-content\/uploads\/resource\/doc\/2020\/10\/istambul_-_copertina.pdf\">Copertina del libro<\/a><\/p>\n<p><a href=\"https:\/\/ambankara.esteri.it\/wp-content\/uploads\/resource\/doc\/2020\/02\/istanbul_-_palazzo_-_016.pdf\">Capitolo sul profilo storico e architettonico del Palazzo di Venezia<\/a><\/p>\n","protected":false},"excerpt":{"rendered":"Ankara &#8211; Vittorio Graziano, Ambasciate d\u2019Italia in Turchia, (Mediterraneum, Catania, 1994, pp. 112). Le residenze degli Ambasciatori d&#8217;Italia in Turchia &#8211; Palazzo di Venezia, Villa Tarabya e Casa d&#8217;Italia ad Istanbul e la pi\u00f9 recente Ambasciata d&#8217;Italia in Ankara \u2014 sono edifici particolarmente prestigiosi nell&#8217;ambito della rete diplomatico &#8211; consolare italiana. Le foto di Vittorio [&hellip;]","protected":false},"author":1,"featured_media":0,"parent":68,"menu_order":0,"comment_status":"closed","ping_status":"closed","template":"","meta":{"footnotes":""},"class_list":["post-5632","page","type-page","status-publish","hentry"],"_links":{"self":[{"href":"https:\/\/ambankara.esteri.it\/it\/wp-json\/wp\/v2\/pages\/5632","targetHints":{"allow":["GET"]}}],"collection":[{"href":"https:\/\/ambankara.esteri.it\/it\/wp-json\/wp\/v2\/pages"}],"about":[{"href":"https:\/\/ambankara.esteri.it\/it\/wp-json\/wp\/v2\/types\/page"}],"author":[{"embeddable":true,"href":"https:\/\/ambankara.esteri.it\/it\/wp-json\/wp\/v2\/users\/1"}],"replies":[{"embeddable":true,"href":"https:\/\/ambankara.esteri.it\/it\/wp-json\/wp\/v2\/comments?post=5632"}],"version-history":[{"count":4,"href":"https:\/\/ambankara.esteri.it\/it\/wp-json\/wp\/v2\/pages\/5632\/revisions"}],"predecessor-version":[{"id":5641,"href":"https:\/\/ambankara.esteri.it\/it\/wp-json\/wp\/v2\/pages\/5632\/revisions\/5641"}],"up":[{"embeddable":true,"href":"https:\/\/ambankara.esteri.it\/it\/wp-json\/wp\/v2\/pages\/68"}],"wp:attachment":[{"href":"https:\/\/ambankara.esteri.it\/it\/wp-json\/wp\/v2\/media?parent=5632"}],"curies":[{"name":"wp","href":"https:\/\/api.w.org\/{rel}","templated":true}]}}