{"id":3372,"date":"2024-03-12T07:47:45","date_gmt":"2024-03-12T06:47:45","guid":{"rendered":"https:\/\/ambankara.esteri.it\/?page_id=3372"},"modified":"2026-02-19T14:04:01","modified_gmt":"2026-02-19T13:04:01","slug":"contributi-ad-enti-ed-associazioni-per-corsi-di-formazione-destinati-a-docenti-di-italiano-nelle-scuole-a-s-2024-25","status":"publish","type":"page","link":"https:\/\/ambankara.esteri.it\/it\/italia-e-turchia\/diplomazia-culturale\/contributi-2\/contributi-ad-enti-ed-associazioni-per-corsi-di-formazione-destinati-a-docenti-di-italiano-nelle-scuole-a-s-2024-25\/","title":{"rendered":"Contributi ad enti ed associazioni per corsi di formazione destinati a docenti di italiano nelle scuole a.s. 2025-26"},"content":{"rendered":"<h1>Contributi ad enti ed associazioni per corsi di formazione destinati a docenti di italiano nelle scuole a.s. 2025-26<\/h1>\n<p>I contributi vengono concessi a scuole straniere e paritarie, enti gestori\/promotori, associazioni di scuole e associazioni senza scopo di lucro, regolati dal diritto locale e operanti in Turchia, per la realizzazione di corsi di formazione e aggiornamento rivolti a docenti locali di lingua italiana nelle scuole locali \u00a0(numero minimo 10 partecipanti). \u00a0Le assegnazioni avverranno sulla base dei criteri stabiliti con Decreto Direttoriale del 7 marzo 2025 n. 403, disponibile fra gli allegati.<\/p>\n<p>Le spese ammissibili sono elencate nell\u2019Art. 5 del D.D. 403\/2025. Il soggetto richiedente dovr\u00e0 quindi quantificare le spese ammissibili che \u00e8 in grado di sostenere autonomamente e inviare una descrizione dettagliata del progetto. La richiesta andr\u00e0 compilata utilizzando unicamente il formulario D in allegato (compilato in ogni sua parte, timbrato e firmato) e dovr\u00e0 essere accompagnata da una lettera di motivazione dell\u2019Istituzione richiedente. Si ricorda che le attivit\u00e0 dovranno prendere avvio nell\u2019anno 2025 e concludersi entro il 28\/02\/2026.<\/p>\n<p>La scadenza per l\u2019invio della domanda e\u2019 fissata al <strong>3 aprile 2025<\/strong>.<\/p>\n<p>Eventuali rendiconti relativi a contributi gia\u2019 fruiti dovranno essere inviati compilando il Formulario D2. La compilazione del rendiconto \u00e8 condizione indispensabile per la concessione e la liquidazione del contributo per l\u2019a.a. 2025-26.<\/p>\n<p>Per informazioni sulle modalit\u00e0 di presentazione della domanda e sulla modulistica da presentare contattare :<\/p>\n<p>UFFICIO CULTURALE<\/p>\n<p>Dott.ssa \u00dcbeyde Barbara ELLI<\/p>\n<p>tel. +90 (312) 457 4221<\/p>\n<p>Mail: <a href=\"mailto:ankara.culturale@esteri.it\">ankara.culturale@esteri.it<\/a><\/p>\n<p>&nbsp;<\/p>\n<h1>2025-26 A.Y. Okullardaki \u0130talyanca \u00f6\u011fretmenlerine y\u00f6nelik e\u011fitim kurslar\u0131 i\u00e7in kurum ve derneklere maddi destek<\/h1>\n<p>T\u00fcrkiye&#8217;de faaliyet g\u00f6steren ve yerel yasalara tabi olan yabanc\u0131 ve e\u015fde\u011fer okullara, y\u00f6netim\/tan\u0131t\u0131m organlar\u0131na, okul derneklerine ve kar amac\u0131 g\u00fctmeyen derneklere, yerel okullardaki \u0130talyanca \u00f6\u011fretmenlerine y\u00f6nelik e\u011fitim ve g\u00fcncelleme kurslar\u0131n\u0131n uygulanmas\u0131 i\u00e7in (minimum 10 kat\u0131l\u0131mc\u0131 say\u0131s\u0131) katk\u0131 sa\u011flanmaktad\u0131r.\u00a0 Tahsisler, ekte yer alan 7 Mart 2025 tarihli ve 403 say\u0131l\u0131 M\u00fcd\u00fcrl\u00fck Kararnamesi ile belirlenen kriterler temelinde yap\u0131lacakt\u0131r.<\/p>\n<p>Uygun harcamalar 403\/2025 say\u0131l\u0131 Kararnamenin 5. Maddesinde listelenmi\u015ftir. Bu nedenle ba\u015fvuru sahibi, kendi ba\u015f\u0131na yapabilece\u011fi uygun harcamalar\u0131 belirlemeli ve projenin ayr\u0131nt\u0131l\u0131 bir a\u00e7\u0131klamas\u0131n\u0131 g\u00f6ndermelidir. Ba\u015fvuru sadece ekteki D formu kullan\u0131larak doldurulmal\u0131 (eksiksiz olarak doldurulmal\u0131, m\u00fch\u00fcrlenmeli ve imzalanmal\u0131d\u0131r) ve ba\u015fvuru sahibi kurumdan bir motivasyon mektubu ile birlikte g\u00f6nderilmelidir. Faaliyetlerin 2025 y\u0131l\u0131nda ba\u015flamas\u0131 ve 28\/02\/2026 tarihine kadar sona ermesi gereklili\u011fi \u00f6nemle hat\u0131rlat\u0131lmaktad\u0131r.<\/p>\n<p>Ba\u015fvurunun sunulmas\u0131 i\u00e7in son tarih <strong>3 Nisan 2025<\/strong>\u2018dir.<\/p>\n<p>Halihaz\u0131rda kullan\u0131lm\u0131\u015f olan katk\u0131 paylar\u0131na ili\u015fkin t\u00fcm beyanlar Form D2 doldurularak g\u00f6nderilmelidir. Raporun sunulmas\u0131, 2024-25 akademik y\u0131l\u0131 i\u00e7in katk\u0131n\u0131n sa\u011flanmas\u0131 ve tahsisi i\u00e7in zaruri bir ko\u015fuldur.<\/p>\n<p>Halihaz\u0131rda al\u0131nm\u0131\u015f olan katk\u0131 paylar\u0131na ili\u015fkin t\u00fcm raporlar Form D2 doldurularak g\u00f6nderilmelidir. Raporun doldurulmas\u0131, 2025-26 akademik y\u0131l\u0131 i\u00e7in katk\u0131 pay\u0131n\u0131n sa\u011flanmas\u0131 ve tahsisi i\u00e7in zaruri bir \u00f6n ko\u015fuldur.<\/p>\n<p>Ba\u015fvurunun sunulu\u015f \u015fekli ve g\u00f6nderilecek formlar hakk\u0131nda bilgi i\u00e7in:<\/p>\n<p>K\u00dcLT\u00dcR OF\u0130S\u0130<\/p>\n<p>\u00dcbeyde Barbara ELL\u0130<\/p>\n<p>tel. +90 (312) 457 4221<\/p>\n<p>Mail: <a href=\"mailto:ankara.culturale@esteri.it\">ankara.culturale@esteri.it<\/a><\/p>\n<p>&nbsp;<\/p>\n","protected":false},"excerpt":{"rendered":"Contributi ad enti ed associazioni per corsi di formazione destinati a docenti di italiano nelle scuole a.s. 2025-26 I contributi vengono concessi a scuole straniere e paritarie, enti gestori\/promotori, associazioni di scuole e associazioni senza scopo di lucro, regolati dal diritto locale e operanti in Turchia, per la realizzazione di corsi di formazione e aggiornamento [&hellip;]","protected":false},"author":9,"featured_media":0,"parent":3114,"menu_order":0,"comment_status":"closed","ping_status":"closed","template":"","meta":{"footnotes":""},"class_list":["post-3372","page","type-page","status-publish","hentry"],"_links":{"self":[{"href":"https:\/\/ambankara.esteri.it\/it\/wp-json\/wp\/v2\/pages\/3372","targetHints":{"allow":["GET"]}}],"collection":[{"href":"https:\/\/ambankara.esteri.it\/it\/wp-json\/wp\/v2\/pages"}],"about":[{"href":"https:\/\/ambankara.esteri.it\/it\/wp-json\/wp\/v2\/types\/page"}],"author":[{"embeddable":true,"href":"https:\/\/ambankara.esteri.it\/it\/wp-json\/wp\/v2\/users\/9"}],"replies":[{"embeddable":true,"href":"https:\/\/ambankara.esteri.it\/it\/wp-json\/wp\/v2\/comments?post=3372"}],"version-history":[{"count":2,"href":"https:\/\/ambankara.esteri.it\/it\/wp-json\/wp\/v2\/pages\/3372\/revisions"}],"predecessor-version":[{"id":5933,"href":"https:\/\/ambankara.esteri.it\/it\/wp-json\/wp\/v2\/pages\/3372\/revisions\/5933"}],"up":[{"embeddable":true,"href":"https:\/\/ambankara.esteri.it\/it\/wp-json\/wp\/v2\/pages\/3114"}],"wp:attachment":[{"href":"https:\/\/ambankara.esteri.it\/it\/wp-json\/wp\/v2\/media?parent=3372"}],"curies":[{"name":"wp","href":"https:\/\/api.w.org\/{rel}","templated":true}]}}