{"id":3063,"date":"2024-02-26T11:48:10","date_gmt":"2024-02-26T10:48:10","guid":{"rendered":"https:\/\/ambankara.esteri.it\/?page_id=3063"},"modified":"2024-03-07T09:32:51","modified_gmt":"2024-03-07T08:32:51","slug":"residenza-ankara","status":"publish","type":"page","link":"https:\/\/ambankara.esteri.it\/it\/chi-siamo\/la-sede\/residenza-ankara\/","title":{"rendered":"Residenza &#8211; Ankara"},"content":{"rendered":"<p><img loading=\"lazy\" decoding=\"async\" class=\"size-large wp-image-3174 img-fluid alignleft\" src=\"https:\/\/ambankara.esteri.it\/wp-content\/uploads\/2024\/03\/IMG_4713-1024x683.jpg\" alt=\"\" width=\"640\" height=\"427\" srcset=\"https:\/\/ambankara.esteri.it\/wp-content\/uploads\/2024\/03\/IMG_4713-1024x683.jpg 1024w, https:\/\/ambankara.esteri.it\/wp-content\/uploads\/2024\/03\/IMG_4713-300x200.jpg 300w, https:\/\/ambankara.esteri.it\/wp-content\/uploads\/2024\/03\/IMG_4713-768x512.jpg 768w, https:\/\/ambankara.esteri.it\/wp-content\/uploads\/2024\/03\/IMG_4713.jpg 1920w\" sizes=\"auto, (max-width: 640px) 100vw, 640px\" \/><\/p>\n<p style=\"text-align: justify;\">I lavori per la realizzazione dell\u2019Ambasciata italiana iniziarono nel 1938, quando venne scelto il progetto dell\u2019architetto Paolo Caccia Dominioni, e si conclusero nel 1940 dopo due anni di lavori. Ne risult\u00f2 un complesso di edifici in stile \u201cfunzionalista\u201d dove attorno all\u2019edificio principale, residenza dell\u2019Ambasciatore, si articolano gli uffici dell\u2019Ambasciata e della Cancelleria consolare. I due anni di lavori per la realizzazione dell\u2019Ambasciata sono descritti nei diari dell\u2019architetto, di cui si riportano in calce alcuni stralci.<\/p>\n<p style=\"text-align: justify;\"><em>\u201cAbbiamo finito oggi, 2 agosto. Il cantiere di Ankara \u00e8 durato ventinove mesi, di cui solo diciannove d\u2019effettiva operosit\u00e0. Ma se computiamo tutto quanto (\u2026), i mesi diventano trecentocinquantaquattro, e non ci facciamo bella figura. Ma faremo bella figura qui. Il complesso architettonico, dicono, \u00e8 gradevole a vedersi per l\u2019assoluta mancanza di pretesa ed una innegabile signorilit\u00e0 delle linee. Il villaggio ridente del 1938 si \u00e8 esteso e si \u00e8 raccolto attorno alla massa dominatrice del palazzo principale. Si intona bene al paesaggio che un tempo era troppo severo, ma che oggi dopo uno sforzo che bisogna riconoscere ed ammirare, si va facendo boscoso e fiorito, sotto un cielo che ha colori ed iridescenze indimenticabili. Vivono, nei dieci fabbricati che costituiscono il piccolo villaggio, oltre settanta italiani. Questo cantiere sar\u00e0 come un gioiello nella nostra lunga esistenza di lavoro.\u201d<\/em><\/p>\n<p style=\"text-align: justify;\">Vittorio Graziano (1994), <em>Ambasciate d\u2019Italia in Turchia<\/em>, Catania: Mediterraneum.<\/p>\n","protected":false},"excerpt":{"rendered":"I lavori per la realizzazione dell\u2019Ambasciata italiana iniziarono nel 1938, quando venne scelto il progetto dell\u2019architetto Paolo Caccia Dominioni, e si conclusero nel 1940 dopo due anni di lavori. Ne risult\u00f2 un complesso di edifici in stile \u201cfunzionalista\u201d dove attorno all\u2019edificio principale, residenza dell\u2019Ambasciatore, si articolano gli uffici dell\u2019Ambasciata e della Cancelleria consolare. I due [&hellip;]","protected":false},"author":9,"featured_media":0,"parent":68,"menu_order":0,"comment_status":"closed","ping_status":"closed","template":"","meta":{"footnotes":""},"class_list":["post-3063","page","type-page","status-publish","hentry"],"_links":{"self":[{"href":"https:\/\/ambankara.esteri.it\/it\/wp-json\/wp\/v2\/pages\/3063","targetHints":{"allow":["GET"]}}],"collection":[{"href":"https:\/\/ambankara.esteri.it\/it\/wp-json\/wp\/v2\/pages"}],"about":[{"href":"https:\/\/ambankara.esteri.it\/it\/wp-json\/wp\/v2\/types\/page"}],"author":[{"embeddable":true,"href":"https:\/\/ambankara.esteri.it\/it\/wp-json\/wp\/v2\/users\/9"}],"replies":[{"embeddable":true,"href":"https:\/\/ambankara.esteri.it\/it\/wp-json\/wp\/v2\/comments?post=3063"}],"version-history":[{"count":5,"href":"https:\/\/ambankara.esteri.it\/it\/wp-json\/wp\/v2\/pages\/3063\/revisions"}],"predecessor-version":[{"id":3182,"href":"https:\/\/ambankara.esteri.it\/it\/wp-json\/wp\/v2\/pages\/3063\/revisions\/3182"}],"up":[{"embeddable":true,"href":"https:\/\/ambankara.esteri.it\/it\/wp-json\/wp\/v2\/pages\/68"}],"wp:attachment":[{"href":"https:\/\/ambankara.esteri.it\/it\/wp-json\/wp\/v2\/media?parent=3063"}],"curies":[{"name":"wp","href":"https:\/\/api.w.org\/{rel}","templated":true}]}}