{"id":2750,"date":"2024-02-14T09:29:06","date_gmt":"2024-02-14T08:29:06","guid":{"rendered":"https:\/\/ambankara.esteri.it\/?page_id=2750"},"modified":"2024-02-14T09:30:23","modified_gmt":"2024-02-14T08:30:23","slug":"qs-fair-2024","status":"publish","type":"page","link":"https:\/\/ambankara.esteri.it\/it\/italia-e-turchia\/diplomazia-culturale\/studiare-in-italia\/qs-fair-2024\/","title":{"rendered":"QS Fair 2024"},"content":{"rendered":"<p><img loading=\"lazy\" decoding=\"async\" class=\"alignnone size-large wp-image-2753 img-fluid\" src=\"https:\/\/ambankara.esteri.it\/wp-content\/uploads\/2024\/02\/Studenti1-1024x683.jpg\" alt=\"\" width=\"640\" height=\"427\" srcset=\"https:\/\/ambankara.esteri.it\/wp-content\/uploads\/2024\/02\/Studenti1-1024x683.jpg 1024w, https:\/\/ambankara.esteri.it\/wp-content\/uploads\/2024\/02\/Studenti1-300x200.jpg 300w, https:\/\/ambankara.esteri.it\/wp-content\/uploads\/2024\/02\/Studenti1-768x512.jpg 768w, https:\/\/ambankara.esteri.it\/wp-content\/uploads\/2024\/02\/Studenti1.jpg 1920w\" sizes=\"auto, (max-width: 640px) 100vw, 640px\" \/><\/p>\n<p><a href=\"https:\/\/qs.topuniversities.com\/events\/masters\/ankara#why-join-anchor\"><strong>QS Master&#8217;s Fai<\/strong><\/a><strong>r in Ankara<\/strong>, is a networking event organized by <strong>QS World University Ranking<\/strong> the<strong> 26th February 2024<\/strong>, as an opportunity to interact with different universities and with worldwide institutions. The fair will be at the Ankara HiltonSA Hotel, Tahran Caddesi No 12 Kavaklidere. Among the participating universities there are: <strong>Universit\u00e0 Cattolica del Sacro Cuore, and Bocconi University.<\/strong><\/p>\n<p>Moreover, Bocconi University, during the same period will organize in T\u00fcrkiye two international networkls opportunities.\u00a0<a href=\"https:\/\/www.unibocconi.eu\/wps\/wcm\/connect\/bocconi\/sitopubblico_en\/navigation+tree\/info\/international+network\/bocconi+meets\/bocconi+meets+ankara?key=infoper\"><strong> Bocconi Meets Ankara<\/strong><\/a><strong>, Wednesday 28 February 2024 at the Embassy of Italy in Ankara, and <a href=\"https:\/\/www.unibocconi.eu\/wps\/wcm\/connect\/bocconi\/sitopubblico_en\/navigation+tree\/info\/international+network\/bocconi+meets\/bocconi+meets+istanbul?key=infoper\">Bocconi Meets Istanbul<\/a>, Thursday 29 February 2024 at the Italian Cultural Institute in Istanbul<\/strong> (\u0130talyan K\u00fclt\u00fcr Merkezi).<\/p>\n","protected":false},"excerpt":{"rendered":"QS Master&#8217;s Fair in Ankara, is a networking event organized by QS World University Ranking the 26th February 2024, as an opportunity to interact with different universities and with worldwide institutions. The fair will be at the Ankara HiltonSA Hotel, Tahran Caddesi No 12 Kavaklidere. Among the participating universities there are: Universit\u00e0 Cattolica del Sacro [&hellip;]","protected":false},"author":9,"featured_media":0,"parent":180,"menu_order":0,"comment_status":"closed","ping_status":"closed","template":"","meta":{"footnotes":""},"class_list":["post-2750","page","type-page","status-publish","hentry"],"_links":{"self":[{"href":"https:\/\/ambankara.esteri.it\/it\/wp-json\/wp\/v2\/pages\/2750","targetHints":{"allow":["GET"]}}],"collection":[{"href":"https:\/\/ambankara.esteri.it\/it\/wp-json\/wp\/v2\/pages"}],"about":[{"href":"https:\/\/ambankara.esteri.it\/it\/wp-json\/wp\/v2\/types\/page"}],"author":[{"embeddable":true,"href":"https:\/\/ambankara.esteri.it\/it\/wp-json\/wp\/v2\/users\/9"}],"replies":[{"embeddable":true,"href":"https:\/\/ambankara.esteri.it\/it\/wp-json\/wp\/v2\/comments?post=2750"}],"version-history":[{"count":7,"href":"https:\/\/ambankara.esteri.it\/it\/wp-json\/wp\/v2\/pages\/2750\/revisions"}],"predecessor-version":[{"id":2784,"href":"https:\/\/ambankara.esteri.it\/it\/wp-json\/wp\/v2\/pages\/2750\/revisions\/2784"}],"up":[{"embeddable":true,"href":"https:\/\/ambankara.esteri.it\/it\/wp-json\/wp\/v2\/pages\/180"}],"wp:attachment":[{"href":"https:\/\/ambankara.esteri.it\/it\/wp-json\/wp\/v2\/media?parent=2750"}],"curies":[{"name":"wp","href":"https:\/\/api.w.org\/{rel}","templated":true}]}}